{"id":10091,"date":"2021-05-27T10:31:57","date_gmt":"2021-05-27T10:31:57","guid":{"rendered":"https:\/\/vertex.fi\/bd\/?page_id=10091"},"modified":"2024-06-07T07:54:55","modified_gmt":"2024-06-07T07:54:55","slug":"bd-kurssit","status":"publish","type":"page","link":"https:\/\/vertex.fi\/bd\/bd-kurssit\/","title":{"rendered":"Vertex BD Kurssit"},"content":{"rendered":"<p>[et_pb_section fb_built=&#8221;1&#8243; admin_label=&#8221;Hero&#8221; _builder_version=&#8221;4.16&#8243; background_color=&#8221;rgba(0,0,0,0)&#8221; background_image=&#8221;https:\/\/vertex.fi\/bd\/wp-content\/uploads\/sites\/5\/2021\/05\/Vx2021_pohja_levea.png&#8221; background_position=&#8221;center_right&#8221; background_blend=&#8221;lighten&#8221; background_enable_video_mp4=&#8221;off&#8221; custom_margin=&#8221;0px||||false&#8221; custom_margin_tablet=&#8221;&#8221; custom_margin_phone=&#8221;0px||&#8221; custom_margin_last_edited=&#8221;on|desktop&#8221; custom_padding=&#8221;10vw||10vw||true|false&#8221; global_colors_info=&#8221;{}&#8221;][et_pb_row column_structure=&#8221;2_3,1_3&#8243; _builder_version=&#8221;4.16&#8243; background_color=&#8221;rgba(0,0,0,0.4)&#8221; custom_padding=&#8221;16px|24px|16px|24px|false|false&#8221; global_colors_info=&#8221;{}&#8221;][et_pb_column type=&#8221;2_3&#8243; _builder_version=&#8221;4.16&#8243; custom_padding=&#8221;|||&#8221; global_colors_info=&#8221;{}&#8221; custom_padding__hover=&#8221;|||&#8221;][et_pb_text _builder_version=&#8221;4.16&#8243; text_font=&#8221;||||||||&#8221; header_font=&#8221;Rubik|700|||||||&#8221; header_font_size=&#8221;50px&#8221; header_line_height=&#8221;1.1em&#8221; background_layout=&#8221;dark&#8221; max_width=&#8221;800px&#8221; custom_margin=&#8221;||0px|&#8221; custom_padding=&#8221;10px||6px|16px|false|false&#8221; text_font_size_tablet=&#8221;14px&#8221; text_font_size_last_edited=&#8221;off|desktop&#8221; header_font_size_tablet=&#8221;44px&#8221; header_font_size_phone=&#8221;33px&#8221; header_font_size_last_edited=&#8221;on|desktop&#8221; border_color_all=&#8221;#fdb315&#8243; border_width_left=&#8221;10px&#8221; global_colors_info=&#8221;{}&#8221;]<\/p>\n<h1 id=\"yui_patched_v3_11_0_1_1508415344771_1216\" style=\"text-align: left;\"><span id=\"yui_patched_v3_11_0_1_1528798656829_1400\" style=\"font-size: 48px;\">Vertex BD kurssit<br \/> <\/span><\/h1>\n<p>[\/et_pb_text][et_pb_text _builder_version=&#8221;4.16&#8243; custom_padding=&#8221;15px||||false|false&#8221; global_colors_info=&#8221;{}&#8221;]<\/p>\n<h3><span style=\"color: #ffffff\">Haluatko tehokkaaksi Vertex-ohjelmiston k\u00e4ytt\u00e4j\u00e4ksi?<br \/><\/span><\/h3>\n<p>[\/et_pb_text][et_pb_text _builder_version=&#8221;4.16&#8243; global_colors_info=&#8221;{}&#8221;]<\/p>\n<p><span style=\"color: #ffffff;\">Me haluamme ett\u00e4 menestyt. Jotta voit hy\u00f6dynt\u00e4\u00e4 Vertex -ohjelmistoasi tehokkaasti organisaatiosi liiketoiminnassa, suosittelemme Vertex-koulutuksia. <\/span><span style=\"color: #ffffff;\">Valitse sinulle sopiva yksitt\u00e4inen kurssi tai koulutuspaketti. Koulutuspaketilla s\u00e4\u00e4st\u00e4t huomattavasti verrattuna yksitt\u00e4isten kurssien yhteenlaskettuun hintaan.<\/span><\/p>\n<p><span style=\"color: #ffffff;\"><\/span><\/p>\n<p>[\/et_pb_text][et_pb_button button_url=&#8221;https:\/\/vertex.fi\/koulutus\/&#8221; button_text=&#8221;Kurssikalenteri&#8221; _builder_version=&#8221;4.16&#8243; _module_preset=&#8221;default&#8221; custom_button=&#8221;on&#8221; button_text_size=&#8221;18px&#8221; button_text_color=&#8221;#ffffff&#8221; button_bg_color=&#8221;#005c9d&#8221; button_border_width=&#8221;0px&#8221; button_border_radius=&#8221;0px&#8221; global_colors_info=&#8221;{}&#8221;][\/et_pb_button][\/et_pb_column][et_pb_column type=&#8221;1_3&#8243; _builder_version=&#8221;4.16&#8243; custom_padding=&#8221;|||&#8221; global_colors_info=&#8221;{}&#8221; custom_padding__hover=&#8221;|||&#8221;][\/et_pb_column][\/et_pb_row][\/et_pb_section][et_pb_section fb_built=&#8221;1&#8243; _builder_version=&#8221;4.16&#8243; global_colors_info=&#8221;{}&#8221;][et_pb_row _builder_version=&#8221;4.16&#8243; _module_preset=&#8221;default&#8221; global_colors_info=&#8221;{}&#8221;][et_pb_column type=&#8221;4_4&#8243; _builder_version=&#8221;4.16&#8243; _module_preset=&#8221;default&#8221; global_colors_info=&#8221;{}&#8221;][et_pb_text _builder_version=&#8221;4.16&#8243; custom_margin=&#8221;||2px|||&#8221; custom_padding=&#8221;||37px|||&#8221; global_colors_info=&#8221;{}&#8221;]<\/p>\n<h2>Vertex BD -kurssit<\/h2>\n<p id=\"yui_patched_v3_11_0_1_1423038934743_1507\">[\/et_pb_text][et_pb_blog fullwidth=&#8221;off&#8221; include_categories=&#8221;20&#8243; show_more=&#8221;on&#8221; show_author=&#8221;off&#8221; show_date=&#8221;off&#8221; show_categories=&#8221;off&#8221; _builder_version=&#8221;4.16&#8243; _module_preset=&#8221;default&#8221; border_radii=&#8221;on|1px|1px|1px|1px&#8221; border_radii_image=&#8221;on|3px|3px|3px|3px&#8221; global_colors_info=&#8221;{}&#8221;][\/et_pb_blog][\/et_pb_column][\/et_pb_row][et_pb_row _builder_version=&#8221;4.16&#8243; _module_preset=&#8221;default&#8221; custom_padding=&#8221;||2px|||&#8221; global_colors_info=&#8221;{}&#8221;][et_pb_column type=&#8221;4_4&#8243; _builder_version=&#8221;4.16&#8243; _module_preset=&#8221;default&#8221; global_colors_info=&#8221;{}&#8221;][et_pb_text _builder_version=&#8221;4.16&#8243; _module_preset=&#8221;default&#8221; custom_padding=&#8221;||17px|||&#8221; global_colors_info=&#8221;{}&#8221;]<\/p>\n<h2>Koulutuspaketit<\/h2>\n<p>[\/et_pb_text][\/et_pb_column][\/et_pb_row][et_pb_row column_structure=&#8221;1_2,1_2&#8243; _builder_version=&#8221;4.16&#8243; custom_padding=&#8221;2px|||||&#8221; global_colors_info=&#8221;{}&#8221;][et_pb_column type=&#8221;1_2&#8243; _builder_version=&#8221;4.16&#8243; global_colors_info=&#8221;{}&#8221;][et_pb_text _builder_version=&#8221;4.16&#8243; global_colors_info=&#8221;{}&#8221;]<\/p>\n<p id=\"yui_patched_v3_11_0_1_1423036465205_1539\">Rakennussuunnittelun koulutuspakettien avulla opit Vertex BD -ohjelmiston perusk\u00e4yt\u00f6n lis\u00e4ksi k\u00e4ytt\u00e4m\u00e4\u00e4n kehittyneempi\u00e4 ominaisuuksia.<\/p>\n<p id=\"yui_patched_v3_11_0_1_1423036887702_1719\">Koulutuspaketeilla saavutat monipuoliset taidot ja huomattavan hintaedun verrattuna yksitt\u00e4isten kurssien yhteenlaskettuun hintaan verrattuna.<\/p>\n<p id=\"yui_patched_v3_11_0_1_1423036887702_2083\"><a class=\"button \" href=\"https:\/\/www.vertex.fi\/web\/fi\/myynti#yhteydenotto\" id=\"yui_patched_v3_11_0_1_1427460814300_1699\"><\/a><strong id=\"yui_patched_v3_11_0_1_1423036887702_1746\">Arkkitehtisuunnittelu:<\/strong><br \/> Arkkitehtisuunnittelu- ja Jatkokurssi. Kesto yhteens\u00e4 4 p\u00e4iv\u00e4\u00e4.<\/p>\n<p id=\"yui_patched_v3_11_0_1_1423036887702_2119\"><strong id=\"yui_patched_v3_11_0_1_1423036887702_2110\">Rakennesuunnittelu:<\/strong><br \/> Arkkitehtisuunnittelu-, Rakennesuunnittelu- ja Jatkokurssi. Kesto yhteens\u00e4 6 p\u00e4iv\u00e4\u00e4.<\/p>\n<p id=\"yui_patched_v3_11_0_1_1423036465205_1506\"><strong id=\"yui_patched_v3_11_0_1_1423037081037_1775\">Hirsitalosuunnittelu:<\/strong><br \/> Hirsitalosuunnittelu- ja Jatkokurssi. Kesto yhteens\u00e4 4 p\u00e4iv\u00e4\u00e4.<\/p>\n<p id=\"yui_patched_v3_11_0_1_1423037081037_1770\"><strong id=\"yui_patched_v3_11_0_1_1423037081037_1788\">Hirsitalon rakennesuunnittelu:<\/strong><br \/> Hirsitalosuunnittelu-, Hirsitalon rakennesuunnittelu- ja Jatkokurssi. Kesto yhteens\u00e4 5 p\u00e4iv\u00e4\u00e4<\/p>\n<p id=\"yui_patched_v3_11_0_1_1423037081037_2132\"><strong id=\"yui_patched_v3_11_0_1_1423037081037_2114\">Hirsitalosuunnittelu ja rankarakenteiden suunnittelu:<\/strong><br \/> Hirsitalosuunnittelu-, Rakennesuunnittelu- ja Jatkokurssi. Kesto yhteens\u00e4 6 p\u00e4iv\u00e4\u00e4.<\/p>\n<p>&nbsp;<\/p>\n<p>[\/et_pb_text][\/et_pb_column][et_pb_column type=&#8221;1_2&#8243; _builder_version=&#8221;4.16&#8243; global_colors_info=&#8221;{}&#8221;][et_pb_text _builder_version=&#8221;4.16&#8243; _module_preset=&#8221;default&#8221; global_colors_info=&#8221;{}&#8221;]<\/p>\n<p><strong><\/strong><\/p>\n<p id=\"yui_patched_v3_11_0_1_1423036465205_1503\"><strong id=\"yui_patched_v3_11_0_1_1423037081037_2156\">DesignStream:<\/strong><br \/> DS k\u00e4ytt\u00e4j\u00e4\/tuottaja- ja DS-p\u00e4\u00e4k\u00e4ytt\u00e4j\u00e4kurssi. Kesto yhteens\u00e4 2 p\u00e4iv\u00e4\u00e4. DesingStream-koulutuskokonaisuus voidaan liitt\u00e4\u00e4 mihin tahansa BD-koulutuspakettiin.<\/p>\n<p id=\"yui_patched_v3_11_0_1_1423037081037_2138\"><strong>Visualisointi:<\/strong><br \/> Asiakaskohtainen koulutus, Visualisointikurssi ja Visualisoinnin jatkokurssi. Visualisointi-koulutuskokonaisuus voidaan liitt\u00e4\u00e4 mihin tahansa BD-koulutuspakettiin.<\/p>\n<p id=\"yui_patched_v3_11_0_1_1423037081037_2213\"><strong id=\"yui_patched_v3_11_0_1_1423037081037_2228\">Koulutuskokonaisuuksien tilaukset:<\/strong><br \/> <a href=\"https:\/\/vertex.fi\/yritys\/#myynti\">Vertex-myynti &gt;<\/a><\/p>\n<p>Kun hankit koulutuskokonaisuuden, koko koulutuskokonaisuus laskutetaan ensimm\u00e4isen kurssin yhteydess\u00e4. Voit k\u00e4yd\u00e4 muut koulutuskokonaisuuden kurssit yhden kalenterivuoden kuluessa tilauksesta. Koulutuskokonaisuuden yksitt\u00e4inen kurssi voi olla my\u00f6s kurssikalenterin mukainen kurssi jollain muulla paikkakunnalla.<\/p>\n<p>[\/et_pb_text][\/et_pb_column][\/et_pb_row][\/et_pb_section]<\/p>\n","protected":false},"excerpt":{"rendered":"<p>Vertex BD kurssit Haluatko tehokkaaksi Vertex-ohjelmiston k\u00e4ytt\u00e4j\u00e4ksi?Me haluamme ett\u00e4 menestyt. Jotta voit hy\u00f6dynt\u00e4\u00e4 Vertex -ohjelmistoasi tehokkaasti organisaatiosi liiketoiminnassa, suosittelemme Vertex-koulutuksia. Valitse sinulle sopiva yksitt\u00e4inen kurssi tai koulutuspaketti. Koulutuspaketilla s\u00e4\u00e4st\u00e4t huomattavasti verrattuna yksitt\u00e4isten kurssien yhteenlaskettuun hintaan. Vertex BD -kurssit KoulutuspaketitRakennussuunnittelun koulutuspakettien avulla opit Vertex BD -ohjelmiston perusk\u00e4yt\u00f6n lis\u00e4ksi k\u00e4ytt\u00e4m\u00e4\u00e4n kehittyneempi\u00e4 ominaisuuksia. Koulutuspaketeilla saavutat monipuoliset taidot ja [&hellip;]<\/p>\n","protected":false},"author":2,"featured_media":0,"parent":0,"menu_order":0,"comment_status":"closed","ping_status":"closed","template":"","meta":{"_et_pb_use_builder":"on","_et_pb_old_content":"","_et_gb_content_width":"","sfsi_plus_gutenberg_text_before_share":"","sfsi_plus_gutenberg_show_text_before_share":"","sfsi_plus_gutenberg_icon_type":"","sfsi_plus_gutenberg_icon_alignemt":"","sfsi_plus_gutenburg_max_per_row":""},"yoast_head":"<!-- This site is optimized with the Yoast SEO plugin v18.6 - https:\/\/yoast.com\/wordpress\/plugins\/seo\/ -->\n<title>Vertex BD Kurssit - Vertex BD<\/title>\n<meta name=\"robots\" content=\"index, follow, max-snippet:-1, max-image-preview:large, max-video-preview:-1\" \/>\n<link rel=\"canonical\" href=\"https:\/\/vertex.fi\/bd\/bd-kurssit\/\" \/>\n<meta property=\"og:locale\" content=\"en_US\" \/>\n<meta property=\"og:type\" content=\"article\" \/>\n<meta property=\"og:title\" content=\"Vertex BD Kurssit - Vertex BD\" \/>\n<meta property=\"og:description\" content=\"Vertex BD kurssit Haluatko tehokkaaksi Vertex-ohjelmiston k\u00e4ytt\u00e4j\u00e4ksi?Me haluamme ett\u00e4 menestyt. Jotta voit hy\u00f6dynt\u00e4\u00e4 Vertex -ohjelmistoasi tehokkaasti organisaatiosi liiketoiminnassa, suosittelemme Vertex-koulutuksia. Valitse sinulle sopiva yksitt\u00e4inen kurssi tai koulutuspaketti. Koulutuspaketilla s\u00e4\u00e4st\u00e4t huomattavasti verrattuna yksitt\u00e4isten kurssien yhteenlaskettuun hintaan. Vertex BD -kurssit KoulutuspaketitRakennussuunnittelun koulutuspakettien avulla opit Vertex BD -ohjelmiston perusk\u00e4yt\u00f6n lis\u00e4ksi k\u00e4ytt\u00e4m\u00e4\u00e4n kehittyneempi\u00e4 ominaisuuksia. Koulutuspaketeilla saavutat monipuoliset taidot ja [&hellip;]\" \/>\n<meta property=\"og:url\" content=\"https:\/\/vertex.fi\/bd\/bd-kurssit\/\" \/>\n<meta property=\"og:site_name\" content=\"Vertex BD\" \/>\n<meta property=\"article:modified_time\" content=\"2024-06-07T07:54:55+00:00\" \/>\n<meta name=\"twitter:card\" content=\"summary_large_image\" \/>\n<meta name=\"twitter:label1\" content=\"Est. reading time\" \/>\n\t<meta name=\"twitter:data1\" content=\"3 minutes\" \/>\n<script type=\"application\/ld+json\" class=\"yoast-schema-graph\">{\"@context\":\"https:\/\/schema.org\",\"@graph\":[{\"@type\":\"WebSite\",\"@id\":\"https:\/\/vertex.fi\/bd\/#website\",\"url\":\"https:\/\/vertex.fi\/bd\/\",\"name\":\"Vertex BD\",\"description\":\"Rakennussuunnitteluohjelmisto\",\"potentialAction\":[{\"@type\":\"SearchAction\",\"target\":{\"@type\":\"EntryPoint\",\"urlTemplate\":\"https:\/\/vertex.fi\/bd\/?s={search_term_string}\"},\"query-input\":\"required name=search_term_string\"}],\"inLanguage\":\"en-US\"},{\"@type\":\"WebPage\",\"@id\":\"https:\/\/vertex.fi\/bd\/bd-kurssit\/#webpage\",\"url\":\"https:\/\/vertex.fi\/bd\/bd-kurssit\/\",\"name\":\"Vertex BD Kurssit - Vertex BD\",\"isPartOf\":{\"@id\":\"https:\/\/vertex.fi\/bd\/#website\"},\"datePublished\":\"2021-05-27T10:31:57+00:00\",\"dateModified\":\"2024-06-07T07:54:55+00:00\",\"breadcrumb\":{\"@id\":\"https:\/\/vertex.fi\/bd\/bd-kurssit\/#breadcrumb\"},\"inLanguage\":\"en-US\",\"potentialAction\":[{\"@type\":\"ReadAction\",\"target\":[\"https:\/\/vertex.fi\/bd\/bd-kurssit\/\"]}]},{\"@type\":\"BreadcrumbList\",\"@id\":\"https:\/\/vertex.fi\/bd\/bd-kurssit\/#breadcrumb\",\"itemListElement\":[{\"@type\":\"ListItem\",\"position\":1,\"name\":\"Home\",\"item\":\"https:\/\/vertex.fi\/bd\/\"},{\"@type\":\"ListItem\",\"position\":2,\"name\":\"Vertex BD Kurssit\"}]}]}<\/script>\n<!-- \/ Yoast SEO plugin. -->","yoast_head_json":{"title":"Vertex BD Kurssit - Vertex BD","robots":{"index":"index","follow":"follow","max-snippet":"max-snippet:-1","max-image-preview":"max-image-preview:large","max-video-preview":"max-video-preview:-1"},"canonical":"https:\/\/vertex.fi\/bd\/bd-kurssit\/","og_locale":"en_US","og_type":"article","og_title":"Vertex BD Kurssit - Vertex BD","og_description":"Vertex BD kurssit Haluatko tehokkaaksi Vertex-ohjelmiston k\u00e4ytt\u00e4j\u00e4ksi?Me haluamme ett\u00e4 menestyt. Jotta voit hy\u00f6dynt\u00e4\u00e4 Vertex -ohjelmistoasi tehokkaasti organisaatiosi liiketoiminnassa, suosittelemme Vertex-koulutuksia. Valitse sinulle sopiva yksitt\u00e4inen kurssi tai koulutuspaketti. Koulutuspaketilla s\u00e4\u00e4st\u00e4t huomattavasti verrattuna yksitt\u00e4isten kurssien yhteenlaskettuun hintaan. Vertex BD -kurssit KoulutuspaketitRakennussuunnittelun koulutuspakettien avulla opit Vertex BD -ohjelmiston perusk\u00e4yt\u00f6n lis\u00e4ksi k\u00e4ytt\u00e4m\u00e4\u00e4n kehittyneempi\u00e4 ominaisuuksia. Koulutuspaketeilla saavutat monipuoliset taidot ja [&hellip;]","og_url":"https:\/\/vertex.fi\/bd\/bd-kurssit\/","og_site_name":"Vertex BD","article_modified_time":"2024-06-07T07:54:55+00:00","twitter_card":"summary_large_image","twitter_misc":{"Est. reading time":"3 minutes"},"schema":{"@context":"https:\/\/schema.org","@graph":[{"@type":"WebSite","@id":"https:\/\/vertex.fi\/bd\/#website","url":"https:\/\/vertex.fi\/bd\/","name":"Vertex BD","description":"Rakennussuunnitteluohjelmisto","potentialAction":[{"@type":"SearchAction","target":{"@type":"EntryPoint","urlTemplate":"https:\/\/vertex.fi\/bd\/?s={search_term_string}"},"query-input":"required name=search_term_string"}],"inLanguage":"en-US"},{"@type":"WebPage","@id":"https:\/\/vertex.fi\/bd\/bd-kurssit\/#webpage","url":"https:\/\/vertex.fi\/bd\/bd-kurssit\/","name":"Vertex BD Kurssit - Vertex BD","isPartOf":{"@id":"https:\/\/vertex.fi\/bd\/#website"},"datePublished":"2021-05-27T10:31:57+00:00","dateModified":"2024-06-07T07:54:55+00:00","breadcrumb":{"@id":"https:\/\/vertex.fi\/bd\/bd-kurssit\/#breadcrumb"},"inLanguage":"en-US","potentialAction":[{"@type":"ReadAction","target":["https:\/\/vertex.fi\/bd\/bd-kurssit\/"]}]},{"@type":"BreadcrumbList","@id":"https:\/\/vertex.fi\/bd\/bd-kurssit\/#breadcrumb","itemListElement":[{"@type":"ListItem","position":1,"name":"Home","item":"https:\/\/vertex.fi\/bd\/"},{"@type":"ListItem","position":2,"name":"Vertex BD Kurssit"}]}]}},"_links":{"self":[{"href":"https:\/\/vertex.fi\/bd\/wp-json\/wp\/v2\/pages\/10091"}],"collection":[{"href":"https:\/\/vertex.fi\/bd\/wp-json\/wp\/v2\/pages"}],"about":[{"href":"https:\/\/vertex.fi\/bd\/wp-json\/wp\/v2\/types\/page"}],"author":[{"embeddable":true,"href":"https:\/\/vertex.fi\/bd\/wp-json\/wp\/v2\/users\/2"}],"replies":[{"embeddable":true,"href":"https:\/\/vertex.fi\/bd\/wp-json\/wp\/v2\/comments?post=10091"}],"version-history":[{"count":9,"href":"https:\/\/vertex.fi\/bd\/wp-json\/wp\/v2\/pages\/10091\/revisions"}],"predecessor-version":[{"id":11509,"href":"https:\/\/vertex.fi\/bd\/wp-json\/wp\/v2\/pages\/10091\/revisions\/11509"}],"wp:attachment":[{"href":"https:\/\/vertex.fi\/bd\/wp-json\/wp\/v2\/media?parent=10091"}],"curies":[{"name":"wp","href":"https:\/\/api.w.org\/{rel}","templated":true}]}}