{"id":10178,"date":"2021-11-09T10:22:13","date_gmt":"2021-11-09T10:22:13","guid":{"rendered":"https:\/\/vertex.fi\/bd\/?page_id=10178"},"modified":"2024-03-14T12:05:53","modified_gmt":"2024-03-14T12:05:53","slug":"showroom","status":"publish","type":"page","link":"https:\/\/vertex.fi\/bd\/showroom\/","title":{"rendered":"Vertex Showroom"},"content":{"rendered":"<p>[et_pb_section fb_built=&#8221;1&#8243; admin_label=&#8221;Hero&#8221; _builder_version=&#8221;4.16&#8243; use_background_color_gradient=&#8221;on&#8221; background_color_gradient_type=&#8221;circular&#8221; background_color_gradient_direction_radial=&#8221;top left&#8221; background_color_gradient_stops=&#8221;rgba(40,40,40,0.77) 0%|rgba(40,40,40,0.81) 100%&#8221; background_color_gradient_overlays_image=&#8221;on&#8221; background_color_gradient_start=&#8221;rgba(40,40,40,0.77)&#8221; background_color_gradient_end=&#8221;rgba(40,40,40,0.81)&#8221; background_image=&#8221;https:\/\/vertex.fi\/bd\/wp-content\/uploads\/sites\/5\/2021\/11\/Vertex-Showroom-1600.jpg&#8221; background_blend=&#8221;lighten&#8221; custom_margin=&#8221;0px||||false&#8221; custom_margin_tablet=&#8221;&#8221; custom_margin_phone=&#8221;0px||&#8221; custom_margin_last_edited=&#8221;on|desktop&#8221; custom_padding=&#8221;10vw||10vw||true|false&#8221; global_colors_info=&#8221;{}&#8221;][et_pb_row column_structure=&#8221;2_3,1_3&#8243; _builder_version=&#8221;4.16&#8243; background_color=&#8221;rgba(0,0,0,0.4)&#8221; custom_padding=&#8221;16px|24px|16px|24px|false|false&#8221; global_colors_info=&#8221;{}&#8221;][et_pb_column type=&#8221;2_3&#8243; _builder_version=&#8221;4.16&#8243; custom_padding=&#8221;|||&#8221; global_colors_info=&#8221;{}&#8221; custom_padding__hover=&#8221;|||&#8221;][et_pb_text content_tablet=&#8221;<\/p>\n<h3><strong>Vertex Showroom<br \/> <\/strong><\/h3>\n<h1>Jaa mallit verkossa<br \/> Katsele kaikilla laitteilla<\/h1>\n<p>&#8221; content_phone=&#8221;<\/p>\n<h3><strong>Vertex Showroom<br \/> <\/strong><\/h3>\n<h1>Jaa mallit verkossa &#8211;<br \/> katsele kaikilla laitteilla<\/h1>\n<p>&#8221; content_last_edited=&#8221;on|desktop&#8221; _builder_version=&#8221;4.16&#8243; text_font=&#8221;||||||||&#8221; header_font=&#8221;Rubik|700|||||||&#8221; header_font_size=&#8221;50px&#8221; header_line_height=&#8221;1.1em&#8221; background_layout=&#8221;dark&#8221; max_width=&#8221;800px&#8221; custom_margin=&#8221;||0px|&#8221; custom_padding=&#8221;|||16px&#8221; text_font_size_tablet=&#8221;14px&#8221; text_font_size_last_edited=&#8221;off|desktop&#8221; header_font_size_tablet=&#8221;44px&#8221; header_font_size_phone=&#8221;33px&#8221; header_font_size_last_edited=&#8221;on|desktop&#8221; border_color_all=&#8221;#e0a11a&#8221; border_width_left=&#8221;10px&#8221; border_color_left=&#8221;#e09900&#8243; global_colors_info=&#8221;{}&#8221;]<\/p>\n<h3><strong>Vertex Showroom<br \/> <\/strong><\/h3>\n<h1>Jaa mallit verkossa<br \/> Katsele kaikilla laitteilla<\/h1>\n<p>[\/et_pb_text][et_pb_text _builder_version=&#8221;4.16&#8243; _module_preset=&#8221;default&#8221; global_colors_info=&#8221;{}&#8221;][\/et_pb_text][et_pb_button button_url=&#8221;https:\/\/showroom.vertex.fi\/&#8221; url_new_window=&#8221;on&#8221; button_text=&#8221;Kokeile nyt&#8221; _builder_version=&#8221;4.16&#8243; _module_preset=&#8221;default&#8221; custom_button=&#8221;on&#8221; button_text_color=&#8221;#ffffff&#8221; button_bg_color=&#8221;#0c71c3&#8243; button_border_width=&#8221;0px&#8221; button_border_radius=&#8221;0px&#8221; global_colors_info=&#8221;{}&#8221;][\/et_pb_button][\/et_pb_column][et_pb_column type=&#8221;1_3&#8243; _builder_version=&#8221;4.16&#8243; custom_padding=&#8221;|||&#8221; global_colors_info=&#8221;{}&#8221; custom_padding__hover=&#8221;|||&#8221;][\/et_pb_column][\/et_pb_row][\/et_pb_section][et_pb_section fb_built=&#8221;1&#8243; module_id=&#8221;architectural&#8221; _builder_version=&#8221;4.16&#8243; background_color=&#8221;#f9f9f9&#8243; global_colors_info=&#8221;{}&#8221;][et_pb_row column_structure=&#8221;1_2,1_2&#8243; make_equal=&#8221;on&#8221; module_class=&#8221; et_pb_row_fullwidth&#8221; _builder_version=&#8221;4.16&#8243; width=&#8221;89%&#8221; width_tablet=&#8221;80%&#8221; width_phone=&#8221;&#8221; width_last_edited=&#8221;on|desktop&#8221; max_width=&#8221;89%&#8221; max_width_tablet=&#8221;80%&#8221; max_width_phone=&#8221;&#8221; max_width_last_edited=&#8221;on|desktop&#8221; module_alignment=&#8221;center&#8221; custom_margin=&#8221;|||&#8221; make_fullwidth=&#8221;on&#8221; global_colors_info=&#8221;{}&#8221;][et_pb_column type=&#8221;1_2&#8243; _builder_version=&#8221;4.16&#8243; custom_padding=&#8221;|||&#8221; custom_css_main_element=&#8221;margin: auto;&#8221; global_colors_info=&#8221;{}&#8221; custom_padding__hover=&#8221;|||&#8221;][et_pb_text module_id=&#8221;Framing&#8221; _builder_version=&#8221;4.16&#8243; global_colors_info=&#8221;{}&#8221;]<\/p>\n<h2 style=\"text-align: left;\">Nopeampi yhteisty\u00f6 &#8211; parempi lopputulos<\/h2>\n<p>[\/et_pb_text][et_pb_text _builder_version=&#8221;4.16&#8243; global_colors_info=&#8221;{}&#8221;]<\/p>\n<p style=\"text-align: left;\">Jaa Vertex 3D-mallisi verkossa ja anna p\u00e4\u00e4sy niihin asiakkaillesi ja yhteisty\u00f6kumppaneillesi. Nopeuta ty\u00f6nkulkuasi, katselmoi suunnitelmat, ja kommunikoi asiakkaittesi ja tiimiesi kanssa paremmin.<\/p>\n<p>[\/et_pb_text][\/et_pb_column][et_pb_column type=&#8221;1_2&#8243; _builder_version=&#8221;4.16&#8243; custom_padding=&#8221;|||&#8221; global_colors_info=&#8221;{}&#8221; custom_padding__hover=&#8221;|||&#8221;][et_pb_code _builder_version=&#8221;4.23.1&#8243; _module_preset=&#8221;default&#8221; hover_enabled=&#8221;0&#8243; sticky_enabled=&#8221;0&#8243;]<iframe loading=\"lazy\" width=\"560\" height=\"315\" src=\"https:\/\/www.youtube-nocookie.com\/embed\/c1-DjHQw8mo?si=PVbvIzEgotIdlUR5\" title=\"YouTube video player\" frameborder=\"0\" allow=\"accelerometer; autoplay; clipboard-write; encrypted-media; gyroscope; picture-in-picture; web-share\" allowfullscreen><\/iframe>[\/et_pb_code][\/et_pb_column][\/et_pb_row][\/et_pb_section][et_pb_section fb_built=&#8221;1&#8243; module_id=&#8221;framing&#8221; _builder_version=&#8221;4.16&#8243; global_colors_info=&#8221;{}&#8221;][et_pb_row column_structure=&#8221;1_2,1_2&#8243; make_equal=&#8221;on&#8221; module_class=&#8221; et_pb_row_fullwidth&#8221; _builder_version=&#8221;4.16&#8243; width=&#8221;89%&#8221; width_tablet=&#8221;80%&#8221; width_phone=&#8221;&#8221; width_last_edited=&#8221;on|desktop&#8221; max_width=&#8221;89%&#8221; max_width_tablet=&#8221;80%&#8221; max_width_phone=&#8221;&#8221; max_width_last_edited=&#8221;on|desktop&#8221; module_alignment=&#8221;center&#8221; custom_margin=&#8221;|||&#8221; custom_css_main_element=&#8221;display: -webkit-box;||display: -moz-box;||display: -ms-flexbox;||display: -webkit-flex;||display: flex;||-webkit-flex-wrap: wrap; \/* Safari 6.1+ *\/||flex-wrap: wrap;&#8221; make_fullwidth=&#8221;on&#8221; global_colors_info=&#8221;{}&#8221;][et_pb_column type=&#8221;1_2&#8243; _builder_version=&#8221;4.16&#8243; custom_padding=&#8221;|||&#8221; custom_css_main_element=&#8221;margin: auto;||-webkit-order: 2;||order: 2;&#8221; global_colors_info=&#8221;{}&#8221; custom_padding__hover=&#8221;|||&#8221;][et_pb_image src=&#8221;https:\/\/vertex.fi\/bd\/wp-content\/uploads\/sites\/5\/2021\/11\/Vertex-Showroom-2.png&#8221; title_text=&#8221;Vertex Showroom&#8221; _builder_version=&#8221;4.16&#8243; _module_preset=&#8221;default&#8221; global_colors_info=&#8221;{}&#8221;][\/et_pb_image][\/et_pb_column][et_pb_column type=&#8221;1_2&#8243; _builder_version=&#8221;4.16&#8243; custom_padding=&#8221;|||&#8221; custom_css_main_element=&#8221;margin: auto;||-webkit-order: 1;||order: 1;&#8221; global_colors_info=&#8221;{}&#8221; custom_padding__hover=&#8221;|||&#8221;][et_pb_text _builder_version=&#8221;4.16&#8243; global_colors_info=&#8221;{}&#8221;]<\/p>\n<h2 style=\"text-align: left;\">Katsele mill\u00e4 tahansa laitteella<\/h2>\n<p>[\/et_pb_text][et_pb_text _builder_version=&#8221;4.16&#8243; global_colors_info=&#8221;{}&#8221;]<\/p>\n<p>Jaa Vertex CAD -malleja ja anna p\u00e4\u00e4sy 3D-malleihisi ja CAD-dataan viimeisimm\u00e4ll\u00e4 pilviteknologialla. N\u00e4e mallit matkapuhelimilla, tableteilla, PC:ill\u00e4 ja VR-laseilla.<\/p>\n<p>[\/et_pb_text][\/et_pb_column][\/et_pb_row][\/et_pb_section][et_pb_section fb_built=&#8221;1&#8243; module_id=&#8221;trussdesign&#8221; _builder_version=&#8221;4.16&#8243; background_color=&#8221;#f9f9f9&#8243; global_colors_info=&#8221;{}&#8221;][et_pb_row column_structure=&#8221;1_2,1_2&#8243; make_equal=&#8221;on&#8221; module_class=&#8221; et_pb_row_fullwidth&#8221; _builder_version=&#8221;4.16&#8243; width=&#8221;89%&#8221; width_tablet=&#8221;80%&#8221; width_phone=&#8221;&#8221; width_last_edited=&#8221;on|desktop&#8221; max_width=&#8221;89%&#8221; max_width_tablet=&#8221;80%&#8221; max_width_phone=&#8221;&#8221; max_width_last_edited=&#8221;on|desktop&#8221; module_alignment=&#8221;center&#8221; custom_margin=&#8221;|||&#8221; make_fullwidth=&#8221;on&#8221; global_colors_info=&#8221;{}&#8221;][et_pb_column type=&#8221;1_2&#8243; _builder_version=&#8221;4.16&#8243; custom_padding=&#8221;|||&#8221; custom_css_main_element=&#8221;margin: auto;&#8221; global_colors_info=&#8221;{}&#8221; custom_padding__hover=&#8221;|||&#8221;][et_pb_text module_id=&#8221;Engineering&#8221; _builder_version=&#8221;4.16&#8243; global_colors_info=&#8221;{}&#8221;]<\/p>\n<h2 style=\"text-align: left;\">Pysy ajan tasalla suunnittelumuutoksista<\/h2>\n<p>[\/et_pb_text][et_pb_text _builder_version=&#8221;4.16&#8243; global_colors_info=&#8221;{}&#8221;]<\/p>\n<p>Katsele, kierr\u00e4, zoomaa ja leikkaa 3D-malleja, etsi CAD-datasta ja kommentoi suunnitelmia. <\/p>\n<p>[\/et_pb_text][\/et_pb_column][et_pb_column type=&#8221;1_2&#8243; _builder_version=&#8221;4.16&#8243; custom_padding=&#8221;|||&#8221; global_colors_info=&#8221;{}&#8221; custom_padding__hover=&#8221;|||&#8221;][et_pb_image src=&#8221;https:\/\/vertex.fi\/bd\/wp-content\/uploads\/sites\/5\/2021\/11\/Vertex-Showroom-1.jpg&#8221; title_text=&#8221;Vertex Showroom&#8221; _builder_version=&#8221;4.16&#8243; _module_preset=&#8221;default&#8221; global_colors_info=&#8221;{}&#8221;][\/et_pb_image][\/et_pb_column][\/et_pb_row][\/et_pb_section][et_pb_section fb_built=&#8221;1&#8243; _builder_version=&#8221;4.16&#8243; background_enable_color=&#8221;off&#8221; global_colors_info=&#8221;{}&#8221;][et_pb_row column_structure=&#8221;1_5,3_5,1_5&#8243; _builder_version=&#8221;4.16&#8243; global_colors_info=&#8221;{}&#8221;][et_pb_column type=&#8221;1_5&#8243; _builder_version=&#8221;4.16&#8243; custom_padding=&#8221;|||&#8221; global_colors_info=&#8221;{}&#8221; custom_padding__hover=&#8221;|||&#8221;][\/et_pb_column][et_pb_column type=&#8221;3_5&#8243; _builder_version=&#8221;4.16&#8243; custom_padding=&#8221;|||&#8221; global_colors_info=&#8221;{}&#8221; custom_padding__hover=&#8221;|||&#8221;][et_pb_testimonial author=&#8221;Andy Sage&#8221; job_title=&#8221;President&#8221; company_name=&#8221;Sage Building Components&#8221; portrait_url=&#8221;https:\/\/vertex.fi\/bd\/wp-content\/uploads\/sites\/5\/2021\/11\/Sage12.jpg&#8221; quote_icon=&#8221;off&#8221; quote_icon_color=&#8221;#000000&#8243; portrait_width=&#8221;130px&#8221; portrait_height=&#8221;130px&#8221; _builder_version=&#8221;4.16&#8243; body_font=&#8221;||||||||&#8221; body_text_align=&#8221;center&#8221; body_text_color=&#8221;#000000&#8243; body_font_size=&#8221;16px&#8221; use_background_color=&#8221;off&#8221; link_option_url=&#8221;https:\/\/vertexcad.com\/web2\/bd\/2019\/11\/19\/sage-building-components\/&#8221; global_colors_info=&#8221;{}&#8221;]<\/p>\n<p><em>&#8220;Vertex Showroom -verkkopalvelussa n\u00e4emme kaikki yrityksemme suunnittelemat 3D-mallit yhdest\u00e4 paikasta. Kaikilla ty\u00f6njohtajillamme on tabletit, joista he n\u00e4kev\u00e4t ty\u00f6maalla tarkasti miten elementit tulee asentaa yhteen. Showroomin avulla olemme saaneet virheiden m\u00e4\u00e4r\u00e4n minimoitua ja v\u00e4henetty\u00e4 kuluja.&#8221;<\/em><\/p>\n<p>[\/et_pb_testimonial][\/et_pb_column][et_pb_column type=&#8221;1_5&#8243; _builder_version=&#8221;4.16&#8243; custom_padding=&#8221;|||&#8221; global_colors_info=&#8221;{}&#8221; custom_padding__hover=&#8221;|||&#8221;][\/et_pb_column][\/et_pb_row][\/et_pb_section][et_pb_section fb_built=&#8221;1&#8243; module_id=&#8221;documentation&#8221; _builder_version=&#8221;4.16&#8243; background_color=&#8221;#f9f9f9&#8243; global_colors_info=&#8221;{}&#8221;][et_pb_row column_structure=&#8221;1_2,1_2&#8243; make_equal=&#8221;on&#8221; module_class=&#8221; et_pb_row_fullwidth&#8221; _builder_version=&#8221;4.16&#8243; width=&#8221;89%&#8221; width_tablet=&#8221;80%&#8221; width_phone=&#8221;&#8221; width_last_edited=&#8221;on|desktop&#8221; max_width=&#8221;89%&#8221; max_width_tablet=&#8221;80%&#8221; max_width_phone=&#8221;&#8221; max_width_last_edited=&#8221;on|desktop&#8221; module_alignment=&#8221;center&#8221; custom_margin=&#8221;|||&#8221; custom_css_main_element=&#8221;display: -webkit-box;||display: -moz-box;||display: -ms-flexbox;||display: -webkit-flex;||display: flex;||-webkit-flex-wrap: wrap; \/* Safari 6.1+ *\/||flex-wrap: wrap;&#8221; make_fullwidth=&#8221;on&#8221; global_colors_info=&#8221;{}&#8221;][et_pb_column type=&#8221;1_2&#8243; _builder_version=&#8221;4.16&#8243; custom_padding=&#8221;|||&#8221; custom_css_main_element=&#8221;-webkit-order: 2;||order: 2;&#8221; global_colors_info=&#8221;{}&#8221; custom_padding__hover=&#8221;|||&#8221;][et_pb_code _builder_version=&#8221;4.23.1&#8243; _module_preset=&#8221;default&#8221; hover_enabled=&#8221;0&#8243; sticky_enabled=&#8221;0&#8243;]<iframe loading=\"lazy\" width=\"560\" height=\"315\" src=\"https:\/\/www.youtube-nocookie.com\/embed\/atx7Vc3MFuI?si=iS-KRXv1LArjFxw4\" title=\"YouTube video player\" frameborder=\"0\" allow=\"accelerometer; autoplay; clipboard-write; encrypted-media; gyroscope; picture-in-picture; web-share\" allowfullscreen><\/iframe>[\/et_pb_code][\/et_pb_column][et_pb_column type=&#8221;1_2&#8243; _builder_version=&#8221;4.16&#8243; custom_padding=&#8221;|||&#8221; custom_css_main_element=&#8221;margin: auto;||-webkit-order: 1;||order: 1;&#8221; global_colors_info=&#8221;{}&#8221; custom_padding__hover=&#8221;|||&#8221;][et_pb_text module_id=&#8221;Engineering&#8221; _builder_version=&#8221;4.16&#8243; global_colors_info=&#8221;{}&#8221;]<\/p>\n<h2 style=\"text-align: left;\">Oletko valmis kokeilemaan VR:\u00e4\u00e4?<\/h2>\n<p>[\/et_pb_text][et_pb_text _builder_version=&#8221;4.16&#8243; global_colors_info=&#8221;{}&#8221;]<\/p>\n<p>V\u00e4lt\u00e4 kalliita virheit\u00e4 tarkastelemalla tuotetta virtuaalisesti jo ennen valmistusta. Virtuaalitodellisuus antaa paremman kuvan tuotteesta kuin mihin tietokoneen ruutu tai tuloste pystyy.<\/p>\n<p>[\/et_pb_text][\/et_pb_column][\/et_pb_row][\/et_pb_section][et_pb_section fb_built=&#8221;1&#8243; _builder_version=&#8221;4.16&#8243; _module_preset=&#8221;default&#8221; background_enable_color=&#8221;off&#8221; global_colors_info=&#8221;{}&#8221;][et_pb_row column_structure=&#8221;1_5,3_5,1_5&#8243; _builder_version=&#8221;4.16&#8243; _module_preset=&#8221;default&#8221; global_colors_info=&#8221;{}&#8221;][et_pb_column type=&#8221;1_5&#8243; _builder_version=&#8221;4.16&#8243; _module_preset=&#8221;default&#8221; global_colors_info=&#8221;{}&#8221;][\/et_pb_column][et_pb_column type=&#8221;3_5&#8243; _builder_version=&#8221;4.16&#8243; _module_preset=&#8221;default&#8221; global_colors_info=&#8221;{}&#8221;][et_pb_text _builder_version=&#8221;4.16&#8243; _module_preset=&#8221;default&#8221; global_colors_info=&#8221;{}&#8221;]<\/p>\n<p style=\"text-align: center;\"><em>Kokeile Showroomia selaimessasi. Paina Play-nappia aktivoidaksesi 3D-mallin.<\/em><\/p>\n<p>[\/et_pb_text][et_pb_code _builder_version=&#8221;4.16&#8243; _module_preset=&#8221;default&#8221; module_alignment=&#8221;center&#8221; global_colors_info=&#8221;{}&#8221;]<iframe style=\"max-width: 768px; height: 432px; width: 100%; border: none\" allow=\"fullscreen\" src=\"https:\/\/showroom.vertex.fi\/model-viewer-frame.html?model=f725aee3-4865-49df-8b5d-b50b80fb0949&#038;link=de342857-253b-4583-960f-00771b1f2cc2\" allowfullscreen><\/iframe>[\/et_pb_code][et_pb_text _builder_version=&#8221;4.16&#8243; _module_preset=&#8221;default&#8221; global_colors_info=&#8221;{}&#8221;]<\/p>\n<h2 data-i18n=\"marketing-message.collaborate-with-customers\" style=\"text-align: center;\">Aloita parempi yhteisty\u00f6 asiakkaidesi ja kumppaneidesi kanssa nyt<\/h2>\n<p>[\/et_pb_text][et_pb_button button_url=&#8221;https:\/\/showroom.vertex.fi\/&#8221; url_new_window=&#8221;on&#8221; button_text=&#8221;Luo ilmainen Showroom-tili&#8221; button_alignment=&#8221;center&#8221; _builder_version=&#8221;4.16&#8243; _module_preset=&#8221;default&#8221; custom_button=&#8221;on&#8221; button_text_color=&#8221;#ffffff&#8221; button_bg_color=&#8221;#0c71c3&#8243; button_border_width=&#8221;0px&#8221; button_border_radius=&#8221;0px&#8221; custom_margin_tablet=&#8221;&#8221; custom_margin_phone=&#8221;||10px||false|false&#8221; custom_margin_last_edited=&#8221;on|phone&#8221; global_colors_info=&#8221;{}&#8221;][\/et_pb_button][\/et_pb_column][et_pb_column type=&#8221;1_5&#8243; _builder_version=&#8221;4.16&#8243; _module_preset=&#8221;default&#8221; global_colors_info=&#8221;{}&#8221;][\/et_pb_column][\/et_pb_row][\/et_pb_section]<\/p>\n","protected":false},"excerpt":{"rendered":"<p>Vertex Showroom Jaa mallit verkossa Katsele kaikilla laitteillaNopeampi yhteisty\u00f6 &#8211; parempi lopputulosJaa Vertex 3D-mallisi verkossa ja anna p\u00e4\u00e4sy niihin asiakkaillesi ja yhteisty\u00f6kumppaneillesi. Nopeuta ty\u00f6nkulkuasi, katselmoi suunnitelmat, ja kommunikoi asiakkaittesi ja tiimiesi kanssa paremmin.Katsele mill\u00e4 tahansa laitteellaJaa Vertex CAD -malleja ja anna p\u00e4\u00e4sy 3D-malleihisi ja CAD-dataan viimeisimm\u00e4ll\u00e4 pilviteknologialla. N\u00e4e mallit matkapuhelimilla, tableteilla, PC:ill\u00e4 ja VR-laseilla.Pysy ajan [&hellip;]<\/p>\n","protected":false},"author":4,"featured_media":10182,"parent":0,"menu_order":0,"comment_status":"closed","ping_status":"closed","template":"","meta":{"_et_pb_use_builder":"on","_et_pb_old_content":"","_et_gb_content_width":"","sfsi_plus_gutenberg_text_before_share":"","sfsi_plus_gutenberg_show_text_before_share":"","sfsi_plus_gutenberg_icon_type":"","sfsi_plus_gutenberg_icon_alignemt":"","sfsi_plus_gutenburg_max_per_row":""},"yoast_head":"<!-- This site is optimized with the Yoast SEO plugin v18.6 - https:\/\/yoast.com\/wordpress\/plugins\/seo\/ -->\n<title>Vertex Showroom - Jaa mallisi verkossa<\/title>\n<meta name=\"description\" content=\"Katsele ja jaa Vertex 3D-malleja verkossa. Miss\u00e4 tahansa, kaikilla laitteilla.\" \/>\n<meta name=\"robots\" content=\"index, follow, max-snippet:-1, max-image-preview:large, max-video-preview:-1\" \/>\n<link rel=\"canonical\" href=\"https:\/\/vertex.fi\/bd\/showroom\/\" \/>\n<meta property=\"og:locale\" content=\"en_US\" \/>\n<meta property=\"og:type\" content=\"article\" \/>\n<meta property=\"og:title\" content=\"Vertex Showroom - Jaa mallisi verkossa\" \/>\n<meta property=\"og:description\" content=\"Katsele ja jaa Vertex 3D-malleja verkossa. Miss\u00e4 tahansa, kaikilla laitteilla.\" \/>\n<meta property=\"og:url\" content=\"https:\/\/vertex.fi\/bd\/showroom\/\" \/>\n<meta property=\"og:site_name\" content=\"Vertex BD\" \/>\n<meta property=\"article:modified_time\" content=\"2024-03-14T12:05:53+00:00\" \/>\n<meta property=\"og:image\" content=\"https:\/\/vertex.fi\/bd\/wp-content\/uploads\/sites\/5\/2021\/11\/Vertex-Showroom-1600.jpg\" \/>\n\t<meta property=\"og:image:width\" content=\"1600\" \/>\n\t<meta property=\"og:image:height\" content=\"628\" \/>\n\t<meta property=\"og:image:type\" content=\"image\/jpeg\" \/>\n<meta name=\"twitter:card\" content=\"summary_large_image\" \/>\n<meta name=\"twitter:label1\" content=\"Est. reading time\" \/>\n\t<meta name=\"twitter:data1\" content=\"8 minutes\" \/>\n<script type=\"application\/ld+json\" class=\"yoast-schema-graph\">{\"@context\":\"https:\/\/schema.org\",\"@graph\":[{\"@type\":\"WebSite\",\"@id\":\"https:\/\/vertex.fi\/bd\/#website\",\"url\":\"https:\/\/vertex.fi\/bd\/\",\"name\":\"Vertex BD\",\"description\":\"Rakennussuunnitteluohjelmisto\",\"potentialAction\":[{\"@type\":\"SearchAction\",\"target\":{\"@type\":\"EntryPoint\",\"urlTemplate\":\"https:\/\/vertex.fi\/bd\/?s={search_term_string}\"},\"query-input\":\"required name=search_term_string\"}],\"inLanguage\":\"en-US\"},{\"@type\":\"ImageObject\",\"@id\":\"https:\/\/vertex.fi\/bd\/showroom\/#primaryimage\",\"inLanguage\":\"en-US\",\"url\":\"https:\/\/vertex.fi\/bd\/wp-content\/uploads\/sites\/5\/2021\/11\/Vertex-Showroom-1600.jpg\",\"contentUrl\":\"https:\/\/vertex.fi\/bd\/wp-content\/uploads\/sites\/5\/2021\/11\/Vertex-Showroom-1600.jpg\",\"width\":1600,\"height\":628},{\"@type\":\"WebPage\",\"@id\":\"https:\/\/vertex.fi\/bd\/showroom\/#webpage\",\"url\":\"https:\/\/vertex.fi\/bd\/showroom\/\",\"name\":\"Vertex Showroom - Jaa mallisi verkossa\",\"isPartOf\":{\"@id\":\"https:\/\/vertex.fi\/bd\/#website\"},\"primaryImageOfPage\":{\"@id\":\"https:\/\/vertex.fi\/bd\/showroom\/#primaryimage\"},\"datePublished\":\"2021-11-09T10:22:13+00:00\",\"dateModified\":\"2024-03-14T12:05:53+00:00\",\"description\":\"Katsele ja jaa Vertex 3D-malleja verkossa. Miss\u00e4 tahansa, kaikilla laitteilla.\",\"breadcrumb\":{\"@id\":\"https:\/\/vertex.fi\/bd\/showroom\/#breadcrumb\"},\"inLanguage\":\"en-US\",\"potentialAction\":[{\"@type\":\"ReadAction\",\"target\":[\"https:\/\/vertex.fi\/bd\/showroom\/\"]}]},{\"@type\":\"BreadcrumbList\",\"@id\":\"https:\/\/vertex.fi\/bd\/showroom\/#breadcrumb\",\"itemListElement\":[{\"@type\":\"ListItem\",\"position\":1,\"name\":\"Home\",\"item\":\"https:\/\/vertex.fi\/bd\/\"},{\"@type\":\"ListItem\",\"position\":2,\"name\":\"Vertex Showroom\"}]}]}<\/script>\n<!-- \/ Yoast SEO plugin. -->","yoast_head_json":{"title":"Vertex Showroom - Jaa mallisi verkossa","description":"Katsele ja jaa Vertex 3D-malleja verkossa. Miss\u00e4 tahansa, kaikilla laitteilla.","robots":{"index":"index","follow":"follow","max-snippet":"max-snippet:-1","max-image-preview":"max-image-preview:large","max-video-preview":"max-video-preview:-1"},"canonical":"https:\/\/vertex.fi\/bd\/showroom\/","og_locale":"en_US","og_type":"article","og_title":"Vertex Showroom - Jaa mallisi verkossa","og_description":"Katsele ja jaa Vertex 3D-malleja verkossa. Miss\u00e4 tahansa, kaikilla laitteilla.","og_url":"https:\/\/vertex.fi\/bd\/showroom\/","og_site_name":"Vertex BD","article_modified_time":"2024-03-14T12:05:53+00:00","og_image":[{"width":1600,"height":628,"url":"https:\/\/vertex.fi\/bd\/wp-content\/uploads\/sites\/5\/2021\/11\/Vertex-Showroom-1600.jpg","type":"image\/jpeg"}],"twitter_card":"summary_large_image","twitter_misc":{"Est. reading time":"8 minutes"},"schema":{"@context":"https:\/\/schema.org","@graph":[{"@type":"WebSite","@id":"https:\/\/vertex.fi\/bd\/#website","url":"https:\/\/vertex.fi\/bd\/","name":"Vertex BD","description":"Rakennussuunnitteluohjelmisto","potentialAction":[{"@type":"SearchAction","target":{"@type":"EntryPoint","urlTemplate":"https:\/\/vertex.fi\/bd\/?s={search_term_string}"},"query-input":"required name=search_term_string"}],"inLanguage":"en-US"},{"@type":"ImageObject","@id":"https:\/\/vertex.fi\/bd\/showroom\/#primaryimage","inLanguage":"en-US","url":"https:\/\/vertex.fi\/bd\/wp-content\/uploads\/sites\/5\/2021\/11\/Vertex-Showroom-1600.jpg","contentUrl":"https:\/\/vertex.fi\/bd\/wp-content\/uploads\/sites\/5\/2021\/11\/Vertex-Showroom-1600.jpg","width":1600,"height":628},{"@type":"WebPage","@id":"https:\/\/vertex.fi\/bd\/showroom\/#webpage","url":"https:\/\/vertex.fi\/bd\/showroom\/","name":"Vertex Showroom - Jaa mallisi verkossa","isPartOf":{"@id":"https:\/\/vertex.fi\/bd\/#website"},"primaryImageOfPage":{"@id":"https:\/\/vertex.fi\/bd\/showroom\/#primaryimage"},"datePublished":"2021-11-09T10:22:13+00:00","dateModified":"2024-03-14T12:05:53+00:00","description":"Katsele ja jaa Vertex 3D-malleja verkossa. Miss\u00e4 tahansa, kaikilla laitteilla.","breadcrumb":{"@id":"https:\/\/vertex.fi\/bd\/showroom\/#breadcrumb"},"inLanguage":"en-US","potentialAction":[{"@type":"ReadAction","target":["https:\/\/vertex.fi\/bd\/showroom\/"]}]},{"@type":"BreadcrumbList","@id":"https:\/\/vertex.fi\/bd\/showroom\/#breadcrumb","itemListElement":[{"@type":"ListItem","position":1,"name":"Home","item":"https:\/\/vertex.fi\/bd\/"},{"@type":"ListItem","position":2,"name":"Vertex Showroom"}]}]}},"_links":{"self":[{"href":"https:\/\/vertex.fi\/bd\/wp-json\/wp\/v2\/pages\/10178"}],"collection":[{"href":"https:\/\/vertex.fi\/bd\/wp-json\/wp\/v2\/pages"}],"about":[{"href":"https:\/\/vertex.fi\/bd\/wp-json\/wp\/v2\/types\/page"}],"author":[{"embeddable":true,"href":"https:\/\/vertex.fi\/bd\/wp-json\/wp\/v2\/users\/4"}],"replies":[{"embeddable":true,"href":"https:\/\/vertex.fi\/bd\/wp-json\/wp\/v2\/comments?post=10178"}],"version-history":[{"count":16,"href":"https:\/\/vertex.fi\/bd\/wp-json\/wp\/v2\/pages\/10178\/revisions"}],"predecessor-version":[{"id":11426,"href":"https:\/\/vertex.fi\/bd\/wp-json\/wp\/v2\/pages\/10178\/revisions\/11426"}],"wp:featuredmedia":[{"embeddable":true,"href":"https:\/\/vertex.fi\/bd\/wp-json\/wp\/v2\/media\/10182"}],"wp:attachment":[{"href":"https:\/\/vertex.fi\/bd\/wp-json\/wp\/v2\/media?parent=10178"}],"curies":[{"name":"wp","href":"https:\/\/api.w.org\/{rel}","templated":true}]}}