{"id":51,"date":"2020-11-27T06:32:49","date_gmt":"2020-11-27T06:32:49","guid":{"rendered":"https:\/\/vertex.fi\/bd\/?page_id=51"},"modified":"2023-02-14T13:02:49","modified_gmt":"2023-02-14T13:02:49","slug":"asiakastarinat","status":"publish","type":"page","link":"https:\/\/vertex.fi\/bd\/asiakastarinat\/","title":{"rendered":"Asiakastarinat"},"content":{"rendered":"<p>[et_pb_section fb_built=&#8221;1&#8243; admin_label=&#8221;Hero&#8221; _builder_version=&#8221;4.16&#8243; background_color=&#8221;rgba(0,0,0,0)&#8221; background_image=&#8221;https:\/\/vertex.fi\/bd\/wp-content\/uploads\/sites\/5\/2020\/12\/Vertex_customers_044.jpg&#8221; background_blend=&#8221;lighten&#8221; background_enable_video_mp4=&#8221;off&#8221; custom_margin=&#8221;0px||||false&#8221; custom_margin_tablet=&#8221;&#8221; custom_margin_phone=&#8221;0px||&#8221; custom_margin_last_edited=&#8221;on|desktop&#8221; custom_padding=&#8221;10vw||10vw||true|false&#8221; global_colors_info=&#8221;{}&#8221;][et_pb_row column_structure=&#8221;2_3,1_3&#8243; _builder_version=&#8221;4.16&#8243; background_color=&#8221;rgba(0,0,0,0.4)&#8221; custom_padding=&#8221;16px|24px|16px|24px|false|false&#8221; global_colors_info=&#8221;{}&#8221;][et_pb_column type=&#8221;2_3&#8243; _builder_version=&#8221;4.16&#8243; custom_padding=&#8221;|||&#8221; global_colors_info=&#8221;{}&#8221; custom_padding__hover=&#8221;|||&#8221;][et_pb_text _builder_version=&#8221;4.16&#8243; text_font=&#8221;||||||||&#8221; header_font=&#8221;Rubik|700|||||||&#8221; header_font_size=&#8221;50px&#8221; header_line_height=&#8221;1.1em&#8221; background_layout=&#8221;dark&#8221; max_width=&#8221;800px&#8221; custom_margin=&#8221;||0px|&#8221; custom_padding=&#8221;10px||6px|16px|false|false&#8221; text_font_size_tablet=&#8221;14px&#8221; text_font_size_last_edited=&#8221;off|desktop&#8221; header_font_size_tablet=&#8221;44px&#8221; header_font_size_phone=&#8221;28px&#8221; header_font_size_last_edited=&#8221;on|desktop&#8221; border_color_all=&#8221;#fdb315&#8243; border_width_left=&#8221;10px&#8221; global_colors_info=&#8221;{}&#8221;]<\/p>\n<h1 style=\"text-align: left;\">Asiakkaidemme kokemuksia<span style=\"font-size: 48px;\"><br \/> <\/span><\/h1>\n<p>[\/et_pb_text][et_pb_text _builder_version=&#8221;4.16&#8243; header_2_font_size_tablet=&#8221;&#8221; header_2_font_size_phone=&#8221;23px&#8221; header_2_font_size_last_edited=&#8221;on|phone&#8221; global_colors_info=&#8221;{}&#8221;]<\/p>\n<h2><span style=\"color: #ffffff;\"><\/span><\/h2>\n<h2><span style=\"color: #ffffff;\">Lue miten asiakkaamme s\u00e4\u00e4st\u00e4v\u00e4t aikaa ja rahaa.<\/span><\/h2>\n<p>[\/et_pb_text][et_pb_button button_text=&#8221;Lue kokemuksia t\u00e4\u00e4lt\u00e4&#8221; _builder_version=&#8221;4.19.5&#8243; _module_preset=&#8221;default&#8221; button_url=&#8221;https:\/\/vertex.fi\/referenssit\/&#8221; custom_button=&#8221;on&#8221; button_text_color=&#8221;#FFFFFF&#8221; button_bg_color=&#8221;#0C71C3&#8243; button_bg_enable_color=&#8221;on&#8221; button_border_width=&#8221;0px&#8221; button_border_radius=&#8221;0px&#8221; hover_enabled=&#8221;0&#8243; sticky_enabled=&#8221;0&#8243;][\/et_pb_button][\/et_pb_column][et_pb_column type=&#8221;1_3&#8243; _builder_version=&#8221;4.16&#8243; custom_padding=&#8221;|||&#8221; global_colors_info=&#8221;{}&#8221; custom_padding__hover=&#8221;|||&#8221;][\/et_pb_column][\/et_pb_row][\/et_pb_section]<\/p>\n","protected":false},"excerpt":{"rendered":"<p>Asiakkaidemme kokemuksia Lue miten asiakkaamme s\u00e4\u00e4st\u00e4v\u00e4t aikaa ja rahaa.<\/p>\n","protected":false},"author":4,"featured_media":0,"parent":0,"menu_order":0,"comment_status":"closed","ping_status":"closed","template":"","meta":{"_et_pb_use_builder":"on","_et_pb_old_content":"","_et_gb_content_width":"","sfsi_plus_gutenberg_text_before_share":"","sfsi_plus_gutenberg_show_text_before_share":"","sfsi_plus_gutenberg_icon_type":"","sfsi_plus_gutenberg_icon_alignemt":"","sfsi_plus_gutenburg_max_per_row":""},"yoast_head":"<!-- This site is optimized with the Yoast SEO plugin v18.6 - https:\/\/yoast.com\/wordpress\/plugins\/seo\/ -->\n<title>Asiakastarinat - Vertex BD<\/title>\n<meta name=\"description\" content=\"Vertex on puurakentamisen asiantuntija. Yli 250 puurakentamisen asiakasta maailmanlaajuisesti. Tunnemme toimialan \u2013 tied\u00e4mme mit\u00e4 asiakkaamme tekev\u00e4t.\" \/>\n<meta name=\"robots\" content=\"index, follow, max-snippet:-1, max-image-preview:large, max-video-preview:-1\" \/>\n<link rel=\"canonical\" href=\"https:\/\/vertex.fi\/bd\/asiakastarinat\/\" \/>\n<meta property=\"og:locale\" content=\"en_US\" \/>\n<meta property=\"og:type\" content=\"article\" \/>\n<meta property=\"og:title\" content=\"Asiakastarinat - Vertex BD\" \/>\n<meta property=\"og:description\" content=\"Vertex on puurakentamisen asiantuntija. Yli 250 puurakentamisen asiakasta maailmanlaajuisesti. Tunnemme toimialan \u2013 tied\u00e4mme mit\u00e4 asiakkaamme tekev\u00e4t.\" \/>\n<meta property=\"og:url\" content=\"https:\/\/vertex.fi\/bd\/asiakastarinat\/\" \/>\n<meta property=\"og:site_name\" content=\"Vertex BD\" \/>\n<meta property=\"article:modified_time\" content=\"2023-02-14T13:02:49+00:00\" \/>\n<meta name=\"twitter:card\" content=\"summary_large_image\" \/>\n<meta name=\"twitter:label1\" content=\"Est. reading time\" \/>\n\t<meta name=\"twitter:data1\" content=\"1 minute\" \/>\n<script type=\"application\/ld+json\" class=\"yoast-schema-graph\">{\"@context\":\"https:\/\/schema.org\",\"@graph\":[{\"@type\":\"WebSite\",\"@id\":\"https:\/\/vertex.fi\/bd\/#website\",\"url\":\"https:\/\/vertex.fi\/bd\/\",\"name\":\"Vertex BD\",\"description\":\"Rakennussuunnitteluohjelmisto\",\"potentialAction\":[{\"@type\":\"SearchAction\",\"target\":{\"@type\":\"EntryPoint\",\"urlTemplate\":\"https:\/\/vertex.fi\/bd\/?s={search_term_string}\"},\"query-input\":\"required name=search_term_string\"}],\"inLanguage\":\"en-US\"},{\"@type\":\"WebPage\",\"@id\":\"https:\/\/vertex.fi\/bd\/asiakastarinat\/#webpage\",\"url\":\"https:\/\/vertex.fi\/bd\/asiakastarinat\/\",\"name\":\"Asiakastarinat - Vertex BD\",\"isPartOf\":{\"@id\":\"https:\/\/vertex.fi\/bd\/#website\"},\"datePublished\":\"2020-11-27T06:32:49+00:00\",\"dateModified\":\"2023-02-14T13:02:49+00:00\",\"description\":\"Vertex on puurakentamisen asiantuntija. Yli 250 puurakentamisen asiakasta maailmanlaajuisesti. Tunnemme toimialan \u2013 tied\u00e4mme mit\u00e4 asiakkaamme tekev\u00e4t.\",\"breadcrumb\":{\"@id\":\"https:\/\/vertex.fi\/bd\/asiakastarinat\/#breadcrumb\"},\"inLanguage\":\"en-US\",\"potentialAction\":[{\"@type\":\"ReadAction\",\"target\":[\"https:\/\/vertex.fi\/bd\/asiakastarinat\/\"]}]},{\"@type\":\"BreadcrumbList\",\"@id\":\"https:\/\/vertex.fi\/bd\/asiakastarinat\/#breadcrumb\",\"itemListElement\":[{\"@type\":\"ListItem\",\"position\":1,\"name\":\"Home\",\"item\":\"https:\/\/vertex.fi\/bd\/\"},{\"@type\":\"ListItem\",\"position\":2,\"name\":\"Asiakastarinat\"}]}]}<\/script>\n<!-- \/ Yoast SEO plugin. -->","yoast_head_json":{"title":"Asiakastarinat - Vertex BD","description":"Vertex on puurakentamisen asiantuntija. Yli 250 puurakentamisen asiakasta maailmanlaajuisesti. Tunnemme toimialan \u2013 tied\u00e4mme mit\u00e4 asiakkaamme tekev\u00e4t.","robots":{"index":"index","follow":"follow","max-snippet":"max-snippet:-1","max-image-preview":"max-image-preview:large","max-video-preview":"max-video-preview:-1"},"canonical":"https:\/\/vertex.fi\/bd\/asiakastarinat\/","og_locale":"en_US","og_type":"article","og_title":"Asiakastarinat - Vertex BD","og_description":"Vertex on puurakentamisen asiantuntija. Yli 250 puurakentamisen asiakasta maailmanlaajuisesti. Tunnemme toimialan \u2013 tied\u00e4mme mit\u00e4 asiakkaamme tekev\u00e4t.","og_url":"https:\/\/vertex.fi\/bd\/asiakastarinat\/","og_site_name":"Vertex BD","article_modified_time":"2023-02-14T13:02:49+00:00","twitter_card":"summary_large_image","twitter_misc":{"Est. reading time":"1 minute"},"schema":{"@context":"https:\/\/schema.org","@graph":[{"@type":"WebSite","@id":"https:\/\/vertex.fi\/bd\/#website","url":"https:\/\/vertex.fi\/bd\/","name":"Vertex BD","description":"Rakennussuunnitteluohjelmisto","potentialAction":[{"@type":"SearchAction","target":{"@type":"EntryPoint","urlTemplate":"https:\/\/vertex.fi\/bd\/?s={search_term_string}"},"query-input":"required name=search_term_string"}],"inLanguage":"en-US"},{"@type":"WebPage","@id":"https:\/\/vertex.fi\/bd\/asiakastarinat\/#webpage","url":"https:\/\/vertex.fi\/bd\/asiakastarinat\/","name":"Asiakastarinat - Vertex BD","isPartOf":{"@id":"https:\/\/vertex.fi\/bd\/#website"},"datePublished":"2020-11-27T06:32:49+00:00","dateModified":"2023-02-14T13:02:49+00:00","description":"Vertex on puurakentamisen asiantuntija. Yli 250 puurakentamisen asiakasta maailmanlaajuisesti. Tunnemme toimialan \u2013 tied\u00e4mme mit\u00e4 asiakkaamme tekev\u00e4t.","breadcrumb":{"@id":"https:\/\/vertex.fi\/bd\/asiakastarinat\/#breadcrumb"},"inLanguage":"en-US","potentialAction":[{"@type":"ReadAction","target":["https:\/\/vertex.fi\/bd\/asiakastarinat\/"]}]},{"@type":"BreadcrumbList","@id":"https:\/\/vertex.fi\/bd\/asiakastarinat\/#breadcrumb","itemListElement":[{"@type":"ListItem","position":1,"name":"Home","item":"https:\/\/vertex.fi\/bd\/"},{"@type":"ListItem","position":2,"name":"Asiakastarinat"}]}]}},"_links":{"self":[{"href":"https:\/\/vertex.fi\/bd\/wp-json\/wp\/v2\/pages\/51"}],"collection":[{"href":"https:\/\/vertex.fi\/bd\/wp-json\/wp\/v2\/pages"}],"about":[{"href":"https:\/\/vertex.fi\/bd\/wp-json\/wp\/v2\/types\/page"}],"author":[{"embeddable":true,"href":"https:\/\/vertex.fi\/bd\/wp-json\/wp\/v2\/users\/4"}],"replies":[{"embeddable":true,"href":"https:\/\/vertex.fi\/bd\/wp-json\/wp\/v2\/comments?post=51"}],"version-history":[{"count":14,"href":"https:\/\/vertex.fi\/bd\/wp-json\/wp\/v2\/pages\/51\/revisions"}],"predecessor-version":[{"id":10619,"href":"https:\/\/vertex.fi\/bd\/wp-json\/wp\/v2\/pages\/51\/revisions\/10619"}],"wp:attachment":[{"href":"https:\/\/vertex.fi\/bd\/wp-json\/wp\/v2\/media?parent=51"}],"curies":[{"name":"wp","href":"https:\/\/api.w.org\/{rel}","templated":true}]}}