{"id":8988,"date":"2020-12-11T10:30:42","date_gmt":"2020-12-11T10:30:42","guid":{"rendered":"https:\/\/vertex.fi\/bd\/?page_id=8988"},"modified":"2024-08-19T08:35:54","modified_gmt":"2024-08-19T08:35:54","slug":"akatemia","status":"publish","type":"page","link":"https:\/\/vertex.fi\/bd\/akatemia\/","title":{"rendered":"Akatemia"},"content":{"rendered":"<p>[et_pb_section fb_built=&#8221;1&#8243; admin_label=&#8221;Hero&#8221; _builder_version=&#8221;4.16&#8243; background_color=&#8221;rgba(0,0,0,0)&#8221; background_image=&#8221;https:\/\/vertex.fi\/bd\/wp-content\/uploads\/sites\/5\/2020\/12\/kesatyo_2019_webkuva_2560x771.jpg&#8221; background_blend=&#8221;lighten&#8221; background_enable_video_mp4=&#8221;off&#8221; custom_margin=&#8221;0px||||false&#8221; custom_margin_tablet=&#8221;&#8221; custom_margin_phone=&#8221;0px||&#8221; custom_margin_last_edited=&#8221;on|desktop&#8221; custom_padding=&#8221;10vw||10vw||true|false&#8221; global_colors_info=&#8221;{}&#8221;][et_pb_row column_structure=&#8221;2_3,1_3&#8243; _builder_version=&#8221;4.16&#8243; background_color=&#8221;rgba(0,0,0,0.4)&#8221; custom_padding=&#8221;16px|24px|16px|24px|false|false&#8221; global_colors_info=&#8221;{}&#8221;][et_pb_column type=&#8221;2_3&#8243; _builder_version=&#8221;4.16&#8243; custom_padding=&#8221;|||&#8221; global_colors_info=&#8221;{}&#8221; custom_padding__hover=&#8221;|||&#8221;][et_pb_text _builder_version=&#8221;4.16&#8243; text_font=&#8221;||||||||&#8221; header_font=&#8221;Rubik|700|||||||&#8221; header_font_size=&#8221;50px&#8221; header_line_height=&#8221;1.1em&#8221; background_layout=&#8221;dark&#8221; max_width=&#8221;800px&#8221; custom_margin=&#8221;||0px|&#8221; custom_padding=&#8221;10px||6px|16px|false|false&#8221; text_font_size_tablet=&#8221;14px&#8221; text_font_size_last_edited=&#8221;off|desktop&#8221; header_font_size_tablet=&#8221;44px&#8221; header_font_size_phone=&#8221;33px&#8221; header_font_size_last_edited=&#8221;on|desktop&#8221; border_color_all=&#8221;#F68620&#8243; border_width_left=&#8221;10px&#8221; global_colors_info=&#8221;{}&#8221;]<\/p>\n<h1 id=\"yui_patched_v3_11_0_1_1508415344771_1216\" style=\"text-align: left;\">Vertex Akatemia<\/h1>\n<p>[\/et_pb_text][et_pb_text _builder_version=&#8221;4.16&#8243; global_colors_info=&#8221;{}&#8221;]<\/p>\n<p>&nbsp;<\/p>\n<p><span style=\"color: #ffffff;\">Kes\u00e4t\u00f6it\u00e4, opinn\u00e4ytety\u00f6- ja harjoittelupaikkoja rakennusalan opiskelijoille.<\/span><\/p>\n<p>[\/et_pb_text][\/et_pb_column][et_pb_column type=&#8221;1_3&#8243; _builder_version=&#8221;4.16&#8243; custom_padding=&#8221;|||&#8221; global_colors_info=&#8221;{}&#8221; custom_padding__hover=&#8221;|||&#8221;][\/et_pb_column][\/et_pb_row][\/et_pb_section][et_pb_section fb_built=&#8221;1&#8243; _builder_version=&#8221;4.16&#8243; global_colors_info=&#8221;{}&#8221;][et_pb_row column_structure=&#8221;1_2,1_2&#8243; make_equal=&#8221;on&#8221; module_class=&#8221; et_pb_row_fullwidth&#8221; _builder_version=&#8221;4.16&#8243; width=&#8221;89%&#8221; width_tablet=&#8221;80%&#8221; width_phone=&#8221;&#8221; width_last_edited=&#8221;on|desktop&#8221; max_width=&#8221;89%&#8221; max_width_tablet=&#8221;80%&#8221; max_width_phone=&#8221;&#8221; max_width_last_edited=&#8221;on|desktop&#8221; custom_margin=&#8221;|||&#8221; custom_css_main_element=&#8221;display: -webkit-box;||display: -moz-box;||display: -ms-flexbox;||display: -webkit-flex;||display: flex;||-webkit-flex-wrap: wrap; \/* Safari 6.1+ *\/||flex-wrap: wrap;&#8221; make_fullwidth=&#8221;on&#8221; global_colors_info=&#8221;{}&#8221;][et_pb_column type=&#8221;1_2&#8243; _builder_version=&#8221;4.16&#8243; custom_padding=&#8221;|||&#8221; custom_css_main_element=&#8221;||margin: auto;||-webkit-order: 2;||order: 2;&#8221; global_colors_info=&#8221;{}&#8221; custom_padding__hover=&#8221;|||&#8221;][et_pb_image src=&#8221;https:\/\/vertex.fi\/bd\/wp-content\/uploads\/sites\/5\/2020\/12\/Vertex-BD-BIM-ohjelmisto.png&#8221; align_tablet=&#8221;center&#8221; align_phone=&#8221;&#8221; align_last_edited=&#8221;on|desktop&#8221; _builder_version=&#8221;4.16&#8243; global_colors_info=&#8221;{}&#8221;][\/et_pb_image][\/et_pb_column][et_pb_column type=&#8221;1_2&#8243; _builder_version=&#8221;4.16&#8243; custom_padding=&#8221;|||&#8221; custom_css_main_element=&#8221;margin: auto;||-webkit-order: 1;||order: 1;&#8221; global_colors_info=&#8221;{}&#8221; custom_padding__hover=&#8221;|||&#8221;][et_pb_text _builder_version=&#8221;4.16&#8243; text_font=&#8221;||||||||&#8221; header_font=&#8221;||||||||&#8221; header_text_align=&#8221;left&#8221; custom_padding=&#8221;|||&#8221; global_colors_info=&#8221;{}&#8221;]<\/p>\n<h2>Rakennusala tarvitsee lis\u00e4\u00e4 osaajia<\/h2>\n<p><span><\/span><\/p>\n<p><span><\/span><span>Vertex Systems Oy on kotimainen 3D-suunnitteluohjelmistoja valmistava yritys, jolla on asiakkainaan lukuisia rakennusalan yrityksi\u00e4 Suomessa. Olemme yhdess\u00e4 asiakasyritystemme kanssa tarjoamassa rakennusalan AMK- ja YAMK- ja yliopisto-opiskelijoille harjoittelu-, lopputy\u00f6- ja kes\u00e4ty\u00f6paikkoja.<\/span><\/p>\n<p><span>L<\/span><span>iity mukaan Vertex Akatemiaan Linkedin:ss\u00e4, jonka tarkoituksena on yhdist\u00e4\u00e4 rakennusalan opiskelijat ja rakennusteollisuuden yritykset. Vertex Akatemian j\u00e4senen\u00e4 saat Vertex-ohjelmistojen koulutuksen, sek\u00e4 mahdollisuuden ty\u00f6llisty\u00e4 asiakasyrityksiss\u00e4mme.<\/span><span id=\"yui_patched_v3_11_0_1_1528957338830_1627\" style=\"color: #808080;\"><span id=\"yui_patched_v3_11_0_1_1526447721608_1427\"><span id=\"yui_patched_v3_11_0_1_1526447548314_1438\"><span id=\"yui_patched_v3_11_0_1_1507098295159_1410\"><span id=\"yui_patched_v3_11_0_1_1507030846443_1478\"><span id=\"yui_patched_v3_11_0_1_1528787085461_1452\"><\/span><\/span><\/span><\/span><\/span><\/span><\/p>\n<p>[\/et_pb_text][et_pb_button button_url=&#8221;#liity&#8221; button_text=&#8221;Liity mukaan&#8221; _builder_version=&#8221;4.16&#8243; custom_button=&#8221;on&#8221; button_text_color=&#8221;#ffffff&#8221; button_bg_color=&#8221;#0c71c3&#8243; button_border_width=&#8221;0px&#8221; button_border_radius=&#8221;0px&#8221; button_icon=&#8221;&#x35;||divi||400&#8243; global_colors_info=&#8221;{}&#8221;][\/et_pb_button][\/et_pb_column][\/et_pb_row][et_pb_row make_equal=&#8221;on&#8221; module_class=&#8221; et_pb_row_fullwidth&#8221; _builder_version=&#8221;4.16&#8243; width=&#8221;89%&#8221; width_tablet=&#8221;80%&#8221; width_phone=&#8221;&#8221; width_last_edited=&#8221;on|desktop&#8221; max_width=&#8221;89%&#8221; max_width_tablet=&#8221;80%&#8221; max_width_phone=&#8221;&#8221; max_width_last_edited=&#8221;on|desktop&#8221; custom_margin=&#8221;|||&#8221; make_fullwidth=&#8221;on&#8221; global_colors_info=&#8221;{}&#8221;][et_pb_column type=&#8221;4_4&#8243; _builder_version=&#8221;4.16&#8243; custom_padding=&#8221;|||&#8221; custom_css_main_element=&#8221;margin: auto;&#8221; global_colors_info=&#8221;{}&#8221; custom_padding__hover=&#8221;|||&#8221;][et_pb_text _builder_version=&#8221;4.16&#8243; global_colors_info=&#8221;{}&#8221;]<\/p>\n<h2 style=\"text-align: center;\">Yhteisty\u00f6ss\u00e4 mukana<\/h2>\n<p>[\/et_pb_text][et_pb_image src=&#8221;https:\/\/vertex.fi\/bd\/wp-content\/uploads\/sites\/5\/2024\/08\/logos_3.png&#8221; align=&#8221;center&#8221; align_tablet=&#8221;center&#8221; align_phone=&#8221;&#8221; align_last_edited=&#8221;on|desktop&#8221; _builder_version=&#8221;4.23.1&#8243; hover_enabled=&#8221;0&#8243; global_colors_info=&#8221;{}&#8221; title_text=&#8221;logos_3&#8243; sticky_enabled=&#8221;0&#8243;][\/et_pb_image][\/et_pb_column][\/et_pb_row][\/et_pb_section][et_pb_section fb_built=&#8221;1&#8243; module_id=&#8221;liity&#8221; _builder_version=&#8221;4.16&#8243; background_color=&#8221;#f9f9f9&#8243; global_colors_info=&#8221;{}&#8221;][et_pb_row column_structure=&#8221;1_3,1_3,1_3&#8243; module_class=&#8221; et_pb_row_fullwidth&#8221; _builder_version=&#8221;4.16&#8243; width=&#8221;89%&#8221; width_tablet=&#8221;80%&#8221; width_phone=&#8221;&#8221; width_last_edited=&#8221;on|desktop&#8221; max_width=&#8221;89%&#8221; max_width_tablet=&#8221;80%&#8221; max_width_phone=&#8221;&#8221; max_width_last_edited=&#8221;on|desktop&#8221; custom_margin=&#8221;|||&#8221; make_fullwidth=&#8221;on&#8221; global_colors_info=&#8221;{}&#8221;][et_pb_column type=&#8221;1_3&#8243; _builder_version=&#8221;4.16&#8243; custom_padding=&#8221;|||&#8221; custom_css_main_element=&#8221;margin: auto;&#8221; global_colors_info=&#8221;{}&#8221; custom_padding__hover=&#8221;|||&#8221;][et_pb_text _builder_version=&#8221;4.16&#8243; text_font=&#8221;||||||||&#8221; header_font=&#8221;||||||||&#8221; header_text_align=&#8221;left&#8221; custom_padding=&#8221;|||&#8221; global_colors_info=&#8221;{}&#8221;]<\/p>\n<h2>Mik\u00e4 on Vertex Akatemia?<\/h2>\n<p>[\/et_pb_text][et_pb_text _builder_version=&#8221;4.16&#8243; text_font=&#8221;||||||||&#8221; header_font=&#8221;||||||||&#8221; header_text_align=&#8221;left&#8221; custom_padding=&#8221;|||&#8221; global_colors_info=&#8221;{}&#8221;]<\/p>\n<ul>\n<li>Yhteis\u00f6, josta voit l\u00f6yt\u00e4\u00e4 kes\u00e4-, harjoittelu- ja opinn\u00e4ytety\u00f6paikkoja rakennusalan yrityksist\u00e4.<\/li>\n<li>Saat Vertex-koulutuksen verkossa ilmaiseksi.<\/li>\n<li>Saat Vertex-ohjelmistot opiskeluk\u00e4ytt\u00f6\u00f6n ilmaiseksi.<\/li>\n<li>Palvelu on tarkoitettu AMK, YAMK ja yliopistotason rakennusalan opiskelijoille.<\/li>\n<li>Palvelu on maksuton.<\/li>\n<\/ul>\n<p>[\/et_pb_text][\/et_pb_column][et_pb_column type=&#8221;1_3&#8243; _builder_version=&#8221;4.16&#8243; custom_padding=&#8221;|||&#8221; global_colors_info=&#8221;{}&#8221; custom_padding__hover=&#8221;|||&#8221;][et_pb_text _builder_version=&#8221;4.16&#8243; text_font=&#8221;||||||||&#8221; header_font=&#8221;||||||||&#8221; header_text_align=&#8221;left&#8221; custom_padding=&#8221;|||&#8221; global_colors_info=&#8221;{}&#8221;]<\/p>\n<h2>Miten p\u00e4\u00e4set mukaan?<\/h2>\n<p>[\/et_pb_text][et_pb_text _builder_version=&#8221;4.16&#8243; text_font=&#8221;||||||||&#8221; header_font=&#8221;||||||||&#8221; header_text_align=&#8221;left&#8221; custom_padding=&#8221;|||&#8221; global_colors_info=&#8221;{}&#8221;]<\/p>\n<ol>\n<li><a href=\"https:\/\/www.linkedin.com\/groups\/12471620\/\" target=\"_blank\" rel=\"noopener noreferrer\">Liity<\/a> Vertex BD osaajat -Linkedin-ryhm\u00e4\u00e4n<span style=\"color: #ff0000;\"><br \/> <\/span><\/li>\n<li><a href=\"https:\/\/lic.vertex.fi\/vx\/student\/\" target=\"_blank\" rel=\"noopener noreferrer\">Lataa <\/a>ja asenna Vertex ohjelmisto.<\/li>\n<li><a href=\"https:\/\/classroom.google.com\/c\/MTk2NTkyMzM4MDkx?cjc=zje75yf\" target=\"_blank\" rel=\"noopener noreferrer\">Suorita <\/a>Vertex BD rakennussuunnitteluohjelmiston perusteet-kurssi (vaatii Google-tilin). Jos osaat jo k\u00e4ytt\u00e4\u00e4 Vertex-ohjelmistoa, siirry kohtaan 4.<\/li>\n<li>Suoritettuasi kurssin liit\u00e4 osaamisesi omaan Linkedin-profiiliisi:<br \/> -My profile &#8211; Accomplishments<br \/> -Klikkaa + ja valitse Course.<br \/> -Kirjoita Course name -kentt\u00e4\u00e4n Vertex BD<br \/> <span style=\"color: #ff0000;\"><\/span><\/li>\n<li>Tutustu tarjolla oleviin ty\u00f6paikkoihin ja verkostoidu rakennusalan yritysten edustajien kanssa <a href=\"https:\/\/www.linkedin.com\/groups\/12471620\/\" target=\"_blank\" rel=\"noopener noreferrer\">Vertex BD osaajat -Linkedin-ryhm\u00e4ss\u00e4<\/a>.<\/li>\n<\/ol>\n<p>[\/et_pb_text][\/et_pb_column][et_pb_column type=&#8221;1_3&#8243; _builder_version=&#8221;4.16&#8243; custom_padding=&#8221;|||&#8221; global_colors_info=&#8221;{}&#8221; custom_padding__hover=&#8221;|||&#8221;][et_pb_text _builder_version=&#8221;4.16&#8243; text_font=&#8221;||||||||&#8221; header_font=&#8221;||||||||&#8221; header_text_align=&#8221;left&#8221; custom_padding=&#8221;|||&#8221; global_colors_info=&#8221;{}&#8221;]<\/p>\n<h2>Hy\u00f6dyllisi\u00e4 linkkej\u00e4<\/h2>\n<p>[\/et_pb_text][et_pb_text _builder_version=&#8221;4.16&#8243; text_font=&#8221;||||||||&#8221; header_font=&#8221;||||||||&#8221; header_text_align=&#8221;left&#8221; custom_padding=&#8221;|||&#8221; global_colors_info=&#8221;{}&#8221;]<\/p>\n<ul>\n<li>Vertex BD <a href=\"https:\/\/kb.vertex.fi\/bd2021fi\" target=\"_blank\" rel=\"noopener noreferrer\">ohjeet<\/a> ja <a href=\"https:\/\/kb.vertex.fi\/bd2021fi\/naein-paeaeset-alkuun\" target=\"_blank\" rel=\"noopener noreferrer\">opasvideot.<\/a><\/li>\n<li>Vertex BD <a href=\"https:\/\/vertex.fi\/kayttotuki\/\" target=\"_blank\" rel=\"noopener noreferrer\">tukipalvelu<\/a>.<\/li>\n<li>Akatemiaan liittyminen (yritykset): yhteyshenkil\u00f6 Pekka Moilanen: pekka.moilanen@vertex.fi \/ 040-1629134<\/li>\n<\/ul>\n<p>[\/et_pb_text][\/et_pb_column][\/et_pb_row][\/et_pb_section]<\/p>\n","protected":false},"excerpt":{"rendered":"<p>Vertex Akatemia&nbsp; Kes\u00e4t\u00f6it\u00e4, opinn\u00e4ytety\u00f6- ja harjoittelupaikkoja rakennusalan opiskelijoille.Rakennusala tarvitsee lis\u00e4\u00e4 osaajia Vertex Systems Oy on kotimainen 3D-suunnitteluohjelmistoja valmistava yritys, jolla on asiakkainaan lukuisia rakennusalan yrityksi\u00e4 Suomessa. Olemme yhdess\u00e4 asiakasyritystemme kanssa tarjoamassa rakennusalan AMK- ja YAMK- ja yliopisto-opiskelijoille harjoittelu-, lopputy\u00f6- ja kes\u00e4ty\u00f6paikkoja. Liity mukaan Vertex Akatemiaan Linkedin:ss\u00e4, jonka tarkoituksena on yhdist\u00e4\u00e4 rakennusalan opiskelijat ja rakennusteollisuuden yritykset. [&hellip;]<\/p>\n","protected":false},"author":4,"featured_media":0,"parent":0,"menu_order":0,"comment_status":"closed","ping_status":"closed","template":"","meta":{"_et_pb_use_builder":"on","_et_pb_old_content":"","_et_gb_content_width":"","sfsi_plus_gutenberg_text_before_share":"","sfsi_plus_gutenberg_show_text_before_share":"","sfsi_plus_gutenberg_icon_type":"","sfsi_plus_gutenberg_icon_alignemt":"","sfsi_plus_gutenburg_max_per_row":""},"yoast_head":"<!-- This site is optimized with the Yoast SEO plugin v18.6 - https:\/\/yoast.com\/wordpress\/plugins\/seo\/ -->\n<title>Vertex Akatemia rakennusalan opiskelijoille<\/title>\n<meta name=\"description\" content=\"Opi Vertex BD ja l\u00f6yd\u00e4 kes\u00e4t\u00f6it\u00e4, opinn\u00e4ytety\u00f6- ja harjoittelupaikkoja asiakasyrityksist\u00e4mme.\" \/>\n<meta name=\"robots\" content=\"index, follow, max-snippet:-1, max-image-preview:large, max-video-preview:-1\" \/>\n<link rel=\"canonical\" href=\"https:\/\/vertex.fi\/bd\/akatemia\/\" \/>\n<meta property=\"og:locale\" content=\"en_US\" \/>\n<meta property=\"og:type\" content=\"article\" \/>\n<meta property=\"og:title\" content=\"Vertex Akatemia rakennusalan opiskelijoille\" \/>\n<meta property=\"og:description\" content=\"Opi Vertex BD ja l\u00f6yd\u00e4 kes\u00e4t\u00f6it\u00e4, opinn\u00e4ytety\u00f6- ja harjoittelupaikkoja asiakasyrityksist\u00e4mme.\" \/>\n<meta property=\"og:url\" content=\"https:\/\/vertex.fi\/bd\/akatemia\/\" \/>\n<meta property=\"og:site_name\" content=\"Vertex BD\" \/>\n<meta property=\"article:modified_time\" content=\"2024-08-19T08:35:54+00:00\" \/>\n<meta name=\"twitter:card\" content=\"summary_large_image\" \/>\n<meta name=\"twitter:label1\" content=\"Est. reading time\" \/>\n\t<meta name=\"twitter:data1\" content=\"5 minutes\" \/>\n<script type=\"application\/ld+json\" class=\"yoast-schema-graph\">{\"@context\":\"https:\/\/schema.org\",\"@graph\":[{\"@type\":\"WebSite\",\"@id\":\"https:\/\/vertex.fi\/bd\/#website\",\"url\":\"https:\/\/vertex.fi\/bd\/\",\"name\":\"Vertex BD\",\"description\":\"Rakennussuunnitteluohjelmisto\",\"potentialAction\":[{\"@type\":\"SearchAction\",\"target\":{\"@type\":\"EntryPoint\",\"urlTemplate\":\"https:\/\/vertex.fi\/bd\/?s={search_term_string}\"},\"query-input\":\"required name=search_term_string\"}],\"inLanguage\":\"en-US\"},{\"@type\":\"WebPage\",\"@id\":\"https:\/\/vertex.fi\/bd\/akatemia\/#webpage\",\"url\":\"https:\/\/vertex.fi\/bd\/akatemia\/\",\"name\":\"Vertex Akatemia rakennusalan opiskelijoille\",\"isPartOf\":{\"@id\":\"https:\/\/vertex.fi\/bd\/#website\"},\"datePublished\":\"2020-12-11T10:30:42+00:00\",\"dateModified\":\"2024-08-19T08:35:54+00:00\",\"description\":\"Opi Vertex BD ja l\u00f6yd\u00e4 kes\u00e4t\u00f6it\u00e4, opinn\u00e4ytety\u00f6- ja harjoittelupaikkoja asiakasyrityksist\u00e4mme.\",\"breadcrumb\":{\"@id\":\"https:\/\/vertex.fi\/bd\/akatemia\/#breadcrumb\"},\"inLanguage\":\"en-US\",\"potentialAction\":[{\"@type\":\"ReadAction\",\"target\":[\"https:\/\/vertex.fi\/bd\/akatemia\/\"]}]},{\"@type\":\"BreadcrumbList\",\"@id\":\"https:\/\/vertex.fi\/bd\/akatemia\/#breadcrumb\",\"itemListElement\":[{\"@type\":\"ListItem\",\"position\":1,\"name\":\"Home\",\"item\":\"https:\/\/vertex.fi\/bd\/\"},{\"@type\":\"ListItem\",\"position\":2,\"name\":\"Akatemia\"}]}]}<\/script>\n<!-- \/ Yoast SEO plugin. -->","yoast_head_json":{"title":"Vertex Akatemia rakennusalan opiskelijoille","description":"Opi Vertex BD ja l\u00f6yd\u00e4 kes\u00e4t\u00f6it\u00e4, opinn\u00e4ytety\u00f6- ja harjoittelupaikkoja asiakasyrityksist\u00e4mme.","robots":{"index":"index","follow":"follow","max-snippet":"max-snippet:-1","max-image-preview":"max-image-preview:large","max-video-preview":"max-video-preview:-1"},"canonical":"https:\/\/vertex.fi\/bd\/akatemia\/","og_locale":"en_US","og_type":"article","og_title":"Vertex Akatemia rakennusalan opiskelijoille","og_description":"Opi Vertex BD ja l\u00f6yd\u00e4 kes\u00e4t\u00f6it\u00e4, opinn\u00e4ytety\u00f6- ja harjoittelupaikkoja asiakasyrityksist\u00e4mme.","og_url":"https:\/\/vertex.fi\/bd\/akatemia\/","og_site_name":"Vertex BD","article_modified_time":"2024-08-19T08:35:54+00:00","twitter_card":"summary_large_image","twitter_misc":{"Est. reading time":"5 minutes"},"schema":{"@context":"https:\/\/schema.org","@graph":[{"@type":"WebSite","@id":"https:\/\/vertex.fi\/bd\/#website","url":"https:\/\/vertex.fi\/bd\/","name":"Vertex BD","description":"Rakennussuunnitteluohjelmisto","potentialAction":[{"@type":"SearchAction","target":{"@type":"EntryPoint","urlTemplate":"https:\/\/vertex.fi\/bd\/?s={search_term_string}"},"query-input":"required name=search_term_string"}],"inLanguage":"en-US"},{"@type":"WebPage","@id":"https:\/\/vertex.fi\/bd\/akatemia\/#webpage","url":"https:\/\/vertex.fi\/bd\/akatemia\/","name":"Vertex Akatemia rakennusalan opiskelijoille","isPartOf":{"@id":"https:\/\/vertex.fi\/bd\/#website"},"datePublished":"2020-12-11T10:30:42+00:00","dateModified":"2024-08-19T08:35:54+00:00","description":"Opi Vertex BD ja l\u00f6yd\u00e4 kes\u00e4t\u00f6it\u00e4, opinn\u00e4ytety\u00f6- ja harjoittelupaikkoja asiakasyrityksist\u00e4mme.","breadcrumb":{"@id":"https:\/\/vertex.fi\/bd\/akatemia\/#breadcrumb"},"inLanguage":"en-US","potentialAction":[{"@type":"ReadAction","target":["https:\/\/vertex.fi\/bd\/akatemia\/"]}]},{"@type":"BreadcrumbList","@id":"https:\/\/vertex.fi\/bd\/akatemia\/#breadcrumb","itemListElement":[{"@type":"ListItem","position":1,"name":"Home","item":"https:\/\/vertex.fi\/bd\/"},{"@type":"ListItem","position":2,"name":"Akatemia"}]}]}},"_links":{"self":[{"href":"https:\/\/vertex.fi\/bd\/wp-json\/wp\/v2\/pages\/8988"}],"collection":[{"href":"https:\/\/vertex.fi\/bd\/wp-json\/wp\/v2\/pages"}],"about":[{"href":"https:\/\/vertex.fi\/bd\/wp-json\/wp\/v2\/types\/page"}],"author":[{"embeddable":true,"href":"https:\/\/vertex.fi\/bd\/wp-json\/wp\/v2\/users\/4"}],"replies":[{"embeddable":true,"href":"https:\/\/vertex.fi\/bd\/wp-json\/wp\/v2\/comments?post=8988"}],"version-history":[{"count":25,"href":"https:\/\/vertex.fi\/bd\/wp-json\/wp\/v2\/pages\/8988\/revisions"}],"predecessor-version":[{"id":11540,"href":"https:\/\/vertex.fi\/bd\/wp-json\/wp\/v2\/pages\/8988\/revisions\/11540"}],"wp:attachment":[{"href":"https:\/\/vertex.fi\/bd\/wp-json\/wp\/v2\/media?parent=8988"}],"curies":[{"name":"wp","href":"https:\/\/api.w.org\/{rel}","templated":true}]}}