{"id":9199,"date":"2020-12-16T10:05:32","date_gmt":"2020-12-16T10:05:32","guid":{"rendered":"https:\/\/vertex.fi\/bd\/?page_id=9199"},"modified":"2020-12-21T06:14:01","modified_gmt":"2020-12-21T06:14:01","slug":"tyostokoneet","status":"publish","type":"page","link":"https:\/\/vertex.fi\/bd\/tyostokoneet\/","title":{"rendered":"Yhteensopivat ty\u00f6st\u00f6koneet"},"content":{"rendered":"<p>[et_pb_section fb_built=&#8221;1&#8243; admin_label=&#8221;Hero&#8221; _builder_version=&#8221;4.4.0&#8243; use_background_color_gradient=&#8221;on&#8221; background_color_gradient_start=&#8221;rgba(40,40,40,0.77)&#8221; background_color_gradient_end=&#8221;rgba(40,40,40,0.81)&#8221; background_color_gradient_type=&#8221;radial&#8221; background_color_gradient_direction_radial=&#8221;top left&#8221; background_color_gradient_overlays_image=&#8221;on&#8221; background_image=&#8221;https:\/\/vertex.fi\/bd\/wp-content\/uploads\/sites\/5\/2020\/12\/siniset-telineet-MG_00531.jpg&#8221; background_blend=&#8221;lighten&#8221; custom_margin=&#8221;0px||||false&#8221; custom_margin_tablet=&#8221;&#8221; custom_margin_phone=&#8221;0px||&#8221; custom_margin_last_edited=&#8221;on|desktop&#8221; custom_padding=&#8221;10vw||10vw||true|false&#8221;][et_pb_row column_structure=&#8221;2_3,1_3&#8243; _builder_version=&#8221;4.4.0&#8243; background_color=&#8221;rgba(0,0,0,0.4)&#8221; custom_padding=&#8221;16px|24px|16px|24px|false|false&#8221;][et_pb_column type=&#8221;2_3&#8243; _builder_version=&#8221;3.25&#8243; custom_padding=&#8221;|||&#8221; custom_padding__hover=&#8221;|||&#8221;][et_pb_text _builder_version=&#8221;4.4.0&#8243; text_font=&#8221;||||||||&#8221; header_font=&#8221;Rubik|700|||||||&#8221; header_font_size=&#8221;50px&#8221; header_line_height=&#8221;1.1em&#8221; background_layout=&#8221;dark&#8221; max_width=&#8221;800px&#8221; custom_margin=&#8221;||0px|&#8221; custom_padding=&#8221;10px||6px|16px|false|false&#8221; text_font_size_tablet=&#8221;14px&#8221; text_font_size_last_edited=&#8221;off|desktop&#8221; header_font_size_tablet=&#8221;44px&#8221; header_font_size_phone=&#8221;33px&#8221; header_font_size_last_edited=&#8221;on|desktop&#8221; border_color_all=&#8221;#fdb315&#8243; border_width_left=&#8221;10px&#8221;]<\/p>\n<h1><span style=\"color: #ffffff;\">Yhteensopivat\u00a0 ty\u00f6st\u00f6koneet<br \/><\/span><\/h1>\n<p>[\/et_pb_text][et_pb_text _builder_version=&#8221;4.4.0&#8243; text_font=&#8221;||||||||&#8221; text_font_size=&#8221;16px&#8221; text_line_height=&#8221;1.6em&#8221; header_font=&#8221;||||||||&#8221; background_layout=&#8221;dark&#8221; max_width=&#8221;800px&#8221; custom_margin=&#8221;15px|||28px|false|false&#8221; custom_padding=&#8221;0px||0px||true|&#8221; text_font_size_tablet=&#8221;16px&#8221; text_font_size_phone=&#8221;14px&#8221; text_font_size_last_edited=&#8221;on|desktop&#8221;]<\/p>\n<h2 class=\"et_pb_module_header et-fb-editable-element et-fb-editable-element__editing\" data-shortcode-id=\"0.0-1605787173876\" data-quickaccess-id=\"title\">Vie ty\u00f6st\u00f6tieto suoraan koneelle ja v\u00e4lty valmistusvirheilt\u00e4.<\/h2>\n<p>&nbsp;<\/p>\n<p>[\/et_pb_text][\/et_pb_column][et_pb_column type=&#8221;1_3&#8243; _builder_version=&#8221;3.25&#8243; custom_padding=&#8221;|||&#8221; custom_padding__hover=&#8221;|||&#8221;][\/et_pb_column][\/et_pb_row][\/et_pb_section][et_pb_section fb_built=&#8221;1&#8243; _builder_version=&#8221;3.22.3&#8243;][et_pb_row column_structure=&#8221;1_4,1_4,1_4,1_4&#8243; _builder_version=&#8221;3.25&#8243;][et_pb_column type=&#8221;1_4&#8243; _builder_version=&#8221;3.25&#8243; custom_padding=&#8221;|||&#8221; custom_padding__hover=&#8221;|||&#8221;][et_pb_image src=&#8221;https:\/\/vertex.fi\/bd\/wp-content\/uploads\/sites\/5\/2020\/12\/Essetre-1.png&#8221; url=&#8221;https:\/\/www.essetre.com\/en\/&#8221; url_new_window=&#8221;on&#8221; align=&#8221;center&#8221; align_tablet=&#8221;center&#8221; align_phone=&#8221;&#8221; align_last_edited=&#8221;on|desktop&#8221; _builder_version=&#8221;3.23&#8243;][\/et_pb_image][\/et_pb_column][et_pb_column type=&#8221;1_4&#8243; _builder_version=&#8221;3.25&#8243; custom_padding=&#8221;|||&#8221; custom_padding__hover=&#8221;|||&#8221;][et_pb_image src=&#8221;https:\/\/vertex.fi\/bd\/wp-content\/uploads\/sites\/5\/2020\/12\/Hundegger-1.jpg&#8221; url=&#8221;https:\/\/www.hundegger.de\/&#8221; url_new_window=&#8221;on&#8221; align=&#8221;center&#8221; align_tablet=&#8221;center&#8221; align_phone=&#8221;&#8221; align_last_edited=&#8221;on|desktop&#8221; _builder_version=&#8221;3.23&#8243;][\/et_pb_image][\/et_pb_column][et_pb_column type=&#8221;1_4&#8243; _builder_version=&#8221;3.25&#8243; custom_padding=&#8221;|||&#8221; custom_padding__hover=&#8221;|||&#8221;][et_pb_image src=&#8221;https:\/\/vertex.fi\/bd\/wp-content\/uploads\/sites\/5\/2020\/12\/weinmann-2.jpg&#8221; url=&#8221;https:\/\/www.homag.com\/en\/weinmann\/&#8221; url_new_window=&#8221;on&#8221; align=&#8221;center&#8221; align_tablet=&#8221;center&#8221; align_phone=&#8221;&#8221; align_last_edited=&#8221;on|desktop&#8221; _builder_version=&#8221;4.4.0&#8243; hover_enabled=&#8221;0&#8243;][\/et_pb_image][\/et_pb_column][et_pb_column type=&#8221;1_4&#8243; _builder_version=&#8221;3.25&#8243; custom_padding=&#8221;|||&#8221; custom_padding__hover=&#8221;|||&#8221;][et_pb_image src=&#8221;https:\/\/vertex.fi\/bd\/wp-content\/uploads\/sites\/5\/2020\/12\/LAP_Laser-1.png&#8221; url=&#8221;https:\/\/www.lap-laser.com\/&#8221; url_new_window=&#8221;on&#8221; align=&#8221;center&#8221; align_tablet=&#8221;center&#8221; align_phone=&#8221;&#8221; align_last_edited=&#8221;on|desktop&#8221; _builder_version=&#8221;3.23&#8243;][\/et_pb_image][\/et_pb_column][\/et_pb_row][et_pb_row column_structure=&#8221;1_4,1_4,1_4,1_4&#8243; _builder_version=&#8221;3.25&#8243;][et_pb_column type=&#8221;1_4&#8243; _builder_version=&#8221;3.25&#8243; custom_padding=&#8221;|||&#8221; custom_padding__hover=&#8221;|||&#8221;][et_pb_image src=&#8221;https:\/\/vertex.fi\/bd\/wp-content\/uploads\/sites\/5\/2020\/12\/Mitek-1.png&#8221; url=&#8221;https:\/\/www.mitek-us.com\/&#8221; url_new_window=&#8221;on&#8221; align=&#8221;center&#8221; align_tablet=&#8221;center&#8221; align_phone=&#8221;&#8221; align_last_edited=&#8221;on|desktop&#8221; _builder_version=&#8221;3.23&#8243;][\/et_pb_image][et_pb_text _builder_version=&#8221;4.4.0&#8243; text_orientation=&#8221;center&#8221; custom_margin=&#8221;-45px||||false|false&#8221; custom_margin_tablet=&#8221;&#8221; custom_margin_phone=&#8221;&#8221; custom_margin_last_edited=&#8221;on|phone&#8221;]<\/p>\n<p>Mitek Single Blade Saw SBS Transfer File<\/p>\n<p>[\/et_pb_text][\/et_pb_column][et_pb_column type=&#8221;1_4&#8243; _builder_version=&#8221;3.25&#8243; custom_padding=&#8221;|||&#8221; custom_padding__hover=&#8221;|||&#8221;][et_pb_image src=&#8221;https:\/\/vertex.fi\/bd\/wp-content\/uploads\/sites\/5\/2020\/12\/Randek-1.png&#8221; url=&#8221;http:\/\/www.randek.com\/en\/&#8221; url_new_window=&#8221;on&#8221; align=&#8221;center&#8221; align_tablet=&#8221;center&#8221; align_phone=&#8221;&#8221; align_last_edited=&#8221;on|desktop&#8221; _builder_version=&#8221;3.23&#8243;][\/et_pb_image][\/et_pb_column][et_pb_column type=&#8221;1_4&#8243; _builder_version=&#8221;3.25&#8243; custom_padding=&#8221;|||&#8221; custom_padding__hover=&#8221;|||&#8221;][et_pb_image src=&#8221;https:\/\/vertex.fi\/bd\/wp-content\/uploads\/sites\/5\/2020\/12\/SL-Laser-CF-Logo-240.jpg&#8221; title_text=&#8221;SL-Laser&#8221; url=&#8221;https:\/\/sl-laser.com\/index.php\/en\/applications\/holzfertigteile-en&#8221; url_new_window=&#8221;on&#8221; align=&#8221;center&#8221; align_tablet=&#8221;center&#8221; align_phone=&#8221;&#8221; align_last_edited=&#8221;on|desktop&#8221; _builder_version=&#8221;4.6.2&#8243; module_alignment=&#8221;center&#8221; custom_margin=&#8221;10px||||false|false&#8221; custom_margin_tablet=&#8221;&#8221; custom_margin_phone=&#8221;&#8221; custom_margin_last_edited=&#8221;on|desktop&#8221;][\/et_pb_image][\/et_pb_column][et_pb_column type=&#8221;1_4&#8243; _builder_version=&#8221;3.25&#8243; custom_padding=&#8221;|||&#8221; custom_padding__hover=&#8221;|||&#8221;][et_pb_image src=&#8221;https:\/\/vertex.fi\/bd\/wp-content\/uploads\/sites\/5\/2020\/12\/Zlaser-1.png&#8221; url=&#8221;https:\/\/z-laser.com\/en\/&#8221; url_new_window=&#8221;on&#8221; align=&#8221;center&#8221; align_tablet=&#8221;center&#8221; align_phone=&#8221;&#8221; align_last_edited=&#8221;on|desktop&#8221; _builder_version=&#8221;3.23&#8243;][\/et_pb_image][\/et_pb_column][\/et_pb_row][et_pb_row column_structure=&#8221;1_4,1_4,1_4,1_4&#8243; _builder_version=&#8221;3.25&#8243;][et_pb_column type=&#8221;1_4&#8243; _builder_version=&#8221;3.25&#8243; custom_padding=&#8221;|||&#8221; custom_padding__hover=&#8221;|||&#8221;][et_pb_text _builder_version=&#8221;4.4.0&#8243; custom_margin=&#8221;||||false|false&#8221;]<\/p>\n<p style=\"text-align: center;\">Saatavilla my\u00f6s: LaserPro ja Optimaster<\/p>\n<p>[\/et_pb_text][\/et_pb_column][et_pb_column type=&#8221;1_4&#8243; _builder_version=&#8221;3.25&#8243; custom_padding=&#8221;|||&#8221; custom_padding__hover=&#8221;|||&#8221;][\/et_pb_column][et_pb_column type=&#8221;1_4&#8243; _builder_version=&#8221;3.25&#8243; custom_padding=&#8221;|||&#8221; custom_padding__hover=&#8221;|||&#8221;][\/et_pb_column][et_pb_column type=&#8221;1_4&#8243; _builder_version=&#8221;3.25&#8243; custom_padding=&#8221;|||&#8221; custom_padding__hover=&#8221;|||&#8221;][\/et_pb_column][\/et_pb_row][et_pb_row _builder_version=&#8221;3.25&#8243;][et_pb_column type=&#8221;4_4&#8243; _builder_version=&#8221;3.25&#8243; custom_padding=&#8221;|||&#8221; custom_padding__hover=&#8221;|||&#8221;][et_pb_text _builder_version=&#8221;4.4.0&#8243;]<\/p>\n<p style=\"text-align: center;\">N\u00e4iden lis\u00e4ksi Vertex BD:n XML ja BTL -formaatteja voidaan k\u00e4ytt\u00e4\u00e4 tiedon viemiseen ty\u00f6st\u00f6koneille. <\/p>\n<p>&nbsp;<\/p>\n<p>[\/et_pb_text][\/et_pb_column][\/et_pb_row][\/et_pb_section]<\/p>\n","protected":false},"excerpt":{"rendered":"<p>Yhteensopivat\u00a0 ty\u00f6st\u00f6koneetVie ty\u00f6st\u00f6tieto suoraan koneelle ja v\u00e4lty valmistusvirheilt\u00e4. &nbsp;Mitek Single Blade Saw SBS Transfer FileSaatavilla my\u00f6s: LaserPro ja OptimasterN\u00e4iden lis\u00e4ksi Vertex BD:n XML ja BTL -formaatteja voidaan k\u00e4ytt\u00e4\u00e4 tiedon viemiseen ty\u00f6st\u00f6koneille. &nbsp;<\/p>\n","protected":false},"author":4,"featured_media":0,"parent":0,"menu_order":0,"comment_status":"closed","ping_status":"closed","template":"","meta":{"_et_pb_use_builder":"on","_et_pb_old_content":"","_et_gb_content_width":"","sfsi_plus_gutenberg_text_before_share":"","sfsi_plus_gutenberg_show_text_before_share":"","sfsi_plus_gutenberg_icon_type":"","sfsi_plus_gutenberg_icon_alignemt":"","sfsi_plus_gutenburg_max_per_row":""},"yoast_head":"<!-- This site is optimized with the Yoast SEO plugin v18.6 - https:\/\/yoast.com\/wordpress\/plugins\/seo\/ -->\n<title>Yhteensopivat ty\u00f6st\u00f6koneet - Vertex BD<\/title>\n<meta name=\"robots\" content=\"index, follow, max-snippet:-1, max-image-preview:large, max-video-preview:-1\" \/>\n<link rel=\"canonical\" href=\"https:\/\/vertex.fi\/bd\/tyostokoneet\/\" \/>\n<meta property=\"og:locale\" content=\"en_US\" \/>\n<meta property=\"og:type\" content=\"article\" \/>\n<meta property=\"og:title\" content=\"Yhteensopivat ty\u00f6st\u00f6koneet - Vertex BD\" \/>\n<meta property=\"og:description\" content=\"Yhteensopivat\u00a0 ty\u00f6st\u00f6koneetVie ty\u00f6st\u00f6tieto suoraan koneelle ja v\u00e4lty valmistusvirheilt\u00e4. &nbsp;Mitek Single Blade Saw SBS Transfer FileSaatavilla my\u00f6s: LaserPro ja OptimasterN\u00e4iden lis\u00e4ksi Vertex BD:n XML ja BTL -formaatteja voidaan k\u00e4ytt\u00e4\u00e4 tiedon viemiseen ty\u00f6st\u00f6koneille. &nbsp;\" \/>\n<meta property=\"og:url\" content=\"https:\/\/vertex.fi\/bd\/tyostokoneet\/\" \/>\n<meta property=\"og:site_name\" content=\"Vertex BD\" \/>\n<meta property=\"article:modified_time\" content=\"2020-12-21T06:14:01+00:00\" \/>\n<meta name=\"twitter:card\" content=\"summary_large_image\" \/>\n<meta name=\"twitter:label1\" content=\"Est. reading time\" \/>\n\t<meta name=\"twitter:data1\" content=\"5 minutes\" \/>\n<script type=\"application\/ld+json\" class=\"yoast-schema-graph\">{\"@context\":\"https:\/\/schema.org\",\"@graph\":[{\"@type\":\"WebSite\",\"@id\":\"https:\/\/vertex.fi\/bd\/#website\",\"url\":\"https:\/\/vertex.fi\/bd\/\",\"name\":\"Vertex BD\",\"description\":\"Rakennussuunnitteluohjelmisto\",\"potentialAction\":[{\"@type\":\"SearchAction\",\"target\":{\"@type\":\"EntryPoint\",\"urlTemplate\":\"https:\/\/vertex.fi\/bd\/?s={search_term_string}\"},\"query-input\":\"required name=search_term_string\"}],\"inLanguage\":\"en-US\"},{\"@type\":\"WebPage\",\"@id\":\"https:\/\/vertex.fi\/bd\/tyostokoneet\/#webpage\",\"url\":\"https:\/\/vertex.fi\/bd\/tyostokoneet\/\",\"name\":\"Yhteensopivat ty\u00f6st\u00f6koneet - Vertex BD\",\"isPartOf\":{\"@id\":\"https:\/\/vertex.fi\/bd\/#website\"},\"datePublished\":\"2020-12-16T10:05:32+00:00\",\"dateModified\":\"2020-12-21T06:14:01+00:00\",\"breadcrumb\":{\"@id\":\"https:\/\/vertex.fi\/bd\/tyostokoneet\/#breadcrumb\"},\"inLanguage\":\"en-US\",\"potentialAction\":[{\"@type\":\"ReadAction\",\"target\":[\"https:\/\/vertex.fi\/bd\/tyostokoneet\/\"]}]},{\"@type\":\"BreadcrumbList\",\"@id\":\"https:\/\/vertex.fi\/bd\/tyostokoneet\/#breadcrumb\",\"itemListElement\":[{\"@type\":\"ListItem\",\"position\":1,\"name\":\"Home\",\"item\":\"https:\/\/vertex.fi\/bd\/\"},{\"@type\":\"ListItem\",\"position\":2,\"name\":\"Yhteensopivat ty\u00f6st\u00f6koneet\"}]}]}<\/script>\n<!-- \/ Yoast SEO plugin. -->","yoast_head_json":{"title":"Yhteensopivat ty\u00f6st\u00f6koneet - Vertex BD","robots":{"index":"index","follow":"follow","max-snippet":"max-snippet:-1","max-image-preview":"max-image-preview:large","max-video-preview":"max-video-preview:-1"},"canonical":"https:\/\/vertex.fi\/bd\/tyostokoneet\/","og_locale":"en_US","og_type":"article","og_title":"Yhteensopivat ty\u00f6st\u00f6koneet - Vertex BD","og_description":"Yhteensopivat\u00a0 ty\u00f6st\u00f6koneetVie ty\u00f6st\u00f6tieto suoraan koneelle ja v\u00e4lty valmistusvirheilt\u00e4. &nbsp;Mitek Single Blade Saw SBS Transfer FileSaatavilla my\u00f6s: LaserPro ja OptimasterN\u00e4iden lis\u00e4ksi Vertex BD:n XML ja BTL -formaatteja voidaan k\u00e4ytt\u00e4\u00e4 tiedon viemiseen ty\u00f6st\u00f6koneille. &nbsp;","og_url":"https:\/\/vertex.fi\/bd\/tyostokoneet\/","og_site_name":"Vertex BD","article_modified_time":"2020-12-21T06:14:01+00:00","twitter_card":"summary_large_image","twitter_misc":{"Est. reading time":"5 minutes"},"schema":{"@context":"https:\/\/schema.org","@graph":[{"@type":"WebSite","@id":"https:\/\/vertex.fi\/bd\/#website","url":"https:\/\/vertex.fi\/bd\/","name":"Vertex BD","description":"Rakennussuunnitteluohjelmisto","potentialAction":[{"@type":"SearchAction","target":{"@type":"EntryPoint","urlTemplate":"https:\/\/vertex.fi\/bd\/?s={search_term_string}"},"query-input":"required name=search_term_string"}],"inLanguage":"en-US"},{"@type":"WebPage","@id":"https:\/\/vertex.fi\/bd\/tyostokoneet\/#webpage","url":"https:\/\/vertex.fi\/bd\/tyostokoneet\/","name":"Yhteensopivat ty\u00f6st\u00f6koneet - Vertex BD","isPartOf":{"@id":"https:\/\/vertex.fi\/bd\/#website"},"datePublished":"2020-12-16T10:05:32+00:00","dateModified":"2020-12-21T06:14:01+00:00","breadcrumb":{"@id":"https:\/\/vertex.fi\/bd\/tyostokoneet\/#breadcrumb"},"inLanguage":"en-US","potentialAction":[{"@type":"ReadAction","target":["https:\/\/vertex.fi\/bd\/tyostokoneet\/"]}]},{"@type":"BreadcrumbList","@id":"https:\/\/vertex.fi\/bd\/tyostokoneet\/#breadcrumb","itemListElement":[{"@type":"ListItem","position":1,"name":"Home","item":"https:\/\/vertex.fi\/bd\/"},{"@type":"ListItem","position":2,"name":"Yhteensopivat ty\u00f6st\u00f6koneet"}]}]}},"_links":{"self":[{"href":"https:\/\/vertex.fi\/bd\/wp-json\/wp\/v2\/pages\/9199"}],"collection":[{"href":"https:\/\/vertex.fi\/bd\/wp-json\/wp\/v2\/pages"}],"about":[{"href":"https:\/\/vertex.fi\/bd\/wp-json\/wp\/v2\/types\/page"}],"author":[{"embeddable":true,"href":"https:\/\/vertex.fi\/bd\/wp-json\/wp\/v2\/users\/4"}],"replies":[{"embeddable":true,"href":"https:\/\/vertex.fi\/bd\/wp-json\/wp\/v2\/comments?post=9199"}],"version-history":[{"count":7,"href":"https:\/\/vertex.fi\/bd\/wp-json\/wp\/v2\/pages\/9199\/revisions"}],"predecessor-version":[{"id":9302,"href":"https:\/\/vertex.fi\/bd\/wp-json\/wp\/v2\/pages\/9199\/revisions\/9302"}],"wp:attachment":[{"href":"https:\/\/vertex.fi\/bd\/wp-json\/wp\/v2\/media?parent=9199"}],"curies":[{"name":"wp","href":"https:\/\/api.w.org\/{rel}","templated":true}]}}