{"id":9510,"date":"2021-05-07T10:12:08","date_gmt":"2021-05-07T10:12:08","guid":{"rendered":"https:\/\/vertex.fi\/bd\/?page_id=9510"},"modified":"2024-02-15T11:21:58","modified_gmt":"2024-02-15T11:21:58","slug":"talokonfiguraattori","status":"publish","type":"page","link":"https:\/\/vertex.fi\/bd\/talokonfiguraattori\/","title":{"rendered":"Talokonfiguraattori"},"content":{"rendered":"<p>[et_pb_section fb_built=&#8221;1&#8243; admin_label=&#8221;Hero&#8221; _builder_version=&#8221;4.17.1&#8243; use_background_color_gradient=&#8221;on&#8221; background_color_gradient_type=&#8221;circular&#8221; background_color_gradient_direction_radial=&#8221;top left&#8221; background_color_gradient_stops=&#8221;rgba(40,40,40,0.77) 0%|rgba(40,40,40,0.81) 100%&#8221; background_color_gradient_overlays_image=&#8221;on&#8221; background_color_gradient_start=&#8221;rgba(40,40,40,0.77)&#8221; background_color_gradient_end=&#8221;rgba(40,40,40,0.81)&#8221; background_image=&#8221;https:\/\/vertex.fi\/bd\/wp-content\/uploads\/sites\/5\/2022\/11\/Wisibel-new1.png&#8221; background_blend=&#8221;lighten&#8221; custom_margin=&#8221;0px||||false&#8221; custom_margin_tablet=&#8221;&#8221; custom_margin_phone=&#8221;0px||&#8221; custom_margin_last_edited=&#8221;on|desktop&#8221; custom_padding=&#8221;10vw||10vw||true|false&#8221; global_colors_info=&#8221;{}&#8221;][et_pb_row column_structure=&#8221;2_3,1_3&#8243; _builder_version=&#8221;4.16&#8243; background_color=&#8221;rgba(0,0,0,0.4)&#8221; custom_padding=&#8221;16px|24px|16px|24px|false|false&#8221; global_colors_info=&#8221;{}&#8221;][et_pb_column type=&#8221;2_3&#8243; _builder_version=&#8221;4.16&#8243; custom_padding=&#8221;|||&#8221; global_colors_info=&#8221;{}&#8221; custom_padding__hover=&#8221;|||&#8221;][et_pb_text _builder_version=&#8221;4.17.1&#8243; text_font=&#8221;||||||||&#8221; header_font=&#8221;Rubik|700|||||||&#8221; header_font_size=&#8221;50px&#8221; header_line_height=&#8221;1.1em&#8221; background_layout=&#8221;dark&#8221; max_width=&#8221;800px&#8221; custom_margin=&#8221;||0px|&#8221; custom_padding=&#8221;10px||6px|16px|false|false&#8221; text_font_size_tablet=&#8221;14px&#8221; text_font_size_last_edited=&#8221;off|desktop&#8221; header_font_tablet=&#8221;Rubik|700|||||||&#8221; header_font_phone=&#8221;Rubik|700|||||||&#8221; header_font_last_edited=&#8221;on|phone&#8221; header_font_size_tablet=&#8221;44px&#8221; header_font_size_phone=&#8221;16px&#8221; header_font_size_last_edited=&#8221;on|phone&#8221; border_color_all=&#8221;#fdb315&#8243; border_width_left=&#8221;10px&#8221; global_colors_info=&#8221;{}&#8221;]<\/p>\n<h1><span style=\"color: #ffffff;\">Myy koteja verkossa \u00e4lykk\u00e4\u00e4ll\u00e4 talokonfiguraattorilla<\/span><\/h1>\n<p>[\/et_pb_text][et_pb_text _builder_version=&#8221;4.17.1&#8243; text_font=&#8221;||||||||&#8221; text_font_size=&#8221;16px&#8221; text_line_height=&#8221;1.6em&#8221; header_font=&#8221;||||||||&#8221; background_layout=&#8221;dark&#8221; max_width=&#8221;800px&#8221; custom_margin=&#8221;15px|||28px|false|false&#8221; custom_padding=&#8221;0px||0px||true|&#8221; text_font_size_tablet=&#8221;16px&#8221; text_font_size_phone=&#8221;14px&#8221; text_font_size_last_edited=&#8221;on|desktop&#8221; header_2_font_tablet=&#8221;&#8221; header_2_font_phone=&#8221;&#8221; header_2_font_last_edited=&#8221;on|phone&#8221; header_2_font_size_tablet=&#8221;&#8221; header_2_font_size_phone=&#8221;15px&#8221; header_2_font_size_last_edited=&#8221;on|phone&#8221; global_colors_info=&#8221;{}&#8221;]<\/p>\n<h2 class=\"et_pb_module_header et-fb-editable-element et-fb-editable-element__editing\" data-shortcode-id=\"0.0-1605787173876\" data-quickaccess-id=\"title\">Wisibel-talokonfiguraattori <\/h2>\n<p>[\/et_pb_text][et_pb_button button_url=&#8221;https:\/\/vertex.fi\/yritys\/#otayhteytta&#8221; button_text=&#8221;Varaa demo&#8221; _builder_version=&#8221;4.17.1&#8243; _module_preset=&#8221;default&#8221; custom_button=&#8221;on&#8221; button_text_color=&#8221;#FFFFFF&#8221; button_bg_color=&#8221;#0C71C3&#8243; button_border_width=&#8221;0px&#8221; button_border_radius=&#8221;0px&#8221; global_colors_info=&#8221;{}&#8221;][\/et_pb_button][\/et_pb_column][et_pb_column type=&#8221;1_3&#8243; _builder_version=&#8221;4.16&#8243; custom_padding=&#8221;|||&#8221; global_colors_info=&#8221;{}&#8221; custom_padding__hover=&#8221;|||&#8221;][\/et_pb_column][\/et_pb_row][\/et_pb_section][et_pb_section fb_built=&#8221;1&#8243; admin_label=&#8221;Project Details&#8221; _builder_version=&#8221;4.16&#8243; custom_padding=&#8221;5px||5px||true&#8221; global_colors_info=&#8221;{}&#8221;][et_pb_row column_structure=&#8221;1_5,3_5,1_5&#8243; _builder_version=&#8221;4.16&#8243; global_colors_info=&#8221;{}&#8221;][et_pb_column type=&#8221;1_5&#8243; _builder_version=&#8221;4.16&#8243; custom_padding=&#8221;|||&#8221; global_colors_info=&#8221;{}&#8221; custom_padding__hover=&#8221;|||&#8221;][\/et_pb_column][et_pb_column type=&#8221;3_5&#8243; _builder_version=&#8221;4.16&#8243; custom_padding=&#8221;|||&#8221; global_colors_info=&#8221;{}&#8221; custom_padding__hover=&#8221;|||&#8221;][et_pb_text _builder_version=&#8221;4.17.1&#8243; text_font=&#8221;||||||||&#8221; text_font_size=&#8221;15px&#8221; text_line_height=&#8221;1.8em&#8221; custom_padding=&#8221;|||&#8221; custom_padding_tablet=&#8221;|40px||40px||true&#8221; custom_padding_last_edited=&#8221;off|desktop&#8221; locked=&#8221;off&#8221; global_colors_info=&#8221;{}&#8221;]<\/p>\n<p><strong>Wisibel-talokonfiguraattori antaa talon ostajille mahdollisuuden valita ja personoida tulevaa kotiaan reaaliajassa 3D:ss\u00e4 verkkoselaimen avulla muutamalla yksinkertaisella valinnalla.<\/strong><\/p>\n<p>[\/et_pb_text][et_pb_image src=&#8221;https:\/\/vertex.fi\/bd\/wp-content\/uploads\/sites\/5\/2022\/11\/Wisibel-click1.png&#8221; alt=&#8221;Talokonfiguraattori&#8221; title_text=&#8221;K\u00e4ynnist\u00e4 demo&#8221; url=&#8221;https:\/\/wisibel.com\/c\/vizcon\/villavizcon?lang=fi&#8221; url_new_window=&#8221;on&#8221; _builder_version=&#8221;4.17.1&#8243; _module_preset=&#8221;default&#8221; global_colors_info=&#8221;{}&#8221;][\/et_pb_image][et_pb_text _builder_version=&#8221;4.17.1&#8243; min_height=&#8221;0px&#8221; global_colors_info=&#8221;{}&#8221;]<\/p>\n<p><em><strong>Avaa konfiguraattori kuvaa klikkaamalla ja testaa palvelua itse.<\/strong><\/em><\/p>\n<p>[\/et_pb_text][et_pb_text _builder_version=&#8221;4.17.1&#8243; text_font=&#8221;||||||||&#8221; text_font_size=&#8221;15px&#8221; text_line_height=&#8221;1.8em&#8221; custom_padding=&#8221;|||&#8221; custom_padding_tablet=&#8221;|40px||40px||true&#8221; custom_padding_last_edited=&#8221;off|desktop&#8221; locked=&#8221;off&#8221; global_colors_info=&#8221;{}&#8221;]<\/p>\n<p>Kommunikointi Vertex BD-ohjelmiston ja talokonfiguraattorin v\u00e4lill\u00e4 on t\u00e4ysin automatisoitu &#8211; voit luoda 3D-konfiguraattorin automaattisesti Vertex BD:ll\u00e4 suunnitellusta 3D-mallista. Talokonfiguraattori voidaan asentaa ja sovittaa mihin tahansa verkkosivustoon ja se toimii saumattomasti Vertex BD:n kanssa alusta loppuun. T\u00e4m\u00e4 s\u00e4\u00e4st\u00e4\u00e4 aikaa, ty\u00f6aikaa ja viime k\u00e4dess\u00e4 rahaa.<\/p>\n<p>Wisibel-talokonfiguraattorissa on useita erilaisia ominaisuuksia, joiden tavoitteena on sitoa yhteen rakennusten tuotanto ja myynti. Kauniin ja interaktiivisen k\u00e4ytt\u00f6liittym\u00e4n avulla talon ostajat voivat zoomata, kiert\u00e4\u00e4, personoida ja olla vuorovaikutuksessa tulevan yksil\u00f6llisen talonsa tai asuntonsa 3D-mallin kanssa.<\/p>\n<p><strong>Edut ja ominaisuudet:<\/strong><\/p>\n<ul>\n<li>M\u00e4\u00e4rit\u00e4 yksil\u00f6lliset talot verkossa<\/li>\n<li>Helppo automatisoitu asennus<\/li>\n<li>Ole vuorovaikutuksessa ja kommunikoi asiakkaiden kanssa<\/li>\n<li>Eritt\u00e4in k\u00e4ytt\u00e4j\u00e4yst\u00e4v\u00e4llinen<\/li>\n<li>Verkkopohjainen, my\u00f6s mobiililaitteille<\/li>\n<li>Hallinnoi talon vaihtoehtoja<\/li>\n<li>Asiakasprofiilit<\/li>\n<\/ul>\n<p>[\/et_pb_text][et_pb_button button_url=&#8221;https:\/\/vertex.fi\/yritys\/#otayhteytta&#8221; button_text=&#8221;Teemme yhden talomallin palveluun ilmaiseksi. Ota yhteytt\u00e4.&#8221; _builder_version=&#8221;4.17.1&#8243; _module_preset=&#8221;default&#8221; custom_button=&#8221;on&#8221; button_text_color=&#8221;#FFFFFF&#8221; button_bg_color=&#8221;#0C71C3&#8243; button_border_width=&#8221;0px&#8221; button_border_radius=&#8221;0px&#8221; global_colors_info=&#8221;{}&#8221;][\/et_pb_button][et_pb_text _builder_version=&#8221;4.17.1&#8243; global_colors_info=&#8221;{}&#8221;]<\/p>\n<p><b>Palvelun toimittaja:<\/b><\/p>\n<p><a href=\"https:\/\/www.vizcon.se\/\" target=\"_blank\" rel=\"noopener noreferrer\"><b><\/b>Vizcon<\/a><\/p>\n<p>[\/et_pb_text][\/et_pb_column][et_pb_column type=&#8221;1_5&#8243; _builder_version=&#8221;4.16&#8243; custom_padding=&#8221;|||&#8221; global_colors_info=&#8221;{}&#8221; custom_padding__hover=&#8221;|||&#8221;][\/et_pb_column][\/et_pb_row][et_pb_row _builder_version=&#8221;4.16&#8243; global_colors_info=&#8221;{}&#8221;][et_pb_column type=&#8221;4_4&#8243; _builder_version=&#8221;4.16&#8243; global_colors_info=&#8221;{}&#8221;][et_pb_text _builder_version=&#8221;4.16&#8243; global_colors_info=&#8221;{}&#8221;][\/et_pb_text][\/et_pb_column][\/et_pb_row][\/et_pb_section]<\/p>\n","protected":false},"excerpt":{"rendered":"<p>Myy koteja verkossa \u00e4lykk\u00e4\u00e4ll\u00e4 talokonfiguraattorillaWisibel-talokonfiguraattori Wisibel-talokonfiguraattori antaa talon ostajille mahdollisuuden valita ja personoida tulevaa kotiaan reaaliajassa 3D:ss\u00e4 verkkoselaimen avulla muutamalla yksinkertaisella valinnalla.Avaa konfiguraattori kuvaa klikkaamalla ja testaa palvelua itse.Kommunikointi Vertex BD-ohjelmiston ja talokonfiguraattorin v\u00e4lill\u00e4 on t\u00e4ysin automatisoitu &#8211; voit luoda 3D-konfiguraattorin automaattisesti Vertex BD:ll\u00e4 suunnitellusta 3D-mallista. Talokonfiguraattori voidaan asentaa ja sovittaa mihin tahansa verkkosivustoon ja [&hellip;]<\/p>\n","protected":false},"author":4,"featured_media":10050,"parent":0,"menu_order":0,"comment_status":"closed","ping_status":"closed","template":"","meta":{"_et_pb_use_builder":"on","_et_pb_old_content":"","_et_gb_content_width":"","sfsi_plus_gutenberg_text_before_share":"","sfsi_plus_gutenberg_show_text_before_share":"","sfsi_plus_gutenberg_icon_type":"","sfsi_plus_gutenberg_icon_alignemt":"","sfsi_plus_gutenburg_max_per_row":""},"yoast_head":"<!-- This site is optimized with the Yoast SEO plugin v18.6 - https:\/\/yoast.com\/wordpress\/plugins\/seo\/ -->\n<title>Talokonfiguraattori<\/title>\n<meta name=\"description\" content=\"Wisibel talokonfiguraattori on online-palvelu, jonka avulla talovalmistajat voivat myyd\u00e4 yksil\u00f6llisi\u00e4 koteja verkossa.\" \/>\n<meta name=\"robots\" content=\"index, follow, max-snippet:-1, max-image-preview:large, max-video-preview:-1\" \/>\n<link rel=\"canonical\" href=\"https:\/\/vertex.fi\/bd\/talokonfiguraattori\/\" \/>\n<meta property=\"og:locale\" content=\"en_US\" \/>\n<meta property=\"og:type\" content=\"article\" \/>\n<meta property=\"og:title\" content=\"Talokonfiguraattori\" \/>\n<meta property=\"og:description\" content=\"Wisibel talokonfiguraattori on online-palvelu, jonka avulla talovalmistajat voivat myyd\u00e4 yksil\u00f6llisi\u00e4 koteja verkossa.\" \/>\n<meta property=\"og:url\" content=\"https:\/\/vertex.fi\/bd\/talokonfiguraattori\/\" \/>\n<meta property=\"og:site_name\" content=\"Vertex BD\" \/>\n<meta property=\"article:modified_time\" content=\"2024-02-15T11:21:58+00:00\" \/>\n<meta property=\"og:image\" content=\"https:\/\/vertex.fi\/bd\/wp-content\/uploads\/sites\/5\/2021\/05\/talokonfiguraattori1.png\" \/>\n\t<meta property=\"og:image:width\" content=\"1920\" \/>\n\t<meta property=\"og:image:height\" content=\"1080\" \/>\n\t<meta property=\"og:image:type\" content=\"image\/png\" \/>\n<meta name=\"twitter:card\" content=\"summary_large_image\" \/>\n<meta name=\"twitter:label1\" content=\"Est. reading time\" \/>\n\t<meta name=\"twitter:data1\" content=\"4 minutes\" \/>\n<script type=\"application\/ld+json\" class=\"yoast-schema-graph\">{\"@context\":\"https:\/\/schema.org\",\"@graph\":[{\"@type\":\"WebSite\",\"@id\":\"https:\/\/vertex.fi\/bd\/#website\",\"url\":\"https:\/\/vertex.fi\/bd\/\",\"name\":\"Vertex BD\",\"description\":\"Rakennussuunnitteluohjelmisto\",\"potentialAction\":[{\"@type\":\"SearchAction\",\"target\":{\"@type\":\"EntryPoint\",\"urlTemplate\":\"https:\/\/vertex.fi\/bd\/?s={search_term_string}\"},\"query-input\":\"required name=search_term_string\"}],\"inLanguage\":\"en-US\"},{\"@type\":\"ImageObject\",\"@id\":\"https:\/\/vertex.fi\/bd\/talokonfiguraattori\/#primaryimage\",\"inLanguage\":\"en-US\",\"url\":\"https:\/\/vertex.fi\/bd\/wp-content\/uploads\/sites\/5\/2021\/05\/talokonfiguraattori1.png\",\"contentUrl\":\"https:\/\/vertex.fi\/bd\/wp-content\/uploads\/sites\/5\/2021\/05\/talokonfiguraattori1.png\",\"width\":1920,\"height\":1080},{\"@type\":\"WebPage\",\"@id\":\"https:\/\/vertex.fi\/bd\/talokonfiguraattori\/#webpage\",\"url\":\"https:\/\/vertex.fi\/bd\/talokonfiguraattori\/\",\"name\":\"Talokonfiguraattori\",\"isPartOf\":{\"@id\":\"https:\/\/vertex.fi\/bd\/#website\"},\"primaryImageOfPage\":{\"@id\":\"https:\/\/vertex.fi\/bd\/talokonfiguraattori\/#primaryimage\"},\"datePublished\":\"2021-05-07T10:12:08+00:00\",\"dateModified\":\"2024-02-15T11:21:58+00:00\",\"description\":\"Wisibel talokonfiguraattori on online-palvelu, jonka avulla talovalmistajat voivat myyd\u00e4 yksil\u00f6llisi\u00e4 koteja verkossa.\",\"breadcrumb\":{\"@id\":\"https:\/\/vertex.fi\/bd\/talokonfiguraattori\/#breadcrumb\"},\"inLanguage\":\"en-US\",\"potentialAction\":[{\"@type\":\"ReadAction\",\"target\":[\"https:\/\/vertex.fi\/bd\/talokonfiguraattori\/\"]}]},{\"@type\":\"BreadcrumbList\",\"@id\":\"https:\/\/vertex.fi\/bd\/talokonfiguraattori\/#breadcrumb\",\"itemListElement\":[{\"@type\":\"ListItem\",\"position\":1,\"name\":\"Home\",\"item\":\"https:\/\/vertex.fi\/bd\/\"},{\"@type\":\"ListItem\",\"position\":2,\"name\":\"Talokonfiguraattori\"}]}]}<\/script>\n<!-- \/ Yoast SEO plugin. -->","yoast_head_json":{"title":"Talokonfiguraattori","description":"Wisibel talokonfiguraattori on online-palvelu, jonka avulla talovalmistajat voivat myyd\u00e4 yksil\u00f6llisi\u00e4 koteja verkossa.","robots":{"index":"index","follow":"follow","max-snippet":"max-snippet:-1","max-image-preview":"max-image-preview:large","max-video-preview":"max-video-preview:-1"},"canonical":"https:\/\/vertex.fi\/bd\/talokonfiguraattori\/","og_locale":"en_US","og_type":"article","og_title":"Talokonfiguraattori","og_description":"Wisibel talokonfiguraattori on online-palvelu, jonka avulla talovalmistajat voivat myyd\u00e4 yksil\u00f6llisi\u00e4 koteja verkossa.","og_url":"https:\/\/vertex.fi\/bd\/talokonfiguraattori\/","og_site_name":"Vertex BD","article_modified_time":"2024-02-15T11:21:58+00:00","og_image":[{"width":1920,"height":1080,"url":"https:\/\/vertex.fi\/bd\/wp-content\/uploads\/sites\/5\/2021\/05\/talokonfiguraattori1.png","type":"image\/png"}],"twitter_card":"summary_large_image","twitter_misc":{"Est. reading time":"4 minutes"},"schema":{"@context":"https:\/\/schema.org","@graph":[{"@type":"WebSite","@id":"https:\/\/vertex.fi\/bd\/#website","url":"https:\/\/vertex.fi\/bd\/","name":"Vertex BD","description":"Rakennussuunnitteluohjelmisto","potentialAction":[{"@type":"SearchAction","target":{"@type":"EntryPoint","urlTemplate":"https:\/\/vertex.fi\/bd\/?s={search_term_string}"},"query-input":"required name=search_term_string"}],"inLanguage":"en-US"},{"@type":"ImageObject","@id":"https:\/\/vertex.fi\/bd\/talokonfiguraattori\/#primaryimage","inLanguage":"en-US","url":"https:\/\/vertex.fi\/bd\/wp-content\/uploads\/sites\/5\/2021\/05\/talokonfiguraattori1.png","contentUrl":"https:\/\/vertex.fi\/bd\/wp-content\/uploads\/sites\/5\/2021\/05\/talokonfiguraattori1.png","width":1920,"height":1080},{"@type":"WebPage","@id":"https:\/\/vertex.fi\/bd\/talokonfiguraattori\/#webpage","url":"https:\/\/vertex.fi\/bd\/talokonfiguraattori\/","name":"Talokonfiguraattori","isPartOf":{"@id":"https:\/\/vertex.fi\/bd\/#website"},"primaryImageOfPage":{"@id":"https:\/\/vertex.fi\/bd\/talokonfiguraattori\/#primaryimage"},"datePublished":"2021-05-07T10:12:08+00:00","dateModified":"2024-02-15T11:21:58+00:00","description":"Wisibel talokonfiguraattori on online-palvelu, jonka avulla talovalmistajat voivat myyd\u00e4 yksil\u00f6llisi\u00e4 koteja verkossa.","breadcrumb":{"@id":"https:\/\/vertex.fi\/bd\/talokonfiguraattori\/#breadcrumb"},"inLanguage":"en-US","potentialAction":[{"@type":"ReadAction","target":["https:\/\/vertex.fi\/bd\/talokonfiguraattori\/"]}]},{"@type":"BreadcrumbList","@id":"https:\/\/vertex.fi\/bd\/talokonfiguraattori\/#breadcrumb","itemListElement":[{"@type":"ListItem","position":1,"name":"Home","item":"https:\/\/vertex.fi\/bd\/"},{"@type":"ListItem","position":2,"name":"Talokonfiguraattori"}]}]}},"_links":{"self":[{"href":"https:\/\/vertex.fi\/bd\/wp-json\/wp\/v2\/pages\/9510"}],"collection":[{"href":"https:\/\/vertex.fi\/bd\/wp-json\/wp\/v2\/pages"}],"about":[{"href":"https:\/\/vertex.fi\/bd\/wp-json\/wp\/v2\/types\/page"}],"author":[{"embeddable":true,"href":"https:\/\/vertex.fi\/bd\/wp-json\/wp\/v2\/users\/4"}],"replies":[{"embeddable":true,"href":"https:\/\/vertex.fi\/bd\/wp-json\/wp\/v2\/comments?post=9510"}],"version-history":[{"count":38,"href":"https:\/\/vertex.fi\/bd\/wp-json\/wp\/v2\/pages\/9510\/revisions"}],"predecessor-version":[{"id":11411,"href":"https:\/\/vertex.fi\/bd\/wp-json\/wp\/v2\/pages\/9510\/revisions\/11411"}],"wp:featuredmedia":[{"embeddable":true,"href":"https:\/\/vertex.fi\/bd\/wp-json\/wp\/v2\/media\/10050"}],"wp:attachment":[{"href":"https:\/\/vertex.fi\/bd\/wp-json\/wp\/v2\/media?parent=9510"}],"curies":[{"name":"wp","href":"https:\/\/api.w.org\/{rel}","templated":true}]}}