{"id":23,"date":"2020-03-09T13:17:31","date_gmt":"2020-03-09T13:17:31","guid":{"rendered":"https:\/\/vertex.fi\/flow\/?page_id=23"},"modified":"2024-06-19T10:33:33","modified_gmt":"2024-06-19T10:33:33","slug":"asiakastarinat","status":"publish","type":"page","link":"https:\/\/vertex.fi\/ed\/asiakastarinat\/","title":{"rendered":"Asiakastarinat"},"content":{"rendered":"<p>[et_pb_section fb_built=&#8221;1&#8243; admin_label=&#8221;Hero&#8221; _builder_version=&#8221;4.16&#8243; use_background_color_gradient=&#8221;on&#8221; background_color_gradient_type=&#8221;circular&#8221; background_color_gradient_direction_radial=&#8221;top left&#8221; background_color_gradient_stops=&#8221;rgba(40,40,40,0.77) 0%|rgba(40,40,40,0.81) 100%&#8221; background_color_gradient_overlays_image=&#8221;on&#8221; background_color_gradient_start=&#8221;rgba(40,40,40,0.77)&#8221; background_color_gradient_end=&#8221;rgba(40,40,40,0.81)&#8221; background_image=&#8221;https:\/\/vertex.fi\/ed\/wp-content\/uploads\/sites\/3\/2021\/04\/ED-asiakastarina-paakuva.png&#8221; background_blend=&#8221;lighten&#8221; background_video_mp4=&#8221;https:\/\/vertex.fi\/ed\/wp-content\/uploads\/sites\/3\/2020\/12\/ED-paasivu-ver2.mp4&#8243; height=&#8221;620px&#8221; custom_margin=&#8221;0px||||false&#8221; custom_margin_tablet=&#8221;&#8221; custom_margin_phone=&#8221;0px||&#8221; custom_margin_last_edited=&#8221;on|desktop&#8221; custom_padding=&#8221;9vw||9vw||true|false&#8221; global_colors_info=&#8221;{}&#8221;][et_pb_row column_structure=&#8221;3_4,1_4&#8243; _builder_version=&#8221;4.16&#8243; background_color=&#8221;rgba(0,0,0,0.4)&#8221; custom_padding=&#8221;16px|24px|16px|24px|false|false&#8221; global_colors_info=&#8221;{}&#8221;][et_pb_column type=&#8221;3_4&#8243; _builder_version=&#8221;4.16&#8243; custom_padding=&#8221;|||&#8221; global_colors_info=&#8221;{}&#8221; custom_padding__hover=&#8221;|||&#8221;][et_pb_text content_tablet=&#8221;&#8221; content_phone=&#8221;<\/p>\n<h1><span>Tuottavuus syntyy tiedon-hallinnasta<br \/> <\/span><\/h1>\n<p>&#8221; content_last_edited=&#8221;on|phone&#8221; _builder_version=&#8221;4.16&#8243; text_font=&#8221;||||||||&#8221; header_font=&#8221;Rubik|700|||||||&#8221; header_font_size=&#8221;50px&#8221; header_line_height=&#8221;1.1em&#8221; background_layout=&#8221;dark&#8221; max_width=&#8221;800px&#8221; custom_margin=&#8221;||0px|&#8221; custom_padding=&#8221;10px||6px|16px|false|false&#8221; text_font_size_tablet=&#8221;14px&#8221; text_font_size_last_edited=&#8221;off|desktop&#8221; header_font_size_tablet=&#8221;44px&#8221; header_font_size_phone=&#8221;33px&#8221; header_font_size_last_edited=&#8221;on|desktop&#8221; border_color_all=&#8221;#084584&#8243; border_width_left=&#8221;10px&#8221; global_colors_info=&#8221;{}&#8221;]<\/p>\n<h1><span style=\"color: #ffffff;\">Asiakkaidemme kokemuksia<br \/> <\/span><\/h1>\n<p>[\/et_pb_text][et_pb_text content_tablet=&#8221;&#8221; content_phone=&#8221;<\/p>\n<h3>Vertex ED s\u00e4hk\u00f6- ja automaatiosuunnittelu-<br \/> ohjelmisto<\/h3>\n<p>&#8221; content_last_edited=&#8221;on|phone&#8221; _builder_version=&#8221;4.16&#8243; text_font=&#8221;||||||||&#8221; text_font_size=&#8221;16px&#8221; text_line_height=&#8221;1.6em&#8221; header_font=&#8221;||||||||&#8221; background_layout=&#8221;dark&#8221; max_width=&#8221;800px&#8221; custom_margin=&#8221;15px|||28px|false|false&#8221; custom_padding=&#8221;0px||0px||true|&#8221; text_font_size_tablet=&#8221;16px&#8221; text_font_size_phone=&#8221;14px&#8221; text_font_size_last_edited=&#8221;on|desktop&#8221; global_colors_info=&#8221;{}&#8221;]<\/p>\n<h2 class=\"et_pb_module_header et-fb-editable-element et-fb-editable-element__editing\" data-shortcode-id=\"0.0-1605787173876\" data-quickaccess-id=\"title\">Lue miten asiakkaamme s\u00e4\u00e4st\u00e4v\u00e4t aikaa ja rahaa.<\/h2>\n<p>[\/et_pb_text][et_pb_button button_url=&#8221;https:\/\/vertex.fi\/referenssit\/&#8221; button_text=&#8221;Lue kokemuksia t\u00e4\u00e4lt\u00e4&#8221; _builder_version=&#8221;4.19.5&#8243; _module_preset=&#8221;default&#8221; custom_button=&#8221;on&#8221; button_text_color=&#8221;#FFFFFF&#8221; button_bg_color=&#8221;#0C71C3&#8243; button_border_width=&#8221;0px&#8221; button_border_radius=&#8221;0px&#8221; global_colors_info=&#8221;{}&#8221;][\/et_pb_button][\/et_pb_column][et_pb_column type=&#8221;1_4&#8243; _builder_version=&#8221;4.16&#8243; custom_padding=&#8221;|||&#8221; global_colors_info=&#8221;{}&#8221; custom_padding__hover=&#8221;|||&#8221;][\/et_pb_column][\/et_pb_row][\/et_pb_section]<\/p>\n","protected":false},"excerpt":{"rendered":"<p>Asiakkaidemme kokemuksia Lue miten asiakkaamme s\u00e4\u00e4st\u00e4v\u00e4t aikaa ja rahaa.<\/p>\n","protected":false},"author":2,"featured_media":0,"parent":0,"menu_order":0,"comment_status":"closed","ping_status":"closed","template":"","meta":{"_et_pb_use_builder":"on","_et_pb_old_content":"<!-- wp:divi\/placeholder \/-->","_et_gb_content_width":"","sfsi_plus_gutenberg_text_before_share":"","sfsi_plus_gutenberg_show_text_before_share":"","sfsi_plus_gutenberg_icon_type":"","sfsi_plus_gutenberg_icon_alignemt":"","sfsi_plus_gutenburg_max_per_row":""},"yoast_head":"<!-- This site is optimized with the Yoast SEO plugin v18.6 - https:\/\/yoast.com\/wordpress\/plugins\/seo\/ -->\n<title>Vertex ED S\u00e4hk\u00f6suunnitteluohjelmisto - Asiakastarinat<\/title>\n<meta name=\"description\" content=\"Vertexin ohjelmistot maksavat itsens\u00e4 moninkertaisesti takaisin virheiden v\u00e4henemisen\u00e4, nopeampana suunnitteluna, lyhyempin\u00e4 l\u00e4pimenoaikoina.\" \/>\n<meta name=\"robots\" content=\"index, follow, max-snippet:-1, max-image-preview:large, max-video-preview:-1\" \/>\n<link rel=\"canonical\" href=\"https:\/\/vertex.fi\/ed\/asiakastarinat\/\" \/>\n<meta property=\"og:locale\" content=\"en_US\" \/>\n<meta property=\"og:type\" content=\"article\" \/>\n<meta property=\"og:title\" content=\"Vertex ED S\u00e4hk\u00f6suunnitteluohjelmisto - Asiakastarinat\" \/>\n<meta property=\"og:description\" content=\"Vertexin ohjelmistot maksavat itsens\u00e4 moninkertaisesti takaisin virheiden v\u00e4henemisen\u00e4, nopeampana suunnitteluna, lyhyempin\u00e4 l\u00e4pimenoaikoina.\" \/>\n<meta property=\"og:url\" content=\"https:\/\/vertex.fi\/ed\/asiakastarinat\/\" \/>\n<meta property=\"og:site_name\" content=\"Vertex ED\" \/>\n<meta property=\"article:modified_time\" content=\"2024-06-19T10:33:33+00:00\" \/>\n<meta name=\"twitter:card\" content=\"summary_large_image\" \/>\n<meta name=\"twitter:label1\" content=\"Est. reading time\" \/>\n\t<meta name=\"twitter:data1\" content=\"2 minutes\" \/>\n<script type=\"application\/ld+json\" class=\"yoast-schema-graph\">{\"@context\":\"https:\/\/schema.org\",\"@graph\":[{\"@type\":\"WebSite\",\"@id\":\"https:\/\/vertex.fi\/ed\/#website\",\"url\":\"https:\/\/vertex.fi\/ed\/\",\"name\":\"Vertex ED\",\"description\":\"S\u00e4hk\u00f6- ja automaatiosuunnitteluohjelmisto\",\"potentialAction\":[{\"@type\":\"SearchAction\",\"target\":{\"@type\":\"EntryPoint\",\"urlTemplate\":\"https:\/\/vertex.fi\/ed\/?s={search_term_string}\"},\"query-input\":\"required name=search_term_string\"}],\"inLanguage\":\"en-US\"},{\"@type\":\"WebPage\",\"@id\":\"https:\/\/vertex.fi\/ed\/asiakastarinat\/#webpage\",\"url\":\"https:\/\/vertex.fi\/ed\/asiakastarinat\/\",\"name\":\"Vertex ED S\u00e4hk\u00f6suunnitteluohjelmisto - Asiakastarinat\",\"isPartOf\":{\"@id\":\"https:\/\/vertex.fi\/ed\/#website\"},\"datePublished\":\"2020-03-09T13:17:31+00:00\",\"dateModified\":\"2024-06-19T10:33:33+00:00\",\"description\":\"Vertexin ohjelmistot maksavat itsens\u00e4 moninkertaisesti takaisin virheiden v\u00e4henemisen\u00e4, nopeampana suunnitteluna, lyhyempin\u00e4 l\u00e4pimenoaikoina.\",\"breadcrumb\":{\"@id\":\"https:\/\/vertex.fi\/ed\/asiakastarinat\/#breadcrumb\"},\"inLanguage\":\"en-US\",\"potentialAction\":[{\"@type\":\"ReadAction\",\"target\":[\"https:\/\/vertex.fi\/ed\/asiakastarinat\/\"]}]},{\"@type\":\"BreadcrumbList\",\"@id\":\"https:\/\/vertex.fi\/ed\/asiakastarinat\/#breadcrumb\",\"itemListElement\":[{\"@type\":\"ListItem\",\"position\":1,\"name\":\"Home\",\"item\":\"https:\/\/vertex.fi\/ed\/\"},{\"@type\":\"ListItem\",\"position\":2,\"name\":\"Asiakastarinat\"}]}]}<\/script>\n<!-- \/ Yoast SEO plugin. -->","yoast_head_json":{"title":"Vertex ED S\u00e4hk\u00f6suunnitteluohjelmisto - Asiakastarinat","description":"Vertexin ohjelmistot maksavat itsens\u00e4 moninkertaisesti takaisin virheiden v\u00e4henemisen\u00e4, nopeampana suunnitteluna, lyhyempin\u00e4 l\u00e4pimenoaikoina.","robots":{"index":"index","follow":"follow","max-snippet":"max-snippet:-1","max-image-preview":"max-image-preview:large","max-video-preview":"max-video-preview:-1"},"canonical":"https:\/\/vertex.fi\/ed\/asiakastarinat\/","og_locale":"en_US","og_type":"article","og_title":"Vertex ED S\u00e4hk\u00f6suunnitteluohjelmisto - Asiakastarinat","og_description":"Vertexin ohjelmistot maksavat itsens\u00e4 moninkertaisesti takaisin virheiden v\u00e4henemisen\u00e4, nopeampana suunnitteluna, lyhyempin\u00e4 l\u00e4pimenoaikoina.","og_url":"https:\/\/vertex.fi\/ed\/asiakastarinat\/","og_site_name":"Vertex ED","article_modified_time":"2024-06-19T10:33:33+00:00","twitter_card":"summary_large_image","twitter_misc":{"Est. reading time":"2 minutes"},"schema":{"@context":"https:\/\/schema.org","@graph":[{"@type":"WebSite","@id":"https:\/\/vertex.fi\/ed\/#website","url":"https:\/\/vertex.fi\/ed\/","name":"Vertex ED","description":"S\u00e4hk\u00f6- ja automaatiosuunnitteluohjelmisto","potentialAction":[{"@type":"SearchAction","target":{"@type":"EntryPoint","urlTemplate":"https:\/\/vertex.fi\/ed\/?s={search_term_string}"},"query-input":"required name=search_term_string"}],"inLanguage":"en-US"},{"@type":"WebPage","@id":"https:\/\/vertex.fi\/ed\/asiakastarinat\/#webpage","url":"https:\/\/vertex.fi\/ed\/asiakastarinat\/","name":"Vertex ED S\u00e4hk\u00f6suunnitteluohjelmisto - Asiakastarinat","isPartOf":{"@id":"https:\/\/vertex.fi\/ed\/#website"},"datePublished":"2020-03-09T13:17:31+00:00","dateModified":"2024-06-19T10:33:33+00:00","description":"Vertexin ohjelmistot maksavat itsens\u00e4 moninkertaisesti takaisin virheiden v\u00e4henemisen\u00e4, nopeampana suunnitteluna, lyhyempin\u00e4 l\u00e4pimenoaikoina.","breadcrumb":{"@id":"https:\/\/vertex.fi\/ed\/asiakastarinat\/#breadcrumb"},"inLanguage":"en-US","potentialAction":[{"@type":"ReadAction","target":["https:\/\/vertex.fi\/ed\/asiakastarinat\/"]}]},{"@type":"BreadcrumbList","@id":"https:\/\/vertex.fi\/ed\/asiakastarinat\/#breadcrumb","itemListElement":[{"@type":"ListItem","position":1,"name":"Home","item":"https:\/\/vertex.fi\/ed\/"},{"@type":"ListItem","position":2,"name":"Asiakastarinat"}]}]}},"_links":{"self":[{"href":"https:\/\/vertex.fi\/ed\/wp-json\/wp\/v2\/pages\/23"}],"collection":[{"href":"https:\/\/vertex.fi\/ed\/wp-json\/wp\/v2\/pages"}],"about":[{"href":"https:\/\/vertex.fi\/ed\/wp-json\/wp\/v2\/types\/page"}],"author":[{"embeddable":true,"href":"https:\/\/vertex.fi\/ed\/wp-json\/wp\/v2\/users\/2"}],"replies":[{"embeddable":true,"href":"https:\/\/vertex.fi\/ed\/wp-json\/wp\/v2\/comments?post=23"}],"version-history":[{"count":15,"href":"https:\/\/vertex.fi\/ed\/wp-json\/wp\/v2\/pages\/23\/revisions"}],"predecessor-version":[{"id":11526,"href":"https:\/\/vertex.fi\/ed\/wp-json\/wp\/v2\/pages\/23\/revisions\/11526"}],"wp:attachment":[{"href":"https:\/\/vertex.fi\/ed\/wp-json\/wp\/v2\/media?parent=23"}],"curies":[{"name":"wp","href":"https:\/\/api.w.org\/{rel}","templated":true}]}}