{"id":9478,"date":"2021-02-10T13:59:26","date_gmt":"2021-02-10T13:59:26","guid":{"rendered":"https:\/\/vertex.fi\/ed\/?page_id=9478"},"modified":"2024-06-19T10:33:56","modified_gmt":"2024-06-19T10:33:56","slug":"ed-lite","status":"publish","type":"page","link":"https:\/\/vertex.fi\/ed\/ed-lite\/","title":{"rendered":"ED Lite"},"content":{"rendered":"<p>[et_pb_section fb_built=&#8221;1&#8243; admin_label=&#8221;Hero&#8221; _builder_version=&#8221;4.23.1&#8243; use_background_color_gradient=&#8221;on&#8221; background_color_gradient_type=&#8221;circular&#8221; background_color_gradient_direction_radial=&#8221;top left&#8221; background_color_gradient_stops=&#8221;rgba(40,40,40,0.77) 0%|rgba(40,40,40,0.81) 100%&#8221; background_color_gradient_overlays_image=&#8221;on&#8221; background_color_gradient_start=&#8221;rgba(40,40,40,0.77)&#8221; background_color_gradient_end=&#8221;rgba(40,40,40,0.81)&#8221; background_image=&#8221;https:\/\/vertex.fi\/ed\/wp-content\/uploads\/sites\/3\/2024\/04\/Nayttokuva-2023-11-20-151045.png&#8221; background_blend=&#8221;lighten&#8221; background_enable_video_mp4=&#8221;off&#8221; height=&#8221;620px&#8221; custom_margin=&#8221;0px||||false&#8221; custom_margin_tablet=&#8221;&#8221; custom_margin_phone=&#8221;0px||&#8221; custom_margin_last_edited=&#8221;on|desktop&#8221; custom_padding=&#8221;10vw||10vw||true|false&#8221; global_colors_info=&#8221;{}&#8221;][et_pb_row column_structure=&#8221;2_3,1_3&#8243; _builder_version=&#8221;4.23.1&#8243; background_color=&#8221;rgba(0,0,0,0.4)&#8221; custom_padding=&#8221;16px|24px|16px|24px|false|false&#8221; global_colors_info=&#8221;{}&#8221;][et_pb_column type=&#8221;2_3&#8243; _builder_version=&#8221;4.16&#8243; custom_padding=&#8221;|||&#8221; global_colors_info=&#8221;{}&#8221; custom_padding__hover=&#8221;|||&#8221;][et_pb_text content_tablet=&#8221;<\/p>\n<h1><span style=%22color: #ffffff;%22>Vertex ED Lite<\/span><\/h1>\n<h1> <\/h1>\n<p>&#8221; content_phone=&#8221;<\/p>\n<h1><span style=%22color: #ffffff;%22>Vertex ED Lite<\/span><\/h1>\n<p>&#8221; content_last_edited=&#8221;on|desktop&#8221; _builder_version=&#8221;4.23.1&#8243; text_font=&#8221;||||||||&#8221; header_font=&#8221;Rubik|700|||||||&#8221; header_font_size=&#8221;50px&#8221; header_line_height=&#8221;1.1em&#8221; background_layout=&#8221;dark&#8221; max_width=&#8221;800px&#8221; custom_margin=&#8221;||0px|&#8221; custom_padding=&#8221;10px||6px|16px|false|false&#8221; text_font_size_tablet=&#8221;14px&#8221; text_font_size_last_edited=&#8221;off|desktop&#8221; header_font_size_tablet=&#8221;44px&#8221; header_font_size_phone=&#8221;18px&#8221; header_font_size_last_edited=&#8221;on|phone&#8221; header_2_font_size_tablet=&#8221;&#8221; header_2_font_size_phone=&#8221;18px&#8221; header_2_font_size_last_edited=&#8221;on|phone&#8221; header_3_font_size_tablet=&#8221;&#8221; header_3_font_size_phone=&#8221;16px&#8221; header_3_font_size_last_edited=&#8221;on|phone&#8221; border_color_all=&#8221;#EE1D25&#8243; border_width_left=&#8221;10px&#8221; border_color_left=&#8221;#1379d3&#8243; global_colors_info=&#8221;{}&#8221;]<\/p>\n<h1><span style=\"color: #ffffff;\">Vertex ED Lite<\/span><\/h1>\n<p>[\/et_pb_text][et_pb_text content_tablet=&#8221;<\/p>\n<h2 class=%22et_pb_module_header et-fb-editable-element et-fb-editable-element__editing%22 data-shortcode-id=%220.0-1605787173876%22 data-quickaccess-id=%22title%22>CAD-ty\u00f6kalu kevyemp\u00e4\u00e4n ja yksinkertaisempaan s\u00e4hk\u00f6suunnitteluun ja kaaviopiirt\u00e4miseen.<\/h2>\n<p>&#8221; content_phone=&#8221;<\/p>\n<h2 class=%22et_pb_module_header et-fb-editable-element et-fb-editable-element__editing%22 data-shortcode-id=%220.0-1605787173876%22 data-quickaccess-id=%22title%22>CAD-ty\u00f6kalu kevyemp\u00e4\u00e4n ja yksinkertaisempaan s\u00e4hk\u00f6suunnitteluun ja kaaviopiirt\u00e4miseen.<\/h2>\n<p>&#8221; content_last_edited=&#8221;on|phone&#8221; _builder_version=&#8221;4.23.1&#8243; text_font=&#8221;||||||||&#8221; text_font_size=&#8221;16px&#8221; text_line_height=&#8221;1.6em&#8221; header_font=&#8221;||||||||&#8221; background_layout=&#8221;dark&#8221; max_width=&#8221;800px&#8221; custom_margin=&#8221;15px|||28px|false|false&#8221; custom_padding=&#8221;0px||0px||true|&#8221; text_font_size_tablet=&#8221;16px&#8221; text_font_size_phone=&#8221;14px&#8221; text_font_size_last_edited=&#8221;on|desktop&#8221; header_2_font_size_tablet=&#8221;&#8221; header_2_font_size_phone=&#8221;18px&#8221; header_2_font_size_last_edited=&#8221;on|phone&#8221; global_colors_info=&#8221;{}&#8221;]<\/p>\n<h2 class=\"et_pb_module_header et-fb-editable-element et-fb-editable-element__editing\" data-shortcode-id=\"0.0-1605787173876\" data-quickaccess-id=\"title\">CAD-ty\u00f6kalu kevyemp\u00e4\u00e4n ja yksinkertaisempaan s\u00e4hk\u00f6suunnitteluun ja kaaviopiirt\u00e4miseen.<\/h2>\n<p>&nbsp;<\/p>\n<p>[\/et_pb_text][et_pb_button button_url=&#8221;https:\/\/vertex.fi\/kokeile-ilmaiseksi\/&#8221; button_text=&#8221;Ilmainen koek\u00e4ytt\u00f6&#8221; _builder_version=&#8221;4.17.1&#8243; _module_preset=&#8221;default&#8221; custom_button=&#8221;on&#8221; button_text_color=&#8221;#FFFFFF&#8221; button_bg_color=&#8221;#0C71C3&#8243; button_border_width=&#8221;0px&#8221; button_border_radius=&#8221;0px&#8221; global_colors_info=&#8221;{}&#8221;][\/et_pb_button][\/et_pb_column][et_pb_column type=&#8221;1_3&#8243; _builder_version=&#8221;4.16&#8243; custom_padding=&#8221;|||&#8221; global_colors_info=&#8221;{}&#8221; custom_padding__hover=&#8221;|||&#8221;][et_pb_image src=&#8221;https:\/\/vertex.fi\/ed\/wp-content\/uploads\/sites\/3\/2022\/04\/TehtySuomProducerad_ValkNega_rgb_PIENI.png&#8221; alt=&#8221;Vertex kotimainen suomalainen ohjelmisto&#8221; title_text=&#8221;Avainlippu&#8221; align=&#8221;right&#8221; align_tablet=&#8221;left&#8221; align_phone=&#8221;left&#8221; align_last_edited=&#8221;on|phone&#8221; _builder_version=&#8221;4.16.1&#8243; _module_preset=&#8221;default&#8221; max_height=&#8221;100px&#8221; custom_padding=&#8221;45px||||false|false&#8221; global_colors_info=&#8221;{}&#8221;][\/et_pb_image][\/et_pb_column][\/et_pb_row][\/et_pb_section][et_pb_section fb_built=&#8221;1&#8243; _builder_version=&#8221;4.16&#8243; min_height=&#8221;639px&#8221; global_colors_info=&#8221;{}&#8221;][et_pb_row column_structure=&#8221;1_2,1_2&#8243; make_equal=&#8221;on&#8221; module_class=&#8221; et_pb_row_fullwidth&#8221; _builder_version=&#8221;4.16&#8243; width=&#8221;89%&#8221; width_tablet=&#8221;80%&#8221; width_phone=&#8221;&#8221; width_last_edited=&#8221;on|desktop&#8221; max_width=&#8221;89%&#8221; max_width_tablet=&#8221;80%&#8221; max_width_phone=&#8221;&#8221; max_width_last_edited=&#8221;on|desktop&#8221; custom_margin=&#8221;|||&#8221; custom_css_main_element=&#8221;display: -webkit-box;||display: -moz-box;||display: -ms-flexbox;||display: -webkit-flex;||display: flex;||-webkit-flex-wrap: wrap; \/* Safari 6.1+ *\/||flex-wrap: wrap;&#8221; make_fullwidth=&#8221;on&#8221; global_colors_info=&#8221;{}&#8221;][et_pb_column type=&#8221;1_2&#8243; _builder_version=&#8221;4.16&#8243; custom_padding=&#8221;|||&#8221; custom_css_main_element=&#8221;||margin: auto;||-webkit-order: 2;||order: 2;&#8221; global_colors_info=&#8221;{}&#8221; custom_padding__hover=&#8221;|||&#8221;][et_pb_code _builder_version=&#8221;4.23.1&#8243; _module_preset=&#8221;default&#8221; global_colors_info=&#8221;{}&#8221;]<iframe loading=\"lazy\" width=\"560\" height=\"315\" src=\"https:\/\/www.youtube-nocookie.com\/embed\/I81bLr6Gzdc\" title=\"YouTube video player\" frameborder=\"0\" allow=\"accelerometer; autoplay; clipboard-write; encrypted-media; gyroscope; picture-in-picture; web-share\" allowfullscreen><\/iframe>[\/et_pb_code][\/et_pb_column][et_pb_column type=&#8221;1_2&#8243; _builder_version=&#8221;4.16&#8243; custom_padding=&#8221;|||&#8221; custom_css_main_element=&#8221;margin: auto;||-webkit-order: 1;||order: 1;&#8221; global_colors_info=&#8221;{}&#8221; custom_padding__hover=&#8221;|||&#8221;][et_pb_text content_tablet=&#8221;<\/p>\n<h3 style=%22text-align: left;%22>S\u00e4hk\u00f6-CAD kevyemp\u00e4\u00e4n k\u00e4ytt\u00f6\u00f6n<\/h3>\n<p>Vertex ED Lite sopii erityisesti pienyrityksille, joiden s\u00e4hk\u00f6suunnittelutarpeet t\u00e4yttyv\u00e4t perustason toiminnoilla. Ohjelmisto sis\u00e4lt\u00e4\u00e4 valikoiman toimintoja ja ominaisuuksia, jotka riitt\u00e4v\u00e4t yksinkertaiseen s\u00e4hk\u00f6kuvien piirt\u00e4miseen ja riitt\u00e4vien oheisdokumenttien tuottamiseen. Ohjelma tarjoaa symbolikirjastoja, joiden avulla voit suunnitella ja piirt\u00e4\u00e4 piirikaavioita, tasokuvia ja 2D-layoutkuvia. Voit my\u00f6s vapaasti muokata ja kirjastoida symboleita yrityskohtaisiin symbolikirjastoihin.<\/p>\n<p>Lue lis\u00e4\u00e4:<br \/><a href=%22https:\/\/kbfi.vertex.fi\/ed\/vertex-ed-lite%22 data-et-target-link=%22_blank%22 rel=%22noopener%22>Vertex ED Lite<\/a><\/p>\n<p>Tarvitsetko automatisoidumpaa ja enemm\u00e4n erityistoimintoja sis\u00e4lt\u00e4v\u00e4\u00e4 ohjelmistoa?<br \/>Lue lis\u00e4\u00e4:<a href=%22https:\/\/vertex.fi\/ed\/%22 data-et-target-link=%22_blank%22 rel=%22noopener%22> Vertex ED<\/a><\/p>\n<p>&#8221; content_phone=&#8221;<\/p>\n<h3 style=%22text-align: left;%22>S\u00e4hk\u00f6-CAD kevyemp\u00e4\u00e4n k\u00e4ytt\u00f6\u00f6n<\/h3>\n<p>Vertex ED Lite sopii erityisesti pienyrityksille, joiden s\u00e4hk\u00f6suunnittelutarpeet t\u00e4yttyv\u00e4t perustason toiminnoilla. Ohjelmisto sis\u00e4lt\u00e4\u00e4 valikoiman toimintoja ja ominaisuuksia, jotka riitt\u00e4v\u00e4t yksinkertaiseen s\u00e4hk\u00f6kuvien piirt\u00e4miseen ja riitt\u00e4vien oheisdokumenttien tuottamiseen. Ohjelma tarjoaa symbolikirjastoja, joiden avulla voit suunnitella ja piirt\u00e4\u00e4 piirikaavioita, tasokuvia ja 2D-layoutkuvia. Voit my\u00f6s vapaasti muokata ja kirjastoida symboleita yrityskohtaisiin symbolikirjastoihin.<\/p>\n<p>Lue lis\u00e4\u00e4:<br \/><a href=%22https:\/\/kbfi.vertex.fi\/ed\/vertex-ed-lite%22 data-et-target-link=%22_blank%22 rel=%22noopener%22>Vertex ED Lite<\/a><\/p>\n<p>Tarvitsetko automatisoidumpaa ja enemm\u00e4n erityistoimintoja sis\u00e4lt\u00e4v\u00e4\u00e4 ohjelmistoa?<br \/>Lue lis\u00e4\u00e4:<a href=%22https:\/\/vertex.fi\/ed\/%22 data-et-target-link=%22_blank%22 rel=%22noopener%22> Vertex ED<\/a><\/p>\n<p>&#8221; content_last_edited=&#8221;on|phone&#8221; _builder_version=&#8221;4.23.1&#8243; text_font=&#8221;||||||||&#8221; header_font=&#8221;||||||||&#8221; header_text_align=&#8221;left&#8221; custom_padding=&#8221;|||&#8221; global_colors_info=&#8221;{}&#8221;]<\/p>\n<h3 style=\"text-align: left;\">S\u00e4hk\u00f6-CAD kevyemp\u00e4\u00e4n k\u00e4ytt\u00f6\u00f6n<\/h3>\n<p>Vertex ED Lite sopii erityisesti pienyrityksille, joiden s\u00e4hk\u00f6suunnittelutarpeet t\u00e4yttyv\u00e4t perustason toiminnoilla. Ohjelmisto sis\u00e4lt\u00e4\u00e4 valikoiman toimintoja ja ominaisuuksia, jotka riitt\u00e4v\u00e4t yksinkertaiseen s\u00e4hk\u00f6kuvien piirt\u00e4miseen ja riitt\u00e4vien oheisdokumenttien tuottamiseen. Ohjelma tarjoaa symbolikirjastoja, joiden avulla voit suunnitella ja piirt\u00e4\u00e4 piirikaavioita, tasokuvia ja 2D-layoutkuvia. Voit my\u00f6s vapaasti muokata ja kirjastoida symboleita yrityskohtaisiin symbolikirjastoihin.<\/p>\n<p>Lue lis\u00e4\u00e4:<br \/><a href=\"https:\/\/kbfi.vertex.fi\/ed\/vertex-ed-lite\" target=\"_blank\" rel=\"noopener\">Vertex ED Lite<\/a><\/p>\n<p>Tarvitsetko automatisoidumpaa ja enemm\u00e4n erityistoimintoja sis\u00e4lt\u00e4v\u00e4\u00e4 ohjelmistoa?<br \/>Lue lis\u00e4\u00e4:<a href=\"https:\/\/vertex.fi\/ed\/\" target=\"_blank\" rel=\"noopener\"> Vertex ED<\/a><\/p>\n<p>[\/et_pb_text][\/et_pb_column][\/et_pb_row][\/et_pb_section][et_pb_section fb_built=&#8221;1&#8243; _builder_version=&#8221;4.16&#8243; background_color=&#8221;#f9f9f9&#8243; global_colors_info=&#8221;{}&#8221;][et_pb_row column_structure=&#8221;1_2,1_2&#8243; make_equal=&#8221;on&#8221; module_class=&#8221; et_pb_row_fullwidth&#8221; _builder_version=&#8221;4.19.5&#8243; width=&#8221;89%&#8221; width_tablet=&#8221;80%&#8221; width_phone=&#8221;&#8221; width_last_edited=&#8221;on|desktop&#8221; max_width=&#8221;89%&#8221; max_width_tablet=&#8221;80%&#8221; max_width_phone=&#8221;&#8221; max_width_last_edited=&#8221;on|desktop&#8221; custom_margin=&#8221;|||&#8221; make_fullwidth=&#8221;on&#8221; global_colors_info=&#8221;{}&#8221;][et_pb_column type=&#8221;1_2&#8243; _builder_version=&#8221;4.16&#8243; custom_padding=&#8221;|||&#8221; custom_css_main_element=&#8221;||margin: auto;||-webkit-order: 2;||order: 2;&#8221; global_colors_info=&#8221;{}&#8221; custom_padding__hover=&#8221;|||&#8221;][et_pb_text content_tablet=&#8221;<\/p>\n<h3>Ty\u00f6kalu j\u00e4rjestelm\u00e4lliseen suunnitteluun ja dokumenttien tuottamiseen<\/h3>\n<p>Vertex ED Litess\u00e4 projektien hallinta hoidetaan arkistoj\u00e4rjestelm\u00e4n avulla. Voit k\u00e4sitell\u00e4 projektien piirustusnumeroita ja lehti\u00e4, uudelleennimet\u00e4 ja -numeroita niit\u00e4, sek\u00e4 tuottaa tarvittavia dokumentteja, kuten PDF-lehtisarjoja tai tallentaa kuvia AutoCAD DWG\/DXF-formaatteihin. Lis\u00e4ksi ohjelma pit\u00e4\u00e4 yll\u00e4 projektin ja piirustusten osaluetteloa ja tarvittaessa tuottaa Excel-listauksia osatiedoista.<\/p>\n<p>&#8221; content_phone=&#8221;<\/p>\n<h3> <\/h3>\n<h3>Ty\u00f6kalu j\u00e4rjestelm\u00e4lliseen suunnitteluun ja dokumenttien tuottamiseen<\/h3>\n<p>Vertex ED Litess\u00e4 projektien hallinta hoidetaan arkistoj\u00e4rjestelm\u00e4n avulla. Voit k\u00e4sitell\u00e4 projektien piirustusnumeroita ja lehti\u00e4, uudelleennimet\u00e4 ja -numeroita niit\u00e4, sek\u00e4 tuottaa tarvittavia dokumentteja, kuten PDF-lehtisarjoja tai tallentaa kuvia AutoCAD DWG\/DXF-formaatteihin. Lis\u00e4ksi ohjelma pit\u00e4\u00e4 yll\u00e4 projektin ja piirustusten osaluetteloa ja tarvittaessa tuottaa Excel-listauksia osatiedoista.<\/p>\n<p>\u00a0<\/p>\n<p>&#8221; content_last_edited=&#8221;on|phone&#8221; _builder_version=&#8221;4.23.1&#8243; text_font=&#8221;||||||||&#8221; header_font=&#8221;||||||||&#8221; header_text_align=&#8221;left&#8221; custom_padding=&#8221;|||&#8221; global_colors_info=&#8221;{}&#8221;]<\/p>\n<h3>Ty\u00f6kalu j\u00e4rjestelm\u00e4lliseen suunnitteluun ja dokumenttien tuottamiseen<\/h3>\n<p>Vertex ED Litess\u00e4 projektien hallinta hoidetaan arkistoj\u00e4rjestelm\u00e4n avulla. Voit k\u00e4sitell\u00e4 projektien piirustusnumeroita ja lehti\u00e4, uudelleennimet\u00e4 ja -numeroita niit\u00e4, sek\u00e4 tuottaa tarvittavia dokumentteja, kuten PDF-lehtisarjoja tai tallentaa kuvia AutoCAD DWG\/DXF-formaatteihin. Lis\u00e4ksi ohjelma pit\u00e4\u00e4 yll\u00e4 projektin ja piirustusten osaluetteloa ja tarvittaessa tuottaa Excel-listauksia osatiedoista.<\/p>\n<p style=\"text-align: left;\">[\/et_pb_text][\/et_pb_column][et_pb_column type=&#8221;1_2&#8243; _builder_version=&#8221;4.16&#8243; custom_padding=&#8221;|||&#8221; custom_css_main_element=&#8221;margin: auto;||-webkit-order: 1;||order: 1;&#8221; global_colors_info=&#8221;{}&#8221; custom_padding__hover=&#8221;|||&#8221;][et_pb_image src=&#8221;https:\/\/vertex.fi\/ed\/wp-content\/uploads\/sites\/3\/2024\/04\/ED-lite1.png&#8221; alt=&#8221;Vertex ED Lite s\u00e4hk\u00f6suunnittelu&#8221; title_text=&#8221;ED lite1&#8243; _builder_version=&#8221;4.23.1&#8243; global_colors_info=&#8221;{}&#8221;][\/et_pb_image][\/et_pb_column][\/et_pb_row][\/et_pb_section][et_pb_section fb_built=&#8221;1&#8243; _builder_version=&#8221;4.16&#8243; global_colors_info=&#8221;{}&#8221;][et_pb_row column_structure=&#8221;1_2,1_2&#8243; make_equal=&#8221;on&#8221; module_class=&#8221; et_pb_row_fullwidth&#8221; _builder_version=&#8221;4.16&#8243; width=&#8221;89%&#8221; width_tablet=&#8221;80%&#8221; width_phone=&#8221;&#8221; width_last_edited=&#8221;on|desktop&#8221; max_width=&#8221;89%&#8221; max_width_tablet=&#8221;80%&#8221; max_width_phone=&#8221;&#8221; max_width_last_edited=&#8221;on|desktop&#8221; custom_margin=&#8221;|||&#8221; custom_css_main_element=&#8221;display: -webkit-box;||display: -moz-box;||display: -ms-flexbox;||display: -webkit-flex;||display: flex;||-webkit-flex-wrap: wrap; \/* Safari 6.1+ *\/||flex-wrap: wrap;&#8221; make_fullwidth=&#8221;on&#8221; global_colors_info=&#8221;{}&#8221;][et_pb_column type=&#8221;1_2&#8243; _builder_version=&#8221;4.16&#8243; custom_padding=&#8221;|||&#8221; custom_css_main_element=&#8221;||margin: auto;||-webkit-order: 2;||order: 2;&#8221; global_colors_info=&#8221;{}&#8221; custom_padding__hover=&#8221;|||&#8221;][et_pb_image src=&#8221;https:\/\/vertex.fi\/ed\/wp-content\/uploads\/sites\/3\/2024\/04\/sahkosuunnittelu.png&#8221; alt=&#8221;Vertex ED s\u00e4hk\u00f6suunnittelu&#8221; title_text=&#8221;s\u00e4hk\u00f6suunnittelu&#8221; _builder_version=&#8221;4.23.1&#8243; global_colors_info=&#8221;{}&#8221;][\/et_pb_image][\/et_pb_column][et_pb_column type=&#8221;1_2&#8243; _builder_version=&#8221;4.16&#8243; custom_padding=&#8221;|||&#8221; custom_css_main_element=&#8221;margin: auto;||-webkit-order: 1;||order: 1;&#8221; global_colors_info=&#8221;{}&#8221; custom_padding__hover=&#8221;|||&#8221;][et_pb_text _builder_version=&#8221;4.23.1&#8243; text_font=&#8221;||||||||&#8221; header_font=&#8221;||||||||&#8221; header_text_align=&#8221;left&#8221; custom_padding=&#8221;|||&#8221; global_colors_info=&#8221;{}&#8221;]<\/p>\n<h3>Kehitys t\u00e4ysversion rinnalla<\/h3>\n<p>Vertex ED Lite hy\u00f6tyy <a href=\"https:\/\/vertex.fi\/ed\/\" target=\"_blank\" rel=\"noopener\">Vertex ED<\/a>:n t\u00e4ysversion ominaisuuksista ja uudistuksista, joten se pysyy ajan tasalla kehityksen kanssa.<\/p>\n<p>Tutustu Vertex ED Liteen ja tee s\u00e4hk\u00f6suunnittelusta helpompaa ja tehokkaampaa!<\/p>\n<p>[\/et_pb_text][\/et_pb_column][\/et_pb_row][\/et_pb_section][et_pb_section fb_built=&#8221;1&#8243; fullwidth=&#8221;on&#8221; _builder_version=&#8221;4.23.1&#8243; _module_preset=&#8221;default&#8221; global_module=&#8221;11385&#8243; global_colors_info=&#8221;{}&#8221;][et_pb_fullwidth_code _builder_version=&#8221;4.23.1&#8243; _module_preset=&#8221;default&#8221; global_colors_info=&#8221;{}&#8221;]<ld-slot name=\"footer FI\" ><\/ld-slot>[\/et_pb_fullwidth_code][\/et_pb_section]<\/p>\n","protected":false},"excerpt":{"rendered":"<p>Vertex ED LiteCAD-ty\u00f6kalu kevyemp\u00e4\u00e4n ja yksinkertaisempaan s\u00e4hk\u00f6suunnitteluun ja kaaviopiirt\u00e4miseen. &nbsp;S\u00e4hk\u00f6-CAD kevyemp\u00e4\u00e4n k\u00e4ytt\u00f6\u00f6n Vertex ED Lite sopii erityisesti pienyrityksille, joiden s\u00e4hk\u00f6suunnittelutarpeet t\u00e4yttyv\u00e4t perustason toiminnoilla. Ohjelmisto sis\u00e4lt\u00e4\u00e4 valikoiman toimintoja ja ominaisuuksia, jotka riitt\u00e4v\u00e4t yksinkertaiseen s\u00e4hk\u00f6kuvien piirt\u00e4miseen ja riitt\u00e4vien oheisdokumenttien tuottamiseen. Ohjelma tarjoaa symbolikirjastoja, joiden avulla voit suunnitella ja piirt\u00e4\u00e4 piirikaavioita, tasokuvia ja 2D-layoutkuvia. Voit my\u00f6s vapaasti muokata [&hellip;]<\/p>\n","protected":false},"author":5,"featured_media":0,"parent":0,"menu_order":0,"comment_status":"closed","ping_status":"closed","template":"","meta":{"_et_pb_use_builder":"on","_et_pb_old_content":"","_et_gb_content_width":"","sfsi_plus_gutenberg_text_before_share":"","sfsi_plus_gutenberg_show_text_before_share":"","sfsi_plus_gutenberg_icon_type":"","sfsi_plus_gutenberg_icon_alignemt":"","sfsi_plus_gutenburg_max_per_row":""},"yoast_head":"<!-- This site is optimized with the Yoast SEO plugin v18.6 - https:\/\/yoast.com\/wordpress\/plugins\/seo\/ -->\n<title>Vertex ED Lite - S\u00e4hk\u00f6-CAD kevyemp\u00e4\u00e4n k\u00e4ytt\u00f6\u00f6n<\/title>\n<meta name=\"description\" content=\"Vertex ED Lite sopii erityisesti pienyrityksille, joiden s\u00e4hk\u00f6suunnittelutarpeet t\u00e4yttyv\u00e4t perustason toiminnoilla.\" \/>\n<meta name=\"robots\" content=\"index, follow, max-snippet:-1, max-image-preview:large, max-video-preview:-1\" \/>\n<link rel=\"canonical\" href=\"https:\/\/vertex.fi\/ed\/ed-lite\/\" \/>\n<meta property=\"og:locale\" content=\"en_US\" \/>\n<meta property=\"og:type\" content=\"article\" \/>\n<meta property=\"og:title\" content=\"Vertex ED Lite - S\u00e4hk\u00f6-CAD kevyemp\u00e4\u00e4n k\u00e4ytt\u00f6\u00f6n\" \/>\n<meta property=\"og:description\" content=\"Vertex ED Lite sopii erityisesti pienyrityksille, joiden s\u00e4hk\u00f6suunnittelutarpeet t\u00e4yttyv\u00e4t perustason toiminnoilla.\" \/>\n<meta property=\"og:url\" content=\"https:\/\/vertex.fi\/ed\/ed-lite\/\" \/>\n<meta property=\"og:site_name\" content=\"Vertex ED\" \/>\n<meta property=\"article:modified_time\" content=\"2024-06-19T10:33:56+00:00\" \/>\n<meta name=\"twitter:card\" content=\"summary_large_image\" \/>\n<meta name=\"twitter:label1\" content=\"Est. reading time\" \/>\n\t<meta name=\"twitter:data1\" content=\"8 minutes\" \/>\n<script type=\"application\/ld+json\" class=\"yoast-schema-graph\">{\"@context\":\"https:\/\/schema.org\",\"@graph\":[{\"@type\":\"WebSite\",\"@id\":\"https:\/\/vertex.fi\/ed\/#website\",\"url\":\"https:\/\/vertex.fi\/ed\/\",\"name\":\"Vertex ED\",\"description\":\"S\u00e4hk\u00f6- ja automaatiosuunnitteluohjelmisto\",\"potentialAction\":[{\"@type\":\"SearchAction\",\"target\":{\"@type\":\"EntryPoint\",\"urlTemplate\":\"https:\/\/vertex.fi\/ed\/?s={search_term_string}\"},\"query-input\":\"required name=search_term_string\"}],\"inLanguage\":\"en-US\"},{\"@type\":\"WebPage\",\"@id\":\"https:\/\/vertex.fi\/ed\/ed-lite\/#webpage\",\"url\":\"https:\/\/vertex.fi\/ed\/ed-lite\/\",\"name\":\"Vertex ED Lite - S\u00e4hk\u00f6-CAD kevyemp\u00e4\u00e4n k\u00e4ytt\u00f6\u00f6n\",\"isPartOf\":{\"@id\":\"https:\/\/vertex.fi\/ed\/#website\"},\"datePublished\":\"2021-02-10T13:59:26+00:00\",\"dateModified\":\"2024-06-19T10:33:56+00:00\",\"description\":\"Vertex ED Lite sopii erityisesti pienyrityksille, joiden s\u00e4hk\u00f6suunnittelutarpeet t\u00e4yttyv\u00e4t perustason toiminnoilla.\",\"breadcrumb\":{\"@id\":\"https:\/\/vertex.fi\/ed\/ed-lite\/#breadcrumb\"},\"inLanguage\":\"en-US\",\"potentialAction\":[{\"@type\":\"ReadAction\",\"target\":[\"https:\/\/vertex.fi\/ed\/ed-lite\/\"]}]},{\"@type\":\"BreadcrumbList\",\"@id\":\"https:\/\/vertex.fi\/ed\/ed-lite\/#breadcrumb\",\"itemListElement\":[{\"@type\":\"ListItem\",\"position\":1,\"name\":\"Home\",\"item\":\"https:\/\/vertex.fi\/ed\/\"},{\"@type\":\"ListItem\",\"position\":2,\"name\":\"ED Lite\"}]}]}<\/script>\n<!-- \/ Yoast SEO plugin. -->","yoast_head_json":{"title":"Vertex ED Lite - S\u00e4hk\u00f6-CAD kevyemp\u00e4\u00e4n k\u00e4ytt\u00f6\u00f6n","description":"Vertex ED Lite sopii erityisesti pienyrityksille, joiden s\u00e4hk\u00f6suunnittelutarpeet t\u00e4yttyv\u00e4t perustason toiminnoilla.","robots":{"index":"index","follow":"follow","max-snippet":"max-snippet:-1","max-image-preview":"max-image-preview:large","max-video-preview":"max-video-preview:-1"},"canonical":"https:\/\/vertex.fi\/ed\/ed-lite\/","og_locale":"en_US","og_type":"article","og_title":"Vertex ED Lite - S\u00e4hk\u00f6-CAD kevyemp\u00e4\u00e4n k\u00e4ytt\u00f6\u00f6n","og_description":"Vertex ED Lite sopii erityisesti pienyrityksille, joiden s\u00e4hk\u00f6suunnittelutarpeet t\u00e4yttyv\u00e4t perustason toiminnoilla.","og_url":"https:\/\/vertex.fi\/ed\/ed-lite\/","og_site_name":"Vertex ED","article_modified_time":"2024-06-19T10:33:56+00:00","twitter_card":"summary_large_image","twitter_misc":{"Est. reading time":"8 minutes"},"schema":{"@context":"https:\/\/schema.org","@graph":[{"@type":"WebSite","@id":"https:\/\/vertex.fi\/ed\/#website","url":"https:\/\/vertex.fi\/ed\/","name":"Vertex ED","description":"S\u00e4hk\u00f6- ja automaatiosuunnitteluohjelmisto","potentialAction":[{"@type":"SearchAction","target":{"@type":"EntryPoint","urlTemplate":"https:\/\/vertex.fi\/ed\/?s={search_term_string}"},"query-input":"required name=search_term_string"}],"inLanguage":"en-US"},{"@type":"WebPage","@id":"https:\/\/vertex.fi\/ed\/ed-lite\/#webpage","url":"https:\/\/vertex.fi\/ed\/ed-lite\/","name":"Vertex ED Lite - S\u00e4hk\u00f6-CAD kevyemp\u00e4\u00e4n k\u00e4ytt\u00f6\u00f6n","isPartOf":{"@id":"https:\/\/vertex.fi\/ed\/#website"},"datePublished":"2021-02-10T13:59:26+00:00","dateModified":"2024-06-19T10:33:56+00:00","description":"Vertex ED Lite sopii erityisesti pienyrityksille, joiden s\u00e4hk\u00f6suunnittelutarpeet t\u00e4yttyv\u00e4t perustason toiminnoilla.","breadcrumb":{"@id":"https:\/\/vertex.fi\/ed\/ed-lite\/#breadcrumb"},"inLanguage":"en-US","potentialAction":[{"@type":"ReadAction","target":["https:\/\/vertex.fi\/ed\/ed-lite\/"]}]},{"@type":"BreadcrumbList","@id":"https:\/\/vertex.fi\/ed\/ed-lite\/#breadcrumb","itemListElement":[{"@type":"ListItem","position":1,"name":"Home","item":"https:\/\/vertex.fi\/ed\/"},{"@type":"ListItem","position":2,"name":"ED Lite"}]}]}},"_links":{"self":[{"href":"https:\/\/vertex.fi\/ed\/wp-json\/wp\/v2\/pages\/9478"}],"collection":[{"href":"https:\/\/vertex.fi\/ed\/wp-json\/wp\/v2\/pages"}],"about":[{"href":"https:\/\/vertex.fi\/ed\/wp-json\/wp\/v2\/types\/page"}],"author":[{"embeddable":true,"href":"https:\/\/vertex.fi\/ed\/wp-json\/wp\/v2\/users\/5"}],"replies":[{"embeddable":true,"href":"https:\/\/vertex.fi\/ed\/wp-json\/wp\/v2\/comments?post=9478"}],"version-history":[{"count":24,"href":"https:\/\/vertex.fi\/ed\/wp-json\/wp\/v2\/pages\/9478\/revisions"}],"predecessor-version":[{"id":11527,"href":"https:\/\/vertex.fi\/ed\/wp-json\/wp\/v2\/pages\/9478\/revisions\/11527"}],"wp:attachment":[{"href":"https:\/\/vertex.fi\/ed\/wp-json\/wp\/v2\/media?parent=9478"}],"curies":[{"name":"wp","href":"https:\/\/api.w.org\/{rel}","templated":true}]}}