{"id":10062,"date":"2021-06-01T05:26:49","date_gmt":"2021-06-01T05:26:49","guid":{"rendered":"https:\/\/vertex.fi\/g4\/?page_id=10062"},"modified":"2024-06-13T12:00:12","modified_gmt":"2024-06-13T12:00:12","slug":"g4-kurssit","status":"publish","type":"page","link":"https:\/\/vertex.fi\/g4\/g4-kurssit\/","title":{"rendered":"Vertex G4-kurssit"},"content":{"rendered":"<p>[et_pb_section fb_built=&#8221;1&#8243; admin_label=&#8221;Hero&#8221; _builder_version=&#8221;4.16&#8243; background_color=&#8221;rgba(0,0,0,0)&#8221; background_image=&#8221;https:\/\/vertex.fi\/g4\/wp-content\/uploads\/sites\/4\/2021\/06\/Vx2021_pohja_levea.png&#8221; background_position=&#8221;center_right&#8221; background_blend=&#8221;lighten&#8221; background_enable_video_mp4=&#8221;off&#8221; custom_margin=&#8221;0px||||false&#8221; custom_margin_tablet=&#8221;&#8221; custom_margin_phone=&#8221;0px||&#8221; custom_margin_last_edited=&#8221;on|desktop&#8221; custom_padding=&#8221;10vw||10vw||true|false&#8221; global_colors_info=&#8221;{}&#8221;][et_pb_row column_structure=&#8221;2_3,1_3&#8243; _builder_version=&#8221;4.16&#8243; background_color=&#8221;rgba(0,0,0,0.4)&#8221; custom_padding=&#8221;16px|24px|16px|24px|false|false&#8221; global_colors_info=&#8221;{}&#8221;][et_pb_column type=&#8221;2_3&#8243; _builder_version=&#8221;4.16&#8243; custom_padding=&#8221;|||&#8221; global_colors_info=&#8221;{}&#8221; custom_padding__hover=&#8221;|||&#8221;][et_pb_text _builder_version=&#8221;4.16&#8243; text_font=&#8221;||||||||&#8221; header_font=&#8221;Rubik|700|||||||&#8221; header_font_size=&#8221;50px&#8221; header_line_height=&#8221;1.1em&#8221; background_layout=&#8221;dark&#8221; max_width=&#8221;800px&#8221; custom_margin=&#8221;||0px|&#8221; custom_padding=&#8221;10px||6px|16px|false|false&#8221; text_font_size_tablet=&#8221;14px&#8221; text_font_size_last_edited=&#8221;off|desktop&#8221; header_font_size_tablet=&#8221;44px&#8221; header_font_size_phone=&#8221;33px&#8221; header_font_size_last_edited=&#8221;on|desktop&#8221; border_color_all=&#8221;#0c71c3&#8243; border_width_left=&#8221;10px&#8221; global_colors_info=&#8221;{}&#8221;]<\/p>\n<h1 id=\"yui_patched_v3_11_0_1_1508415344771_1216\" style=\"text-align: left\"><span id=\"yui_patched_v3_11_0_1_1528798656829_1400\" style=\"font-size: 48px\">Vertex G4 kurssit<br \/><\/span><\/h1>\n<p>[\/et_pb_text][et_pb_text _builder_version=&#8221;4.16&#8243; custom_padding=&#8221;15px||||false|false&#8221; global_colors_info=&#8221;{}&#8221;]<\/p>\n<h3><span style=\"color: #ffffff\">Haluatko tehokkaaksi Vertex-ohjelmiston k\u00e4ytt\u00e4j\u00e4ksi?<br \/><\/span><\/h3>\n<p>[\/et_pb_text][et_pb_text _builder_version=&#8221;4.16&#8243; global_colors_info=&#8221;{}&#8221;]<\/p>\n<p><span style=\"color: #ffffff;\">Me haluamme ett\u00e4 menestyt. Jotta voit hy\u00f6dynt\u00e4\u00e4 Vertex -ohjelmistoasi tehokkaasti organisaatiosi liiketoiminnassa, suosittelemme Vertex-koulutuksia. <\/span><span style=\"color: #ffffff;\">Valitse sinulle sopiva yksitt\u00e4inen kurssi tai koulutuspaketti. Koulutuspaketilla s\u00e4\u00e4st\u00e4t huomattavasti verrattuna yksitt\u00e4isten kurssien yhteenlaskettuun hintaan.<\/span><\/p>\n<p><span style=\"color: #ffffff;\"><\/span><\/p>\n<p>[\/et_pb_text][et_pb_button button_url=&#8221;https:\/\/vertex.fi\/koulutus\/&#8221; url_new_window=&#8221;on&#8221; button_text=&#8221;Kurssikalenteri&#8221; _builder_version=&#8221;4.16&#8243; _module_preset=&#8221;default&#8221; custom_button=&#8221;on&#8221; button_text_size=&#8221;18px&#8221; button_text_color=&#8221;#ffffff&#8221; button_bg_color=&#8221;#f26b22&#8243; button_border_width=&#8221;0px&#8221; button_border_radius=&#8221;0px&#8221; global_colors_info=&#8221;{}&#8221;][\/et_pb_button][\/et_pb_column][et_pb_column type=&#8221;1_3&#8243; _builder_version=&#8221;4.16&#8243; custom_padding=&#8221;|||&#8221; global_colors_info=&#8221;{}&#8221; custom_padding__hover=&#8221;|||&#8221;][\/et_pb_column][\/et_pb_row][\/et_pb_section][et_pb_section fb_built=&#8221;1&#8243; _builder_version=&#8221;4.16&#8243; global_colors_info=&#8221;{}&#8221;][et_pb_row _builder_version=&#8221;4.16&#8243; _module_preset=&#8221;default&#8221; global_colors_info=&#8221;{}&#8221;][et_pb_column type=&#8221;4_4&#8243; _builder_version=&#8221;4.16&#8243; _module_preset=&#8221;default&#8221; global_colors_info=&#8221;{}&#8221;][et_pb_text _builder_version=&#8221;4.23.1&#8243; _module_preset=&#8221;default&#8221; global_colors_info=&#8221;{}&#8221;]<\/p>\n<h3>Vertex G4 -kurssit<\/h3>\n<p>[\/et_pb_text][\/et_pb_column][\/et_pb_row][et_pb_row _builder_version=&#8221;4.16&#8243; _module_preset=&#8221;default&#8221; global_colors_info=&#8221;{}&#8221;][et_pb_column type=&#8221;4_4&#8243; _builder_version=&#8221;4.16&#8243; _module_preset=&#8221;default&#8221; global_colors_info=&#8221;{}&#8221;][et_pb_blog fullwidth=&#8221;off&#8221; posts_number=&#8221;16&#8243; include_categories=&#8221;22&#8243; show_more=&#8221;on&#8221; show_author=&#8221;off&#8221; show_date=&#8221;off&#8221; show_categories=&#8221;off&#8221; _builder_version=&#8221;4.23.1&#8243; _module_preset=&#8221;default&#8221; border_radii=&#8221;on|1px|1px|1px|1px&#8221; global_colors_info=&#8221;{}&#8221;][\/et_pb_blog][\/et_pb_column][\/et_pb_row][et_pb_row _builder_version=&#8221;4.16&#8243; _module_preset=&#8221;default&#8221; global_colors_info=&#8221;{}&#8221;][et_pb_column type=&#8221;4_4&#8243; _builder_version=&#8221;4.16&#8243; _module_preset=&#8221;default&#8221; global_colors_info=&#8221;{}&#8221;][et_pb_divider _builder_version=&#8221;4.16&#8243; _module_preset=&#8221;default&#8221; global_colors_info=&#8221;{}&#8221;][\/et_pb_divider][\/et_pb_column][\/et_pb_row][et_pb_row column_structure=&#8221;1_2,1_2&#8243; _builder_version=&#8221;4.16&#8243; _module_preset=&#8221;default&#8221; global_colors_info=&#8221;{}&#8221;][et_pb_column type=&#8221;1_2&#8243; _builder_version=&#8221;4.16&#8243; _module_preset=&#8221;default&#8221; global_colors_info=&#8221;{}&#8221;][et_pb_text _builder_version=&#8221;4.16&#8243; global_colors_info=&#8221;{}&#8221;]<\/p>\n<p><strong>Koulutuksista saatu palaute:<\/strong><\/p>\n<p>&#8220;<em id=\"yui_patched_v3_11_0_1_1459340986641_1738\">Vertex G4:n peruskurssien ajank\u00e4ytt\u00f6 oli tehokasta ja kouluttajat asiansa osaavia. Kurssilla k\u00e4ydyt asiat helpottavat olennaisesti ohjelman k\u00e4yt\u00f6n aloittamista oikeissa projekteissa.<\/em>&#8220;<span id=\"yui_patched_v3_11_0_1_1459341605630_1410\" style=\"font-size: 14px\"> <\/span><\/p>\n<p><span id=\"yui_patched_v3_11_0_1_1459341605630_1410\" style=\"font-size: 14px\"><strong>Kimmo Tenhunen<\/strong>, Tenmark Service<\/span><\/p>\n<p>[\/et_pb_text][\/et_pb_column][et_pb_column type=&#8221;1_2&#8243; _builder_version=&#8221;4.16&#8243; _module_preset=&#8221;default&#8221; global_colors_info=&#8221;{}&#8221;][et_pb_image src=&#8221;https:\/\/vertex.fi\/g4\/wp-content\/uploads\/sites\/4\/2021\/06\/Tenmark-e1622528505172.png&#8221; title_text=&#8221;Tenmark&#8221; _builder_version=&#8221;4.16&#8243; custom_margin=&#8221;||-3px|||&#8221; custom_padding=&#8221;||0px|||&#8221; global_colors_info=&#8221;{}&#8221;][\/et_pb_image][et_pb_text _builder_version=&#8221;4.16&#8243; global_colors_info=&#8221;{}&#8221;]<\/p>\n<p><span style=\"font-size: 14px;\"><\/span><\/p>\n<p><span id=\"yui_patched_v3_11_0_1_1459341257823_1499\" style=\"font-size: 14px;\">Tenmark Service Oy on erikoistunut sahalaitoksien kunnossapitoon ja metallirakenteiden valmistukseen.<\/span><\/p>\n<p>[\/et_pb_text][\/et_pb_column][\/et_pb_row][\/et_pb_section]<\/p>\n","protected":false},"excerpt":{"rendered":"<p>Vertex G4 kurssitHaluatko tehokkaaksi Vertex-ohjelmiston k\u00e4ytt\u00e4j\u00e4ksi?Me haluamme ett\u00e4 menestyt. Jotta voit hy\u00f6dynt\u00e4\u00e4 Vertex -ohjelmistoasi tehokkaasti organisaatiosi liiketoiminnassa, suosittelemme Vertex-koulutuksia. Valitse sinulle sopiva yksitt\u00e4inen kurssi tai koulutuspaketti. Koulutuspaketilla s\u00e4\u00e4st\u00e4t huomattavasti verrattuna yksitt\u00e4isten kurssien yhteenlaskettuun hintaan. Vertex G4 -kurssitKoulutuksista saatu palaute: &#8220;Vertex G4:n peruskurssien ajank\u00e4ytt\u00f6 oli tehokasta ja kouluttajat asiansa osaavia. Kurssilla k\u00e4ydyt asiat helpottavat olennaisesti ohjelman [&hellip;]<\/p>\n","protected":false},"author":2,"featured_media":0,"parent":0,"menu_order":0,"comment_status":"closed","ping_status":"closed","template":"","meta":{"_et_pb_use_builder":"on","_et_pb_old_content":"","_et_gb_content_width":"","sfsi_plus_gutenberg_text_before_share":"","sfsi_plus_gutenberg_show_text_before_share":"","sfsi_plus_gutenberg_icon_type":"","sfsi_plus_gutenberg_icon_alignemt":"","sfsi_plus_gutenburg_max_per_row":""},"yoast_head":"<!-- This site is optimized with the Yoast SEO plugin v18.6 - https:\/\/yoast.com\/wordpress\/plugins\/seo\/ -->\n<title>Vertex G4-kurssit - Vertex G4<\/title>\n<meta name=\"robots\" content=\"index, follow, max-snippet:-1, max-image-preview:large, max-video-preview:-1\" \/>\n<link rel=\"canonical\" href=\"https:\/\/vertex.fi\/g4\/g4-kurssit\/\" \/>\n<meta property=\"og:locale\" content=\"en_US\" \/>\n<meta property=\"og:type\" content=\"article\" \/>\n<meta property=\"og:title\" content=\"Vertex G4-kurssit - Vertex G4\" \/>\n<meta property=\"og:description\" content=\"Vertex G4 kurssitHaluatko tehokkaaksi Vertex-ohjelmiston k\u00e4ytt\u00e4j\u00e4ksi?Me haluamme ett\u00e4 menestyt. Jotta voit hy\u00f6dynt\u00e4\u00e4 Vertex -ohjelmistoasi tehokkaasti organisaatiosi liiketoiminnassa, suosittelemme Vertex-koulutuksia. Valitse sinulle sopiva yksitt\u00e4inen kurssi tai koulutuspaketti. Koulutuspaketilla s\u00e4\u00e4st\u00e4t huomattavasti verrattuna yksitt\u00e4isten kurssien yhteenlaskettuun hintaan. Vertex G4 -kurssitKoulutuksista saatu palaute: &quot;Vertex G4:n peruskurssien ajank\u00e4ytt\u00f6 oli tehokasta ja kouluttajat asiansa osaavia. Kurssilla k\u00e4ydyt asiat helpottavat olennaisesti ohjelman [&hellip;]\" \/>\n<meta property=\"og:url\" content=\"https:\/\/vertex.fi\/g4\/g4-kurssit\/\" \/>\n<meta property=\"og:site_name\" content=\"Vertex G4\" \/>\n<meta property=\"article:modified_time\" content=\"2024-06-13T12:00:12+00:00\" \/>\n<meta name=\"twitter:card\" content=\"summary_large_image\" \/>\n<meta name=\"twitter:label1\" content=\"Est. reading time\" \/>\n\t<meta name=\"twitter:data1\" content=\"3 minutes\" \/>\n<script type=\"application\/ld+json\" class=\"yoast-schema-graph\">{\"@context\":\"https:\/\/schema.org\",\"@graph\":[{\"@type\":\"WebSite\",\"@id\":\"https:\/\/vertex.fi\/g4\/#website\",\"url\":\"https:\/\/vertex.fi\/g4\/\",\"name\":\"Vertex G4\",\"description\":\"Mekaniikkasuunnitteluohjelmisto\",\"potentialAction\":[{\"@type\":\"SearchAction\",\"target\":{\"@type\":\"EntryPoint\",\"urlTemplate\":\"https:\/\/vertex.fi\/g4\/?s={search_term_string}\"},\"query-input\":\"required name=search_term_string\"}],\"inLanguage\":\"en-US\"},{\"@type\":\"WebPage\",\"@id\":\"https:\/\/vertex.fi\/g4\/g4-kurssit\/#webpage\",\"url\":\"https:\/\/vertex.fi\/g4\/g4-kurssit\/\",\"name\":\"Vertex G4-kurssit - Vertex G4\",\"isPartOf\":{\"@id\":\"https:\/\/vertex.fi\/g4\/#website\"},\"datePublished\":\"2021-06-01T05:26:49+00:00\",\"dateModified\":\"2024-06-13T12:00:12+00:00\",\"breadcrumb\":{\"@id\":\"https:\/\/vertex.fi\/g4\/g4-kurssit\/#breadcrumb\"},\"inLanguage\":\"en-US\",\"potentialAction\":[{\"@type\":\"ReadAction\",\"target\":[\"https:\/\/vertex.fi\/g4\/g4-kurssit\/\"]}]},{\"@type\":\"BreadcrumbList\",\"@id\":\"https:\/\/vertex.fi\/g4\/g4-kurssit\/#breadcrumb\",\"itemListElement\":[{\"@type\":\"ListItem\",\"position\":1,\"name\":\"Home\",\"item\":\"https:\/\/vertex.fi\/g4\/\"},{\"@type\":\"ListItem\",\"position\":2,\"name\":\"Vertex G4-kurssit\"}]}]}<\/script>\n<!-- \/ Yoast SEO plugin. -->","yoast_head_json":{"title":"Vertex G4-kurssit - Vertex G4","robots":{"index":"index","follow":"follow","max-snippet":"max-snippet:-1","max-image-preview":"max-image-preview:large","max-video-preview":"max-video-preview:-1"},"canonical":"https:\/\/vertex.fi\/g4\/g4-kurssit\/","og_locale":"en_US","og_type":"article","og_title":"Vertex G4-kurssit - Vertex G4","og_description":"Vertex G4 kurssitHaluatko tehokkaaksi Vertex-ohjelmiston k\u00e4ytt\u00e4j\u00e4ksi?Me haluamme ett\u00e4 menestyt. Jotta voit hy\u00f6dynt\u00e4\u00e4 Vertex -ohjelmistoasi tehokkaasti organisaatiosi liiketoiminnassa, suosittelemme Vertex-koulutuksia. Valitse sinulle sopiva yksitt\u00e4inen kurssi tai koulutuspaketti. Koulutuspaketilla s\u00e4\u00e4st\u00e4t huomattavasti verrattuna yksitt\u00e4isten kurssien yhteenlaskettuun hintaan. Vertex G4 -kurssitKoulutuksista saatu palaute: \"Vertex G4:n peruskurssien ajank\u00e4ytt\u00f6 oli tehokasta ja kouluttajat asiansa osaavia. Kurssilla k\u00e4ydyt asiat helpottavat olennaisesti ohjelman [&hellip;]","og_url":"https:\/\/vertex.fi\/g4\/g4-kurssit\/","og_site_name":"Vertex G4","article_modified_time":"2024-06-13T12:00:12+00:00","twitter_card":"summary_large_image","twitter_misc":{"Est. reading time":"3 minutes"},"schema":{"@context":"https:\/\/schema.org","@graph":[{"@type":"WebSite","@id":"https:\/\/vertex.fi\/g4\/#website","url":"https:\/\/vertex.fi\/g4\/","name":"Vertex G4","description":"Mekaniikkasuunnitteluohjelmisto","potentialAction":[{"@type":"SearchAction","target":{"@type":"EntryPoint","urlTemplate":"https:\/\/vertex.fi\/g4\/?s={search_term_string}"},"query-input":"required name=search_term_string"}],"inLanguage":"en-US"},{"@type":"WebPage","@id":"https:\/\/vertex.fi\/g4\/g4-kurssit\/#webpage","url":"https:\/\/vertex.fi\/g4\/g4-kurssit\/","name":"Vertex G4-kurssit - Vertex G4","isPartOf":{"@id":"https:\/\/vertex.fi\/g4\/#website"},"datePublished":"2021-06-01T05:26:49+00:00","dateModified":"2024-06-13T12:00:12+00:00","breadcrumb":{"@id":"https:\/\/vertex.fi\/g4\/g4-kurssit\/#breadcrumb"},"inLanguage":"en-US","potentialAction":[{"@type":"ReadAction","target":["https:\/\/vertex.fi\/g4\/g4-kurssit\/"]}]},{"@type":"BreadcrumbList","@id":"https:\/\/vertex.fi\/g4\/g4-kurssit\/#breadcrumb","itemListElement":[{"@type":"ListItem","position":1,"name":"Home","item":"https:\/\/vertex.fi\/g4\/"},{"@type":"ListItem","position":2,"name":"Vertex G4-kurssit"}]}]}},"_links":{"self":[{"href":"https:\/\/vertex.fi\/g4\/wp-json\/wp\/v2\/pages\/10062"}],"collection":[{"href":"https:\/\/vertex.fi\/g4\/wp-json\/wp\/v2\/pages"}],"about":[{"href":"https:\/\/vertex.fi\/g4\/wp-json\/wp\/v2\/types\/page"}],"author":[{"embeddable":true,"href":"https:\/\/vertex.fi\/g4\/wp-json\/wp\/v2\/users\/2"}],"replies":[{"embeddable":true,"href":"https:\/\/vertex.fi\/g4\/wp-json\/wp\/v2\/comments?post=10062"}],"version-history":[{"count":15,"href":"https:\/\/vertex.fi\/g4\/wp-json\/wp\/v2\/pages\/10062\/revisions"}],"predecessor-version":[{"id":11615,"href":"https:\/\/vertex.fi\/g4\/wp-json\/wp\/v2\/pages\/10062\/revisions\/11615"}],"wp:attachment":[{"href":"https:\/\/vertex.fi\/g4\/wp-json\/wp\/v2\/media?parent=10062"}],"curies":[{"name":"wp","href":"https:\/\/api.w.org\/{rel}","templated":true}]}}