{"id":8059,"date":"2020-12-17T09:58:27","date_gmt":"2020-12-17T09:58:27","guid":{"rendered":"https:\/\/vertex.fi\/g4\/?page_id=8059"},"modified":"2024-01-23T11:23:24","modified_gmt":"2024-01-23T11:23:24","slug":"vertex-hd","status":"publish","type":"page","link":"https:\/\/vertex.fi\/g4\/vertex-hd\/","title":{"rendered":"HD"},"content":{"rendered":"<p>[et_pb_section fb_built=&#8221;1&#8243; admin_label=&#8221;Hero&#8221; _builder_version=&#8221;4.16&#8243; use_background_color_gradient=&#8221;on&#8221; background_color_gradient_type=&#8221;circular&#8221; background_color_gradient_direction_radial=&#8221;top left&#8221; background_color_gradient_stops=&#8221;rgba(40,40,40,0.77) 0%|rgba(40,40,40,0.81) 100%&#8221; background_color_gradient_overlays_image=&#8221;on&#8221; background_color_gradient_start=&#8221;rgba(40,40,40,0.77)&#8221; background_color_gradient_end=&#8221;rgba(40,40,40,0.81)&#8221; background_image=&#8221;https:\/\/vertex.fi\/g4\/wp-content\/uploads\/sites\/4\/2021\/01\/Vertex-HD-ohjelmisto1.png&#8221; background_blend=&#8221;lighten&#8221; background_enable_video_mp4=&#8221;off&#8221; height=&#8221;620px&#8221; custom_margin=&#8221;0px||||false&#8221; custom_margin_tablet=&#8221;&#8221; custom_margin_phone=&#8221;0px||&#8221; custom_margin_last_edited=&#8221;on|desktop&#8221; custom_padding=&#8221;10vw||10vw||true|false&#8221; global_colors_info=&#8221;{}&#8221;][et_pb_row column_structure=&#8221;2_3,1_3&#8243; _builder_version=&#8221;4.16&#8243; background_color=&#8221;rgba(0,0,0,0.4)&#8221; custom_padding=&#8221;16px|24px|16px|24px|false|false&#8221; global_colors_info=&#8221;{}&#8221;][et_pb_column type=&#8221;2_3&#8243; _builder_version=&#8221;4.16&#8243; custom_padding=&#8221;|||&#8221; global_colors_info=&#8221;{}&#8221; custom_padding__hover=&#8221;|||&#8221;][et_pb_text content_tablet=&#8221;<\/p>\n<h1><span>Suunnittele \u00e4lykk\u00e4it\u00e4 hydraulikaavioita<br \/>\n<\/span><\/h1>\n<p>&#8221; content_phone=&#8221;<\/p>\n<h1><span>Suunnittele \u00e4lykk\u00e4it\u00e4 hydrauli-<br \/>kaavioita<br \/>\n<\/span><\/h1>\n<p>&#8221; content_last_edited=&#8221;on|phone&#8221; _builder_version=&#8221;4.16&#8243; text_font=&#8221;||||||||&#8221; header_font=&#8221;Rubik|700|||||||&#8221; header_font_size=&#8221;50px&#8221; header_line_height=&#8221;1.1em&#8221; background_layout=&#8221;dark&#8221; max_width=&#8221;800px&#8221; custom_margin=&#8221;||0px|&#8221; custom_padding=&#8221;10px||6px|16px|false|false&#8221; text_font_size_tablet=&#8221;14px&#8221; text_font_size_last_edited=&#8221;off|desktop&#8221; header_font_size_tablet=&#8221;44px&#8221; header_font_size_phone=&#8221;33px&#8221; header_font_size_last_edited=&#8221;on|desktop&#8221; border_color_all=&#8221;#EE1D25&#8243; border_width_left=&#8221;10px&#8221; border_color_left=&#8221;#005c9d&#8221; global_colors_info=&#8221;{}&#8221;]<\/p>\n<h1><span style=\"color: #ffffff\">Suunnittele \u00e4lykk\u00e4it\u00e4 hydraulikaavioita<br \/> <\/span><\/h1>\n<p>[\/et_pb_text][et_pb_text content_tablet=&#8221;<\/p>\n<h2 class=%22et_pb_module_header et-fb-editable-element et-fb-editable-element__editing%22 data-shortcode-id=%220.0-1605787173876%22 data-quickaccess-id=%22title%22>Vertex HD hydraulikaavioiden suunnitteluohjelmisto<\/h2>\n<p>&#8221; content_phone=&#8221;<\/p>\n<h2 class=%22et_pb_module_header et-fb-editable-element et-fb-editable-element__editing%22 data-shortcode-id=%220.0-1605787173876%22 data-quickaccess-id=%22title%22>Vertex HD hydraulikaavioiden suunnittelu-ohjelmisto<\/h2>\n<p>&#8221; content_last_edited=&#8221;on|phone&#8221; _builder_version=&#8221;4.17.1&#8243; text_font=&#8221;||||||||&#8221; text_font_size=&#8221;16px&#8221; text_line_height=&#8221;1.6em&#8221; header_font=&#8221;||||||||&#8221; header_2_font_size=&#8221;18px&#8221; background_layout=&#8221;dark&#8221; max_width=&#8221;800px&#8221; custom_margin=&#8221;15px|||28px|false|false&#8221; custom_padding=&#8221;0px||0px||true|&#8221; text_font_size_tablet=&#8221;16px&#8221; text_font_size_phone=&#8221;14px&#8221; text_font_size_last_edited=&#8221;on|desktop&#8221; header_2_font_tablet=&#8221;&#8221; header_2_font_phone=&#8221;&#8221; header_2_font_last_edited=&#8221;on|phone&#8221; global_colors_info=&#8221;{}&#8221;]<\/p>\n<h2 class=\"et_pb_module_header et-fb-editable-element et-fb-editable-element__editing\" data-shortcode-id=\"0.0-1605787173876\" data-quickaccess-id=\"title\">Vertex HD hydraulikaavioiden suunnitteluohjelmisto<\/h2>\n<p>&nbsp;<\/p>\n<p>[\/et_pb_text][et_pb_button button_url=&#8221;https:\/\/vertex.fi\/kokeile-ilmaiseksi\/&#8221; button_text=&#8221;Ilmainen koek\u00e4ytt\u00f6&#8221; _builder_version=&#8221;4.17.1&#8243; _module_preset=&#8221;default&#8221; custom_button=&#8221;on&#8221; button_text_color=&#8221;#FFFFFF&#8221; button_bg_color=&#8221;#0C71C3&#8243; button_border_width=&#8221;0px&#8221; button_border_radius=&#8221;0px&#8221; global_colors_info=&#8221;{}&#8221;][\/et_pb_button][\/et_pb_column][et_pb_column type=&#8221;1_3&#8243; _builder_version=&#8221;4.16&#8243; custom_padding=&#8221;|||&#8221; global_colors_info=&#8221;{}&#8221; custom_padding__hover=&#8221;|||&#8221;][et_pb_image src=&#8221;https:\/\/vertex.fi\/g4\/wp-content\/uploads\/sites\/4\/2022\/04\/TehtySuomProducerad_ValkNega_rgb_PIENI-1.png&#8221; alt=&#8221;Vertex kotimainen suomalainen ohjelmisto&#8221; title_text=&#8221;TehtySuomProducerad_ValkNega_rgb_PIENI&#8221; align=&#8221;right&#8221; align_tablet=&#8221;left&#8221; align_phone=&#8221;left&#8221; align_last_edited=&#8221;on|phone&#8221; _builder_version=&#8221;4.16.1&#8243; _module_preset=&#8221;default&#8221; max_height=&#8221;100px&#8221; custom_padding=&#8221;60px||||false|false&#8221; global_colors_info=&#8221;{}&#8221;][\/et_pb_image][\/et_pb_column][\/et_pb_row][\/et_pb_section][et_pb_section fb_built=&#8221;1&#8243; _builder_version=&#8221;4.16&#8243; min_height=&#8221;639px&#8221; global_colors_info=&#8221;{}&#8221;][et_pb_row column_structure=&#8221;1_2,1_2&#8243; make_equal=&#8221;on&#8221; module_class=&#8221; et_pb_row_fullwidth&#8221; _builder_version=&#8221;4.16&#8243; width=&#8221;89%&#8221; width_tablet=&#8221;80%&#8221; width_phone=&#8221;&#8221; width_last_edited=&#8221;on|desktop&#8221; max_width=&#8221;89%&#8221; max_width_tablet=&#8221;80%&#8221; max_width_phone=&#8221;&#8221; max_width_last_edited=&#8221;on|desktop&#8221; custom_margin=&#8221;|||&#8221; custom_css_main_element=&#8221;display: -webkit-box;||display: -moz-box;||display: -ms-flexbox;||display: -webkit-flex;||display: flex;||-webkit-flex-wrap: wrap; \/* Safari 6.1+ *\/||flex-wrap: wrap;&#8221; make_fullwidth=&#8221;on&#8221; global_colors_info=&#8221;{}&#8221;][et_pb_column type=&#8221;1_2&#8243; _builder_version=&#8221;4.16&#8243; custom_padding=&#8221;|||&#8221; custom_css_main_element=&#8221;||margin: auto;||-webkit-order: 2;||order: 2;&#8221; global_colors_info=&#8221;{}&#8221; custom_padding__hover=&#8221;|||&#8221;][et_pb_image src=&#8221;https:\/\/vertex.fi\/g4\/wp-content\/uploads\/sites\/4\/2020\/12\/HD1.png&#8221; _builder_version=&#8221;4.16&#8243; global_colors_info=&#8221;{}&#8221;][\/et_pb_image][\/et_pb_column][et_pb_column type=&#8221;1_2&#8243; _builder_version=&#8221;4.16&#8243; custom_padding=&#8221;|||&#8221; custom_css_main_element=&#8221;margin: auto;||-webkit-order: 1;||order: 1;&#8221; global_colors_info=&#8221;{}&#8221; custom_padding__hover=&#8221;|||&#8221;][et_pb_text _builder_version=&#8221;4.16&#8243; text_font=&#8221;||||||||&#8221; header_font=&#8221;||||||||&#8221; header_text_align=&#8221;left&#8221; custom_padding=&#8221;|||&#8221; global_colors_info=&#8221;{}&#8221;]<\/p>\n<h2 style=\"text-align: left\">Suomalainen hydraulikaavioiden suunnitteluohjelmisto<\/h2>\n<p>Vertex HD tuottaa hydrauli<span class=\"folder\">kaavioista\u00a0<\/span>automaattisesti\u00a0<span class=\"folder\">dokumentteja kuva-, tietokanta- tai tekstimuotoon. Saat ohjelmistosta nopeasti\u00a0<\/span>kaavioiden kanssa yhtenev\u00e4t dokumentit ja<span class=\"folder\" id=\"yui_patched_v3_11_0_1_1429011726953_1568\">\u00a0osaluettelot. <\/span><\/p>\n<p>Vertex HD:n kaavioiden \u00e4lykkyys ja tiedonhallinta minimoi sinulta\u00a0aikaa viev\u00e4n ja virhealttiin rutiinity\u00f6n.<\/p>\n<p>[\/et_pb_text][\/et_pb_column][\/et_pb_row][\/et_pb_section][et_pb_section fb_built=&#8221;1&#8243; _builder_version=&#8221;4.16&#8243; background_color=&#8221;#f9f9f9&#8243; global_colors_info=&#8221;{}&#8221;][et_pb_row column_structure=&#8221;1_2,1_2&#8243; make_equal=&#8221;on&#8221; module_class=&#8221; et_pb_row_fullwidth&#8221; _builder_version=&#8221;4.19.5&#8243; width=&#8221;89%&#8221; width_tablet=&#8221;80%&#8221; width_phone=&#8221;&#8221; width_last_edited=&#8221;on|desktop&#8221; max_width=&#8221;89%&#8221; max_width_tablet=&#8221;80%&#8221; max_width_phone=&#8221;&#8221; max_width_last_edited=&#8221;on|desktop&#8221; custom_margin=&#8221;|||&#8221; make_fullwidth=&#8221;on&#8221; global_colors_info=&#8221;{}&#8221;][et_pb_column type=&#8221;1_2&#8243; _builder_version=&#8221;4.16&#8243; custom_padding=&#8221;|||&#8221; custom_css_main_element=&#8221;||margin: auto;||-webkit-order: 2;||order: 2;&#8221; global_colors_info=&#8221;{}&#8221; custom_padding__hover=&#8221;|||&#8221;][et_pb_text _builder_version=&#8221;4.16&#8243; text_font=&#8221;||||||||&#8221; header_font=&#8221;||||||||&#8221; header_text_align=&#8221;left&#8221; custom_padding=&#8221;|||&#8221; global_colors_info=&#8221;{}&#8221;]<\/p>\n<h3 id=\"yui_patched_v3_11_0_1_1426239380227_1548\">Hallitse suunnittelutietoa helposti.<\/h3>\n<p><span style=\"font-size: 14px\"><span>Monipuolisten arkistotoimintojen avulla h<\/span>allitset dokumentteja projekti-, piirustus-, lehti- ja revisiotasolla. Voit siirt\u00e4\u00e4 tietokannan tiedot toisiin tietokantoihin, taulukko-ohjelmiin tai tallennusmuotoihin.\u00a0<\/span><\/p>\n<p id=\"yui_patched_v3_11_0_1_1426241297136_1802\">Voit siirt\u00e4\u00e4 kuvia my\u00f6s ulkopuoliseen tuotetiedonhallintaj\u00e4rjestelm\u00e4\u00e4n, eri katseluformaatteihin tai voit katsella niit\u00e4 ilmaisella Vertex Viewer katseluohjelmalla.<\/p>\n<p id=\"yui_patched_v3_11_0_1_1426241297136_1839\">\n<p>S\u00e4hk\u00f6- ja hydrauliikkasuunnitteluohjelmistojen\u00a0 rinnakkaisk\u00e4ytt\u00f6 mahdollistaa dokumentien yhdist\u00e4misen yhdeksi paketiksi, jossa viittaukset toimivat my\u00f6s ohjelmistojen v\u00e4lill\u00e4.<\/p>\n<p style=\"text-align: left\">[\/et_pb_text][\/et_pb_column][et_pb_column type=&#8221;1_2&#8243; _builder_version=&#8221;4.16&#8243; custom_padding=&#8221;|||&#8221; custom_css_main_element=&#8221;margin: auto;||-webkit-order: 1;||order: 1;&#8221; global_colors_info=&#8221;{}&#8221; custom_padding__hover=&#8221;|||&#8221;][et_pb_image src=&#8221;https:\/\/vertex.fi\/g4\/wp-content\/uploads\/sites\/4\/2020\/12\/HD2.png&#8221; _builder_version=&#8221;4.16&#8243; global_colors_info=&#8221;{}&#8221;][\/et_pb_image][\/et_pb_column][\/et_pb_row][\/et_pb_section][et_pb_section fb_built=&#8221;1&#8243; _builder_version=&#8221;4.16&#8243; global_colors_info=&#8221;{}&#8221;][et_pb_row column_structure=&#8221;1_2,1_2&#8243; make_equal=&#8221;on&#8221; module_class=&#8221; et_pb_row_fullwidth&#8221; _builder_version=&#8221;4.16&#8243; width=&#8221;89%&#8221; width_tablet=&#8221;80%&#8221; width_phone=&#8221;&#8221; width_last_edited=&#8221;on|desktop&#8221; max_width=&#8221;89%&#8221; max_width_tablet=&#8221;80%&#8221; max_width_phone=&#8221;&#8221; max_width_last_edited=&#8221;on|desktop&#8221; custom_margin=&#8221;|||&#8221; custom_css_main_element=&#8221;display: -webkit-box;||display: -moz-box;||display: -ms-flexbox;||display: -webkit-flex;||display: flex;||-webkit-flex-wrap: wrap; \/* Safari 6.1+ *\/||flex-wrap: wrap;&#8221; make_fullwidth=&#8221;on&#8221; global_colors_info=&#8221;{}&#8221;][et_pb_column type=&#8221;1_2&#8243; _builder_version=&#8221;4.16&#8243; custom_padding=&#8221;|||&#8221; custom_css_main_element=&#8221;||margin: auto;||-webkit-order: 2;||order: 2;&#8221; global_colors_info=&#8221;{}&#8221; custom_padding__hover=&#8221;|||&#8221;][et_pb_image src=&#8221;https:\/\/vertex.fi\/g4\/wp-content\/uploads\/sites\/4\/2020\/12\/HD3.png&#8221; _builder_version=&#8221;4.16&#8243; global_colors_info=&#8221;{}&#8221;][\/et_pb_image][\/et_pb_column][et_pb_column type=&#8221;1_2&#8243; _builder_version=&#8221;4.16&#8243; custom_padding=&#8221;|||&#8221; custom_css_main_element=&#8221;margin: auto;||-webkit-order: 1;||order: 1;&#8221; global_colors_info=&#8221;{}&#8221; custom_padding__hover=&#8221;|||&#8221;][et_pb_text _builder_version=&#8221;4.16&#8243; text_font=&#8221;||||||||&#8221; header_font=&#8221;||||||||&#8221; header_text_align=&#8221;left&#8221; custom_padding=&#8221;|||&#8221; global_colors_info=&#8221;{}&#8221;]<\/p>\n<h3 id=\"yui_patched_v3_11_0_1_1426239380227_1594\">K\u00e4yt\u00f6ss\u00e4si kattava hydrauliikkakomponenttien kirjasto.<\/h3>\n<p><span>Vertex HD sis\u00e4lt\u00e4\u00e4 symbolikirjastot erilaisiin tarpeisiin. Lis\u00e4ksi v<\/span>oit t\u00e4ydent\u00e4\u00e4 symbolikirjastoa itse, samoin muokata ja k\u00e4sitell\u00e4 symboleja helposti. Komponenttien tiedot voit hakea nimiketietokannasta tai siirt\u00e4\u00e4 ne muista j\u00e4rjestelmist\u00e4.<\/p>\n<p style=\"text-align: left\">[\/et_pb_text][\/et_pb_column][\/et_pb_row][\/et_pb_section][et_pb_section fb_built=&#8221;1&#8243; _builder_version=&#8221;4.16&#8243; background_color=&#8221;#f9f9f9&#8243; global_colors_info=&#8221;{}&#8221;][et_pb_row column_structure=&#8221;1_2,1_2&#8243; make_equal=&#8221;on&#8221; module_class=&#8221; et_pb_row_fullwidth&#8221; _builder_version=&#8221;4.19.5&#8243; width=&#8221;89%&#8221; width_tablet=&#8221;80%&#8221; width_phone=&#8221;&#8221; width_last_edited=&#8221;on|desktop&#8221; max_width=&#8221;89%&#8221; max_width_tablet=&#8221;80%&#8221; max_width_phone=&#8221;&#8221; max_width_last_edited=&#8221;on|desktop&#8221; custom_margin=&#8221;|||&#8221; make_fullwidth=&#8221;on&#8221; global_colors_info=&#8221;{}&#8221;][et_pb_column type=&#8221;1_2&#8243; _builder_version=&#8221;4.16&#8243; custom_padding=&#8221;|||&#8221; custom_css_main_element=&#8221;||margin: auto;||-webkit-order: 2;||order: 2;&#8221; global_colors_info=&#8221;{}&#8221; custom_padding__hover=&#8221;|||&#8221;][et_pb_text _builder_version=&#8221;4.16&#8243; text_font=&#8221;||||||||&#8221; header_font=&#8221;||||||||&#8221; header_text_align=&#8221;left&#8221; custom_padding=&#8221;|||&#8221; global_colors_info=&#8221;{}&#8221;]<\/p>\n<h3 id=\"yui_patched_v3_11_0_1_1426239380227_1632\">Yhteydet muihin j\u00e4rjestelmiin.<\/h3>\n<p>Vertex HD tuottaa projektista erilaisia sis\u00e4llysluettelolla varustettuja PDF-kirjoja, jotka sis\u00e4lt\u00e4v\u00e4t valitut piirustukset lehtineen. Voit sis\u00e4llytt\u00e4\u00e4\u00a0PDF-kirjaan my\u00f6s muilla ohjelmilla tuotettuja tulosteita.<\/p>\n<p>Voit siirt\u00e4\u00e4 helposti komponentti- ja suunnittelutietoja muiden ohjelmien ja Vertexin v\u00e4lill\u00e4. Siirtoja voi tehd\u00e4 esimerkiksi Exceliin tai DWG- ja DXF-formaateissa.<\/p>\n<p style=\"text-align: left\">[\/et_pb_text][\/et_pb_column][et_pb_column type=&#8221;1_2&#8243; _builder_version=&#8221;4.16&#8243; custom_padding=&#8221;|||&#8221; custom_css_main_element=&#8221;margin: auto;||-webkit-order: 1;||order: 1;&#8221; global_colors_info=&#8221;{}&#8221; custom_padding__hover=&#8221;|||&#8221;][et_pb_image src=&#8221;https:\/\/vertex.fi\/g4\/wp-content\/uploads\/sites\/4\/2020\/12\/HD4.png&#8221; _builder_version=&#8221;4.16&#8243; global_colors_info=&#8221;{}&#8221;][\/et_pb_image][\/et_pb_column][\/et_pb_row][\/et_pb_section][et_pb_section fb_built=&#8221;1&#8243; fullwidth=&#8221;on&#8221; _builder_version=&#8221;4.23.1&#8243; _module_preset=&#8221;default&#8221; global_colors_info=&#8221;{}&#8221; global_module=&#8221;11385&#8243; theme_builder_area=&#8221;post_content&#8221;][et_pb_fullwidth_code _builder_version=&#8221;4.23.1&#8243; _module_preset=&#8221;default&#8221; global_colors_info=&#8221;{}&#8221; theme_builder_area=&#8221;post_content&#8221;]<ld-slot name=\"footer FI\" ><\/ld-slot>[\/et_pb_fullwidth_code][\/et_pb_section]<\/p>\n","protected":false},"excerpt":{"rendered":"<p>Suunnittele \u00e4lykk\u00e4it\u00e4 hydraulikaavioita Vertex HD hydraulikaavioiden suunnitteluohjelmisto &nbsp;Suomalainen hydraulikaavioiden suunnitteluohjelmisto Vertex HD tuottaa hydraulikaavioista\u00a0automaattisesti\u00a0dokumentteja kuva-, tietokanta- tai tekstimuotoon. Saat ohjelmistosta nopeasti\u00a0kaavioiden kanssa yhtenev\u00e4t dokumentit ja\u00a0osaluettelot. Vertex HD:n kaavioiden \u00e4lykkyys ja tiedonhallinta minimoi sinulta\u00a0aikaa viev\u00e4n ja virhealttiin rutiinity\u00f6n.Hallitse suunnittelutietoa helposti. Monipuolisten arkistotoimintojen avulla hallitset dokumentteja projekti-, piirustus-, lehti- ja revisiotasolla. Voit siirt\u00e4\u00e4 tietokannan tiedot toisiin tietokantoihin, [&hellip;]<\/p>\n","protected":false},"author":5,"featured_media":0,"parent":0,"menu_order":0,"comment_status":"closed","ping_status":"closed","template":"","meta":{"_et_pb_use_builder":"on","_et_pb_old_content":"","_et_gb_content_width":"","sfsi_plus_gutenberg_text_before_share":"","sfsi_plus_gutenberg_show_text_before_share":"","sfsi_plus_gutenberg_icon_type":"","sfsi_plus_gutenberg_icon_alignemt":"","sfsi_plus_gutenburg_max_per_row":""},"yoast_head":"<!-- This site is optimized with the Yoast SEO plugin v18.6 - https:\/\/yoast.com\/wordpress\/plugins\/seo\/ -->\n<title>Vertex G4 - Vertex HD Hydraulikaavioiden suunnitteluohjelmisto<\/title>\n<meta name=\"description\" content=\"Suomalainen hydraulikaavioiden suunnitteluohjelmisto. Minimoi rutiinity\u00f6n tuotaen automaattisesti dokumentteja kuva-, tietokanta- tai tekstimuotoon.\" \/>\n<meta name=\"robots\" content=\"index, follow, max-snippet:-1, max-image-preview:large, max-video-preview:-1\" \/>\n<link rel=\"canonical\" href=\"https:\/\/vertex.fi\/g4\/vertex-hd\/\" \/>\n<meta property=\"og:locale\" content=\"en_US\" \/>\n<meta property=\"og:type\" content=\"article\" \/>\n<meta property=\"og:title\" content=\"Vertex G4 - Vertex HD Hydraulikaavioiden suunnitteluohjelmisto\" \/>\n<meta property=\"og:description\" content=\"Suomalainen hydraulikaavioiden suunnitteluohjelmisto. Minimoi rutiinity\u00f6n tuotaen automaattisesti dokumentteja kuva-, tietokanta- tai tekstimuotoon.\" \/>\n<meta property=\"og:url\" content=\"https:\/\/vertex.fi\/g4\/vertex-hd\/\" \/>\n<meta property=\"og:site_name\" content=\"Vertex G4\" \/>\n<meta property=\"article:modified_time\" content=\"2024-01-23T11:23:24+00:00\" \/>\n<meta name=\"twitter:card\" content=\"summary_large_image\" \/>\n<meta name=\"twitter:label1\" content=\"Est. reading time\" \/>\n\t<meta name=\"twitter:data1\" content=\"7 minutes\" \/>\n<script type=\"application\/ld+json\" class=\"yoast-schema-graph\">{\"@context\":\"https:\/\/schema.org\",\"@graph\":[{\"@type\":\"WebSite\",\"@id\":\"https:\/\/vertex.fi\/g4\/#website\",\"url\":\"https:\/\/vertex.fi\/g4\/\",\"name\":\"Vertex G4\",\"description\":\"Mekaniikkasuunnitteluohjelmisto\",\"potentialAction\":[{\"@type\":\"SearchAction\",\"target\":{\"@type\":\"EntryPoint\",\"urlTemplate\":\"https:\/\/vertex.fi\/g4\/?s={search_term_string}\"},\"query-input\":\"required name=search_term_string\"}],\"inLanguage\":\"en-US\"},{\"@type\":\"WebPage\",\"@id\":\"https:\/\/vertex.fi\/g4\/vertex-hd\/#webpage\",\"url\":\"https:\/\/vertex.fi\/g4\/vertex-hd\/\",\"name\":\"Vertex G4 - Vertex HD Hydraulikaavioiden suunnitteluohjelmisto\",\"isPartOf\":{\"@id\":\"https:\/\/vertex.fi\/g4\/#website\"},\"datePublished\":\"2020-12-17T09:58:27+00:00\",\"dateModified\":\"2024-01-23T11:23:24+00:00\",\"description\":\"Suomalainen hydraulikaavioiden suunnitteluohjelmisto. Minimoi rutiinity\u00f6n tuotaen automaattisesti dokumentteja kuva-, tietokanta- tai tekstimuotoon.\",\"breadcrumb\":{\"@id\":\"https:\/\/vertex.fi\/g4\/vertex-hd\/#breadcrumb\"},\"inLanguage\":\"en-US\",\"potentialAction\":[{\"@type\":\"ReadAction\",\"target\":[\"https:\/\/vertex.fi\/g4\/vertex-hd\/\"]}]},{\"@type\":\"BreadcrumbList\",\"@id\":\"https:\/\/vertex.fi\/g4\/vertex-hd\/#breadcrumb\",\"itemListElement\":[{\"@type\":\"ListItem\",\"position\":1,\"name\":\"Home\",\"item\":\"https:\/\/vertex.fi\/g4\/\"},{\"@type\":\"ListItem\",\"position\":2,\"name\":\"HD\"}]}]}<\/script>\n<!-- \/ Yoast SEO plugin. -->","yoast_head_json":{"title":"Vertex G4 - Vertex HD Hydraulikaavioiden suunnitteluohjelmisto","description":"Suomalainen hydraulikaavioiden suunnitteluohjelmisto. Minimoi rutiinity\u00f6n tuotaen automaattisesti dokumentteja kuva-, tietokanta- tai tekstimuotoon.","robots":{"index":"index","follow":"follow","max-snippet":"max-snippet:-1","max-image-preview":"max-image-preview:large","max-video-preview":"max-video-preview:-1"},"canonical":"https:\/\/vertex.fi\/g4\/vertex-hd\/","og_locale":"en_US","og_type":"article","og_title":"Vertex G4 - Vertex HD Hydraulikaavioiden suunnitteluohjelmisto","og_description":"Suomalainen hydraulikaavioiden suunnitteluohjelmisto. Minimoi rutiinity\u00f6n tuotaen automaattisesti dokumentteja kuva-, tietokanta- tai tekstimuotoon.","og_url":"https:\/\/vertex.fi\/g4\/vertex-hd\/","og_site_name":"Vertex G4","article_modified_time":"2024-01-23T11:23:24+00:00","twitter_card":"summary_large_image","twitter_misc":{"Est. reading time":"7 minutes"},"schema":{"@context":"https:\/\/schema.org","@graph":[{"@type":"WebSite","@id":"https:\/\/vertex.fi\/g4\/#website","url":"https:\/\/vertex.fi\/g4\/","name":"Vertex G4","description":"Mekaniikkasuunnitteluohjelmisto","potentialAction":[{"@type":"SearchAction","target":{"@type":"EntryPoint","urlTemplate":"https:\/\/vertex.fi\/g4\/?s={search_term_string}"},"query-input":"required name=search_term_string"}],"inLanguage":"en-US"},{"@type":"WebPage","@id":"https:\/\/vertex.fi\/g4\/vertex-hd\/#webpage","url":"https:\/\/vertex.fi\/g4\/vertex-hd\/","name":"Vertex G4 - Vertex HD Hydraulikaavioiden suunnitteluohjelmisto","isPartOf":{"@id":"https:\/\/vertex.fi\/g4\/#website"},"datePublished":"2020-12-17T09:58:27+00:00","dateModified":"2024-01-23T11:23:24+00:00","description":"Suomalainen hydraulikaavioiden suunnitteluohjelmisto. Minimoi rutiinity\u00f6n tuotaen automaattisesti dokumentteja kuva-, tietokanta- tai tekstimuotoon.","breadcrumb":{"@id":"https:\/\/vertex.fi\/g4\/vertex-hd\/#breadcrumb"},"inLanguage":"en-US","potentialAction":[{"@type":"ReadAction","target":["https:\/\/vertex.fi\/g4\/vertex-hd\/"]}]},{"@type":"BreadcrumbList","@id":"https:\/\/vertex.fi\/g4\/vertex-hd\/#breadcrumb","itemListElement":[{"@type":"ListItem","position":1,"name":"Home","item":"https:\/\/vertex.fi\/g4\/"},{"@type":"ListItem","position":2,"name":"HD"}]}]}},"_links":{"self":[{"href":"https:\/\/vertex.fi\/g4\/wp-json\/wp\/v2\/pages\/8059"}],"collection":[{"href":"https:\/\/vertex.fi\/g4\/wp-json\/wp\/v2\/pages"}],"about":[{"href":"https:\/\/vertex.fi\/g4\/wp-json\/wp\/v2\/types\/page"}],"author":[{"embeddable":true,"href":"https:\/\/vertex.fi\/g4\/wp-json\/wp\/v2\/users\/5"}],"replies":[{"embeddable":true,"href":"https:\/\/vertex.fi\/g4\/wp-json\/wp\/v2\/comments?post=8059"}],"version-history":[{"count":44,"href":"https:\/\/vertex.fi\/g4\/wp-json\/wp\/v2\/pages\/8059\/revisions"}],"predecessor-version":[{"id":11390,"href":"https:\/\/vertex.fi\/g4\/wp-json\/wp\/v2\/pages\/8059\/revisions\/11390"}],"wp:attachment":[{"href":"https:\/\/vertex.fi\/g4\/wp-json\/wp\/v2\/media?parent=8059"}],"curies":[{"name":"wp","href":"https:\/\/api.w.org\/{rel}","templated":true}]}}