{"id":8343,"date":"2020-12-22T15:26:01","date_gmt":"2020-12-22T15:26:01","guid":{"rendered":"https:\/\/vertex.fi\/g4\/?page_id=8343"},"modified":"2024-01-23T11:21:36","modified_gmt":"2024-01-23T11:21:36","slug":"kenelle","status":"publish","type":"page","link":"https:\/\/vertex.fi\/g4\/kenelle\/","title":{"rendered":"K\u00e4ytt\u00f6kohteet"},"content":{"rendered":"<p>[et_pb_section fb_built=&#8221;1&#8243; admin_label=&#8221;Hero&#8221; _builder_version=&#8221;4.16&#8243; use_background_color_gradient=&#8221;on&#8221; background_color_gradient_type=&#8221;circular&#8221; background_color_gradient_direction_radial=&#8221;top left&#8221; background_color_gradient_stops=&#8221;rgba(40,40,40,0.77) 0%|rgba(40,40,40,0.81) 100%&#8221; background_color_gradient_overlays_image=&#8221;on&#8221; background_color_gradient_start=&#8221;rgba(40,40,40,0.77)&#8221; background_color_gradient_end=&#8221;rgba(40,40,40,0.81)&#8221; background_image=&#8221;https:\/\/vertex.fi\/g4\/wp-content\/uploads\/sites\/4\/2020\/12\/hewsaw-piirustus.png&#8221; background_blend=&#8221;lighten&#8221; background_enable_video_mp4=&#8221;off&#8221; height=&#8221;620px&#8221; custom_margin=&#8221;0px||||false&#8221; custom_margin_tablet=&#8221;&#8221; custom_margin_phone=&#8221;0px||&#8221; custom_margin_last_edited=&#8221;on|desktop&#8221; custom_padding=&#8221;10vw||10vw||true|false&#8221; global_colors_info=&#8221;{}&#8221;][et_pb_row column_structure=&#8221;2_3,1_3&#8243; _builder_version=&#8221;4.16&#8243; background_color=&#8221;rgba(0,0,0,0.4)&#8221; custom_padding=&#8221;16px|24px|16px|24px|false|false&#8221; global_colors_info=&#8221;{}&#8221;][et_pb_column type=&#8221;2_3&#8243; _builder_version=&#8221;4.16&#8243; custom_padding=&#8221;|||&#8221; global_colors_info=&#8221;{}&#8221; custom_padding__hover=&#8221;|||&#8221;][et_pb_text _builder_version=&#8221;4.17.1&#8243; text_font=&#8221;||||||||&#8221; header_font=&#8221;Rubik|700|||||||&#8221; header_font_size=&#8221;50px&#8221; header_line_height=&#8221;1.1em&#8221; background_layout=&#8221;dark&#8221; max_width=&#8221;800px&#8221; custom_margin=&#8221;||0px|&#8221; custom_padding=&#8221;10px||6px|16px|false|false&#8221; text_font_size_tablet=&#8221;14px&#8221; text_font_size_last_edited=&#8221;off|desktop&#8221; header_font_size_tablet=&#8221;44px&#8221; header_font_size_phone=&#8221;20px&#8221; header_font_size_last_edited=&#8221;on|phone&#8221; border_color_all=&#8221;#005c9d&#8221; border_width_left=&#8221;10px&#8221; global_colors_info=&#8221;{}&#8221;]<\/p>\n<h1><span style=\"color: #ffffff;\">Kotimainen ohjelmistoratkaisu teolliseen suunnitteluun<br \/><\/span><\/h1>\n<p>[\/et_pb_text][et_pb_text _builder_version=&#8221;4.17.1&#8243; text_text_color=&#8221;#ffffff&#8221; background_layout=&#8221;dark&#8221; custom_margin=&#8221;15px|||28px|false|false&#8221; header_2_font_size_tablet=&#8221;&#8221; header_2_font_size_phone=&#8221;19px&#8221; header_2_font_size_last_edited=&#8221;on|phone&#8221; global_colors_info=&#8221;{}&#8221;]<\/p>\n<h2>Vertex G4 k\u00e4ytt\u00f6kohteet<\/h2>\n<p>[\/et_pb_text][\/et_pb_column][et_pb_column type=&#8221;1_3&#8243; _builder_version=&#8221;4.16&#8243; custom_padding=&#8221;|||&#8221; global_colors_info=&#8221;{}&#8221; custom_padding__hover=&#8221;|||&#8221;][\/et_pb_column][\/et_pb_row][\/et_pb_section][et_pb_section fb_built=&#8221;1&#8243; _builder_version=&#8221;4.16&#8243; min_height=&#8221;639px&#8221; global_colors_info=&#8221;{}&#8221;][et_pb_row column_structure=&#8221;1_2,1_2&#8243; make_equal=&#8221;on&#8221; module_class=&#8221; et_pb_row_fullwidth&#8221; _builder_version=&#8221;4.16&#8243; width=&#8221;89%&#8221; width_tablet=&#8221;80%&#8221; width_phone=&#8221;&#8221; width_last_edited=&#8221;on|desktop&#8221; max_width=&#8221;89%&#8221; max_width_tablet=&#8221;80%&#8221; max_width_phone=&#8221;&#8221; max_width_last_edited=&#8221;on|desktop&#8221; custom_margin=&#8221;|||&#8221; custom_css_main_element=&#8221;display: -webkit-box;||display: -moz-box;||display: -ms-flexbox;||display: -webkit-flex;||display: flex;||-webkit-flex-wrap: wrap; \/* Safari 6.1+ *\/||flex-wrap: wrap;&#8221; make_fullwidth=&#8221;on&#8221; global_colors_info=&#8221;{}&#8221;][et_pb_column type=&#8221;1_2&#8243; _builder_version=&#8221;4.16&#8243; custom_padding=&#8221;|||&#8221; custom_css_main_element=&#8221;||margin: auto;||-webkit-order: 2;||order: 2;&#8221; global_colors_info=&#8221;{}&#8221; custom_padding__hover=&#8221;|||&#8221;][et_pb_image src=&#8221;https:\/\/vertex.fi\/g4\/wp-content\/uploads\/sites\/4\/2020\/12\/kone-ja-laitevalmistus.png&#8221; alt=&#8221;Kone- ja laitevalmistus&#8221; admin_label=&#8221;Image&#8221; _builder_version=&#8221;4.16&#8243; global_colors_info=&#8221;{}&#8221;][\/et_pb_image][\/et_pb_column][et_pb_column type=&#8221;1_2&#8243; _builder_version=&#8221;4.16&#8243; custom_padding=&#8221;|||&#8221; custom_css_main_element=&#8221;margin: auto;||-webkit-order: 1;||order: 1;&#8221; global_colors_info=&#8221;{}&#8221; custom_padding__hover=&#8221;|||&#8221;][et_pb_text _builder_version=&#8221;4.16&#8243; text_font=&#8221;||||||||&#8221; header_font=&#8221;||||||||&#8221; header_text_align=&#8221;left&#8221; custom_padding=&#8221;|||&#8221; global_colors_info=&#8221;{}&#8221;]<\/p>\n<h3 style=\"text-align: left\">Kone- ja laitevalmistus<\/h3>\n<p>&nbsp;<\/p>\n<p id=\"yui_patched_v3_11_0_1_1426678905449_1750\">Suunnittele helposti ja tehokkaasti suomenkielisell\u00e4 ohjelmalla.<\/p>\n<p>Havainnollista ja testaa virtuaalisesti vaihtoehtoisia toteutusratkaisuja. Ennakoi, tee liikeratatarkasteluja ja testaa tuotteen toimivuus jo suunnittelup\u00f6yd\u00e4ll\u00e4. Nopeutat suunnitteluprosessia, v\u00e4ltyt prototyyppien valmistamiselta ja lyhenn\u00e4t l\u00e4pimenoaikaa.<\/p>\n<p>&nbsp;<\/p>\n<p>[\/et_pb_text][\/et_pb_column][\/et_pb_row][\/et_pb_section][et_pb_section fb_built=&#8221;1&#8243; _builder_version=&#8221;4.16&#8243; background_color=&#8221;#f9f9f9&#8243; global_colors_info=&#8221;{}&#8221;][et_pb_row column_structure=&#8221;1_2,1_2&#8243; make_equal=&#8221;on&#8221; module_class=&#8221; et_pb_row_fullwidth&#8221; _builder_version=&#8221;4.19.5&#8243; width=&#8221;89%&#8221; width_tablet=&#8221;80%&#8221; width_phone=&#8221;&#8221; width_last_edited=&#8221;on|desktop&#8221; max_width=&#8221;89%&#8221; max_width_tablet=&#8221;80%&#8221; max_width_phone=&#8221;&#8221; max_width_last_edited=&#8221;on|desktop&#8221; custom_margin=&#8221;|||&#8221; make_fullwidth=&#8221;on&#8221; global_colors_info=&#8221;{}&#8221;][et_pb_column type=&#8221;1_2&#8243; _builder_version=&#8221;4.16&#8243; custom_padding=&#8221;|||&#8221; custom_css_main_element=&#8221;||margin: auto;||-webkit-order: 2;||order: 2;&#8221; global_colors_info=&#8221;{}&#8221; custom_padding__hover=&#8221;|||&#8221;][et_pb_text _builder_version=&#8221;4.16&#8243; text_font=&#8221;||||||||&#8221; header_font=&#8221;||||||||&#8221; header_text_align=&#8221;left&#8221; custom_padding=&#8221;|||&#8221; global_colors_info=&#8221;{}&#8221;]<\/p>\n<h3><\/h3>\n<h3 style=\"text-align: left\">Ajoneuvojen valmistus<\/h3>\n<p>&nbsp;<\/p>\n<p>Keskity suunnitteluun.\u00a0Vertex pit\u00e4\u00e4 dokumentit j\u00e4rjestyksess\u00e4, jolloin piirustusten ja 3D-mallien sis\u00e4lt\u00e4m\u00e4 arvokas tuotetieto on ajantasaista ja koko yrityksen ja sidosryhmien hy\u00f6dynnett\u00e4viss\u00e4.<\/p>\n<p>Hoida koko toimitusketjun hallinta tarjoussuunnittelusta j\u00e4lkimarkkinointiin yhdell\u00e4 ohjelmalla. Tuota j\u00e4lkimarkkinointimateriaali automaattisesti suunnittelun ohessa, jolloin varaosakirjojen\u00a0koostaminen on nopeaa.<\/p>\n<p>Ottamalla mekaniikkasuunnitteluohjelmiston lis\u00e4ksi k\u00e4ytt\u00f6\u00f6n s\u00e4hk\u00f6- ja hydrauliikkasuunnitteluohjelmistot saat suunnittelun kokonaisvaltaisesti haltuun.<\/p>\n<p>Lue lis\u00e4\u00e4:<br \/> <a href=\"https:\/\/vertex.fi\/ed\/\" target=\"_blank\" rel=\"noopener noreferrer\">Vertex ED S\u00e4hk\u00f6- ja automaatiosuunnittelu<\/a><br \/> <a href=\"https:\/\/vertex.fi\/g4\/vertex-hd\/\" target=\"_blank\" rel=\"noopener noreferrer\">Vertex HD Hydraulikaavioiden suunnittelu<\/a><\/p>\n<p>[\/et_pb_text][\/et_pb_column][et_pb_column type=&#8221;1_2&#8243; _builder_version=&#8221;4.16&#8243; custom_padding=&#8221;|||&#8221; custom_css_main_element=&#8221;margin: auto;||-webkit-order: 1;||order: 1;&#8221; global_colors_info=&#8221;{}&#8221; custom_padding__hover=&#8221;|||&#8221;][et_pb_image src=&#8221;https:\/\/vertex.fi\/g4\/wp-content\/uploads\/sites\/4\/2022\/10\/ponsse2.png&#8221; alt=&#8221;Vertex G4 mekaniikkasuunnittelu 3d cad&#8221; title_text=&#8221;ponsse2&#8243; _builder_version=&#8221;4.17.1&#8243; global_colors_info=&#8221;{}&#8221;][\/et_pb_image][\/et_pb_column][\/et_pb_row][\/et_pb_section][et_pb_section fb_built=&#8221;1&#8243; _builder_version=&#8221;4.16&#8243; global_colors_info=&#8221;{}&#8221;][et_pb_row column_structure=&#8221;1_2,1_2&#8243; make_equal=&#8221;on&#8221; module_class=&#8221; et_pb_row_fullwidth&#8221; _builder_version=&#8221;4.16&#8243; width=&#8221;89%&#8221; width_tablet=&#8221;80%&#8221; width_phone=&#8221;&#8221; width_last_edited=&#8221;on|desktop&#8221; max_width=&#8221;89%&#8221; max_width_tablet=&#8221;80%&#8221; max_width_phone=&#8221;&#8221; max_width_last_edited=&#8221;on|desktop&#8221; custom_margin=&#8221;|||&#8221; custom_css_main_element=&#8221;display: -webkit-box;||display: -moz-box;||display: -ms-flexbox;||display: -webkit-flex;||display: flex;||-webkit-flex-wrap: wrap; \/* Safari 6.1+ *\/||flex-wrap: wrap;&#8221; make_fullwidth=&#8221;on&#8221; global_colors_info=&#8221;{}&#8221;][et_pb_column type=&#8221;1_2&#8243; _builder_version=&#8221;4.16&#8243; custom_padding=&#8221;|||&#8221; custom_css_main_element=&#8221;||margin: auto;||-webkit-order: 2;||order: 2;&#8221; global_colors_info=&#8221;{}&#8221; custom_padding__hover=&#8221;|||&#8221;][et_pb_image src=&#8221;https:\/\/vertex.fi\/g4\/wp-content\/uploads\/sites\/4\/2020\/12\/ohutlevyteollisuus.png&#8221; alt=&#8221;Ohutlevytuotteet&#8221; _builder_version=&#8221;4.16&#8243; global_colors_info=&#8221;{}&#8221;][\/et_pb_image][\/et_pb_column][et_pb_column type=&#8221;1_2&#8243; _builder_version=&#8221;4.16&#8243; custom_padding=&#8221;|||&#8221; custom_css_main_element=&#8221;margin: auto;||-webkit-order: 1;||order: 1;&#8221; global_colors_info=&#8221;{}&#8221; custom_padding__hover=&#8221;|||&#8221;][et_pb_text _builder_version=&#8221;4.16&#8243; text_font=&#8221;||||||||&#8221; header_font=&#8221;||||||||&#8221; header_text_align=&#8221;left&#8221; custom_padding=&#8221;|||&#8221; global_colors_info=&#8221;{}&#8221;]<\/p>\n<h3 id=\"yui_patched_v3_11_0_1_1425459997765_1719\">Ohutlevytuotteet<\/h3>\n<p>&nbsp;<\/p>\n<p id=\"yui_patched_v3_11_0_1_1426056054510_1759\">Hy\u00f6dynn\u00e4 erilaisten ter\u00e4vien ja pakotettujen nurkkien k\u00e4sittelyn erikoistoimintoja, jotka mahdollistavat vaativammatkin aukilevitykset. \u00c4lyk\u00e4\u00e4n piirteentunnistuksen avulla teet muusta j\u00e4rjestelm\u00e4st\u00e4 tuodun osan aukilevityksen sekunneissa. Tulosta kerralla kaikki tuotteeseen liittyv\u00e4t dokumentit koko organisaatiota ja sidosryhmi\u00e4 varten. Saat tarkat piirustukset automaattisesti tuotantokelpoisina aina levyty\u00f6keskukselle asti.<\/p>\n<p>&nbsp;<\/p>\n<p>[\/et_pb_text][\/et_pb_column][\/et_pb_row][\/et_pb_section][et_pb_section fb_built=&#8221;1&#8243; _builder_version=&#8221;4.16&#8243; background_color=&#8221;#f9f9f9&#8243; global_colors_info=&#8221;{}&#8221;][et_pb_row column_structure=&#8221;1_2,1_2&#8243; make_equal=&#8221;on&#8221; module_class=&#8221; et_pb_row_fullwidth&#8221; _builder_version=&#8221;4.19.5&#8243; width=&#8221;89%&#8221; width_tablet=&#8221;80%&#8221; width_phone=&#8221;&#8221; width_last_edited=&#8221;on|desktop&#8221; max_width=&#8221;89%&#8221; max_width_tablet=&#8221;80%&#8221; max_width_phone=&#8221;&#8221; max_width_last_edited=&#8221;on|desktop&#8221; custom_margin=&#8221;|||&#8221; make_fullwidth=&#8221;on&#8221; global_colors_info=&#8221;{}&#8221;][et_pb_column type=&#8221;1_2&#8243; _builder_version=&#8221;4.16&#8243; custom_padding=&#8221;|||&#8221; custom_css_main_element=&#8221;||margin: auto;||-webkit-order: 2;||order: 2;&#8221; global_colors_info=&#8221;{}&#8221; custom_padding__hover=&#8221;|||&#8221;][et_pb_text _builder_version=&#8221;4.16&#8243; text_font=&#8221;||||||||&#8221; header_font=&#8221;||||||||&#8221; header_text_align=&#8221;left&#8221; custom_padding=&#8221;|||&#8221; global_colors_info=&#8221;{}&#8221;]<\/p>\n<h3><\/h3>\n<h3 id=\"yui_patched_v3_11_0_1_1425460038161_1510\">Tuotantolinjojen valmistus<\/h3>\n<p>&nbsp;<\/p>\n<p id=\"yui_patched_v3_11_0_1_1426056099296_1684\">Suunnittele isotkin mallit nopeasti hy\u00f6dynt\u00e4en erilaisia kevennystekniikoita, kuten kuorimalleja, fasettimalleja tai n\u00e4k\u00f6ismaleja. S<span>uuremmista suunnittelukokonaisuuksista voi tallentaa my\u00f6s rinnakkaisen layout-mallin. Tehokas, k\u00e4ytt\u00e4j\u00e4\u00e4 ohjaava suunnittelutiedon hallintaj\u00e4rjestelm\u00e4 takaa, ett\u00e4\u00a0<\/span>mallin kaikki dokumentit pysyv\u00e4t hallinnassa ja ovat l\u00f6ydett\u00e4viss\u00e4 vaivattomasti.<\/p>\n<p id=\"yui_patched_v3_11_0_1_1426683182249_1695\">Teet sitten\u00a02D- tai 3D-suunnittelua &#8211; molemmat tavat ovat joustavasti k\u00e4ytett\u00e4viss\u00e4si.<\/p>\n<p style=\"text-align: left\">[\/et_pb_text][\/et_pb_column][et_pb_column type=&#8221;1_2&#8243; _builder_version=&#8221;4.16&#8243; custom_padding=&#8221;|||&#8221; custom_css_main_element=&#8221;margin: auto;||-webkit-order: 1;||order: 1;&#8221; global_colors_info=&#8221;{}&#8221; custom_padding__hover=&#8221;|||&#8221;][et_pb_image src=&#8221;https:\/\/vertex.fi\/g4\/wp-content\/uploads\/sites\/4\/2020\/12\/Heinolan-Sahakoneet.jpg&#8221; alt=&#8221;Tuotantolinjojen valmistus&#8221; _builder_version=&#8221;4.16&#8243; global_colors_info=&#8221;{}&#8221;][\/et_pb_image][\/et_pb_column][\/et_pb_row][\/et_pb_section][et_pb_section fb_built=&#8221;1&#8243; _builder_version=&#8221;4.16&#8243; global_colors_info=&#8221;{}&#8221;][et_pb_row column_structure=&#8221;1_2,1_2&#8243; make_equal=&#8221;on&#8221; module_class=&#8221; et_pb_row_fullwidth&#8221; _builder_version=&#8221;4.16&#8243; width=&#8221;89%&#8221; width_tablet=&#8221;80%&#8221; width_phone=&#8221;&#8221; width_last_edited=&#8221;on|desktop&#8221; max_width=&#8221;89%&#8221; max_width_tablet=&#8221;80%&#8221; max_width_phone=&#8221;&#8221; max_width_last_edited=&#8221;on|desktop&#8221; custom_margin=&#8221;|||&#8221; custom_css_main_element=&#8221;display: -webkit-box;||display: -moz-box;||display: -ms-flexbox;||display: -webkit-flex;||display: flex;||-webkit-flex-wrap: wrap; \/* Safari 6.1+ *\/||flex-wrap: wrap;&#8221; make_fullwidth=&#8221;on&#8221; global_colors_info=&#8221;{}&#8221;][et_pb_column type=&#8221;1_2&#8243; _builder_version=&#8221;4.16&#8243; custom_padding=&#8221;|||&#8221; custom_css_main_element=&#8221;||margin: auto;||-webkit-order: 2;||order: 2;&#8221; global_colors_info=&#8221;{}&#8221; custom_padding__hover=&#8221;|||&#8221;][et_pb_image src=&#8221;https:\/\/vertex.fi\/g4\/wp-content\/uploads\/sites\/4\/2020\/12\/lehtovuori.png&#8221; alt=&#8221;Teollinen muotoilu&#8221; _builder_version=&#8221;4.16&#8243; global_colors_info=&#8221;{}&#8221;][\/et_pb_image][\/et_pb_column][et_pb_column type=&#8221;1_2&#8243; _builder_version=&#8221;4.16&#8243; custom_padding=&#8221;|||&#8221; custom_css_main_element=&#8221;margin: auto;||-webkit-order: 1;||order: 1;&#8221; global_colors_info=&#8221;{}&#8221; custom_padding__hover=&#8221;|||&#8221;][et_pb_text _builder_version=&#8221;4.16&#8243; text_font=&#8221;||||||||&#8221; header_font=&#8221;||||||||&#8221; header_text_align=&#8221;left&#8221; custom_padding=&#8221;|||&#8221; global_colors_info=&#8221;{}&#8221;]<\/p>\n<h3 id=\"yui_patched_v3_11_0_1_1425460111836_1515\">Teollinen muotoilu<\/h3>\n<p>&nbsp;<\/p>\n<p>Vertexi\u00e4 on kehitetty vastaamaan vapaan suunnittelun tarpeisiin ja ohjelma toimii yh\u00e4 enemm\u00e4n luovuuden ehdoilla. Muotoile vaikeatkin geometriat ja siirr\u00e4 ne tuotantoon asti. Keskustele j\u00e4lleenmyyjien ja alihankkijoiden kanssa tuotantoon suunnitteilla olevista tuotteista 3D-mallien avulla. V\u00e4henn\u00e4 3D-suunnittelulla protokappaleiden tarvetta, kaikkia versioita ei tarvitse tehd\u00e4 valmiiksi tuotteiksi asti. Arkistoi 3D-mallit on helposti, ja palaa niihin halutessasi koska tahansa.<em id=\"yui_patched_v3_11_0_1_1425904529746_2140\">\u00a0<\/em>Hy\u00f6dynn\u00e4 mallien valokuvamaista visualisointia markkinoinnin ty\u00f6kaluna.\u00a0<\/p>\n<p>&nbsp;<\/p>\n<p>[\/et_pb_text][\/et_pb_column][\/et_pb_row][\/et_pb_section][et_pb_section fb_built=&#8221;1&#8243; _builder_version=&#8221;4.16&#8243; background_color=&#8221;#f9f9f9&#8243; global_colors_info=&#8221;{}&#8221;][et_pb_row column_structure=&#8221;1_2,1_2&#8243; make_equal=&#8221;on&#8221; module_class=&#8221; et_pb_row_fullwidth&#8221; _builder_version=&#8221;4.19.5&#8243; width=&#8221;89%&#8221; width_tablet=&#8221;80%&#8221; width_phone=&#8221;&#8221; width_last_edited=&#8221;on|desktop&#8221; max_width=&#8221;89%&#8221; max_width_tablet=&#8221;80%&#8221; max_width_phone=&#8221;&#8221; max_width_last_edited=&#8221;on|desktop&#8221; custom_margin=&#8221;|||&#8221; make_fullwidth=&#8221;on&#8221; global_colors_info=&#8221;{}&#8221;][et_pb_column type=&#8221;1_2&#8243; _builder_version=&#8221;4.16&#8243; custom_padding=&#8221;|||&#8221; custom_css_main_element=&#8221;||margin: auto;||-webkit-order: 2;||order: 2;&#8221; global_colors_info=&#8221;{}&#8221; custom_padding__hover=&#8221;|||&#8221;][et_pb_text _builder_version=&#8221;4.16&#8243; text_font=&#8221;||||||||&#8221; header_font=&#8221;||||||||&#8221; header_text_align=&#8221;left&#8221; custom_padding=&#8221;|||&#8221; global_colors_info=&#8221;{}&#8221;]<\/p>\n<h3>\u00a0<\/h3>\n<h3 id=\"yui_patched_v3_11_0_1_1425460242367_1502\">Ter\u00e4s- ja alumiinirakenteet<\/h3>\n<p>&nbsp;<\/p>\n<p id=\"yui_patched_v3_11_0_1_1426682952566_1834\">Nopeuta ty\u00f6skentely\u00e4si automatisoimalla toistuvat ty\u00f6vaiheet. Tuo profiiliosia helposti kokoonpanon osiksi tai osamallin aihioksi ja tuota niist\u00e4 tarvittava osaluettelotietous kuten profiilin nimike, katkaisupituus sek\u00e4 katkaisukulmat. Profiilien assosiatiivisuuden ansiosta teet muutokset helposti.<\/p>\n<p id=\"yui_patched_v3_11_0_1_1426682952566_1796\">Saat helposti Eurokoodi 3:n mukaiset mitoitukset ja niihin liittyv\u00e4t dokumentit.<\/p>\n<p>[\/et_pb_text][\/et_pb_column][et_pb_column type=&#8221;1_2&#8243; _builder_version=&#8221;4.16&#8243; custom_padding=&#8221;|||&#8221; custom_css_main_element=&#8221;margin: auto;||-webkit-order: 1;||order: 1;&#8221; global_colors_info=&#8221;{}&#8221; custom_padding__hover=&#8221;|||&#8221;][et_pb_image src=&#8221;https:\/\/vertex.fi\/g4\/wp-content\/uploads\/sites\/4\/2020\/12\/metallirakenteet_iso.jpeg&#8221; alt=&#8221;Profiilirakenteet&#8221; _builder_version=&#8221;4.16&#8243; global_colors_info=&#8221;{}&#8221;][\/et_pb_image][\/et_pb_column][\/et_pb_row][\/et_pb_section][et_pb_section fb_built=&#8221;1&#8243; fullwidth=&#8221;on&#8221; _builder_version=&#8221;4.23.1&#8243; _module_preset=&#8221;default&#8221; global_colors_info=&#8221;{}&#8221; global_module=&#8221;11385&#8243; theme_builder_area=&#8221;post_content&#8221;][et_pb_fullwidth_code _builder_version=&#8221;4.23.1&#8243; _module_preset=&#8221;default&#8221; global_colors_info=&#8221;{}&#8221; theme_builder_area=&#8221;post_content&#8221;]<ld-slot name=\"footer FI\" ><\/ld-slot>[\/et_pb_fullwidth_code][\/et_pb_section]<\/p>\n","protected":false},"excerpt":{"rendered":"<p>Kotimainen ohjelmistoratkaisu teolliseen suunnitteluunVertex G4 k\u00e4ytt\u00f6kohteetKone- ja laitevalmistus &nbsp; Suunnittele helposti ja tehokkaasti suomenkielisell\u00e4 ohjelmalla. Havainnollista ja testaa virtuaalisesti vaihtoehtoisia toteutusratkaisuja. Ennakoi, tee liikeratatarkasteluja ja testaa tuotteen toimivuus jo suunnittelup\u00f6yd\u00e4ll\u00e4. Nopeutat suunnitteluprosessia, v\u00e4ltyt prototyyppien valmistamiselta ja lyhenn\u00e4t l\u00e4pimenoaikaa. &nbsp; Ajoneuvojen valmistus &nbsp; Keskity suunnitteluun.\u00a0Vertex pit\u00e4\u00e4 dokumentit j\u00e4rjestyksess\u00e4, jolloin piirustusten ja 3D-mallien sis\u00e4lt\u00e4m\u00e4 arvokas tuotetieto on [&hellip;]<\/p>\n","protected":false},"author":5,"featured_media":0,"parent":0,"menu_order":0,"comment_status":"closed","ping_status":"closed","template":"","meta":{"_et_pb_use_builder":"on","_et_pb_old_content":"","_et_gb_content_width":"","sfsi_plus_gutenberg_text_before_share":"","sfsi_plus_gutenberg_show_text_before_share":"","sfsi_plus_gutenberg_icon_type":"","sfsi_plus_gutenberg_icon_alignemt":"","sfsi_plus_gutenburg_max_per_row":""},"yoast_head":"<!-- This site is optimized with the Yoast SEO plugin v18.6 - https:\/\/yoast.com\/wordpress\/plugins\/seo\/ -->\n<title>Vertex G4 Mekaniikkasuunnitteluohjelmisto - K\u00e4ytt\u00f6kohteet<\/title>\n<meta name=\"description\" content=\"Kone- ja laitevalmistus, ajoneuvojen valmistus, ohutlevytuotteet, tuotantolinjojen valmistus, teollinen muotoilu, profiilirakenteet.\" \/>\n<meta name=\"robots\" content=\"index, follow, max-snippet:-1, max-image-preview:large, max-video-preview:-1\" \/>\n<link rel=\"canonical\" href=\"https:\/\/vertex.fi\/g4\/kenelle\/\" \/>\n<meta property=\"og:locale\" content=\"en_US\" \/>\n<meta property=\"og:type\" content=\"article\" \/>\n<meta property=\"og:title\" content=\"Vertex G4 Mekaniikkasuunnitteluohjelmisto - K\u00e4ytt\u00f6kohteet\" \/>\n<meta property=\"og:description\" content=\"Kone- ja laitevalmistus, ajoneuvojen valmistus, ohutlevytuotteet, tuotantolinjojen valmistus, teollinen muotoilu, profiilirakenteet.\" \/>\n<meta property=\"og:url\" content=\"https:\/\/vertex.fi\/g4\/kenelle\/\" \/>\n<meta property=\"og:site_name\" content=\"Vertex G4\" \/>\n<meta property=\"article:modified_time\" content=\"2024-01-23T11:21:36+00:00\" \/>\n<meta name=\"twitter:card\" content=\"summary_large_image\" \/>\n<meta name=\"twitter:label1\" content=\"Est. reading time\" \/>\n\t<meta name=\"twitter:data1\" content=\"9 minutes\" \/>\n<script type=\"application\/ld+json\" class=\"yoast-schema-graph\">{\"@context\":\"https:\/\/schema.org\",\"@graph\":[{\"@type\":\"WebSite\",\"@id\":\"https:\/\/vertex.fi\/g4\/#website\",\"url\":\"https:\/\/vertex.fi\/g4\/\",\"name\":\"Vertex G4\",\"description\":\"Mekaniikkasuunnitteluohjelmisto\",\"potentialAction\":[{\"@type\":\"SearchAction\",\"target\":{\"@type\":\"EntryPoint\",\"urlTemplate\":\"https:\/\/vertex.fi\/g4\/?s={search_term_string}\"},\"query-input\":\"required name=search_term_string\"}],\"inLanguage\":\"en-US\"},{\"@type\":\"WebPage\",\"@id\":\"https:\/\/vertex.fi\/g4\/kenelle\/#webpage\",\"url\":\"https:\/\/vertex.fi\/g4\/kenelle\/\",\"name\":\"Vertex G4 Mekaniikkasuunnitteluohjelmisto - K\u00e4ytt\u00f6kohteet\",\"isPartOf\":{\"@id\":\"https:\/\/vertex.fi\/g4\/#website\"},\"datePublished\":\"2020-12-22T15:26:01+00:00\",\"dateModified\":\"2024-01-23T11:21:36+00:00\",\"description\":\"Kone- ja laitevalmistus, ajoneuvojen valmistus, ohutlevytuotteet, tuotantolinjojen valmistus, teollinen muotoilu, profiilirakenteet.\",\"breadcrumb\":{\"@id\":\"https:\/\/vertex.fi\/g4\/kenelle\/#breadcrumb\"},\"inLanguage\":\"en-US\",\"potentialAction\":[{\"@type\":\"ReadAction\",\"target\":[\"https:\/\/vertex.fi\/g4\/kenelle\/\"]}]},{\"@type\":\"BreadcrumbList\",\"@id\":\"https:\/\/vertex.fi\/g4\/kenelle\/#breadcrumb\",\"itemListElement\":[{\"@type\":\"ListItem\",\"position\":1,\"name\":\"Home\",\"item\":\"https:\/\/vertex.fi\/g4\/\"},{\"@type\":\"ListItem\",\"position\":2,\"name\":\"K\u00e4ytt\u00f6kohteet\"}]}]}<\/script>\n<!-- \/ Yoast SEO plugin. -->","yoast_head_json":{"title":"Vertex G4 Mekaniikkasuunnitteluohjelmisto - K\u00e4ytt\u00f6kohteet","description":"Kone- ja laitevalmistus, ajoneuvojen valmistus, ohutlevytuotteet, tuotantolinjojen valmistus, teollinen muotoilu, profiilirakenteet.","robots":{"index":"index","follow":"follow","max-snippet":"max-snippet:-1","max-image-preview":"max-image-preview:large","max-video-preview":"max-video-preview:-1"},"canonical":"https:\/\/vertex.fi\/g4\/kenelle\/","og_locale":"en_US","og_type":"article","og_title":"Vertex G4 Mekaniikkasuunnitteluohjelmisto - K\u00e4ytt\u00f6kohteet","og_description":"Kone- ja laitevalmistus, ajoneuvojen valmistus, ohutlevytuotteet, tuotantolinjojen valmistus, teollinen muotoilu, profiilirakenteet.","og_url":"https:\/\/vertex.fi\/g4\/kenelle\/","og_site_name":"Vertex G4","article_modified_time":"2024-01-23T11:21:36+00:00","twitter_card":"summary_large_image","twitter_misc":{"Est. reading time":"9 minutes"},"schema":{"@context":"https:\/\/schema.org","@graph":[{"@type":"WebSite","@id":"https:\/\/vertex.fi\/g4\/#website","url":"https:\/\/vertex.fi\/g4\/","name":"Vertex G4","description":"Mekaniikkasuunnitteluohjelmisto","potentialAction":[{"@type":"SearchAction","target":{"@type":"EntryPoint","urlTemplate":"https:\/\/vertex.fi\/g4\/?s={search_term_string}"},"query-input":"required name=search_term_string"}],"inLanguage":"en-US"},{"@type":"WebPage","@id":"https:\/\/vertex.fi\/g4\/kenelle\/#webpage","url":"https:\/\/vertex.fi\/g4\/kenelle\/","name":"Vertex G4 Mekaniikkasuunnitteluohjelmisto - K\u00e4ytt\u00f6kohteet","isPartOf":{"@id":"https:\/\/vertex.fi\/g4\/#website"},"datePublished":"2020-12-22T15:26:01+00:00","dateModified":"2024-01-23T11:21:36+00:00","description":"Kone- ja laitevalmistus, ajoneuvojen valmistus, ohutlevytuotteet, tuotantolinjojen valmistus, teollinen muotoilu, profiilirakenteet.","breadcrumb":{"@id":"https:\/\/vertex.fi\/g4\/kenelle\/#breadcrumb"},"inLanguage":"en-US","potentialAction":[{"@type":"ReadAction","target":["https:\/\/vertex.fi\/g4\/kenelle\/"]}]},{"@type":"BreadcrumbList","@id":"https:\/\/vertex.fi\/g4\/kenelle\/#breadcrumb","itemListElement":[{"@type":"ListItem","position":1,"name":"Home","item":"https:\/\/vertex.fi\/g4\/"},{"@type":"ListItem","position":2,"name":"K\u00e4ytt\u00f6kohteet"}]}]}},"_links":{"self":[{"href":"https:\/\/vertex.fi\/g4\/wp-json\/wp\/v2\/pages\/8343"}],"collection":[{"href":"https:\/\/vertex.fi\/g4\/wp-json\/wp\/v2\/pages"}],"about":[{"href":"https:\/\/vertex.fi\/g4\/wp-json\/wp\/v2\/types\/page"}],"author":[{"embeddable":true,"href":"https:\/\/vertex.fi\/g4\/wp-json\/wp\/v2\/users\/5"}],"replies":[{"embeddable":true,"href":"https:\/\/vertex.fi\/g4\/wp-json\/wp\/v2\/comments?post=8343"}],"version-history":[{"count":59,"href":"https:\/\/vertex.fi\/g4\/wp-json\/wp\/v2\/pages\/8343\/revisions"}],"predecessor-version":[{"id":11388,"href":"https:\/\/vertex.fi\/g4\/wp-json\/wp\/v2\/pages\/8343\/revisions\/11388"}],"wp:attachment":[{"href":"https:\/\/vertex.fi\/g4\/wp-json\/wp\/v2\/media?parent=8343"}],"curies":[{"name":"wp","href":"https:\/\/api.w.org\/{rel}","templated":true}]}}