{"id":9073,"date":"2021-01-27T06:20:09","date_gmt":"2021-01-27T06:20:09","guid":{"rendered":"https:\/\/vertex.fi\/g4\/?page_id=9073"},"modified":"2025-06-25T12:14:14","modified_gmt":"2025-06-25T12:14:14","slug":"g4-perusteet","status":"publish","type":"page","link":"https:\/\/vertex.fi\/g4\/g4-perusteet\/","title":{"rendered":"G4-perusteet"},"content":{"rendered":"<p>[et_pb_section fb_built=&#8221;1&#8243; admin_label=&#8221;Hero&#8221; _builder_version=&#8221;4.16&#8243; use_background_color_gradient=&#8221;on&#8221; background_color_gradient_type=&#8221;circular&#8221; background_color_gradient_direction_radial=&#8221;top left&#8221; background_color_gradient_stops=&#8221;rgba(40,40,40,0.77) 0%|rgba(40,40,40,0.81) 100%&#8221; background_color_gradient_overlays_image=&#8221;on&#8221; background_color_gradient_start=&#8221;rgba(40,40,40,0.77)&#8221; background_color_gradient_end=&#8221;rgba(40,40,40,0.81)&#8221; background_image=&#8221;https:\/\/vertex.fi\/g4\/wp-content\/uploads\/sites\/4\/2021\/01\/vertex_tyopoyta3-scaled.jpg&#8221; background_blend=&#8221;lighten&#8221; custom_margin=&#8221;0px||||false&#8221; custom_margin_tablet=&#8221;&#8221; custom_margin_phone=&#8221;0px||&#8221; custom_margin_last_edited=&#8221;on|desktop&#8221; custom_padding=&#8221;10vw||10vw||true|false&#8221; global_colors_info=&#8221;{}&#8221;][et_pb_row _builder_version=&#8221;4.16&#8243; background_color=&#8221;rgba(0,0,0,0.4)&#8221; vertical_offset=&#8221;0px&#8221; custom_margin=&#8221;0px||0px||false|false&#8221; custom_margin_tablet=&#8221;&#8221; custom_margin_phone=&#8221;0px||0px||false|false&#8221; custom_margin_last_edited=&#8221;on|phone&#8221; custom_padding=&#8221;24px|24px|24px|24px|false|false&#8221; global_colors_info=&#8221;{}&#8221;][et_pb_column type=&#8221;4_4&#8243; _builder_version=&#8221;4.16&#8243; custom_padding=&#8221;|||&#8221; global_colors_info=&#8221;{}&#8221; custom_padding__hover=&#8221;|||&#8221;][et_pb_text _builder_version=&#8221;4.16&#8243; text_font=&#8221;||||||||&#8221; header_font=&#8221;Rubik|700|||||||&#8221; header_font_size=&#8221;50px&#8221; header_line_height=&#8221;1.1em&#8221; background_layout=&#8221;dark&#8221; max_width=&#8221;900px&#8221; custom_margin=&#8221;||0px|&#8221; custom_padding=&#8221;10px||6px|16px|false|false&#8221; text_font_size_tablet=&#8221;14px&#8221; text_font_size_last_edited=&#8221;off|desktop&#8221; header_font_size_tablet=&#8221;44px&#8221; header_font_size_phone=&#8221;33px&#8221; header_font_size_last_edited=&#8221;on|desktop&#8221; text_text_shadow_style=&#8221;preset1&#8243; text_text_shadow_horizontal_length=&#8221;0.16em&#8221; text_text_shadow_vertical_length=&#8221;0.16em&#8221; text_text_shadow_blur_strength=&#8221;0.92em&#8221; text_text_shadow_color=&#8221;rgba(0,0,0,0.33)&#8221; border_color_all=&#8221;#005C9D&#8221; border_width_left=&#8221;10px&#8221; global_colors_info=&#8221;{}&#8221;]<\/p>\n<h1><span style=\"color: #ffffff\">\u00a0Vertex G4:n perusteet videosarja<\/span><\/h1>\n<p>[\/et_pb_text][et_pb_text _builder_version=&#8221;4.16&#8243; text_font=&#8221;||||||||&#8221; text_font_size=&#8221;16px&#8221; text_line_height=&#8221;1.6em&#8221; header_font=&#8221;||||||||&#8221; background_layout=&#8221;dark&#8221; max_width=&#8221;800px&#8221; custom_margin=&#8221;15px|||28px|false|false&#8221; custom_padding=&#8221;1px||1px||true|&#8221; text_font_size_tablet=&#8221;16px&#8221; text_font_size_phone=&#8221;14px&#8221; text_font_size_last_edited=&#8221;on|desktop&#8221; text_text_shadow_style=&#8221;preset1&#8243; text_text_shadow_horizontal_length=&#8221;0.12em&#8221; text_text_shadow_vertical_length=&#8221;0.12em&#8221; text_text_shadow_blur_strength=&#8221;0.68em&#8221; text_text_shadow_color=&#8221;rgba(0,0,0,0.33)&#8221; global_colors_info=&#8221;{}&#8221;]<\/p>\n<h2 class=\"et_pb_module_header et-fb-editable-element et-fb-editable-element__editing\" data-shortcode-id=\"0.0-1605787173876\" data-quickaccess-id=\"title\">Katso kahdeksan videon sarja ja opi Vertex G4:n perusteet.<\/h2>\n<p>[\/et_pb_text][\/et_pb_column][\/et_pb_row][\/et_pb_section][et_pb_section fb_built=&#8221;1&#8243; _builder_version=&#8221;4.16&#8243; background_color=&#8221;#f9f9f9&#8243; width=&#8221;100%&#8221; module_alignment=&#8221;center&#8221; global_colors_info=&#8221;{}&#8221;][et_pb_row _builder_version=&#8221;4.16&#8243; max_width=&#8221;800px&#8221; custom_margin=&#8221;||-42px||false|false&#8221; global_colors_info=&#8221;{}&#8221;][et_pb_column type=&#8221;4_4&#8243; _builder_version=&#8221;4.16&#8243; global_colors_info=&#8221;{}&#8221;][et_pb_cta title=&#8221;Aiheet:&#8221; button_text=&#8221;Click Here&#8221; title_tablet=&#8221;&#8221; title_phone=&#8221;&#8221; title_last_edited=&#8221;on|phone&#8221; content_tablet=&#8221;&#8221; content_phone=&#8221;&#8221; content_last_edited=&#8221;on|desktop&#8221; _builder_version=&#8221;4.16&#8243; header_text_color=&#8221;rgba(0,0,0,0.92)&#8221; background_color=&#8221;rgba(0,0,0,0)&#8221; custom_margin=&#8221;||||false|false&#8221; custom_padding=&#8221;||10px||false|false&#8221; border_color_top=&#8221;#e02b20&#8243; border_color_bottom=&#8221;#e02b20&#8243; border_color_left=&#8221;#e02b20&#8243; global_colors_info=&#8221;{}&#8221;]<\/p>\n<h4>\u00a0<span style=\"color: #333333;\">Ohjelman yleisilme|Dokumetit, projektit ja arkistointi |Luonnostelu|Osamallinnus|Kokoonpanot|Piirustus|<br \/>Tiedonhallinta<\/span><\/h4>\n<p>&nbsp;<\/p>\n<h4><\/h4>\n<h4><span style=\"color: #333333;\">Kirjoita s\u00e4hk\u00f6postiosoitteesi ja paina L\u00e4het\u00e4, niin p\u00e4\u00e4set katsomaan videosarjan.<\/span><\/h4>\n<p>[\/et_pb_cta][\/et_pb_column][\/et_pb_row][et_pb_row _builder_version=&#8221;4.16&#8243; max_width=&#8221;800px&#8221; global_colors_info=&#8221;{}&#8221;][et_pb_column type=&#8221;4_4&#8243; _builder_version=&#8221;4.16&#8243; global_colors_info=&#8221;{}&#8221;][et_pb_contact_form email=&#8221;timo.peura@vertex.fi&#8221; custom_message=&#8221;G4-videosarjatilaus||et_pb_line_break_holder||S\u00e4hk\u00f6posti: %%S\u00e4hk\u00f6posti%%||et_pb_line_break_holder||&#8221; use_redirect=&#8221;on&#8221; redirect_url=&#8221;https:\/\/www.youtube.com\/playlist?list=PLC7EdvrqxJu9WMBI4msgt22UOO_iyPBqZ&#8221; success_message=&#8221;Kiitos.&#8221; submit_button_text=&#8221;L\u00e4het\u00e4&#8221; _builder_version=&#8221;4.16&#8243; _unique_id=&#8221;2c4830d1-11ce-44f4-993e-edcad961eca7&#8243; custom_button=&#8221;on&#8221; button_text_color=&#8221;#ffffff&#8221; button_bg_color=&#8221;#f26b22&#8243; button_border_width=&#8221;0px&#8221; button_border_radius=&#8221;0px&#8221; button_icon=&#8221;&#x35;||divi||400&#8243; hover_enabled=&#8221;0&#8243; global_colors_info=&#8221;{}&#8221; sticky_enabled=&#8221;0&#8243;][et_pb_contact_field field_id=&#8221;S\u00e4hk\u00f6posti&#8221; field_title=&#8221;S\u00e4hk\u00f6posti&#8221; fullwidth_field=&#8221;on&#8221; _builder_version=&#8221;4.16&#8243; global_colors_info=&#8221;{}&#8221; button_text_size__hover_enabled=&#8221;off&#8221; button_one_text_size__hover_enabled=&#8221;off&#8221; button_two_text_size__hover_enabled=&#8221;off&#8221; button_text_color__hover_enabled=&#8221;off&#8221; button_one_text_color__hover_enabled=&#8221;off&#8221; button_two_text_color__hover_enabled=&#8221;off&#8221; button_border_width__hover_enabled=&#8221;off&#8221; button_one_border_width__hover_enabled=&#8221;off&#8221; button_two_border_width__hover_enabled=&#8221;off&#8221; button_border_color__hover_enabled=&#8221;off&#8221; button_one_border_color__hover_enabled=&#8221;off&#8221; button_two_border_color__hover_enabled=&#8221;off&#8221; button_border_radius__hover_enabled=&#8221;off&#8221; button_one_border_radius__hover_enabled=&#8221;off&#8221; button_two_border_radius__hover_enabled=&#8221;off&#8221; button_letter_spacing__hover_enabled=&#8221;off&#8221; button_one_letter_spacing__hover_enabled=&#8221;off&#8221; button_two_letter_spacing__hover_enabled=&#8221;off&#8221; button_bg_color__hover_enabled=&#8221;off&#8221; button_one_bg_color__hover_enabled=&#8221;off&#8221; button_two_bg_color__hover_enabled=&#8221;off&#8221;][\/et_pb_contact_field][\/et_pb_contact_form][et_pb_text _builder_version=&#8221;4.16&#8243; global_colors_info=&#8221;{}&#8221;]<\/p>\n<p style=\"text-align: right\"><span class=\"registration-description\" data-bind=\"expander:{'expandText': moreButtonText(), 'userCollapseText': lessButtonText(), 'text':getWebinarInfo().description}\">Tietojasi k\u00e4sitell\u00e4\u00e4n <a href=\"https:\/\/vertex.fi\/tietosuoja\/\" target=\"_blank\" rel=\"noopener noreferrer\">tietosuojaselosteemme<\/a> mukaisesti.<\/span><\/p>\n<p>[\/et_pb_text][\/et_pb_column][\/et_pb_row][\/et_pb_section]<\/p>\n","protected":false},"excerpt":{"rendered":"<p>\u00a0Vertex G4:n perusteet videosarjaKatso kahdeksan videon sarja ja opi Vertex G4:n perusteet.\u00a0Ohjelman yleisilme|Dokumetit, projektit ja arkistointi |Luonnostelu|Osamallinnus|Kokoonpanot|Piirustus|Tiedonhallinta &nbsp; Kirjoita s\u00e4hk\u00f6postiosoitteesi ja paina L\u00e4het\u00e4, niin p\u00e4\u00e4set katsomaan videosarjan.Tietojasi k\u00e4sitell\u00e4\u00e4n tietosuojaselosteemme mukaisesti.<\/p>\n","protected":false},"author":5,"featured_media":0,"parent":0,"menu_order":0,"comment_status":"closed","ping_status":"closed","template":"","meta":{"_et_pb_use_builder":"on","_et_pb_old_content":"","_et_gb_content_width":"","sfsi_plus_gutenberg_text_before_share":"","sfsi_plus_gutenberg_show_text_before_share":"","sfsi_plus_gutenberg_icon_type":"","sfsi_plus_gutenberg_icon_alignemt":"","sfsi_plus_gutenburg_max_per_row":""},"yoast_head":"<!-- This site is optimized with the Yoast SEO plugin v18.6 - https:\/\/yoast.com\/wordpress\/plugins\/seo\/ -->\n<title>G4-perusteet - Vertex G4<\/title>\n<meta name=\"robots\" content=\"index, follow, max-snippet:-1, max-image-preview:large, max-video-preview:-1\" \/>\n<link rel=\"canonical\" href=\"https:\/\/vertex.fi\/g4\/g4-perusteet\/\" \/>\n<meta property=\"og:locale\" content=\"en_US\" \/>\n<meta property=\"og:type\" content=\"article\" \/>\n<meta property=\"og:title\" content=\"G4-perusteet - Vertex G4\" \/>\n<meta property=\"og:description\" content=\"\u00a0Vertex G4:n perusteet videosarjaKatso kahdeksan videon sarja ja opi Vertex G4:n perusteet.\u00a0Ohjelman yleisilme|Dokumetit, projektit ja arkistointi |Luonnostelu|Osamallinnus|Kokoonpanot|Piirustus|Tiedonhallinta &nbsp; Kirjoita s\u00e4hk\u00f6postiosoitteesi ja paina L\u00e4het\u00e4, niin p\u00e4\u00e4set katsomaan videosarjan.Tietojasi k\u00e4sitell\u00e4\u00e4n tietosuojaselosteemme mukaisesti.\" \/>\n<meta property=\"og:url\" content=\"https:\/\/vertex.fi\/g4\/g4-perusteet\/\" \/>\n<meta property=\"og:site_name\" content=\"Vertex G4\" \/>\n<meta property=\"article:modified_time\" content=\"2025-06-25T12:14:14+00:00\" \/>\n<meta name=\"twitter:card\" content=\"summary_large_image\" \/>\n<meta name=\"twitter:label1\" content=\"Est. reading time\" \/>\n\t<meta name=\"twitter:data1\" content=\"4 minutes\" \/>\n<script type=\"application\/ld+json\" class=\"yoast-schema-graph\">{\"@context\":\"https:\/\/schema.org\",\"@graph\":[{\"@type\":\"WebSite\",\"@id\":\"https:\/\/vertex.fi\/g4\/#website\",\"url\":\"https:\/\/vertex.fi\/g4\/\",\"name\":\"Vertex G4\",\"description\":\"Mekaniikkasuunnitteluohjelmisto\",\"potentialAction\":[{\"@type\":\"SearchAction\",\"target\":{\"@type\":\"EntryPoint\",\"urlTemplate\":\"https:\/\/vertex.fi\/g4\/?s={search_term_string}\"},\"query-input\":\"required name=search_term_string\"}],\"inLanguage\":\"en-US\"},{\"@type\":\"WebPage\",\"@id\":\"https:\/\/vertex.fi\/g4\/g4-perusteet\/#webpage\",\"url\":\"https:\/\/vertex.fi\/g4\/g4-perusteet\/\",\"name\":\"G4-perusteet - Vertex G4\",\"isPartOf\":{\"@id\":\"https:\/\/vertex.fi\/g4\/#website\"},\"datePublished\":\"2021-01-27T06:20:09+00:00\",\"dateModified\":\"2025-06-25T12:14:14+00:00\",\"breadcrumb\":{\"@id\":\"https:\/\/vertex.fi\/g4\/g4-perusteet\/#breadcrumb\"},\"inLanguage\":\"en-US\",\"potentialAction\":[{\"@type\":\"ReadAction\",\"target\":[\"https:\/\/vertex.fi\/g4\/g4-perusteet\/\"]}]},{\"@type\":\"BreadcrumbList\",\"@id\":\"https:\/\/vertex.fi\/g4\/g4-perusteet\/#breadcrumb\",\"itemListElement\":[{\"@type\":\"ListItem\",\"position\":1,\"name\":\"Home\",\"item\":\"https:\/\/vertex.fi\/g4\/\"},{\"@type\":\"ListItem\",\"position\":2,\"name\":\"G4-perusteet\"}]}]}<\/script>\n<!-- \/ Yoast SEO plugin. -->","yoast_head_json":{"title":"G4-perusteet - Vertex G4","robots":{"index":"index","follow":"follow","max-snippet":"max-snippet:-1","max-image-preview":"max-image-preview:large","max-video-preview":"max-video-preview:-1"},"canonical":"https:\/\/vertex.fi\/g4\/g4-perusteet\/","og_locale":"en_US","og_type":"article","og_title":"G4-perusteet - Vertex G4","og_description":"\u00a0Vertex G4:n perusteet videosarjaKatso kahdeksan videon sarja ja opi Vertex G4:n perusteet.\u00a0Ohjelman yleisilme|Dokumetit, projektit ja arkistointi |Luonnostelu|Osamallinnus|Kokoonpanot|Piirustus|Tiedonhallinta &nbsp; Kirjoita s\u00e4hk\u00f6postiosoitteesi ja paina L\u00e4het\u00e4, niin p\u00e4\u00e4set katsomaan videosarjan.Tietojasi k\u00e4sitell\u00e4\u00e4n tietosuojaselosteemme mukaisesti.","og_url":"https:\/\/vertex.fi\/g4\/g4-perusteet\/","og_site_name":"Vertex G4","article_modified_time":"2025-06-25T12:14:14+00:00","twitter_card":"summary_large_image","twitter_misc":{"Est. reading time":"4 minutes"},"schema":{"@context":"https:\/\/schema.org","@graph":[{"@type":"WebSite","@id":"https:\/\/vertex.fi\/g4\/#website","url":"https:\/\/vertex.fi\/g4\/","name":"Vertex G4","description":"Mekaniikkasuunnitteluohjelmisto","potentialAction":[{"@type":"SearchAction","target":{"@type":"EntryPoint","urlTemplate":"https:\/\/vertex.fi\/g4\/?s={search_term_string}"},"query-input":"required name=search_term_string"}],"inLanguage":"en-US"},{"@type":"WebPage","@id":"https:\/\/vertex.fi\/g4\/g4-perusteet\/#webpage","url":"https:\/\/vertex.fi\/g4\/g4-perusteet\/","name":"G4-perusteet - Vertex G4","isPartOf":{"@id":"https:\/\/vertex.fi\/g4\/#website"},"datePublished":"2021-01-27T06:20:09+00:00","dateModified":"2025-06-25T12:14:14+00:00","breadcrumb":{"@id":"https:\/\/vertex.fi\/g4\/g4-perusteet\/#breadcrumb"},"inLanguage":"en-US","potentialAction":[{"@type":"ReadAction","target":["https:\/\/vertex.fi\/g4\/g4-perusteet\/"]}]},{"@type":"BreadcrumbList","@id":"https:\/\/vertex.fi\/g4\/g4-perusteet\/#breadcrumb","itemListElement":[{"@type":"ListItem","position":1,"name":"Home","item":"https:\/\/vertex.fi\/g4\/"},{"@type":"ListItem","position":2,"name":"G4-perusteet"}]}]}},"_links":{"self":[{"href":"https:\/\/vertex.fi\/g4\/wp-json\/wp\/v2\/pages\/9073"}],"collection":[{"href":"https:\/\/vertex.fi\/g4\/wp-json\/wp\/v2\/pages"}],"about":[{"href":"https:\/\/vertex.fi\/g4\/wp-json\/wp\/v2\/types\/page"}],"author":[{"embeddable":true,"href":"https:\/\/vertex.fi\/g4\/wp-json\/wp\/v2\/users\/5"}],"replies":[{"embeddable":true,"href":"https:\/\/vertex.fi\/g4\/wp-json\/wp\/v2\/comments?post=9073"}],"version-history":[{"count":21,"href":"https:\/\/vertex.fi\/g4\/wp-json\/wp\/v2\/pages\/9073\/revisions"}],"predecessor-version":[{"id":12038,"href":"https:\/\/vertex.fi\/g4\/wp-json\/wp\/v2\/pages\/9073\/revisions\/12038"}],"wp:attachment":[{"href":"https:\/\/vertex.fi\/g4\/wp-json\/wp\/v2\/media?parent=9073"}],"curies":[{"name":"wp","href":"https:\/\/api.w.org\/{rel}","templated":true}]}}