{"id":10045,"date":"2021-05-27T13:53:54","date_gmt":"2021-05-27T11:53:54","guid":{"rendered":"https:\/\/vertex.fi\/g4plant\/?page_id=10045"},"modified":"2024-06-07T09:55:53","modified_gmt":"2024-06-07T07:55:53","slug":"g4plant-kurssit","status":"publish","type":"page","link":"https:\/\/vertex.fi\/g4plant\/g4plant-kurssit\/","title":{"rendered":"Vertex G4Plant kurssit"},"content":{"rendered":"<p>[et_pb_section fb_built=&#8221;1&#8243; admin_label=&#8221;Hero&#8221; _builder_version=&#8221;4.16&#8243; background_color=&#8221;rgba(0,0,0,0)&#8221; background_image=&#8221;https:\/\/vertex.fi\/g4plant\/wp-content\/uploads\/sites\/7\/2021\/05\/Vx2021_pohja_levea.png&#8221; background_position=&#8221;center_right&#8221; background_blend=&#8221;lighten&#8221; background_enable_video_mp4=&#8221;off&#8221; custom_margin=&#8221;0px||||false&#8221; custom_margin_tablet=&#8221;&#8221; custom_margin_phone=&#8221;0px||&#8221; custom_margin_last_edited=&#8221;on|desktop&#8221; custom_padding=&#8221;10vw||10vw||true|false&#8221; global_colors_info=&#8221;{}&#8221;][et_pb_row column_structure=&#8221;2_3,1_3&#8243; _builder_version=&#8221;4.16&#8243; background_color=&#8221;rgba(0,0,0,0.4)&#8221; custom_padding=&#8221;16px|24px|16px|24px|false|false&#8221; global_colors_info=&#8221;{}&#8221;][et_pb_column type=&#8221;2_3&#8243; _builder_version=&#8221;4.16&#8243; custom_padding=&#8221;|||&#8221; global_colors_info=&#8221;{}&#8221; custom_padding__hover=&#8221;|||&#8221;][et_pb_text _builder_version=&#8221;4.16&#8243; text_font=&#8221;||||||||&#8221; header_font=&#8221;Rubik|700|||||||&#8221; header_font_size=&#8221;50px&#8221; header_line_height=&#8221;1.1em&#8221; background_layout=&#8221;dark&#8221; max_width=&#8221;800px&#8221; custom_margin=&#8221;||0px|&#8221; custom_padding=&#8221;10px||6px|16px|false|false&#8221; text_font_size_tablet=&#8221;14px&#8221; text_font_size_last_edited=&#8221;off|desktop&#8221; header_font_size_tablet=&#8221;44px&#8221; header_font_size_phone=&#8221;33px&#8221; header_font_size_last_edited=&#8221;on|desktop&#8221; border_color_all=&#8221;#009b4c&#8221; border_width_left=&#8221;10px&#8221; global_colors_info=&#8221;{}&#8221;]<\/p>\n<h1 id=\"yui_patched_v3_11_0_1_1508415344771_1216\" style=\"text-align: left;\"><span id=\"yui_patched_v3_11_0_1_1528798656829_1400\" style=\"font-size: 48px;\">Vertex G4Plant kurssit<br \/> <\/span><\/h1>\n<p>[\/et_pb_text][et_pb_text _builder_version=&#8221;4.16&#8243; custom_padding=&#8221;15px||||false|false&#8221; global_colors_info=&#8221;{}&#8221;]<\/p>\n<h3><span style=\"color: #ffffff\">Haluatko tehokkaaksi Vertex-ohjelmiston k\u00e4ytt\u00e4j\u00e4ksi?<br \/><\/span><\/h3>\n<p>[\/et_pb_text][et_pb_text _builder_version=&#8221;4.16&#8243; global_colors_info=&#8221;{}&#8221;]<\/p>\n<p><span style=\"color: #ffffff;\">Me haluamme ett\u00e4 menestyt. Jotta voit hy\u00f6dynt\u00e4\u00e4 Vertex -ohjelmistoasi tehokkaasti organisaatiosi liiketoiminnassa, suosittelemme Vertex-koulutuksia.<\/span><span style=\"color: #ffffff;\"><\/span><\/p>\n<p><span style=\"color: #ffffff;\"><\/span><\/p>\n<p>[\/et_pb_text][et_pb_button button_url=&#8221;https:\/\/vertex.fi\/koulutus\/&#8221; button_text=&#8221;Kurssikalenteri&#8221; _builder_version=&#8221;4.16&#8243; _module_preset=&#8221;default&#8221; custom_button=&#8221;on&#8221; button_text_size=&#8221;18px&#8221; button_text_color=&#8221;#ffffff&#8221; button_bg_color=&#8221;#005c9d&#8221; button_border_width=&#8221;0px&#8221; button_border_radius=&#8221;0px&#8221; global_colors_info=&#8221;{}&#8221;][\/et_pb_button][\/et_pb_column][et_pb_column type=&#8221;1_3&#8243; _builder_version=&#8221;4.16&#8243; custom_padding=&#8221;|||&#8221; global_colors_info=&#8221;{}&#8221; custom_padding__hover=&#8221;|||&#8221;][\/et_pb_column][\/et_pb_row][\/et_pb_section][et_pb_section fb_built=&#8221;1&#8243; _builder_version=&#8221;4.16&#8243; global_colors_info=&#8221;{}&#8221;][et_pb_row _builder_version=&#8221;4.16&#8243; global_colors_info=&#8221;{}&#8221;][et_pb_column type=&#8221;4_4&#8243; _builder_version=&#8221;4.16&#8243; global_colors_info=&#8221;{}&#8221;][et_pb_text _builder_version=&#8221;4.16&#8243; global_colors_info=&#8221;{}&#8221;]<\/p>\n<h3>Vertex G4Plant -kurssit<\/h3>\n<p id=\"yui_patched_v3_11_0_1_1423038934743_1507\">[\/et_pb_text][et_pb_blog fullwidth=&#8221;off&#8221; include_categories=&#8221;18&#8243; show_more=&#8221;on&#8221; show_author=&#8221;off&#8221; show_date=&#8221;off&#8221; show_categories=&#8221;off&#8221; _builder_version=&#8221;4.16&#8243; _module_preset=&#8221;default&#8221; border_radii=&#8221;on|1px|1px|1px|1px&#8221; global_colors_info=&#8221;{}&#8221;][\/et_pb_blog][\/et_pb_column][\/et_pb_row][\/et_pb_section]<\/p>\n","protected":false},"excerpt":{"rendered":"<p>Vertex G4Plant kurssit Haluatko tehokkaaksi Vertex-ohjelmiston k\u00e4ytt\u00e4j\u00e4ksi?Me haluamme ett\u00e4 menestyt. Jotta voit hy\u00f6dynt\u00e4\u00e4 Vertex -ohjelmistoasi tehokkaasti organisaatiosi liiketoiminnassa, suosittelemme Vertex-koulutuksia. Vertex G4Plant -kurssit<\/p>\n","protected":false},"author":2,"featured_media":0,"parent":0,"menu_order":0,"comment_status":"closed","ping_status":"closed","template":"","meta":{"_et_pb_use_builder":"on","_et_pb_old_content":"","_et_gb_content_width":"","sfsi_plus_gutenberg_text_before_share":"","sfsi_plus_gutenberg_show_text_before_share":"","sfsi_plus_gutenberg_icon_type":"","sfsi_plus_gutenberg_icon_alignemt":"","sfsi_plus_gutenburg_max_per_row":""},"yoast_head":"<!-- This site is optimized with the Yoast SEO plugin v18.6 - https:\/\/yoast.com\/wordpress\/plugins\/seo\/ -->\n<title>Vertex G4Plant kurssit - Vertex G4Plant<\/title>\n<meta name=\"robots\" content=\"index, follow, max-snippet:-1, max-image-preview:large, max-video-preview:-1\" \/>\n<link rel=\"canonical\" href=\"https:\/\/vertex.fi\/g4plant\/g4plant-kurssit\/\" \/>\n<meta property=\"og:locale\" content=\"en_US\" \/>\n<meta property=\"og:type\" content=\"article\" \/>\n<meta property=\"og:title\" content=\"Vertex G4Plant kurssit - Vertex G4Plant\" \/>\n<meta property=\"og:description\" content=\"Vertex G4Plant kurssit Haluatko tehokkaaksi Vertex-ohjelmiston k\u00e4ytt\u00e4j\u00e4ksi?Me haluamme ett\u00e4 menestyt. Jotta voit hy\u00f6dynt\u00e4\u00e4 Vertex -ohjelmistoasi tehokkaasti organisaatiosi liiketoiminnassa, suosittelemme Vertex-koulutuksia. Vertex G4Plant -kurssit\" \/>\n<meta property=\"og:url\" content=\"https:\/\/vertex.fi\/g4plant\/g4plant-kurssit\/\" \/>\n<meta property=\"og:site_name\" content=\"Vertex G4Plant\" \/>\n<meta property=\"article:publisher\" content=\"https:\/\/www.facebook.com\/vertextampere\/\" \/>\n<meta property=\"article:modified_time\" content=\"2024-06-07T07:55:53+00:00\" \/>\n<meta name=\"twitter:card\" content=\"summary_large_image\" \/>\n<meta name=\"twitter:site\" content=\"@VertexSystemsHQ\" \/>\n<meta name=\"twitter:label1\" content=\"Est. reading time\" \/>\n\t<meta name=\"twitter:data1\" content=\"2 minutes\" \/>\n<script type=\"application\/ld+json\" class=\"yoast-schema-graph\">{\"@context\":\"https:\/\/schema.org\",\"@graph\":[{\"@type\":\"Organization\",\"@id\":\"https:\/\/vertex.fi\/g4plant\/#organization\",\"name\":\"Vertex Systems Oy\",\"url\":\"https:\/\/vertex.fi\/g4plant\/\",\"sameAs\":[\"https:\/\/www.facebook.com\/vertextampere\/\",\"https:\/\/www.instagram.com\/vertexsystems\/\",\"https:\/\/www.linkedin.com\/company\/vertex-systems-oy\",\"https:\/\/www.youtube.com\/user\/VertexSystemsFIN\/featured\",\"https:\/\/twitter.com\/VertexSystemsHQ\"],\"logo\":{\"@type\":\"ImageObject\",\"@id\":\"https:\/\/vertex.fi\/g4plant\/#logo\",\"inLanguage\":\"en-US\",\"url\":\"https:\/\/vertex.fi\/g4plant\/wp-content\/uploads\/sites\/7\/2021\/01\/VERTEXlogo_400.png\",\"contentUrl\":\"https:\/\/vertex.fi\/g4plant\/wp-content\/uploads\/sites\/7\/2021\/01\/VERTEXlogo_400.png\",\"width\":400,\"height\":101,\"caption\":\"Vertex Systems Oy\"},\"image\":{\"@id\":\"https:\/\/vertex.fi\/g4plant\/#logo\"}},{\"@type\":\"WebSite\",\"@id\":\"https:\/\/vertex.fi\/g4plant\/#website\",\"url\":\"https:\/\/vertex.fi\/g4plant\/\",\"name\":\"Vertex G4Plant\",\"description\":\"3D laitos- ja putkistosuunnitteluohjelmisto\",\"publisher\":{\"@id\":\"https:\/\/vertex.fi\/g4plant\/#organization\"},\"potentialAction\":[{\"@type\":\"SearchAction\",\"target\":{\"@type\":\"EntryPoint\",\"urlTemplate\":\"https:\/\/vertex.fi\/g4plant\/?s={search_term_string}\"},\"query-input\":\"required name=search_term_string\"}],\"inLanguage\":\"en-US\"},{\"@type\":\"WebPage\",\"@id\":\"https:\/\/vertex.fi\/g4plant\/g4plant-kurssit\/#webpage\",\"url\":\"https:\/\/vertex.fi\/g4plant\/g4plant-kurssit\/\",\"name\":\"Vertex G4Plant kurssit - Vertex G4Plant\",\"isPartOf\":{\"@id\":\"https:\/\/vertex.fi\/g4plant\/#website\"},\"datePublished\":\"2021-05-27T11:53:54+00:00\",\"dateModified\":\"2024-06-07T07:55:53+00:00\",\"breadcrumb\":{\"@id\":\"https:\/\/vertex.fi\/g4plant\/g4plant-kurssit\/#breadcrumb\"},\"inLanguage\":\"en-US\",\"potentialAction\":[{\"@type\":\"ReadAction\",\"target\":[\"https:\/\/vertex.fi\/g4plant\/g4plant-kurssit\/\"]}]},{\"@type\":\"BreadcrumbList\",\"@id\":\"https:\/\/vertex.fi\/g4plant\/g4plant-kurssit\/#breadcrumb\",\"itemListElement\":[{\"@type\":\"ListItem\",\"position\":1,\"name\":\"Home\",\"item\":\"https:\/\/vertex.fi\/g4plant\/\"},{\"@type\":\"ListItem\",\"position\":2,\"name\":\"Vertex G4Plant kurssit\"}]}]}<\/script>\n<!-- \/ Yoast SEO plugin. -->","yoast_head_json":{"title":"Vertex G4Plant kurssit - Vertex G4Plant","robots":{"index":"index","follow":"follow","max-snippet":"max-snippet:-1","max-image-preview":"max-image-preview:large","max-video-preview":"max-video-preview:-1"},"canonical":"https:\/\/vertex.fi\/g4plant\/g4plant-kurssit\/","og_locale":"en_US","og_type":"article","og_title":"Vertex G4Plant kurssit - Vertex G4Plant","og_description":"Vertex G4Plant kurssit Haluatko tehokkaaksi Vertex-ohjelmiston k\u00e4ytt\u00e4j\u00e4ksi?Me haluamme ett\u00e4 menestyt. Jotta voit hy\u00f6dynt\u00e4\u00e4 Vertex -ohjelmistoasi tehokkaasti organisaatiosi liiketoiminnassa, suosittelemme Vertex-koulutuksia. Vertex G4Plant -kurssit","og_url":"https:\/\/vertex.fi\/g4plant\/g4plant-kurssit\/","og_site_name":"Vertex G4Plant","article_publisher":"https:\/\/www.facebook.com\/vertextampere\/","article_modified_time":"2024-06-07T07:55:53+00:00","twitter_card":"summary_large_image","twitter_site":"@VertexSystemsHQ","twitter_misc":{"Est. reading time":"2 minutes"},"schema":{"@context":"https:\/\/schema.org","@graph":[{"@type":"Organization","@id":"https:\/\/vertex.fi\/g4plant\/#organization","name":"Vertex Systems Oy","url":"https:\/\/vertex.fi\/g4plant\/","sameAs":["https:\/\/www.facebook.com\/vertextampere\/","https:\/\/www.instagram.com\/vertexsystems\/","https:\/\/www.linkedin.com\/company\/vertex-systems-oy","https:\/\/www.youtube.com\/user\/VertexSystemsFIN\/featured","https:\/\/twitter.com\/VertexSystemsHQ"],"logo":{"@type":"ImageObject","@id":"https:\/\/vertex.fi\/g4plant\/#logo","inLanguage":"en-US","url":"https:\/\/vertex.fi\/g4plant\/wp-content\/uploads\/sites\/7\/2021\/01\/VERTEXlogo_400.png","contentUrl":"https:\/\/vertex.fi\/g4plant\/wp-content\/uploads\/sites\/7\/2021\/01\/VERTEXlogo_400.png","width":400,"height":101,"caption":"Vertex Systems Oy"},"image":{"@id":"https:\/\/vertex.fi\/g4plant\/#logo"}},{"@type":"WebSite","@id":"https:\/\/vertex.fi\/g4plant\/#website","url":"https:\/\/vertex.fi\/g4plant\/","name":"Vertex G4Plant","description":"3D laitos- ja putkistosuunnitteluohjelmisto","publisher":{"@id":"https:\/\/vertex.fi\/g4plant\/#organization"},"potentialAction":[{"@type":"SearchAction","target":{"@type":"EntryPoint","urlTemplate":"https:\/\/vertex.fi\/g4plant\/?s={search_term_string}"},"query-input":"required name=search_term_string"}],"inLanguage":"en-US"},{"@type":"WebPage","@id":"https:\/\/vertex.fi\/g4plant\/g4plant-kurssit\/#webpage","url":"https:\/\/vertex.fi\/g4plant\/g4plant-kurssit\/","name":"Vertex G4Plant kurssit - Vertex G4Plant","isPartOf":{"@id":"https:\/\/vertex.fi\/g4plant\/#website"},"datePublished":"2021-05-27T11:53:54+00:00","dateModified":"2024-06-07T07:55:53+00:00","breadcrumb":{"@id":"https:\/\/vertex.fi\/g4plant\/g4plant-kurssit\/#breadcrumb"},"inLanguage":"en-US","potentialAction":[{"@type":"ReadAction","target":["https:\/\/vertex.fi\/g4plant\/g4plant-kurssit\/"]}]},{"@type":"BreadcrumbList","@id":"https:\/\/vertex.fi\/g4plant\/g4plant-kurssit\/#breadcrumb","itemListElement":[{"@type":"ListItem","position":1,"name":"Home","item":"https:\/\/vertex.fi\/g4plant\/"},{"@type":"ListItem","position":2,"name":"Vertex G4Plant kurssit"}]}]}},"_links":{"self":[{"href":"https:\/\/vertex.fi\/g4plant\/wp-json\/wp\/v2\/pages\/10045"}],"collection":[{"href":"https:\/\/vertex.fi\/g4plant\/wp-json\/wp\/v2\/pages"}],"about":[{"href":"https:\/\/vertex.fi\/g4plant\/wp-json\/wp\/v2\/types\/page"}],"author":[{"embeddable":true,"href":"https:\/\/vertex.fi\/g4plant\/wp-json\/wp\/v2\/users\/2"}],"replies":[{"embeddable":true,"href":"https:\/\/vertex.fi\/g4plant\/wp-json\/wp\/v2\/comments?post=10045"}],"version-history":[{"count":10,"href":"https:\/\/vertex.fi\/g4plant\/wp-json\/wp\/v2\/pages\/10045\/revisions"}],"predecessor-version":[{"id":11989,"href":"https:\/\/vertex.fi\/g4plant\/wp-json\/wp\/v2\/pages\/10045\/revisions\/11989"}],"wp:attachment":[{"href":"https:\/\/vertex.fi\/g4plant\/wp-json\/wp\/v2\/media?parent=10045"}],"curies":[{"name":"wp","href":"https:\/\/api.w.org\/{rel}","templated":true}]}}