{"id":7821,"date":"2020-11-17T14:38:01","date_gmt":"2020-11-17T12:38:01","guid":{"rendered":"https:\/\/vertex.fi\/g4plant\/?page_id=7821"},"modified":"2026-01-12T12:29:04","modified_gmt":"2026-01-12T10:29:04","slug":"vertex-g4pi","status":"publish","type":"page","link":"https:\/\/vertex.fi\/g4plant\/vertex-g4pi\/","title":{"rendered":"Vertex G4PI"},"content":{"rendered":"<p>[et_pb_section fb_built=&#8221;1&#8243; admin_label=&#8221;Hero&#8221; _builder_version=&#8221;4.16&#8243; use_background_color_gradient=&#8221;on&#8221; background_color_gradient_type=&#8221;circular&#8221; background_color_gradient_direction_radial=&#8221;top left&#8221; background_color_gradient_stops=&#8221;rgba(40,40,40,0.77) 0%|rgba(40,40,40,0.81) 100%&#8221; background_color_gradient_overlays_image=&#8221;on&#8221; background_color_gradient_start=&#8221;rgba(40,40,40,0.77)&#8221; background_color_gradient_end=&#8221;rgba(40,40,40,0.81)&#8221; background_image=&#8221;https:\/\/vertex.fi\/g4plant\/wp-content\/uploads\/sites\/7\/2020\/11\/Vertex-laitostoimiala.jpg&#8221; background_blend=&#8221;lighten&#8221; custom_margin=&#8221;0px||||false&#8221; custom_margin_tablet=&#8221;&#8221; custom_margin_phone=&#8221;0px||&#8221; custom_margin_last_edited=&#8221;on|desktop&#8221; custom_padding=&#8221;9vw||9vw||true|false&#8221; global_colors_info=&#8221;{}&#8221;][et_pb_row column_structure=&#8221;3_4,1_4&#8243; _builder_version=&#8221;4.16&#8243; background_color=&#8221;rgba(0,0,0,0.4)&#8221; custom_padding=&#8221;16px|24px|16px|24px|false|false&#8221; global_colors_info=&#8221;{}&#8221;][et_pb_column type=&#8221;3_4&#8243; _builder_version=&#8221;4.16&#8243; custom_padding=&#8221;|||&#8221; global_colors_info=&#8221;{}&#8221; custom_padding__hover=&#8221;|||&#8221;][et_pb_text _builder_version=&#8221;4.17.1&#8243; text_font=&#8221;||||||||&#8221; header_font=&#8221;Rubik|700|||||||&#8221; header_font_size=&#8221;50px&#8221; header_line_height=&#8221;1.1em&#8221; background_layout=&#8221;dark&#8221; max_width=&#8221;800px&#8221; custom_margin=&#8221;||0px|&#8221; custom_padding=&#8221;10px||6px|16px|false|false&#8221; text_font_size_tablet=&#8221;14px&#8221; text_font_size_last_edited=&#8221;off|desktop&#8221; header_font_tablet=&#8221;Rubik|700|||||||&#8221; header_font_phone=&#8221;Rubik|700|||||||&#8221; header_font_last_edited=&#8221;on|desktop&#8221; header_font_size_tablet=&#8221;44px&#8221; header_font_size_phone=&#8221;23px&#8221; header_font_size_last_edited=&#8221;on|phone&#8221; border_color_all=&#8221;#009b4c&#8221; border_width_left=&#8221;10px&#8221; global_colors_info=&#8221;{}&#8221;]<\/p>\n<h1><span style=\"color: #ffffff;\">Luo \u00e4lykk\u00e4it\u00e4 PI-kaavioita<br \/><\/span><\/h1>\n<p>[\/et_pb_text][et_pb_text _builder_version=&#8221;4.17.1&#8243; text_font=&#8221;||||||||&#8221; text_font_size=&#8221;16px&#8221; text_line_height=&#8221;1.6em&#8221; header_font=&#8221;||||||||&#8221; background_layout=&#8221;dark&#8221; max_width=&#8221;800px&#8221; custom_margin=&#8221;15px|||28px|false|false&#8221; custom_padding=&#8221;0px||0px||true|&#8221; text_font_size_tablet=&#8221;16px&#8221; text_font_size_phone=&#8221;14px&#8221; text_font_size_last_edited=&#8221;on|desktop&#8221; header_2_font_size_tablet=&#8221;&#8221; header_2_font_size_phone=&#8221;13px&#8221; header_2_font_size_last_edited=&#8221;on|phone&#8221; global_colors_info=&#8221;{}&#8221;]<\/p>\n<h2 class=\"et_pb_module_header et-fb-editable-element et-fb-editable-element__editing\" data-shortcode-id=\"0.0-1605787173876\" data-quickaccess-id=\"title\">Vertex G4PI prosessi- ja instrumenttikaavioiden suunnitteluohjelmisto<\/h2>\n<p>&nbsp;<\/p>\n<p>[\/et_pb_text][et_pb_button button_url=&#8221;https:\/\/vertex.fi\/kokeile-ilmaiseksi\/&#8221; button_text=&#8221;Ilmainen koek\u00e4ytt\u00f6&#8221; _builder_version=&#8221;4.17.1&#8243; _module_preset=&#8221;default&#8221; custom_button=&#8221;on&#8221; button_text_color=&#8221;#FFFFFF&#8221; button_bg_color=&#8221;#0C71C3&#8243; button_border_width=&#8221;0px&#8221; button_border_radius=&#8221;0px&#8221; global_colors_info=&#8221;{}&#8221;][\/et_pb_button][\/et_pb_column][et_pb_column type=&#8221;1_4&#8243; _builder_version=&#8221;4.16&#8243; custom_padding=&#8221;|||&#8221; global_colors_info=&#8221;{}&#8221; custom_padding__hover=&#8221;|||&#8221;][et_pb_image src=&#8221;https:\/\/vertex.fi\/g4plant\/wp-content\/uploads\/sites\/7\/2022\/04\/TehtySuomProducerad_ValkNega_rgb_PIENI.png&#8221; title_text=&#8221;Avainlippu&#8221; align=&#8221;right&#8221; align_tablet=&#8221;left&#8221; align_phone=&#8221;left&#8221; align_last_edited=&#8221;on|desktop&#8221; _builder_version=&#8221;4.16.1&#8243; _module_preset=&#8221;default&#8221; max_height=&#8221;100px&#8221; custom_padding=&#8221;50px||||false|false&#8221; custom_padding_tablet=&#8221;50px||||false|false&#8221; custom_padding_phone=&#8221;50px||||false|false&#8221; custom_padding_last_edited=&#8221;on|phone&#8221; global_colors_info=&#8221;{}&#8221;][\/et_pb_image][\/et_pb_column][\/et_pb_row][\/et_pb_section][et_pb_section fb_built=&#8221;1&#8243; _builder_version=&#8221;4.16&#8243; custom_padding=&#8221;||4px|||&#8221; global_colors_info=&#8221;{}&#8221;][et_pb_row column_structure=&#8221;1_5,3_5,1_5&#8243; _builder_version=&#8221;4.16&#8243; global_colors_info=&#8221;{}&#8221;][et_pb_column type=&#8221;1_5&#8243; _builder_version=&#8221;4.16&#8243; global_colors_info=&#8221;{}&#8221;][\/et_pb_column][et_pb_column type=&#8221;3_5&#8243; _builder_version=&#8221;4.16&#8243; global_colors_info=&#8221;{}&#8221;][et_pb_text _builder_version=&#8221;4.19.5&#8243; global_colors_info=&#8221;{}&#8221;]<\/p>\n<h2 style=\"text-align: left;\">Tehokas ty\u00f6kalu \u00e4lykk\u00e4iden prosessi- ja instrumenttikaavioiden suunnitteluun<\/h2>\n<p>&nbsp;<\/p>\n<p>Vertex G4PI on tehokas ty\u00f6kalu vaativien prosessien ja instrumenttij\u00e4rjestelmien suunnitteluun useille eri toimialoille. Suunnitteludokumentit ja PI-kaavion tietokanta voidaan tehokkaasti hy\u00f6dynt\u00e4\u00e4 muilla Vertex-ty\u00f6kaluilla asiakasdokumentteina, osaluetteloina ja muina listauksina tai Vertex G4Plant Laitossuunnittelussa 3D-mallinnuksessa. \u00c4lyk\u00e4s kaavio tietokantatietoineen on s\u00e4hk\u00f6isess\u00e4 muodossaan tehokas k\u00e4yt\u00f6n ja kunnossapidon tukena.<\/p>\n<p>[\/et_pb_text][et_pb_image src=&#8221;https:\/\/vertex.fi\/g4plant\/wp-content\/uploads\/sites\/7\/2020\/11\/PI-kaavio_1000.png&#8221; align=&#8221;center&#8221; align_tablet=&#8221;center&#8221; align_phone=&#8221;&#8221; align_last_edited=&#8221;on|desktop&#8221; admin_label=&#8221;Image&#8221; _builder_version=&#8221;4.16&#8243; global_colors_info=&#8221;{}&#8221;][\/et_pb_image][et_pb_text module_id=&#8221;Framing&#8221; _builder_version=&#8221;4.19.5&#8243; global_colors_info=&#8221;{}&#8221;]<\/p>\n<h2 id=\"yui_patched_v3_11_0_1_1422356121033_1218\" style=\"text-align: left;\"><span class=\"folder\" id=\"yui_patched_v3_11_0_1_1428483182264_1568\">Yhteispeli\u00e4 Vertex-ohjelmistojen kesken<\/span><\/h2>\n<p>[\/et_pb_text][et_pb_text _builder_version=&#8221;4.16&#8243; global_colors_info=&#8221;{}&#8221;]<\/p>\n<p>Vertex G4PI on yhteensopiva muiden laitos- ja mekaniikkasuunnitteluohjelmien kanssa. Siirr\u00e4 ja tallenna tiedostoja samoissa projekteissa helposti ohjelmasta toiseen.<\/p>\n<p>Hanki erillinen Vertex G4PI tai lis\u00e4moduuli jo olemassa olevaan G4-mekaniikkasuunnittelu- tai G4Plant-laitossuunnitteluohjelmistoon. N\u00e4in kaikki suunnitteluty\u00f6kalut ovat yhdess\u00e4 ja samassa G4-ymp\u00e4rist\u00f6ss\u00e4, mik\u00e4 merkitsee j\u00e4rjestelm\u00e4n yll\u00e4pit\u00e4jille hy\u00f6ty\u00e4 ja helppoutta, vain yhden ohjelman p\u00e4ivityst\u00e4.<\/p>\n<p>[\/et_pb_text][et_pb_text module_id=&#8221;Framing&#8221; _builder_version=&#8221;4.19.5&#8243; global_colors_info=&#8221;{}&#8221;]<\/p>\n<h2 id=\"yui_patched_v3_11_0_1_1422356121033_1218\" style=\"text-align: left;\"><span class=\"folder\" id=\"yui_patched_v3_11_0_1_1428483182264_1568\">Nauti joustavista piirto-ominaisuuksista<\/span><\/h2>\n<p>[\/et_pb_text][et_pb_text _builder_version=&#8221;4.16&#8243; global_colors_info=&#8221;{}&#8221;]<\/p>\n<p>G4PI:n piirto-ominaisuuksissa on paljon k\u00e4ytt\u00e4jien toiveiden mukaista joustavuutta. Kaavion piirt\u00e4minen hy\u00f6dynt\u00e4\u00e4 nyt yleisen G4-alustan 2D-piirto-ominaisuuksia ja vahvuuksia. Kun PI-kaaviosuunnittelukin on G4-pohjalla, piirustukset ovat yhteensopivia mekaniikkasuunnittelijan ja laitossuunnittelijan t\u00f6iden kanssa. Nyt kaikilla tasoilla voidaan muokata ja katsella toisella tasolla tehtyj\u00e4 piirustuksia.<\/p>\n<p>[\/et_pb_text][et_pb_text module_id=&#8221;Framing&#8221; _builder_version=&#8221;4.19.5&#8243; global_colors_info=&#8221;{}&#8221;]<\/p>\n<h2 id=\"yui_patched_v3_11_0_1_1422356121033_1218\" style=\"text-align: left;\"><span class=\"folder\" id=\"yui_patched_v3_11_0_1_1428483182264_1568\">L\u00f6yd\u00e4 etsim\u00e4si nopeasti arkistoselaimella<\/span><\/h2>\n<p>[\/et_pb_text][et_pb_image src=&#8221;https:\/\/vertex.fi\/g4plant\/wp-content\/uploads\/sites\/7\/2026\/01\/PI-kaavio_symbolit.png&#8221; align=&#8221;center&#8221; _builder_version=&#8221;4.23.1&#8243; hover_enabled=&#8221;0&#8243; global_colors_info=&#8221;{}&#8221; title_text=&#8221;PI-kaavio_symbolit&#8221; sticky_enabled=&#8221;0&#8243;][\/et_pb_image][et_pb_text _builder_version=&#8221;4.16&#8243; global_colors_info=&#8221;{}&#8221;]<\/p>\n<p>Hae arkistoselaimella kaikkea symboleista komponentteihin ja piirustuksista malleihin. Hy\u00f6dynn\u00e4 aikaisemmin tehdyt projektit \u2013 l\u00f6yd\u00e4t ne nopeasti ja vaivattomasti.<\/p>\n<p>Pikahaulla, suodatuksilla ja henkil\u00f6kohtaisilla suosikkihauilla l\u00f6yd\u00e4t tarvitsemasi yh\u00e4 tehokkaammin. L\u00f6ydetyt symbolit ja komponentit ovat edelleen asetettavissa suunnitteludokumentteihin.<\/p>\n<p>[\/et_pb_text][et_pb_text _builder_version=&#8221;4.19.5&#8243; _module_preset=&#8221;default&#8221; global_colors_info=&#8221;{}&#8221;]<\/p>\n<p>Tutustu Vertex G4PI -ohjelmistoon tarkemmin <a href=\"https:\/\/kb.vertex.fi\/\">tuotedokumentaatiosivuilla<\/a>.<\/p>\n<p>[\/et_pb_text][et_pb_text module_id=&#8221;Framing&#8221; _builder_version=&#8221;4.19.5&#8243; global_colors_info=&#8221;{}&#8221;]<\/p>\n<h2 id=\"yui_patched_v3_11_0_1_1422356121033_1218\" style=\"text-align: left;\"><span class=\"folder\" id=\"yui_patched_v3_11_0_1_1428483182264_1568\">Ryhm\u00e4ty\u00f6skentely\u00e4 hajautetusti<\/span><\/h2>\n<p>[\/et_pb_text][et_pb_text _builder_version=&#8221;4.16&#8243; global_colors_info=&#8221;{}&#8221;]<\/p>\n<p>Ty\u00f6skentele projektin muiden j\u00e4senten kanssa vaikkapa saman putkilinjan parissa paikallisverkossa tai Vertex Flow -j\u00e4rjestelm\u00e4ss\u00e4 jopa useiden eri paikkakuntien v\u00e4lill\u00e4.<\/p>\n<p>Sama putkilinja voi kulkea useassa kaaviossa ja linjakohtaiset tiedot n\u00e4kyv\u00e4t reaaliaikaisina kaikille projektin parissa ty\u00f6skenteleville paikkakunnasta riippumatta. Positiotiedot n\u00e4kyv\u00e4t yhdell\u00e4 vilkaisulla kaikista projektin kaavioista, jolloin p\u00e4\u00e4llekk\u00e4isi\u00e4 positiointeja ei tule. Kaikki tarvittavat projektin sis\u00e4lt\u00e4m\u00e4t positiotunnukset saadaan n\u00e4kym\u00e4\u00e4n yhteen n\u00e4ytt\u00f6\u00f6n.<\/p>\n<p>Aja listaus ilman kaavioita suoraan projektin tietokannoista. Kaaviotiedot periytyv\u00e4t riippumatta siit\u00e4 miss\u00e4 kaaviossa tietoja on muutettu, esimerkiksi kaaviosta toiseen jatkuvilla putkilinjoilla. Kaaviotietoja voidaan muokata joko tietokantaselaimessa tai Excel-ohjelmassa.<\/p>\n<p>[\/et_pb_text][et_pb_text module_id=&#8221;Framing&#8221; _builder_version=&#8221;4.19.5&#8243; global_colors_info=&#8221;{}&#8221;]<\/p>\n<h2 id=\"yui_patched_v3_11_0_1_1422356121033_1218\" style=\"text-align: left;\"><span class=\"folder\" id=\"yui_patched_v3_11_0_1_1428483182264_1568\">Vaihda vanhasta ohjelmasta helposti Vertexiin<\/span><\/h2>\n<p>[\/et_pb_text][et_pb_text _builder_version=&#8221;4.16&#8243; global_colors_info=&#8221;{}&#8221;]<\/p>\n<p>Siirry vanhentuneesta suunnitteluohjelmasta helposti Vertex G4PI -ohjelmiston k\u00e4ytt\u00f6\u00f6n.<\/p>\n<ul>\n<li>Vanhat kolmannen osapuolen PI-dokumentit (laajakin arkisto) siirtyv\u00e4t esimerkiksi DWG-muodosta \u00e4lykk\u00e4iksi ja positioitaviksi G4PI-kaavioiksi helposti.<\/li>\n<li>Attribuuttitiedot siirtyv\u00e4t tietokantoihin.<\/li>\n<li>Blockit muuntuvat Vertex-symboleiksi, jotka voidaan positioida.<\/li>\n<li>Otsikkotaulun attribuutit siirret\u00e4\u00e4n Vertex-arkistotietoihin ja Vertex-lomakkeiden otsikkotauluihin.<\/li>\n<li>Kuvat saadaan automaattisesti Vertex-arkistoon.<\/li>\n<li>Kaavioiden revisioita on helppo vertailla.<\/li>\n<li>Toiminnon avulla voi graafisesti n\u00e4hd\u00e4, mit\u00e4 eri versioiden v\u00e4lill\u00e4 on muuttunut.<\/li>\n<\/ul>\n<p>[\/et_pb_text][et_pb_text module_id=&#8221;Framing&#8221; _builder_version=&#8221;4.19.5&#8243; global_colors_info=&#8221;{}&#8221;]<\/p>\n<h2 id=\"yui_patched_v3_11_0_1_1422356121033_1218\" style=\"text-align: left;\"><span class=\"folder\" id=\"yui_patched_v3_11_0_1_1428483182264_1568\">Tuottavuus syntyy tiedonhallinnasta<\/span><\/h2>\n<p>[\/et_pb_text][et_pb_text _builder_version=&#8221;4.16&#8243; global_colors_info=&#8221;{}&#8221;]<\/p>\n<p>Kaikki laitos- ja putkistosuunnittelun tuoteperheen tuotteet ovat yhteensopivia Vertex Flow -tuotetiedon hallintaohjelmiston kanssa, joka mahdollistaa Vertexin laaja-alaisen sovellustarjonnan tehokkaan hy\u00f6dynt\u00e4misen sek\u00e4 paikallisessa tietokantasysteemiss\u00e4 ett\u00e4 hajautetussa ymp\u00e4rist\u00f6ss\u00e4.<\/p>\n<p>[\/et_pb_text][\/et_pb_column][et_pb_column type=&#8221;1_5&#8243; _builder_version=&#8221;4.16&#8243; global_colors_info=&#8221;{}&#8221;][\/et_pb_column][\/et_pb_row][\/et_pb_section][et_pb_section fb_built=&#8221;1&#8243; fullwidth=&#8221;on&#8221; _builder_version=&#8221;4.23.1&#8243; _module_preset=&#8221;default&#8221; global_module=&#8221;11385&#8243; global_colors_info=&#8221;{}&#8221;][et_pb_fullwidth_code _builder_version=&#8221;4.23.1&#8243; _module_preset=&#8221;default&#8221; global_colors_info=&#8221;{}&#8221;]<ld-slot name=\"footer FI\" ><\/ld-slot>[\/et_pb_fullwidth_code][\/et_pb_section]<\/p>\n","protected":false},"excerpt":{"rendered":"<p>Luo \u00e4lykk\u00e4it\u00e4 PI-kaavioitaVertex G4PI prosessi- ja instrumenttikaavioiden suunnitteluohjelmisto &nbsp;Tehokas ty\u00f6kalu \u00e4lykk\u00e4iden prosessi- ja instrumenttikaavioiden suunnitteluun &nbsp; Vertex G4PI on tehokas ty\u00f6kalu vaativien prosessien ja instrumenttij\u00e4rjestelmien suunnitteluun useille eri toimialoille. Suunnitteludokumentit ja PI-kaavion tietokanta voidaan tehokkaasti hy\u00f6dynt\u00e4\u00e4 muilla Vertex-ty\u00f6kaluilla asiakasdokumentteina, osaluetteloina ja muina listauksina tai Vertex G4Plant Laitossuunnittelussa 3D-mallinnuksessa. \u00c4lyk\u00e4s kaavio tietokantatietoineen on s\u00e4hk\u00f6isess\u00e4 muodossaan tehokas [&hellip;]<\/p>\n","protected":false},"author":2,"featured_media":0,"parent":0,"menu_order":0,"comment_status":"closed","ping_status":"closed","template":"","meta":{"_et_pb_use_builder":"on","_et_pb_old_content":"","_et_gb_content_width":"","sfsi_plus_gutenberg_text_before_share":"","sfsi_plus_gutenberg_show_text_before_share":"","sfsi_plus_gutenberg_icon_type":"","sfsi_plus_gutenberg_icon_alignemt":"","sfsi_plus_gutenburg_max_per_row":""},"yoast_head":"<!-- This site is optimized with the Yoast SEO plugin v18.6 - https:\/\/yoast.com\/wordpress\/plugins\/seo\/ -->\n<title>Vertex G4PI - Vertex G4Plant<\/title>\n<meta name=\"robots\" content=\"index, follow, max-snippet:-1, max-image-preview:large, max-video-preview:-1\" \/>\n<link rel=\"canonical\" href=\"https:\/\/vertex.fi\/g4plant\/vertex-g4pi\/\" \/>\n<meta property=\"og:locale\" content=\"en_US\" \/>\n<meta property=\"og:type\" content=\"article\" \/>\n<meta property=\"og:title\" content=\"Vertex G4PI - Vertex G4Plant\" \/>\n<meta property=\"og:description\" content=\"Luo \u00e4lykk\u00e4it\u00e4 PI-kaavioitaVertex G4PI prosessi- ja instrumenttikaavioiden suunnitteluohjelmisto &nbsp;Tehokas ty\u00f6kalu \u00e4lykk\u00e4iden prosessi- ja instrumenttikaavioiden suunnitteluun &nbsp; Vertex G4PI on tehokas ty\u00f6kalu vaativien prosessien ja instrumenttij\u00e4rjestelmien suunnitteluun useille eri toimialoille. Suunnitteludokumentit ja PI-kaavion tietokanta voidaan tehokkaasti hy\u00f6dynt\u00e4\u00e4 muilla Vertex-ty\u00f6kaluilla asiakasdokumentteina, osaluetteloina ja muina listauksina tai Vertex G4Plant Laitossuunnittelussa 3D-mallinnuksessa. \u00c4lyk\u00e4s kaavio tietokantatietoineen on s\u00e4hk\u00f6isess\u00e4 muodossaan tehokas [&hellip;]\" \/>\n<meta property=\"og:url\" content=\"https:\/\/vertex.fi\/g4plant\/vertex-g4pi\/\" \/>\n<meta property=\"og:site_name\" content=\"Vertex G4Plant\" \/>\n<meta property=\"article:publisher\" content=\"https:\/\/www.facebook.com\/vertextampere\/\" \/>\n<meta property=\"article:modified_time\" content=\"2026-01-12T10:29:04+00:00\" \/>\n<meta name=\"twitter:card\" content=\"summary_large_image\" \/>\n<meta name=\"twitter:site\" content=\"@VertexSystemsHQ\" \/>\n<meta name=\"twitter:label1\" content=\"Est. reading time\" \/>\n\t<meta name=\"twitter:data1\" content=\"6 minutes\" \/>\n<script type=\"application\/ld+json\" class=\"yoast-schema-graph\">{\"@context\":\"https:\/\/schema.org\",\"@graph\":[{\"@type\":\"Organization\",\"@id\":\"https:\/\/vertex.fi\/g4plant\/#organization\",\"name\":\"Vertex Systems Oy\",\"url\":\"https:\/\/vertex.fi\/g4plant\/\",\"sameAs\":[\"https:\/\/www.facebook.com\/vertextampere\/\",\"https:\/\/www.instagram.com\/vertexsystems\/\",\"https:\/\/www.linkedin.com\/company\/vertex-systems-oy\",\"https:\/\/www.youtube.com\/user\/VertexSystemsFIN\/featured\",\"https:\/\/twitter.com\/VertexSystemsHQ\"],\"logo\":{\"@type\":\"ImageObject\",\"@id\":\"https:\/\/vertex.fi\/g4plant\/#logo\",\"inLanguage\":\"en-US\",\"url\":\"https:\/\/vertex.fi\/g4plant\/wp-content\/uploads\/sites\/7\/2021\/01\/VERTEXlogo_400.png\",\"contentUrl\":\"https:\/\/vertex.fi\/g4plant\/wp-content\/uploads\/sites\/7\/2021\/01\/VERTEXlogo_400.png\",\"width\":400,\"height\":101,\"caption\":\"Vertex Systems Oy\"},\"image\":{\"@id\":\"https:\/\/vertex.fi\/g4plant\/#logo\"}},{\"@type\":\"WebSite\",\"@id\":\"https:\/\/vertex.fi\/g4plant\/#website\",\"url\":\"https:\/\/vertex.fi\/g4plant\/\",\"name\":\"Vertex G4Plant\",\"description\":\"3D laitos- ja putkistosuunnitteluohjelmisto\",\"publisher\":{\"@id\":\"https:\/\/vertex.fi\/g4plant\/#organization\"},\"potentialAction\":[{\"@type\":\"SearchAction\",\"target\":{\"@type\":\"EntryPoint\",\"urlTemplate\":\"https:\/\/vertex.fi\/g4plant\/?s={search_term_string}\"},\"query-input\":\"required name=search_term_string\"}],\"inLanguage\":\"en-US\"},{\"@type\":\"WebPage\",\"@id\":\"https:\/\/vertex.fi\/g4plant\/vertex-g4pi\/#webpage\",\"url\":\"https:\/\/vertex.fi\/g4plant\/vertex-g4pi\/\",\"name\":\"Vertex G4PI - Vertex G4Plant\",\"isPartOf\":{\"@id\":\"https:\/\/vertex.fi\/g4plant\/#website\"},\"datePublished\":\"2020-11-17T12:38:01+00:00\",\"dateModified\":\"2026-01-12T10:29:04+00:00\",\"breadcrumb\":{\"@id\":\"https:\/\/vertex.fi\/g4plant\/vertex-g4pi\/#breadcrumb\"},\"inLanguage\":\"en-US\",\"potentialAction\":[{\"@type\":\"ReadAction\",\"target\":[\"https:\/\/vertex.fi\/g4plant\/vertex-g4pi\/\"]}]},{\"@type\":\"BreadcrumbList\",\"@id\":\"https:\/\/vertex.fi\/g4plant\/vertex-g4pi\/#breadcrumb\",\"itemListElement\":[{\"@type\":\"ListItem\",\"position\":1,\"name\":\"Home\",\"item\":\"https:\/\/vertex.fi\/g4plant\/\"},{\"@type\":\"ListItem\",\"position\":2,\"name\":\"Vertex G4PI\"}]}]}<\/script>\n<!-- \/ Yoast SEO plugin. -->","yoast_head_json":{"title":"Vertex G4PI - Vertex G4Plant","robots":{"index":"index","follow":"follow","max-snippet":"max-snippet:-1","max-image-preview":"max-image-preview:large","max-video-preview":"max-video-preview:-1"},"canonical":"https:\/\/vertex.fi\/g4plant\/vertex-g4pi\/","og_locale":"en_US","og_type":"article","og_title":"Vertex G4PI - Vertex G4Plant","og_description":"Luo \u00e4lykk\u00e4it\u00e4 PI-kaavioitaVertex G4PI prosessi- ja instrumenttikaavioiden suunnitteluohjelmisto &nbsp;Tehokas ty\u00f6kalu \u00e4lykk\u00e4iden prosessi- ja instrumenttikaavioiden suunnitteluun &nbsp; Vertex G4PI on tehokas ty\u00f6kalu vaativien prosessien ja instrumenttij\u00e4rjestelmien suunnitteluun useille eri toimialoille. Suunnitteludokumentit ja PI-kaavion tietokanta voidaan tehokkaasti hy\u00f6dynt\u00e4\u00e4 muilla Vertex-ty\u00f6kaluilla asiakasdokumentteina, osaluetteloina ja muina listauksina tai Vertex G4Plant Laitossuunnittelussa 3D-mallinnuksessa. \u00c4lyk\u00e4s kaavio tietokantatietoineen on s\u00e4hk\u00f6isess\u00e4 muodossaan tehokas [&hellip;]","og_url":"https:\/\/vertex.fi\/g4plant\/vertex-g4pi\/","og_site_name":"Vertex G4Plant","article_publisher":"https:\/\/www.facebook.com\/vertextampere\/","article_modified_time":"2026-01-12T10:29:04+00:00","twitter_card":"summary_large_image","twitter_site":"@VertexSystemsHQ","twitter_misc":{"Est. reading time":"6 minutes"},"schema":{"@context":"https:\/\/schema.org","@graph":[{"@type":"Organization","@id":"https:\/\/vertex.fi\/g4plant\/#organization","name":"Vertex Systems Oy","url":"https:\/\/vertex.fi\/g4plant\/","sameAs":["https:\/\/www.facebook.com\/vertextampere\/","https:\/\/www.instagram.com\/vertexsystems\/","https:\/\/www.linkedin.com\/company\/vertex-systems-oy","https:\/\/www.youtube.com\/user\/VertexSystemsFIN\/featured","https:\/\/twitter.com\/VertexSystemsHQ"],"logo":{"@type":"ImageObject","@id":"https:\/\/vertex.fi\/g4plant\/#logo","inLanguage":"en-US","url":"https:\/\/vertex.fi\/g4plant\/wp-content\/uploads\/sites\/7\/2021\/01\/VERTEXlogo_400.png","contentUrl":"https:\/\/vertex.fi\/g4plant\/wp-content\/uploads\/sites\/7\/2021\/01\/VERTEXlogo_400.png","width":400,"height":101,"caption":"Vertex Systems Oy"},"image":{"@id":"https:\/\/vertex.fi\/g4plant\/#logo"}},{"@type":"WebSite","@id":"https:\/\/vertex.fi\/g4plant\/#website","url":"https:\/\/vertex.fi\/g4plant\/","name":"Vertex G4Plant","description":"3D laitos- ja putkistosuunnitteluohjelmisto","publisher":{"@id":"https:\/\/vertex.fi\/g4plant\/#organization"},"potentialAction":[{"@type":"SearchAction","target":{"@type":"EntryPoint","urlTemplate":"https:\/\/vertex.fi\/g4plant\/?s={search_term_string}"},"query-input":"required name=search_term_string"}],"inLanguage":"en-US"},{"@type":"WebPage","@id":"https:\/\/vertex.fi\/g4plant\/vertex-g4pi\/#webpage","url":"https:\/\/vertex.fi\/g4plant\/vertex-g4pi\/","name":"Vertex G4PI - Vertex G4Plant","isPartOf":{"@id":"https:\/\/vertex.fi\/g4plant\/#website"},"datePublished":"2020-11-17T12:38:01+00:00","dateModified":"2026-01-12T10:29:04+00:00","breadcrumb":{"@id":"https:\/\/vertex.fi\/g4plant\/vertex-g4pi\/#breadcrumb"},"inLanguage":"en-US","potentialAction":[{"@type":"ReadAction","target":["https:\/\/vertex.fi\/g4plant\/vertex-g4pi\/"]}]},{"@type":"BreadcrumbList","@id":"https:\/\/vertex.fi\/g4plant\/vertex-g4pi\/#breadcrumb","itemListElement":[{"@type":"ListItem","position":1,"name":"Home","item":"https:\/\/vertex.fi\/g4plant\/"},{"@type":"ListItem","position":2,"name":"Vertex G4PI"}]}]}},"_links":{"self":[{"href":"https:\/\/vertex.fi\/g4plant\/wp-json\/wp\/v2\/pages\/7821"}],"collection":[{"href":"https:\/\/vertex.fi\/g4plant\/wp-json\/wp\/v2\/pages"}],"about":[{"href":"https:\/\/vertex.fi\/g4plant\/wp-json\/wp\/v2\/types\/page"}],"author":[{"embeddable":true,"href":"https:\/\/vertex.fi\/g4plant\/wp-json\/wp\/v2\/users\/2"}],"replies":[{"embeddable":true,"href":"https:\/\/vertex.fi\/g4plant\/wp-json\/wp\/v2\/comments?post=7821"}],"version-history":[{"count":21,"href":"https:\/\/vertex.fi\/g4plant\/wp-json\/wp\/v2\/pages\/7821\/revisions"}],"predecessor-version":[{"id":19158,"href":"https:\/\/vertex.fi\/g4plant\/wp-json\/wp\/v2\/pages\/7821\/revisions\/19158"}],"wp:attachment":[{"href":"https:\/\/vertex.fi\/g4plant\/wp-json\/wp\/v2\/media?parent=7821"}],"curies":[{"name":"wp","href":"https:\/\/api.w.org\/{rel}","templated":true}]}}