{"id":9716,"date":"2021-01-29T09:22:13","date_gmt":"2021-01-29T07:22:13","guid":{"rendered":"https:\/\/vertex.fi\/g4plant\/?page_id=9716"},"modified":"2022-04-29T11:14:42","modified_gmt":"2022-04-29T09:14:42","slug":"yhteydenottopyynto","status":"publish","type":"page","link":"https:\/\/vertex.fi\/g4plant\/yhteydenottopyynto\/","title":{"rendered":"Yhteydenottopyynt\u00f6"},"content":{"rendered":"<p>[et_pb_section fb_built=&#8221;1&#8243; admin_label=&#8221;Hero&#8221; _builder_version=&#8221;4.16&#8243; use_background_color_gradient=&#8221;on&#8221; background_color_gradient_type=&#8221;circular&#8221; background_color_gradient_direction_radial=&#8221;top left&#8221; background_color_gradient_stops=&#8221;rgba(40,40,40,0.77) 0%|rgba(40,40,40,0.81) 100%&#8221; background_color_gradient_overlays_image=&#8221;on&#8221; background_color_gradient_start=&#8221;rgba(40,40,40,0.77)&#8221; background_color_gradient_end=&#8221;rgba(40,40,40,0.81)&#8221; background_image=&#8221;https:\/\/vertex.fi\/g4plant\/wp-content\/uploads\/sites\/7\/2020\/12\/iStock-637945400._ejpg-2.jpg&#8221; background_blend=&#8221;lighten&#8221; custom_margin=&#8221;0px||||false&#8221; custom_margin_tablet=&#8221;&#8221; custom_margin_phone=&#8221;0px||&#8221; custom_margin_last_edited=&#8221;on|desktop&#8221; custom_padding=&#8221;10vw||10vw||true|false&#8221; global_colors_info=&#8221;{}&#8221;][et_pb_row _builder_version=&#8221;4.16&#8243; background_color=&#8221;rgba(0,0,0,0.4)&#8221; vertical_offset=&#8221;-60px&#8221; custom_margin=&#8221;48px||-48px||false|false&#8221; custom_padding=&#8221;16px|24px|16px|24px|false|false&#8221; global_colors_info=&#8221;{}&#8221;][et_pb_column type=&#8221;4_4&#8243; _builder_version=&#8221;4.16&#8243; custom_padding=&#8221;|||&#8221; global_colors_info=&#8221;{}&#8221; custom_padding__hover=&#8221;|||&#8221;][et_pb_text _builder_version=&#8221;4.16&#8243; text_font=&#8221;||||||||&#8221; header_font=&#8221;Rubik|700|||||||&#8221; header_font_size=&#8221;50px&#8221; header_line_height=&#8221;1.1em&#8221; background_layout=&#8221;dark&#8221; max_width=&#8221;900px&#8221; custom_margin=&#8221;||0px|&#8221; custom_padding=&#8221;10px||6px|16px|false|false&#8221; text_font_size_tablet=&#8221;14px&#8221; text_font_size_last_edited=&#8221;off|desktop&#8221; header_font_size_tablet=&#8221;44px&#8221; header_font_size_phone=&#8221;33px&#8221; header_font_size_last_edited=&#8221;on|desktop&#8221; border_color_all=&#8221;#009b4c&#8221; border_width_left=&#8221;10px&#8221; global_colors_info=&#8221;{}&#8221;]<\/p>\n<h1><span style=\"color: #ffffff\">Ota yhteytt\u00e4<br \/> <\/span><\/h1>\n<p>[\/et_pb_text][et_pb_text _builder_version=&#8221;4.16&#8243; text_font=&#8221;||||||||&#8221; text_font_size=&#8221;16px&#8221; text_line_height=&#8221;1.6em&#8221; header_font=&#8221;||||||||&#8221; header_2_line_height=&#8221;1.4em&#8221; background_layout=&#8221;dark&#8221; max_width=&#8221;90%&#8221; custom_margin=&#8221;15px|-105px||28px|false|false&#8221; custom_padding=&#8221;1px||1px||true|&#8221; text_font_size_tablet=&#8221;16px&#8221; text_font_size_phone=&#8221;14px&#8221; text_font_size_last_edited=&#8221;on|desktop&#8221; global_colors_info=&#8221;{}&#8221;]<\/p>\n<h2 class=\"et_pb_module_header et-fb-editable-element et-fb-editable-element__editing\" data-shortcode-id=\"0.0-1605787173876\" data-quickaccess-id=\"title\">J\u00e4t\u00e4 yhteydentottopyynt\u00f6, niin olemme sinuun yhteydess\u00e4 ja <br \/>vastaamme ohjelmistoihimme ja palveluihimme liittyviin kysymyksiin.<span style=\"color: #ffffff;\"><\/span><\/h2>\n<p>&nbsp;<\/p>\n<p>[\/et_pb_text][\/et_pb_column][\/et_pb_row][\/et_pb_section][et_pb_section fb_built=&#8221;1&#8243; _builder_version=&#8221;4.17.1&#8243; _module_preset=&#8221;default&#8221; global_colors_info=&#8221;{}&#8221;][et_pb_row column_structure=&#8221;1_2,1_2&#8243; _builder_version=&#8221;4.17.1&#8243; _module_preset=&#8221;default&#8221; global_colors_info=&#8221;{}&#8221;][et_pb_column type=&#8221;1_2&#8243; _builder_version=&#8221;4.17.1&#8243; _module_preset=&#8221;default&#8221; global_colors_info=&#8221;{}&#8221;][et_pb_image src=&#8221;https:\/\/vertex.fi\/g4plant\/wp-content\/uploads\/sites\/7\/2021\/05\/JukkaV_circle2.png&#8221; title_text=&#8221;JukkaV_circle2&#8243; align=&#8221;center&#8221; _builder_version=&#8221;4.17.1&#8243; max_width=&#8221;80%&#8221; max_height=&#8221;148px&#8221; global_colors_info=&#8221;{}&#8221;][\/et_pb_image][et_pb_text _builder_version=&#8221;4.17.1&#8243; text_orientation=&#8221;center&#8221; custom_margin=&#8221;36px||||false|false&#8221; global_colors_info=&#8221;{}&#8221;]<\/p>\n<h4>Jukka Virtanen<\/h4>\n<p>Myyntijohtaja<br \/><a href=\"tel:+358400893881\">0400 893 881<\/a><br \/>jukka.virtanen(at)vertex.fi<\/p>\n<p><a href=\"https:\/\/www.linkedin.com\/in\/jukka-virtanen-1b928b13\/\" target=\"_blank\" rel=\"noopener noreferrer\"><img loading=\"lazy\" src=\"https:\/\/vertex.fi\/g4plant\/wp-content\/uploads\/sites\/7\/2021\/05\/LI-In-Bug-e1621497405142-150x150.png\" alt=\"\" class=\"wp-image-10019  alignnone size-thumbnail\" width=\"30\" height=\"30\" \/><\/a><\/p>\n<p>[\/et_pb_text][\/et_pb_column][et_pb_column type=&#8221;1_2&#8243; _builder_version=&#8221;4.17.1&#8243; _module_preset=&#8221;default&#8221; global_colors_info=&#8221;{}&#8221;][et_pb_contact_form email=&#8221;jukka.virtanen@vertex.fi&#8221; custom_message=&#8221;Yhteydenotto verkkosivuilta vertex.fi\/g4plant||et_pb_line_break_holder||Nimi: %%Nimi%%||et_pb_line_break_holder||Yritys: %%Yritys%%||et_pb_line_break_holder||S\u00e4hk\u00f6posti: %%Email%%||et_pb_line_break_holder||Puhelinnumero: %%Puhelin%%||et_pb_line_break_holder||Ohjelmistohankinnan tilanne: %%Tilanne%%||et_pb_line_break_holder||Haluan lis\u00e4tietoa: %%Aiheet%%&#8221; use_redirect=&#8221;on&#8221; success_message=&#8221;Kiitos yhteydenotostasi. Olemme sinuun pian yhteydess\u00e4.&#8221; submit_button_text=&#8221;L\u00e4het\u00e4&#8221; _builder_version=&#8221;4.17.1&#8243; _unique_id=&#8221;0b0f73fd-0a82-4943-9194-a2c1f4859778&#8243; custom_button=&#8221;on&#8221; button_text_size=&#8221;18px&#8221; button_text_color=&#8221;#ffffff&#8221; button_bg_color=&#8221;#0c71c3&#8243; button_border_width=&#8221;0px&#8221; button_border_radius=&#8221;0px&#8221; hover_enabled=&#8221;0&#8243; global_colors_info=&#8221;{}&#8221; sticky_enabled=&#8221;0&#8243;][et_pb_contact_field field_id=&#8221;Nimi&#8221; field_title=&#8221;Nimi&#8221; fullwidth_field=&#8221;on&#8221; _builder_version=&#8221;4.17.1&#8243; hover_enabled=&#8221;0&#8243; global_colors_info=&#8221;{}&#8221; button_text_size__hover_enabled=&#8221;off&#8221; button_one_text_size__hover_enabled=&#8221;off&#8221; button_two_text_size__hover_enabled=&#8221;off&#8221; button_text_color__hover_enabled=&#8221;off&#8221; button_one_text_color__hover_enabled=&#8221;off&#8221; button_two_text_color__hover_enabled=&#8221;off&#8221; button_border_width__hover_enabled=&#8221;off&#8221; button_one_border_width__hover_enabled=&#8221;off&#8221; button_two_border_width__hover_enabled=&#8221;off&#8221; button_border_color__hover_enabled=&#8221;off&#8221; button_one_border_color__hover_enabled=&#8221;off&#8221; button_two_border_color__hover_enabled=&#8221;off&#8221; button_border_radius__hover_enabled=&#8221;off&#8221; button_one_border_radius__hover_enabled=&#8221;off&#8221; button_two_border_radius__hover_enabled=&#8221;off&#8221; button_letter_spacing__hover_enabled=&#8221;off&#8221; button_one_letter_spacing__hover_enabled=&#8221;off&#8221; button_two_letter_spacing__hover_enabled=&#8221;off&#8221; button_bg_color__hover_enabled=&#8221;off&#8221; button_one_bg_color__hover_enabled=&#8221;off&#8221; button_two_bg_color__hover_enabled=&#8221;off&#8221; sticky_enabled=&#8221;0&#8243;][\/et_pb_contact_field][et_pb_contact_field field_id=&#8221;Yritys&#8221; field_title=&#8221;Yritys&#8221; fullwidth_field=&#8221;on&#8221; _builder_version=&#8221;4.17.1&#8243; hover_enabled=&#8221;0&#8243; global_colors_info=&#8221;{}&#8221; button_text_size__hover_enabled=&#8221;off&#8221; button_one_text_size__hover_enabled=&#8221;off&#8221; button_two_text_size__hover_enabled=&#8221;off&#8221; button_text_color__hover_enabled=&#8221;off&#8221; button_one_text_color__hover_enabled=&#8221;off&#8221; button_two_text_color__hover_enabled=&#8221;off&#8221; button_border_width__hover_enabled=&#8221;off&#8221; button_one_border_width__hover_enabled=&#8221;off&#8221; button_two_border_width__hover_enabled=&#8221;off&#8221; button_border_color__hover_enabled=&#8221;off&#8221; button_one_border_color__hover_enabled=&#8221;off&#8221; button_two_border_color__hover_enabled=&#8221;off&#8221; button_border_radius__hover_enabled=&#8221;off&#8221; button_one_border_radius__hover_enabled=&#8221;off&#8221; button_two_border_radius__hover_enabled=&#8221;off&#8221; button_letter_spacing__hover_enabled=&#8221;off&#8221; button_one_letter_spacing__hover_enabled=&#8221;off&#8221; button_two_letter_spacing__hover_enabled=&#8221;off&#8221; button_bg_color__hover_enabled=&#8221;off&#8221; button_one_bg_color__hover_enabled=&#8221;off&#8221; button_two_bg_color__hover_enabled=&#8221;off&#8221; sticky_enabled=&#8221;0&#8243;][\/et_pb_contact_field][et_pb_contact_field field_id=&#8221;Email&#8221; field_title=&#8221;S\u00e4hk\u00f6posti&#8221; fullwidth_field=&#8221;on&#8221; _builder_version=&#8221;4.17.1&#8243; hover_enabled=&#8221;0&#8243; global_colors_info=&#8221;{}&#8221; button_text_size__hover_enabled=&#8221;off&#8221; button_one_text_size__hover_enabled=&#8221;off&#8221; button_two_text_size__hover_enabled=&#8221;off&#8221; button_text_color__hover_enabled=&#8221;off&#8221; button_one_text_color__hover_enabled=&#8221;off&#8221; button_two_text_color__hover_enabled=&#8221;off&#8221; button_border_width__hover_enabled=&#8221;off&#8221; button_one_border_width__hover_enabled=&#8221;off&#8221; button_two_border_width__hover_enabled=&#8221;off&#8221; button_border_color__hover_enabled=&#8221;off&#8221; button_one_border_color__hover_enabled=&#8221;off&#8221; button_two_border_color__hover_enabled=&#8221;off&#8221; button_border_radius__hover_enabled=&#8221;off&#8221; button_one_border_radius__hover_enabled=&#8221;off&#8221; button_two_border_radius__hover_enabled=&#8221;off&#8221; button_letter_spacing__hover_enabled=&#8221;off&#8221; button_one_letter_spacing__hover_enabled=&#8221;off&#8221; button_two_letter_spacing__hover_enabled=&#8221;off&#8221; button_bg_color__hover_enabled=&#8221;off&#8221; button_one_bg_color__hover_enabled=&#8221;off&#8221; button_two_bg_color__hover_enabled=&#8221;off&#8221; sticky_enabled=&#8221;0&#8243;][\/et_pb_contact_field][et_pb_contact_field field_id=&#8221;Puhelin&#8221; field_title=&#8221;Puhelinnumero&#8221; fullwidth_field=&#8221;on&#8221; _builder_version=&#8221;4.17.1&#8243; global_colors_info=&#8221;{}&#8221; button_text_size__hover_enabled=&#8221;off&#8221; button_one_text_size__hover_enabled=&#8221;off&#8221; button_two_text_size__hover_enabled=&#8221;off&#8221; button_text_color__hover_enabled=&#8221;off&#8221; button_one_text_color__hover_enabled=&#8221;off&#8221; button_two_text_color__hover_enabled=&#8221;off&#8221; button_border_width__hover_enabled=&#8221;off&#8221; button_one_border_width__hover_enabled=&#8221;off&#8221; button_two_border_width__hover_enabled=&#8221;off&#8221; button_border_color__hover_enabled=&#8221;off&#8221; button_one_border_color__hover_enabled=&#8221;off&#8221; button_two_border_color__hover_enabled=&#8221;off&#8221; button_border_radius__hover_enabled=&#8221;off&#8221; button_one_border_radius__hover_enabled=&#8221;off&#8221; button_two_border_radius__hover_enabled=&#8221;off&#8221; button_letter_spacing__hover_enabled=&#8221;off&#8221; button_one_letter_spacing__hover_enabled=&#8221;off&#8221; button_two_letter_spacing__hover_enabled=&#8221;off&#8221; button_bg_color__hover_enabled=&#8221;off&#8221; button_one_bg_color__hover_enabled=&#8221;off&#8221; button_two_bg_color__hover_enabled=&#8221;off&#8221;][\/et_pb_contact_field][et_pb_contact_field field_id=&#8221;Tilanne&#8221; field_title=&#8221;Ohjelmistohankinnan tilanne yrityksess\u00e4si&#8221; field_type=&#8221;radio&#8221; radio_options=&#8221;%91{%22value%22:%22Tarvekartoitus%22,%22checked%22:0,%22dragID%22:-1},{%22value%22:%22Ratkaisujen etsint\u00e4%22,%22checked%22:0,%22dragID%22:0},{%22value%22:%22Vaihtoehtojen vertailu%22,%22checked%22:0,%22dragID%22:1},{%22value%22:%22Toimittajan valinta ja hankinta%22,%22checked%22:0,%22dragID%22:2}%93&#8243; required_mark=&#8221;off&#8221; fullwidth_field=&#8221;on&#8221; _builder_version=&#8221;4.16&#8243; _module_preset=&#8221;default&#8221; global_colors_info=&#8221;{}&#8221;][\/et_pb_contact_field][et_pb_contact_field field_id=&#8221;Aiheet&#8221; field_title=&#8221;Aiheet, joista haluat lis\u00e4tietoa&#8221; field_type=&#8221;checkbox&#8221; checkbox_options=&#8221;%91{%22value%22:%22Maksuton kokeiluversio%22,%22checked%22:0,%22dragID%22:-1},{%22value%22:%22Ohjelmiston esittely%22,%22checked%22:0,%22dragID%22:0},{%22value%22:%22Ohjelmiston hinnoittelu%22,%22checked%22:0,%22dragID%22:1,%22link_url%22:%22%22,%22link_text%22:%22%22},{%22value%22:%22Rahoitusvaihtoehdot%22,%22checked%22:0,%22dragID%22:2},{%22value%22:%22Lisenssivaihtoehdot%22,%22checked%22:0,%22dragID%22:3},{%22value%22:%22Koulutus%22,%22checked%22:0,%22dragID%22:4},{%22value%22:%22Tekninen tuki%22,%22checked%22:0,%22dragID%22:5}%93&#8243; fullwidth_field=&#8221;on&#8221; _builder_version=&#8221;4.17.1&#8243; hover_enabled=&#8221;0&#8243; global_colors_info=&#8221;{}&#8221; required_mark=&#8221;off&#8221; sticky_enabled=&#8221;0&#8243;][\/et_pb_contact_field][\/et_pb_contact_form][et_pb_text _builder_version=&#8221;4.16&#8243; global_colors_info=&#8221;{}&#8221;]<\/p>\n<p style=\"text-align: right\"><span class=\"registration-description\" data-bind=\"expander:{'expandText': moreButtonText(), 'userCollapseText': lessButtonText(), 'text':getWebinarInfo().description}\">Tietojasi k\u00e4sitell\u00e4\u00e4n <a href=\"https:\/\/vertex.fi\/tietosuoja\">tietosuojaselosteemme<\/a> mukaisesti.<\/span><\/p>\n<p>[\/et_pb_text][\/et_pb_column][\/et_pb_row][\/et_pb_section]<\/p>\n","protected":false},"excerpt":{"rendered":"<p>Ota yhteytt\u00e4 J\u00e4t\u00e4 yhteydentottopyynt\u00f6, niin olemme sinuun yhteydess\u00e4 ja vastaamme ohjelmistoihimme ja palveluihimme liittyviin kysymyksiin. &nbsp;Jukka Virtanen Myyntijohtaja0400 893 881jukka.virtanen(at)vertex.fi Tietojasi k\u00e4sitell\u00e4\u00e4n tietosuojaselosteemme mukaisesti.<\/p>\n","protected":false},"author":2,"featured_media":9689,"parent":0,"menu_order":0,"comment_status":"closed","ping_status":"closed","template":"","meta":{"_et_pb_use_builder":"on","_et_pb_old_content":"","_et_gb_content_width":"","sfsi_plus_gutenberg_text_before_share":"","sfsi_plus_gutenberg_show_text_before_share":"","sfsi_plus_gutenberg_icon_type":"","sfsi_plus_gutenberg_icon_alignemt":"","sfsi_plus_gutenburg_max_per_row":""},"yoast_head":"<!-- This site is optimized with the Yoast SEO plugin v18.6 - https:\/\/yoast.com\/wordpress\/plugins\/seo\/ -->\n<title>Yhteydenottopyynt\u00f6 - Vertex G4Plant<\/title>\n<meta name=\"robots\" content=\"index, follow, max-snippet:-1, max-image-preview:large, max-video-preview:-1\" \/>\n<link rel=\"canonical\" href=\"https:\/\/vertex.fi\/g4plant\/yhteydenottopyynto\/\" \/>\n<meta property=\"og:locale\" content=\"en_US\" \/>\n<meta property=\"og:type\" content=\"article\" \/>\n<meta property=\"og:title\" content=\"Yhteydenottopyynt\u00f6 - Vertex G4Plant\" \/>\n<meta property=\"og:description\" content=\"Ota yhteytt\u00e4 J\u00e4t\u00e4 yhteydentottopyynt\u00f6, niin olemme sinuun yhteydess\u00e4 ja vastaamme ohjelmistoihimme ja palveluihimme liittyviin kysymyksiin. &nbsp;Jukka Virtanen Myyntijohtaja0400 893 881jukka.virtanen(at)vertex.fi Tietojasi k\u00e4sitell\u00e4\u00e4n tietosuojaselosteemme mukaisesti.\" \/>\n<meta property=\"og:url\" content=\"https:\/\/vertex.fi\/g4plant\/yhteydenottopyynto\/\" \/>\n<meta property=\"og:site_name\" content=\"Vertex G4Plant\" \/>\n<meta property=\"article:publisher\" content=\"https:\/\/www.facebook.com\/vertextampere\/\" \/>\n<meta property=\"article:modified_time\" content=\"2022-04-29T09:14:42+00:00\" \/>\n<meta property=\"og:image\" content=\"https:\/\/vertex.fi\/g4plant\/wp-content\/uploads\/sites\/7\/2021\/01\/Nivo_lierio_Thumb.png\" \/>\n\t<meta property=\"og:image:width\" content=\"768\" \/>\n\t<meta property=\"og:image:height\" content=\"432\" \/>\n\t<meta property=\"og:image:type\" content=\"image\/png\" \/>\n<meta name=\"twitter:card\" content=\"summary_large_image\" \/>\n<meta name=\"twitter:site\" content=\"@VertexSystemsHQ\" \/>\n<meta name=\"twitter:label1\" content=\"Est. reading time\" \/>\n\t<meta name=\"twitter:data1\" content=\"7 minutes\" \/>\n<script type=\"application\/ld+json\" class=\"yoast-schema-graph\">{\"@context\":\"https:\/\/schema.org\",\"@graph\":[{\"@type\":\"Organization\",\"@id\":\"https:\/\/vertex.fi\/g4plant\/#organization\",\"name\":\"Vertex Systems Oy\",\"url\":\"https:\/\/vertex.fi\/g4plant\/\",\"sameAs\":[\"https:\/\/www.facebook.com\/vertextampere\/\",\"https:\/\/www.instagram.com\/vertexsystems\/\",\"https:\/\/www.linkedin.com\/company\/vertex-systems-oy\",\"https:\/\/www.youtube.com\/user\/VertexSystemsFIN\/featured\",\"https:\/\/twitter.com\/VertexSystemsHQ\"],\"logo\":{\"@type\":\"ImageObject\",\"@id\":\"https:\/\/vertex.fi\/g4plant\/#logo\",\"inLanguage\":\"en-US\",\"url\":\"https:\/\/vertex.fi\/g4plant\/wp-content\/uploads\/sites\/7\/2021\/01\/VERTEXlogo_400.png\",\"contentUrl\":\"https:\/\/vertex.fi\/g4plant\/wp-content\/uploads\/sites\/7\/2021\/01\/VERTEXlogo_400.png\",\"width\":400,\"height\":101,\"caption\":\"Vertex Systems Oy\"},\"image\":{\"@id\":\"https:\/\/vertex.fi\/g4plant\/#logo\"}},{\"@type\":\"WebSite\",\"@id\":\"https:\/\/vertex.fi\/g4plant\/#website\",\"url\":\"https:\/\/vertex.fi\/g4plant\/\",\"name\":\"Vertex G4Plant\",\"description\":\"3D laitos- ja putkistosuunnitteluohjelmisto\",\"publisher\":{\"@id\":\"https:\/\/vertex.fi\/g4plant\/#organization\"},\"potentialAction\":[{\"@type\":\"SearchAction\",\"target\":{\"@type\":\"EntryPoint\",\"urlTemplate\":\"https:\/\/vertex.fi\/g4plant\/?s={search_term_string}\"},\"query-input\":\"required name=search_term_string\"}],\"inLanguage\":\"en-US\"},{\"@type\":\"ImageObject\",\"@id\":\"https:\/\/vertex.fi\/g4plant\/yhteydenottopyynto\/#primaryimage\",\"inLanguage\":\"en-US\",\"url\":\"https:\/\/vertex.fi\/g4plant\/wp-content\/uploads\/sites\/7\/2021\/01\/Nivo_lierio_Thumb.png\",\"contentUrl\":\"https:\/\/vertex.fi\/g4plant\/wp-content\/uploads\/sites\/7\/2021\/01\/Nivo_lierio_Thumb.png\",\"width\":768,\"height\":432},{\"@type\":\"WebPage\",\"@id\":\"https:\/\/vertex.fi\/g4plant\/yhteydenottopyynto\/#webpage\",\"url\":\"https:\/\/vertex.fi\/g4plant\/yhteydenottopyynto\/\",\"name\":\"Yhteydenottopyynt\u00f6 - Vertex G4Plant\",\"isPartOf\":{\"@id\":\"https:\/\/vertex.fi\/g4plant\/#website\"},\"primaryImageOfPage\":{\"@id\":\"https:\/\/vertex.fi\/g4plant\/yhteydenottopyynto\/#primaryimage\"},\"datePublished\":\"2021-01-29T07:22:13+00:00\",\"dateModified\":\"2022-04-29T09:14:42+00:00\",\"breadcrumb\":{\"@id\":\"https:\/\/vertex.fi\/g4plant\/yhteydenottopyynto\/#breadcrumb\"},\"inLanguage\":\"en-US\",\"potentialAction\":[{\"@type\":\"ReadAction\",\"target\":[\"https:\/\/vertex.fi\/g4plant\/yhteydenottopyynto\/\"]}]},{\"@type\":\"BreadcrumbList\",\"@id\":\"https:\/\/vertex.fi\/g4plant\/yhteydenottopyynto\/#breadcrumb\",\"itemListElement\":[{\"@type\":\"ListItem\",\"position\":1,\"name\":\"Home\",\"item\":\"https:\/\/vertex.fi\/g4plant\/\"},{\"@type\":\"ListItem\",\"position\":2,\"name\":\"Yhteydenottopyynt\u00f6\"}]}]}<\/script>\n<!-- \/ Yoast SEO plugin. -->","yoast_head_json":{"title":"Yhteydenottopyynt\u00f6 - Vertex G4Plant","robots":{"index":"index","follow":"follow","max-snippet":"max-snippet:-1","max-image-preview":"max-image-preview:large","max-video-preview":"max-video-preview:-1"},"canonical":"https:\/\/vertex.fi\/g4plant\/yhteydenottopyynto\/","og_locale":"en_US","og_type":"article","og_title":"Yhteydenottopyynt\u00f6 - Vertex G4Plant","og_description":"Ota yhteytt\u00e4 J\u00e4t\u00e4 yhteydentottopyynt\u00f6, niin olemme sinuun yhteydess\u00e4 ja vastaamme ohjelmistoihimme ja palveluihimme liittyviin kysymyksiin. &nbsp;Jukka Virtanen Myyntijohtaja0400 893 881jukka.virtanen(at)vertex.fi Tietojasi k\u00e4sitell\u00e4\u00e4n tietosuojaselosteemme mukaisesti.","og_url":"https:\/\/vertex.fi\/g4plant\/yhteydenottopyynto\/","og_site_name":"Vertex G4Plant","article_publisher":"https:\/\/www.facebook.com\/vertextampere\/","article_modified_time":"2022-04-29T09:14:42+00:00","og_image":[{"width":768,"height":432,"url":"https:\/\/vertex.fi\/g4plant\/wp-content\/uploads\/sites\/7\/2021\/01\/Nivo_lierio_Thumb.png","type":"image\/png"}],"twitter_card":"summary_large_image","twitter_site":"@VertexSystemsHQ","twitter_misc":{"Est. reading time":"7 minutes"},"schema":{"@context":"https:\/\/schema.org","@graph":[{"@type":"Organization","@id":"https:\/\/vertex.fi\/g4plant\/#organization","name":"Vertex Systems Oy","url":"https:\/\/vertex.fi\/g4plant\/","sameAs":["https:\/\/www.facebook.com\/vertextampere\/","https:\/\/www.instagram.com\/vertexsystems\/","https:\/\/www.linkedin.com\/company\/vertex-systems-oy","https:\/\/www.youtube.com\/user\/VertexSystemsFIN\/featured","https:\/\/twitter.com\/VertexSystemsHQ"],"logo":{"@type":"ImageObject","@id":"https:\/\/vertex.fi\/g4plant\/#logo","inLanguage":"en-US","url":"https:\/\/vertex.fi\/g4plant\/wp-content\/uploads\/sites\/7\/2021\/01\/VERTEXlogo_400.png","contentUrl":"https:\/\/vertex.fi\/g4plant\/wp-content\/uploads\/sites\/7\/2021\/01\/VERTEXlogo_400.png","width":400,"height":101,"caption":"Vertex Systems Oy"},"image":{"@id":"https:\/\/vertex.fi\/g4plant\/#logo"}},{"@type":"WebSite","@id":"https:\/\/vertex.fi\/g4plant\/#website","url":"https:\/\/vertex.fi\/g4plant\/","name":"Vertex G4Plant","description":"3D laitos- ja putkistosuunnitteluohjelmisto","publisher":{"@id":"https:\/\/vertex.fi\/g4plant\/#organization"},"potentialAction":[{"@type":"SearchAction","target":{"@type":"EntryPoint","urlTemplate":"https:\/\/vertex.fi\/g4plant\/?s={search_term_string}"},"query-input":"required name=search_term_string"}],"inLanguage":"en-US"},{"@type":"ImageObject","@id":"https:\/\/vertex.fi\/g4plant\/yhteydenottopyynto\/#primaryimage","inLanguage":"en-US","url":"https:\/\/vertex.fi\/g4plant\/wp-content\/uploads\/sites\/7\/2021\/01\/Nivo_lierio_Thumb.png","contentUrl":"https:\/\/vertex.fi\/g4plant\/wp-content\/uploads\/sites\/7\/2021\/01\/Nivo_lierio_Thumb.png","width":768,"height":432},{"@type":"WebPage","@id":"https:\/\/vertex.fi\/g4plant\/yhteydenottopyynto\/#webpage","url":"https:\/\/vertex.fi\/g4plant\/yhteydenottopyynto\/","name":"Yhteydenottopyynt\u00f6 - Vertex G4Plant","isPartOf":{"@id":"https:\/\/vertex.fi\/g4plant\/#website"},"primaryImageOfPage":{"@id":"https:\/\/vertex.fi\/g4plant\/yhteydenottopyynto\/#primaryimage"},"datePublished":"2021-01-29T07:22:13+00:00","dateModified":"2022-04-29T09:14:42+00:00","breadcrumb":{"@id":"https:\/\/vertex.fi\/g4plant\/yhteydenottopyynto\/#breadcrumb"},"inLanguage":"en-US","potentialAction":[{"@type":"ReadAction","target":["https:\/\/vertex.fi\/g4plant\/yhteydenottopyynto\/"]}]},{"@type":"BreadcrumbList","@id":"https:\/\/vertex.fi\/g4plant\/yhteydenottopyynto\/#breadcrumb","itemListElement":[{"@type":"ListItem","position":1,"name":"Home","item":"https:\/\/vertex.fi\/g4plant\/"},{"@type":"ListItem","position":2,"name":"Yhteydenottopyynt\u00f6"}]}]}},"_links":{"self":[{"href":"https:\/\/vertex.fi\/g4plant\/wp-json\/wp\/v2\/pages\/9716"}],"collection":[{"href":"https:\/\/vertex.fi\/g4plant\/wp-json\/wp\/v2\/pages"}],"about":[{"href":"https:\/\/vertex.fi\/g4plant\/wp-json\/wp\/v2\/types\/page"}],"author":[{"embeddable":true,"href":"https:\/\/vertex.fi\/g4plant\/wp-json\/wp\/v2\/users\/2"}],"replies":[{"embeddable":true,"href":"https:\/\/vertex.fi\/g4plant\/wp-json\/wp\/v2\/comments?post=9716"}],"version-history":[{"count":43,"href":"https:\/\/vertex.fi\/g4plant\/wp-json\/wp\/v2\/pages\/9716\/revisions"}],"predecessor-version":[{"id":11648,"href":"https:\/\/vertex.fi\/g4plant\/wp-json\/wp\/v2\/pages\/9716\/revisions\/11648"}],"wp:featuredmedia":[{"embeddable":true,"href":"https:\/\/vertex.fi\/g4plant\/wp-json\/wp\/v2\/media\/9689"}],"wp:attachment":[{"href":"https:\/\/vertex.fi\/g4plant\/wp-json\/wp\/v2\/media?parent=9716"}],"curies":[{"name":"wp","href":"https:\/\/api.w.org\/{rel}","templated":true}]}}