{"id":7689,"date":"2020-11-19T10:33:33","date_gmt":"2020-11-19T10:33:33","guid":{"rendered":"https:\/\/vertex.fi\/ind\/?page_id=7689"},"modified":"2024-01-23T11:38:27","modified_gmt":"2024-01-23T11:38:27","slug":"vertex-g4ind","status":"publish","type":"page","link":"https:\/\/vertex.fi\/ind\/vertex-g4ind\/","title":{"rendered":"Huonekalujen suunnittelu"},"content":{"rendered":"<p>[et_pb_section fb_built=&#8221;1&#8243; admin_label=&#8221;Hero&#8221; _builder_version=&#8221;4.16&#8243; use_background_color_gradient=&#8221;on&#8221; background_color_gradient_type=&#8221;circular&#8221; background_color_gradient_direction_radial=&#8221;top left&#8221; background_color_gradient_stops=&#8221;rgba(40,40,40,0.77) 0%|rgba(40,40,40,0.81) 100%&#8221; background_color_gradient_overlays_image=&#8221;on&#8221; background_color_gradient_start=&#8221;rgba(40,40,40,0.77)&#8221; background_color_gradient_end=&#8221;rgba(40,40,40,0.81)&#8221; background_image=&#8221;https:\/\/vertex.fi\/ind\/wp-content\/uploads\/sites\/6\/2020\/11\/royal5-1.png&#8221; background_blend=&#8221;lighten&#8221; width=&#8221;100%&#8221; custom_margin=&#8221;0px||||false&#8221; custom_margin_tablet=&#8221;&#8221; custom_margin_phone=&#8221;0px||&#8221; custom_margin_last_edited=&#8221;on|desktop&#8221; custom_padding=&#8221;7vw||7vw||true|false&#8221; global_colors_info=&#8221;{}&#8221;][et_pb_row _builder_version=&#8221;4.16&#8243; background_color=&#8221;rgba(0,0,0,0.4)&#8221; custom_padding=&#8221;16px|24px|16px|24px|false|false&#8221; global_colors_info=&#8221;{}&#8221;][et_pb_column type=&#8221;4_4&#8243; _builder_version=&#8221;4.16&#8243; custom_padding=&#8221;|||&#8221; global_colors_info=&#8221;{}&#8221; custom_padding__hover=&#8221;|||&#8221;][et_pb_text _builder_version=&#8221;4.16&#8243; text_font=&#8221;||||||||&#8221; header_font=&#8221;Rubik|700|||||||&#8221; header_font_size=&#8221;50px&#8221; header_line_height=&#8221;1.1em&#8221; background_layout=&#8221;dark&#8221; max_width=&#8221;960px&#8221; custom_margin=&#8221;||||false|false&#8221; custom_padding=&#8221;10px||6px|16px|false|false&#8221; text_font_size_tablet=&#8221;14px&#8221; text_font_size_last_edited=&#8221;off|desktop&#8221; header_font_size_tablet=&#8221;44px&#8221; header_font_size_phone=&#8221;33px&#8221; header_font_size_last_edited=&#8221;on|desktop&#8221; border_color_all=&#8221;#EE1D25&#8243; border_width_left=&#8221;10px&#8221; global_colors_info=&#8221;{}&#8221;]<\/p>\n<h1><span style=\"color: #ffffff\">Suunnittele ja valmista<br \/>yksil\u00f6llinen kaluste<br \/> <\/span><\/h1>\n<p>[\/et_pb_text][et_pb_text _builder_version=&#8221;4.16&#8243; text_font=&#8221;||||||||&#8221; text_font_size=&#8221;16px&#8221; text_line_height=&#8221;1.6em&#8221; header_font=&#8221;||||||||&#8221; background_layout=&#8221;dark&#8221; max_width=&#8221;800px&#8221; custom_margin=&#8221;15px|||28px|false|false&#8221; custom_padding=&#8221;0px||0px||true|&#8221; text_font_size_tablet=&#8221;16px&#8221; text_font_size_phone=&#8221;14px&#8221; text_font_size_last_edited=&#8221;on|desktop&#8221; global_colors_info=&#8221;{}&#8221;]<\/p>\n<h2 class=\"et_pb_module_header et-fb-editable-element et-fb-editable-element__editing\" data-shortcode-id=\"0.0-1605787173876\" data-quickaccess-id=\"title\">Vertex G4InD &#8211; helppok\u00e4ytt\u00f6inen suomalainen<br \/> 3D-kalustesuunnitteluohjelmisto projekti- ja erikoiskalusteiden sek\u00e4 huonekalujen valmistajille<\/h2>\n<p>&nbsp;<\/p>\n<p>[\/et_pb_text][\/et_pb_column][\/et_pb_row][\/et_pb_section][et_pb_section fb_built=&#8221;1&#8243; _builder_version=&#8221;4.16&#8243; global_colors_info=&#8221;{}&#8221;][et_pb_row column_structure=&#8221;1_2,1_2&#8243; make_equal=&#8221;on&#8221; module_class=&#8221; et_pb_row_fullwidth&#8221; _builder_version=&#8221;4.16&#8243; width=&#8221;89%&#8221; width_tablet=&#8221;80%&#8221; width_phone=&#8221;&#8221; width_last_edited=&#8221;on|desktop&#8221; max_width=&#8221;89%&#8221; max_width_tablet=&#8221;80%&#8221; max_width_phone=&#8221;&#8221; max_width_last_edited=&#8221;on|desktop&#8221; custom_margin=&#8221;|||&#8221; custom_css_main_element=&#8221;display: -webkit-box;||display: -moz-box;||display: -ms-flexbox;||display: -webkit-flex;||display: flex;||-webkit-flex-wrap: wrap; \/* Safari 6.1+ *\/||flex-wrap: wrap;&#8221; make_fullwidth=&#8221;on&#8221; global_colors_info=&#8221;{}&#8221;][et_pb_column type=&#8221;1_2&#8243; _builder_version=&#8221;4.16&#8243; custom_padding=&#8221;|||&#8221; custom_css_main_element=&#8221;||margin: auto;||-webkit-order: 2;||order: 2;&#8221; global_colors_info=&#8221;{}&#8221; custom_padding__hover=&#8221;|||&#8221;][et_pb_image src=&#8221;https:\/\/vertex.fi\/ind\/wp-content\/uploads\/sites\/6\/2020\/12\/G4-kuvituskuva.png&#8221; _builder_version=&#8221;4.16&#8243; global_colors_info=&#8221;{}&#8221;][\/et_pb_image][et_pb_gallery gallery_ids=&#8221;7915,7916&#8243; show_title_and_caption=&#8221;off&#8221; _builder_version=&#8221;4.16&#8243; global_colors_info=&#8221;{}&#8221;][\/et_pb_gallery][\/et_pb_column][et_pb_column type=&#8221;1_2&#8243; _builder_version=&#8221;4.16&#8243; custom_padding=&#8221;|||&#8221; custom_css_main_element=&#8221;margin: auto;||-webkit-order: 1;||order: 1;&#8221; global_colors_info=&#8221;{}&#8221; custom_padding__hover=&#8221;|||&#8221;][et_pb_text _builder_version=&#8221;4.16&#8243; text_font=&#8221;||||||||&#8221; header_font=&#8221;||||||||&#8221; header_text_align=&#8221;left&#8221; custom_padding=&#8221;|||&#8221; global_colors_info=&#8221;{}&#8221;]<\/p>\n<h2 style=\"text-align: left\">Hy\u00f6dynn\u00e4 ammattitason ty\u00f6kalu<\/h2>\n<p>&nbsp;<\/p>\n<p>Hy\u00f6dynn\u00e4 ammattitason ty\u00f6kalu 2D- ja 3D-suunnittelussa ja hae suunnittelutiedot helposti.<\/p>\n<p>G4-ohjelmisto on helppok\u00e4ytt\u00f6inen, suomenkielinen ja tuntee kansainv\u00e4liset suunnitteluk\u00e4yt\u00e4nn\u00f6t.<\/p>\n<p>Vertex G4:ss\u00e4 on aina vakiona mukana tehokas, k\u00e4ytt\u00e4j\u00e4\u00e4 ohjaava suunnittelutiedon hallintaj\u00e4rjestelm\u00e4.<\/p>\n<p>Sen avulla voit hallita dokumentteja &#8211; projekteja, malleja, ty\u00f6piirustuksia, nimikkeit\u00e4, osaluetteloita ja tuoterakenteita.<\/p>\n<p>&nbsp;<\/p>\n<p>&nbsp;<\/p>\n<p style=\"text-align: left\">[\/et_pb_text][\/et_pb_column][\/et_pb_row][\/et_pb_section][et_pb_section fb_built=&#8221;1&#8243; _builder_version=&#8221;4.16&#8243; background_color=&#8221;#f9f9f9&#8243; global_colors_info=&#8221;{}&#8221;][et_pb_row column_structure=&#8221;1_2,1_2&#8243; make_equal=&#8221;on&#8221; module_class=&#8221; et_pb_row_fullwidth&#8221; _builder_version=&#8221;4.16&#8243; width=&#8221;89%&#8221; width_tablet=&#8221;80%&#8221; width_phone=&#8221;&#8221; width_last_edited=&#8221;on|desktop&#8221; max_width=&#8221;89%&#8221; max_width_tablet=&#8221;80%&#8221; max_width_phone=&#8221;&#8221; max_width_last_edited=&#8221;on|desktop&#8221; custom_margin=&#8221;|||&#8221; custom_css_main_element=&#8221;display: -webkit-box;||display: -moz-box;||display: -ms-flexbox;||display: -webkit-flex;||display: flex;||-webkit-flex-wrap: wrap; \/* Safari 6.1+ *\/||flex-wrap: wrap;&#8221; make_fullwidth=&#8221;on&#8221; global_colors_info=&#8221;{}&#8221;][et_pb_column type=&#8221;1_2&#8243; _builder_version=&#8221;4.16&#8243; custom_padding=&#8221;|||&#8221; custom_css_main_element=&#8221;||margin: auto;||-webkit-order: 2;||order: 2;&#8221; global_colors_info=&#8221;{}&#8221; custom_padding__hover=&#8221;|||&#8221;][et_pb_text _builder_version=&#8221;4.16&#8243; text_font=&#8221;||||||||&#8221; header_font=&#8221;||||||||&#8221; header_text_align=&#8221;left&#8221; custom_padding=&#8221;|||&#8221; global_colors_info=&#8221;{}&#8221;]<\/p>\n<h2 style=\"text-align: left\">Katso esimerkkivideo yksinkertaisen palvelutiskin mallinnuksesta<\/h2>\n<p>&nbsp;<\/p>\n<p>[\/et_pb_text][\/et_pb_column][et_pb_column type=&#8221;1_2&#8243; _builder_version=&#8221;4.16&#8243; custom_padding=&#8221;|||&#8221; custom_css_main_element=&#8221;margin: auto;||-webkit-order: 1;||order: 1;&#8221; global_colors_info=&#8221;{}&#8221; custom_padding__hover=&#8221;|||&#8221;][et_pb_code _builder_version=&#8221;4.19.5&#8243; _module_preset=&#8221;default&#8221; global_colors_info=&#8221;{}&#8221;]<iframe loading=\"lazy\" width=\"560\" height=\"315\" src=\"https:\/\/www.youtube-nocookie.com\/embed\/cjPh8K-Jd14\" title=\"YouTube video player\" frameborder=\"0\" allow=\"accelerometer; autoplay; clipboard-write; encrypted-media; gyroscope; picture-in-picture; web-share\" allowfullscreen><\/iframe>[\/et_pb_code][\/et_pb_column][\/et_pb_row][\/et_pb_section][et_pb_section fb_built=&#8221;1&#8243; _builder_version=&#8221;4.16&#8243; global_colors_info=&#8221;{}&#8221;][et_pb_row column_structure=&#8221;1_2,1_2&#8243; make_equal=&#8221;on&#8221; module_class=&#8221; et_pb_row_fullwidth&#8221; _builder_version=&#8221;4.16&#8243; width=&#8221;89%&#8221; width_tablet=&#8221;80%&#8221; width_phone=&#8221;&#8221; width_last_edited=&#8221;on|desktop&#8221; max_width=&#8221;89%&#8221; max_width_tablet=&#8221;80%&#8221; max_width_phone=&#8221;&#8221; max_width_last_edited=&#8221;on|desktop&#8221; custom_margin=&#8221;|||&#8221; custom_css_main_element=&#8221;display: -webkit-box;||display: -moz-box;||display: -ms-flexbox;||display: -webkit-flex;||display: flex;||-webkit-flex-wrap: wrap; \/* Safari 6.1+ *\/||flex-wrap: wrap;&#8221; make_fullwidth=&#8221;on&#8221; global_colors_info=&#8221;{}&#8221;][et_pb_column type=&#8221;1_2&#8243; _builder_version=&#8221;4.16&#8243; custom_padding=&#8221;|||&#8221; custom_css_main_element=&#8221;||margin: auto;||-webkit-order: 2;||order: 2;&#8221; global_colors_info=&#8221;{}&#8221; custom_padding__hover=&#8221;|||&#8221;][et_pb_image src=&#8221;https:\/\/vertex.fi\/ind\/wp-content\/uploads\/sites\/6\/2020\/11\/InD_kalustesuunnittelu_hyodynna_valmiit_valmistajakohtaiset_komponentit.png&#8221; _builder_version=&#8221;4.16&#8243; global_colors_info=&#8221;{}&#8221;][\/et_pb_image][\/et_pb_column][et_pb_column type=&#8221;1_2&#8243; _builder_version=&#8221;4.16&#8243; custom_padding=&#8221;|||&#8221; custom_css_main_element=&#8221;margin: auto;||-webkit-order: 1;||order: 1;&#8221; global_colors_info=&#8221;{}&#8221; custom_padding__hover=&#8221;|||&#8221;][et_pb_text _builder_version=&#8221;4.16&#8243; text_font=&#8221;||||||||&#8221; header_font=&#8221;||||||||&#8221; header_text_align=&#8221;left&#8221; custom_padding=&#8221;|||&#8221; global_colors_info=&#8221;{}&#8221;]<\/p>\n<h2 style=\"text-align: left\">Hy\u00f6dynn\u00e4 valmiit toimittajakohtaiset komponentit<\/h2>\n<p>&nbsp;<\/p>\n<p>K\u00e4yt\u00e4 lankahyllyj\u00e4, kalustejalkoja, kalustepy\u00f6ri\u00e4, peruskalusterunkoja, koreja ja korikoita, laatikoita, j\u00e4tevaunuja, saranoita, s\u00e4ilytysj\u00e4rjestelm\u00e4n tarvikkeita, valoja ja vetimi\u00e4.<\/p>\n<p>Luo omia kolmikerroslevyrakenteitasi k\u00e4tevill\u00e4 ty\u00f6kaluilla.<\/p>\n<p>&nbsp;<\/p>\n<p style=\"text-align: left\">\n<p>[\/et_pb_text][\/et_pb_column][\/et_pb_row][\/et_pb_section][et_pb_section fb_built=&#8221;1&#8243; _builder_version=&#8221;4.16&#8243; background_color=&#8221;#f7f7f7&#8243; global_colors_info=&#8221;{}&#8221;][et_pb_row column_structure=&#8221;1_2,1_2&#8243; make_equal=&#8221;on&#8221; module_class=&#8221; et_pb_row_fullwidth&#8221; _builder_version=&#8221;4.16&#8243; width=&#8221;89%&#8221; width_tablet=&#8221;80%&#8221; width_phone=&#8221;&#8221; width_last_edited=&#8221;on|desktop&#8221; max_width=&#8221;89%&#8221; max_width_tablet=&#8221;80%&#8221; max_width_phone=&#8221;&#8221; max_width_last_edited=&#8221;on|desktop&#8221; custom_margin=&#8221;|||&#8221; custom_css_main_element=&#8221;display: -webkit-box;||display: -moz-box;||display: -ms-flexbox;||display: -webkit-flex;||display: flex;||-webkit-flex-wrap: wrap; \/* Safari 6.1+ *\/||flex-wrap: wrap;&#8221; make_fullwidth=&#8221;on&#8221; global_colors_info=&#8221;{}&#8221;][et_pb_column type=&#8221;1_2&#8243; _builder_version=&#8221;4.16&#8243; custom_padding=&#8221;|||&#8221; custom_css_main_element=&#8221;||margin: auto;||-webkit-order: 2;||order: 2;&#8221; global_colors_info=&#8221;{}&#8221; custom_padding__hover=&#8221;|||&#8221;][et_pb_text _builder_version=&#8221;4.16&#8243; text_font=&#8221;||||||||&#8221; header_font=&#8221;||||||||&#8221; header_text_align=&#8221;left&#8221; custom_padding=&#8221;|||&#8221; global_colors_info=&#8221;{}&#8221;]<\/p>\n<h2 style=\"text-align: left\">Hy\u00f6dynn\u00e4 muilla ohjelmilla tehdyt 3D-mallit<\/h2>\n<p>&nbsp;<\/p>\n<p>Tuo muilla CAD-ohjelmilla mallinnettuja tuotteita Vertexiin ja vie Vertexist\u00e4 omia mallejasi muiden ohjelmien luettavaksi k\u00e4\u00e4nt\u00e4jill\u00e4. <\/p>\n<p>&nbsp;<\/p>\n<p style=\"text-align: left\">[\/et_pb_text][\/et_pb_column][et_pb_column type=&#8221;1_2&#8243; _builder_version=&#8221;4.16&#8243; custom_padding=&#8221;|||&#8221; custom_css_main_element=&#8221;margin: auto;||-webkit-order: 1;||order: 1;&#8221; global_colors_info=&#8221;{}&#8221; custom_padding__hover=&#8221;|||&#8221;][et_pb_image src=&#8221;https:\/\/vertex.fi\/ind\/wp-content\/uploads\/sites\/6\/2020\/12\/liitynnat.jpg&#8221; _builder_version=&#8221;4.16&#8243; custom_margin=&#8221;||20px||false|false&#8221; global_colors_info=&#8221;{}&#8221;][\/et_pb_image][\/et_pb_column][\/et_pb_row][\/et_pb_section][et_pb_section fb_built=&#8221;1&#8243; fullwidth=&#8221;on&#8221; _builder_version=&#8221;4.23.1&#8243; _module_preset=&#8221;default&#8221; global_colors_info=&#8221;{}&#8221; global_module=&#8221;11385&#8243; theme_builder_area=&#8221;post_content&#8221;][et_pb_fullwidth_code _builder_version=&#8221;4.23.1&#8243; _module_preset=&#8221;default&#8221; global_colors_info=&#8221;{}&#8221; theme_builder_area=&#8221;post_content&#8221;]<ld-slot name=\"footer FI\" ><\/ld-slot>[\/et_pb_fullwidth_code][\/et_pb_section]<\/p>\n","protected":false},"excerpt":{"rendered":"<p>Suunnittele ja valmistayksil\u00f6llinen kaluste Vertex G4InD &#8211; helppok\u00e4ytt\u00f6inen suomalainen 3D-kalustesuunnitteluohjelmisto projekti- ja erikoiskalusteiden sek\u00e4 huonekalujen valmistajille &nbsp;Hy\u00f6dynn\u00e4 ammattitason ty\u00f6kalu &nbsp; Hy\u00f6dynn\u00e4 ammattitason ty\u00f6kalu 2D- ja 3D-suunnittelussa ja hae suunnittelutiedot helposti. G4-ohjelmisto on helppok\u00e4ytt\u00f6inen, suomenkielinen ja tuntee kansainv\u00e4liset suunnitteluk\u00e4yt\u00e4nn\u00f6t. Vertex G4:ss\u00e4 on aina vakiona mukana tehokas, k\u00e4ytt\u00e4j\u00e4\u00e4 ohjaava suunnittelutiedon hallintaj\u00e4rjestelm\u00e4. Sen avulla voit hallita dokumentteja &#8211; [&hellip;]<\/p>\n","protected":false},"author":3,"featured_media":0,"parent":0,"menu_order":0,"comment_status":"closed","ping_status":"closed","template":"","meta":{"_et_pb_use_builder":"on","_et_pb_old_content":"","_et_gb_content_width":"","sfsi_plus_gutenberg_text_before_share":"","sfsi_plus_gutenberg_show_text_before_share":"","sfsi_plus_gutenberg_icon_type":"","sfsi_plus_gutenberg_icon_alignemt":"","sfsi_plus_gutenburg_max_per_row":""},"yoast_head":"<!-- This site is optimized with the Yoast SEO plugin v18.6 - https:\/\/yoast.com\/wordpress\/plugins\/seo\/ -->\n<title>Huonekalujen suunnittelu - Vertex G4InD kalustesuunnitteluohjelmisto<\/title>\n<meta name=\"description\" content=\"Vertex G4InD 3D-suunnitteluohjelmisto huonekalujen valmistajille\" \/>\n<meta name=\"robots\" content=\"index, follow, max-snippet:-1, max-image-preview:large, max-video-preview:-1\" \/>\n<link rel=\"canonical\" href=\"https:\/\/vertex.fi\/ind\/vertex-g4ind\/\" \/>\n<meta property=\"og:locale\" content=\"en_US\" \/>\n<meta property=\"og:type\" content=\"article\" \/>\n<meta property=\"og:title\" content=\"Huonekalujen suunnittelu - Vertex G4InD kalustesuunnitteluohjelmisto\" \/>\n<meta property=\"og:description\" content=\"Vertex G4InD 3D-suunnitteluohjelmisto huonekalujen valmistajille\" \/>\n<meta property=\"og:url\" content=\"https:\/\/vertex.fi\/ind\/vertex-g4ind\/\" \/>\n<meta property=\"og:site_name\" content=\"Vertex InD\" \/>\n<meta property=\"article:modified_time\" content=\"2024-01-23T11:38:27+00:00\" \/>\n<meta name=\"twitter:card\" content=\"summary_large_image\" \/>\n<meta name=\"twitter:label1\" content=\"Est. reading time\" \/>\n\t<meta name=\"twitter:data1\" content=\"6 minutes\" \/>\n<script type=\"application\/ld+json\" class=\"yoast-schema-graph\">{\"@context\":\"https:\/\/schema.org\",\"@graph\":[{\"@type\":\"WebSite\",\"@id\":\"https:\/\/vertex.fi\/ind\/#website\",\"url\":\"https:\/\/vertex.fi\/ind\/\",\"name\":\"Vertex InD\",\"description\":\"Just another Vertex FI Sites site\",\"potentialAction\":[{\"@type\":\"SearchAction\",\"target\":{\"@type\":\"EntryPoint\",\"urlTemplate\":\"https:\/\/vertex.fi\/ind\/?s={search_term_string}\"},\"query-input\":\"required name=search_term_string\"}],\"inLanguage\":\"en-US\"},{\"@type\":\"WebPage\",\"@id\":\"https:\/\/vertex.fi\/ind\/vertex-g4ind\/#webpage\",\"url\":\"https:\/\/vertex.fi\/ind\/vertex-g4ind\/\",\"name\":\"Huonekalujen suunnittelu - Vertex G4InD kalustesuunnitteluohjelmisto\",\"isPartOf\":{\"@id\":\"https:\/\/vertex.fi\/ind\/#website\"},\"datePublished\":\"2020-11-19T10:33:33+00:00\",\"dateModified\":\"2024-01-23T11:38:27+00:00\",\"description\":\"Vertex G4InD 3D-suunnitteluohjelmisto huonekalujen valmistajille\",\"breadcrumb\":{\"@id\":\"https:\/\/vertex.fi\/ind\/vertex-g4ind\/#breadcrumb\"},\"inLanguage\":\"en-US\",\"potentialAction\":[{\"@type\":\"ReadAction\",\"target\":[\"https:\/\/vertex.fi\/ind\/vertex-g4ind\/\"]}]},{\"@type\":\"BreadcrumbList\",\"@id\":\"https:\/\/vertex.fi\/ind\/vertex-g4ind\/#breadcrumb\",\"itemListElement\":[{\"@type\":\"ListItem\",\"position\":1,\"name\":\"Home\",\"item\":\"https:\/\/vertex.fi\/ind\/\"},{\"@type\":\"ListItem\",\"position\":2,\"name\":\"Huonekalujen suunnittelu\"}]}]}<\/script>\n<!-- \/ Yoast SEO plugin. -->","yoast_head_json":{"title":"Huonekalujen suunnittelu - Vertex G4InD kalustesuunnitteluohjelmisto","description":"Vertex G4InD 3D-suunnitteluohjelmisto huonekalujen valmistajille","robots":{"index":"index","follow":"follow","max-snippet":"max-snippet:-1","max-image-preview":"max-image-preview:large","max-video-preview":"max-video-preview:-1"},"canonical":"https:\/\/vertex.fi\/ind\/vertex-g4ind\/","og_locale":"en_US","og_type":"article","og_title":"Huonekalujen suunnittelu - Vertex G4InD kalustesuunnitteluohjelmisto","og_description":"Vertex G4InD 3D-suunnitteluohjelmisto huonekalujen valmistajille","og_url":"https:\/\/vertex.fi\/ind\/vertex-g4ind\/","og_site_name":"Vertex InD","article_modified_time":"2024-01-23T11:38:27+00:00","twitter_card":"summary_large_image","twitter_misc":{"Est. reading time":"6 minutes"},"schema":{"@context":"https:\/\/schema.org","@graph":[{"@type":"WebSite","@id":"https:\/\/vertex.fi\/ind\/#website","url":"https:\/\/vertex.fi\/ind\/","name":"Vertex InD","description":"Just another Vertex FI Sites site","potentialAction":[{"@type":"SearchAction","target":{"@type":"EntryPoint","urlTemplate":"https:\/\/vertex.fi\/ind\/?s={search_term_string}"},"query-input":"required name=search_term_string"}],"inLanguage":"en-US"},{"@type":"WebPage","@id":"https:\/\/vertex.fi\/ind\/vertex-g4ind\/#webpage","url":"https:\/\/vertex.fi\/ind\/vertex-g4ind\/","name":"Huonekalujen suunnittelu - Vertex G4InD kalustesuunnitteluohjelmisto","isPartOf":{"@id":"https:\/\/vertex.fi\/ind\/#website"},"datePublished":"2020-11-19T10:33:33+00:00","dateModified":"2024-01-23T11:38:27+00:00","description":"Vertex G4InD 3D-suunnitteluohjelmisto huonekalujen valmistajille","breadcrumb":{"@id":"https:\/\/vertex.fi\/ind\/vertex-g4ind\/#breadcrumb"},"inLanguage":"en-US","potentialAction":[{"@type":"ReadAction","target":["https:\/\/vertex.fi\/ind\/vertex-g4ind\/"]}]},{"@type":"BreadcrumbList","@id":"https:\/\/vertex.fi\/ind\/vertex-g4ind\/#breadcrumb","itemListElement":[{"@type":"ListItem","position":1,"name":"Home","item":"https:\/\/vertex.fi\/ind\/"},{"@type":"ListItem","position":2,"name":"Huonekalujen suunnittelu"}]}]}},"_links":{"self":[{"href":"https:\/\/vertex.fi\/ind\/wp-json\/wp\/v2\/pages\/7689"}],"collection":[{"href":"https:\/\/vertex.fi\/ind\/wp-json\/wp\/v2\/pages"}],"about":[{"href":"https:\/\/vertex.fi\/ind\/wp-json\/wp\/v2\/types\/page"}],"author":[{"embeddable":true,"href":"https:\/\/vertex.fi\/ind\/wp-json\/wp\/v2\/users\/3"}],"replies":[{"embeddable":true,"href":"https:\/\/vertex.fi\/ind\/wp-json\/wp\/v2\/comments?post=7689"}],"version-history":[{"count":35,"href":"https:\/\/vertex.fi\/ind\/wp-json\/wp\/v2\/pages\/7689\/revisions"}],"predecessor-version":[{"id":11389,"href":"https:\/\/vertex.fi\/ind\/wp-json\/wp\/v2\/pages\/7689\/revisions\/11389"}],"wp:attachment":[{"href":"https:\/\/vertex.fi\/ind\/wp-json\/wp\/v2\/media?parent=7689"}],"curies":[{"name":"wp","href":"https:\/\/api.w.org\/{rel}","templated":true}]}}