{"id":7820,"date":"2020-11-23T12:02:18","date_gmt":"2020-11-23T12:02:18","guid":{"rendered":"https:\/\/vertex.fi\/ind\/?page_id=7820"},"modified":"2024-01-23T11:37:58","modified_gmt":"2024-01-23T11:37:58","slug":"liukuovet","status":"publish","type":"page","link":"https:\/\/vertex.fi\/ind\/liukuovet\/","title":{"rendered":"Liukuovikaapistot"},"content":{"rendered":"<p>[et_pb_section fb_built=&#8221;1&#8243; admin_label=&#8221;Hero&#8221; _builder_version=&#8221;4.16&#8243; use_background_color_gradient=&#8221;on&#8221; background_color_gradient_type=&#8221;circular&#8221; background_color_gradient_direction_radial=&#8221;top left&#8221; background_color_gradient_stops=&#8221;rgba(40,40,40,0.77) 0%|rgba(40,40,40,0.81) 100%&#8221; background_color_gradient_overlays_image=&#8221;on&#8221; background_color_gradient_start=&#8221;rgba(40,40,40,0.77)&#8221; background_color_gradient_end=&#8221;rgba(40,40,40,0.81)&#8221; background_image=&#8221;https:\/\/vertex.fi\/ind\/wp-content\/uploads\/sites\/6\/2020\/11\/liukuovet.jpg&#8221; background_blend=&#8221;lighten&#8221; custom_margin=&#8221;0px||||false&#8221; custom_margin_tablet=&#8221;&#8221; custom_margin_phone=&#8221;0px||&#8221; custom_margin_last_edited=&#8221;on|desktop&#8221; custom_padding=&#8221;10vw||10vw||true|false&#8221; global_colors_info=&#8221;{}&#8221;][et_pb_row _builder_version=&#8221;4.16&#8243; background_color=&#8221;rgba(0,0,0,0.4)&#8221; custom_padding=&#8221;16px|24px|16px|24px|false|false&#8221; global_colors_info=&#8221;{}&#8221;][et_pb_column type=&#8221;4_4&#8243; _builder_version=&#8221;4.16&#8243; custom_padding=&#8221;|||&#8221; global_colors_info=&#8221;{}&#8221; custom_padding__hover=&#8221;|||&#8221;][et_pb_text _builder_version=&#8221;4.16&#8243; text_font=&#8221;||||||||&#8221; header_font=&#8221;Rubik|700|||||||&#8221; header_font_size=&#8221;50px&#8221; header_line_height=&#8221;1.1em&#8221; background_layout=&#8221;dark&#8221; max_width=&#8221;900px&#8221; custom_margin=&#8221;||0px|&#8221; custom_padding=&#8221;10px||6px|16px|false|false&#8221; text_font_size_tablet=&#8221;14px&#8221; text_font_size_last_edited=&#8221;off|desktop&#8221; header_font_size_tablet=&#8221;44px&#8221; header_font_size_phone=&#8221;33px&#8221; header_font_size_last_edited=&#8221;on|desktop&#8221; border_color_all=&#8221;#EE1D25&#8243; border_width_left=&#8221;10px&#8221; global_colors_info=&#8221;{}&#8221;]<\/p>\n<h1><span style=\"color: #ffffff\">Kaikki yhdell\u00e4 ty\u00f6kalulla!<br \/> <\/span><\/h1>\n<p>[\/et_pb_text][et_pb_text _builder_version=&#8221;4.16&#8243; text_font=&#8221;||||||||&#8221; text_font_size=&#8221;16px&#8221; text_line_height=&#8221;1.6em&#8221; header_font=&#8221;||||||||&#8221; background_layout=&#8221;dark&#8221; max_width=&#8221;800px&#8221; custom_margin=&#8221;15px|||28px|false|false&#8221; custom_padding=&#8221;1px||1px||true|&#8221; text_font_size_tablet=&#8221;16px&#8221; text_font_size_phone=&#8221;14px&#8221; text_font_size_last_edited=&#8221;on|desktop&#8221; global_colors_info=&#8221;{}&#8221;]<\/p>\n<h2 class=\"et_pb_module_header et-fb-editable-element et-fb-editable-element__editing\" data-shortcode-id=\"0.0-1605787173876\" data-quickaccess-id=\"title\">Vertex InD <span style=\"color: #ffffff\">3D-suunnitteluohjelmisto<br \/> liukuovikaapistojen valmistajille. <\/span><\/h2>\n<p>&nbsp;<\/p>\n<p>[\/et_pb_text][\/et_pb_column][\/et_pb_row][\/et_pb_section][et_pb_section fb_built=&#8221;1&#8243; module_id=&#8221;framing&#8221; _builder_version=&#8221;4.16&#8243; background_color=&#8221;#f7f7f7&#8243; global_colors_info=&#8221;{}&#8221;][et_pb_row column_structure=&#8221;1_2,1_2&#8243; make_equal=&#8221;on&#8221; module_class=&#8221; et_pb_row_fullwidth&#8221; _builder_version=&#8221;4.16&#8243; width=&#8221;89%&#8221; width_tablet=&#8221;80%&#8221; width_phone=&#8221;&#8221; width_last_edited=&#8221;on|desktop&#8221; max_width=&#8221;89%&#8221; max_width_tablet=&#8221;80%&#8221; max_width_phone=&#8221;&#8221; max_width_last_edited=&#8221;on|desktop&#8221; module_alignment=&#8221;center&#8221; custom_margin=&#8221;|||&#8221; custom_css_main_element=&#8221;display: -webkit-box;||display: -moz-box;||display: -ms-flexbox;||display: -webkit-flex;||display: flex;||-webkit-flex-wrap: wrap; \/* Safari 6.1+ *\/||flex-wrap: wrap;&#8221; make_fullwidth=&#8221;on&#8221; global_colors_info=&#8221;{}&#8221;][et_pb_column type=&#8221;1_2&#8243; _builder_version=&#8221;4.16&#8243; custom_padding=&#8221;|||&#8221; custom_css_main_element=&#8221;margin: auto;||-webkit-order: 2;||order: 2;&#8221; global_colors_info=&#8221;{}&#8221; custom_padding__hover=&#8221;|||&#8221;][et_pb_code _builder_version=&#8221;4.19.5&#8243; _module_preset=&#8221;default&#8221; global_colors_info=&#8221;{}&#8221;]<iframe loading=\"lazy\" width=\"560\" height=\"315\" src=\"https:\/\/www.youtube-nocookie.com\/embed\/0uHUByl9dbw\" title=\"YouTube video player\" frameborder=\"0\" allow=\"accelerometer; autoplay; clipboard-write; encrypted-media; gyroscope; picture-in-picture; web-share\" allowfullscreen><\/iframe>[\/et_pb_code][\/et_pb_column][et_pb_column type=&#8221;1_2&#8243; _builder_version=&#8221;4.16&#8243; custom_padding=&#8221;|||&#8221; custom_css_main_element=&#8221;margin: auto;||-webkit-order: 1;||order: 1;&#8221; global_colors_info=&#8221;{}&#8221; custom_padding__hover=&#8221;|||&#8221;][et_pb_text module_id=&#8221;Framing&#8221; _builder_version=&#8221;4.16&#8243; global_colors_info=&#8221;{}&#8221;]<\/p>\n<h2 style=\"text-align: left\">T\u00e4yt\u00e4 asiakkaasi toiveet <\/h2>\n<p>[\/et_pb_text][et_pb_text _builder_version=&#8221;4.16&#8243; global_colors_info=&#8221;{}&#8221;]<\/p>\n<p>T\u00e4yt\u00e4 asiakkaasi toiveet suunnittelemalla liukuvikaappi juuri h\u00e4nelle. Rakenna yksil\u00f6llinen liukuovikaluste mittojen mukaan k\u00e4ytt\u00e4m\u00e4ll\u00e4 useita eri levy, lasi- profiili- ja peilimateriaaleja. Valitse varusteet helppok\u00e4ytt\u00f6isest\u00e4 valikosta ja sijoita ne kaappiin \u00e4lykk\u00e4iden toimintojen avulla.<\/p>\n<p>[\/et_pb_text][\/et_pb_column][\/et_pb_row][\/et_pb_section][et_pb_section fb_built=&#8221;1&#8243; module_id=&#8221;framing&#8221; _builder_version=&#8221;4.16&#8243; global_colors_info=&#8221;{}&#8221;][et_pb_row column_structure=&#8221;1_2,1_2&#8243; make_equal=&#8221;on&#8221; module_class=&#8221; et_pb_row_fullwidth&#8221; _builder_version=&#8221;4.16&#8243; width=&#8221;89%&#8221; width_tablet=&#8221;80%&#8221; width_phone=&#8221;&#8221; width_last_edited=&#8221;on|desktop&#8221; max_width=&#8221;89%&#8221; max_width_tablet=&#8221;80%&#8221; max_width_phone=&#8221;&#8221; max_width_last_edited=&#8221;on|desktop&#8221; module_alignment=&#8221;center&#8221; custom_margin=&#8221;|auto||121px||&#8221; custom_css_main_element=&#8221;display: -webkit-box;||display: -moz-box;||display: -ms-flexbox;||display: -webkit-flex;||display: flex;||-webkit-flex-wrap: wrap; \/* Safari 6.1+ *\/||flex-wrap: wrap;&#8221; make_fullwidth=&#8221;on&#8221; global_colors_info=&#8221;{}&#8221;][et_pb_column type=&#8221;1_2&#8243; _builder_version=&#8221;4.16&#8243; custom_padding=&#8221;|||&#8221; custom_css_main_element=&#8221;margin: auto;||-webkit-order: 2;||order: 2;&#8221; global_colors_info=&#8221;{}&#8221; custom_padding__hover=&#8221;|||&#8221;][et_pb_text module_id=&#8221;Framing&#8221; _builder_version=&#8221;4.16&#8243; global_colors_info=&#8221;{}&#8221;]<\/p>\n<h2 style=\"text-align: left\">Tee kaupat selke\u00e4n tarjouksen avulla<\/h2>\n<p>[\/et_pb_text][et_pb_text _builder_version=&#8221;4.16&#8243; global_colors_info=&#8221;{}&#8221;]<\/p>\n<p>Asiakkaasi n\u00e4kee tarjouslomakkeelta kaapin havainnekuvan ja piirustuksen sek\u00e4 kaapin hinnan, jonka ohjelma laskee valittujen materiaalien perusteella. Ohjelma tuottaa my\u00f6s sis\u00e4iset tuotannon raportit.<\/p>\n<p>[\/et_pb_text][\/et_pb_column][et_pb_column type=&#8221;1_2&#8243; _builder_version=&#8221;4.16&#8243; custom_padding=&#8221;|||&#8221; custom_css_main_element=&#8221;margin: auto;||-webkit-order: 1;||order: 1;&#8221; global_colors_info=&#8221;{}&#8221; custom_padding__hover=&#8221;|||&#8221;][et_pb_image src=&#8221;https:\/\/vertex.fi\/ind\/wp-content\/uploads\/sites\/6\/2020\/11\/InD-liukuovi_tarjous.png&#8221; _builder_version=&#8221;4.16&#8243; custom_margin=&#8221;||24px||false|false&#8221; global_colors_info=&#8221;{}&#8221;][\/et_pb_image][\/et_pb_column][\/et_pb_row][\/et_pb_section][et_pb_section fb_built=&#8221;1&#8243; module_id=&#8221;framing&#8221; _builder_version=&#8221;4.16&#8243; background_color=&#8221;#f7f7f7&#8243; global_colors_info=&#8221;{}&#8221;][et_pb_row column_structure=&#8221;1_2,1_2&#8243; make_equal=&#8221;on&#8221; module_class=&#8221; et_pb_row_fullwidth&#8221; _builder_version=&#8221;4.16&#8243; width=&#8221;89%&#8221; width_tablet=&#8221;80%&#8221; width_phone=&#8221;&#8221; width_last_edited=&#8221;on|desktop&#8221; max_width=&#8221;89%&#8221; max_width_tablet=&#8221;80%&#8221; max_width_phone=&#8221;&#8221; max_width_last_edited=&#8221;on|desktop&#8221; module_alignment=&#8221;center&#8221; custom_margin=&#8221;|||&#8221; custom_css_main_element=&#8221;display: -webkit-box;||display: -moz-box;||display: -ms-flexbox;||display: -webkit-flex;||display: flex;||-webkit-flex-wrap: wrap; \/* Safari 6.1+ *\/||flex-wrap: wrap;&#8221; make_fullwidth=&#8221;on&#8221; global_colors_info=&#8221;{}&#8221;][et_pb_column type=&#8221;1_2&#8243; _builder_version=&#8221;4.16&#8243; custom_padding=&#8221;|||&#8221; custom_css_main_element=&#8221;margin: auto;||-webkit-order: 2;||order: 2;&#8221; global_colors_info=&#8221;{}&#8221; custom_padding__hover=&#8221;|||&#8221;][et_pb_image src=&#8221;https:\/\/vertex.fi\/ind\/wp-content\/uploads\/sites\/6\/2020\/11\/Hurmaa_liukuovi_asiakkaasi.jpg&#8221; _builder_version=&#8221;4.16&#8243; custom_margin=&#8221;24px||||false|false&#8221; global_colors_info=&#8221;{}&#8221;][\/et_pb_image][\/et_pb_column][et_pb_column type=&#8221;1_2&#8243; _builder_version=&#8221;4.16&#8243; custom_padding=&#8221;|||&#8221; custom_css_main_element=&#8221;margin: auto;||-webkit-order: 1;||order: 1;&#8221; global_colors_info=&#8221;{}&#8221; custom_padding__hover=&#8221;|||&#8221;][et_pb_text _builder_version=&#8221;4.16&#8243; custom_padding=&#8221;25px|||||&#8221; global_colors_info=&#8221;{}&#8221;]<\/p>\n<h2 style=\"text-align: left\">Hurmaa asiakkaasi n\u00e4ytt\u00e4vill\u00e4 havainnekuvilla<\/h2>\n<p>[\/et_pb_text][et_pb_text _builder_version=&#8221;4.16&#8243; global_colors_info=&#8221;{}&#8221;]<\/p>\n<p>Visualisoinnin hankkimalla saat lis\u00e4\u00e4 potkua myyntiesitykseesi. Se luo valokuvan varustellusta kaapista valoineen. Showroom-palvelun avulla voit l\u00e4hett\u00e4\u00e4 suunnitelmasi 3D-mallina asiakkaasi mobiililaitteeseen. Lue lis\u00e4\u00e4 Showroom-palvelusta.<\/p>\n<p>[\/et_pb_text][et_pb_button button_url=&#8221;@ET-DC@eyJkeW5hbWljIjp0cnVlLCJjb250ZW50IjoicG9zdF9saW5rX3VybF9wYWdlIiwic2V0dGluZ3MiOnsicG9zdF9pZCI6Ijg1NjEifX0=@&#8221; button_text=&#8221;Lue lis\u00e4\u00e4 Showroom-palvelusta&#8221; _builder_version=&#8221;4.16&#8243; _dynamic_attributes=&#8221;button_url&#8221; custom_button=&#8221;on&#8221; button_text_size=&#8221;16px&#8221; button_text_color=&#8221;#ffffff&#8221; button_bg_color=&#8221;#0c71c3&#8243; button_border_width=&#8221;0px&#8221; button_border_radius=&#8221;0px&#8221; global_colors_info=&#8221;{}&#8221;][\/et_pb_button][\/et_pb_column][\/et_pb_row][\/et_pb_section][et_pb_section fb_built=&#8221;1&#8243; _builder_version=&#8221;4.16&#8243; background_color=&#8221;#ffffff&#8221; global_colors_info=&#8221;{}&#8221;][et_pb_row column_structure=&#8221;1_2,1_2&#8243; _builder_version=&#8221;4.16&#8243; global_colors_info=&#8221;{}&#8221;][et_pb_column type=&#8221;1_2&#8243; _builder_version=&#8221;4.16&#8243; global_colors_info=&#8221;{}&#8221;][et_pb_text _builder_version=&#8221;4.16&#8243; global_colors_info=&#8221;{}&#8221;]<\/p>\n<p><em>&#8220;Vertexin ohjelmisto tekee toiminnasta virtaviivaista aina asiakkaiden suunnitelmista <\/em><em>tuotantoon asti ja pystymme toimittamaan virheett\u00f6m\u00e4n mittatilaustuotteen loppuasiakkaalle.&#8221;<\/em><\/p>\n<p>[\/et_pb_text][\/et_pb_column][et_pb_column type=&#8221;1_2&#8243; _builder_version=&#8221;4.16&#8243; global_colors_info=&#8221;{}&#8221;][et_pb_image src=&#8221;https:\/\/vertex.fi\/ind\/wp-content\/uploads\/sites\/6\/2020\/12\/finnmirror-logo-1535454123.png&#8221; align=&#8221;center&#8221; _builder_version=&#8221;4.16&#8243; global_colors_info=&#8221;{}&#8221;][\/et_pb_image][\/et_pb_column][\/et_pb_row][\/et_pb_section][et_pb_section fb_built=&#8221;1&#8243; _builder_version=&#8221;4.16&#8243; background_color=&#8221;#f7f7f7&#8243; global_colors_info=&#8221;{}&#8221;][et_pb_row _builder_version=&#8221;4.16&#8243; global_colors_info=&#8221;{}&#8221;][et_pb_column type=&#8221;4_4&#8243; _builder_version=&#8221;4.16&#8243; global_colors_info=&#8221;{}&#8221;][et_pb_button button_url=&#8221;https:\/\/kb.vertex.fi\/ind2023fi&#8221; url_new_window=&#8221;on&#8221; button_text=&#8221;Tutustu Vertex InD tuotedokumentaatioon&#8221; button_alignment=&#8221;center&#8221; _builder_version=&#8221;4.23.1&#8243; custom_button=&#8221;on&#8221; button_text_size=&#8221;16px&#8221; button_text_color=&#8221;#ffffff&#8221; button_bg_color=&#8221;#0c71c3&#8243; button_border_width=&#8221;0px&#8221; button_border_radius=&#8221;0px&#8221; global_colors_info=&#8221;{}&#8221;][\/et_pb_button][\/et_pb_column][\/et_pb_row][\/et_pb_section][et_pb_section fb_built=&#8221;1&#8243; fullwidth=&#8221;on&#8221; _builder_version=&#8221;4.23.1&#8243; _module_preset=&#8221;default&#8221; global_colors_info=&#8221;{}&#8221; global_module=&#8221;11385&#8243; theme_builder_area=&#8221;post_content&#8221;][et_pb_fullwidth_code _builder_version=&#8221;4.23.1&#8243; _module_preset=&#8221;default&#8221; global_colors_info=&#8221;{}&#8221; theme_builder_area=&#8221;post_content&#8221;]<ld-slot name=\"footer FI\" ><\/ld-slot>[\/et_pb_fullwidth_code][\/et_pb_section]<\/p>\n","protected":false},"excerpt":{"rendered":"<p>Kaikki yhdell\u00e4 ty\u00f6kalulla! Vertex InD 3D-suunnitteluohjelmisto liukuovikaapistojen valmistajille. &nbsp;T\u00e4yt\u00e4 asiakkaasi toiveet T\u00e4yt\u00e4 asiakkaasi toiveet suunnittelemalla liukuvikaappi juuri h\u00e4nelle. Rakenna yksil\u00f6llinen liukuovikaluste mittojen mukaan k\u00e4ytt\u00e4m\u00e4ll\u00e4 useita eri levy, lasi- profiili- ja peilimateriaaleja. Valitse varusteet helppok\u00e4ytt\u00f6isest\u00e4 valikosta ja sijoita ne kaappiin \u00e4lykk\u00e4iden toimintojen avulla.Tee kaupat selke\u00e4n tarjouksen avullaAsiakkaasi n\u00e4kee tarjouslomakkeelta kaapin havainnekuvan ja piirustuksen sek\u00e4 kaapin hinnan, [&hellip;]<\/p>\n","protected":false},"author":3,"featured_media":0,"parent":0,"menu_order":0,"comment_status":"closed","ping_status":"closed","template":"","meta":{"_et_pb_use_builder":"on","_et_pb_old_content":"","_et_gb_content_width":"","sfsi_plus_gutenberg_text_before_share":"","sfsi_plus_gutenberg_show_text_before_share":"","sfsi_plus_gutenberg_icon_type":"","sfsi_plus_gutenberg_icon_alignemt":"","sfsi_plus_gutenburg_max_per_row":""},"yoast_head":"<!-- This site is optimized with the Yoast SEO plugin v18.6 - https:\/\/yoast.com\/wordpress\/plugins\/seo\/ -->\n<title>Liukuovikaapistot - 3D-suunnitteluohjelmisto liukuovikaappien valmistajille<\/title>\n<meta name=\"description\" content=\"Vertex InD - kotimainen 3D-suunnitteluohjelmisto liukuovikaapistojen valmistajille. T\u00e4yt\u00e4 asiakkaasi toiveet suunnittelemalla yksil\u00f6llinen liukuvikaappi juuri h\u00e4nelle. Asiakkaasi n\u00e4kee tarjouslomakkeelta kaapin havainnekuvan ja piirustuksen sek\u00e4 hinnan, jonka ohjelma laskee tekemiesi valintojen perusteella.\" \/>\n<meta name=\"robots\" content=\"index, follow, max-snippet:-1, max-image-preview:large, max-video-preview:-1\" \/>\n<link rel=\"canonical\" href=\"https:\/\/vertex.fi\/ind\/liukuovet\/\" \/>\n<meta property=\"og:locale\" content=\"en_US\" \/>\n<meta property=\"og:type\" content=\"article\" \/>\n<meta property=\"og:title\" content=\"Liukuovikaapistot - 3D-suunnitteluohjelmisto liukuovikaappien valmistajille\" \/>\n<meta property=\"og:description\" content=\"Vertex InD - kotimainen 3D-suunnitteluohjelmisto liukuovikaapistojen valmistajille. T\u00e4yt\u00e4 asiakkaasi toiveet suunnittelemalla yksil\u00f6llinen liukuvikaappi juuri h\u00e4nelle. Asiakkaasi n\u00e4kee tarjouslomakkeelta kaapin havainnekuvan ja piirustuksen sek\u00e4 hinnan, jonka ohjelma laskee tekemiesi valintojen perusteella.\" \/>\n<meta property=\"og:url\" content=\"https:\/\/vertex.fi\/ind\/liukuovet\/\" \/>\n<meta property=\"og:site_name\" content=\"Vertex InD\" \/>\n<meta property=\"article:modified_time\" content=\"2024-01-23T11:37:58+00:00\" \/>\n<meta name=\"twitter:card\" content=\"summary_large_image\" \/>\n<meta name=\"twitter:label1\" content=\"Est. reading time\" \/>\n\t<meta name=\"twitter:data1\" content=\"6 minutes\" \/>\n<script type=\"application\/ld+json\" class=\"yoast-schema-graph\">{\"@context\":\"https:\/\/schema.org\",\"@graph\":[{\"@type\":\"WebSite\",\"@id\":\"https:\/\/vertex.fi\/ind\/#website\",\"url\":\"https:\/\/vertex.fi\/ind\/\",\"name\":\"Vertex InD\",\"description\":\"Just another Vertex FI Sites site\",\"potentialAction\":[{\"@type\":\"SearchAction\",\"target\":{\"@type\":\"EntryPoint\",\"urlTemplate\":\"https:\/\/vertex.fi\/ind\/?s={search_term_string}\"},\"query-input\":\"required name=search_term_string\"}],\"inLanguage\":\"en-US\"},{\"@type\":\"WebPage\",\"@id\":\"https:\/\/vertex.fi\/ind\/liukuovet\/#webpage\",\"url\":\"https:\/\/vertex.fi\/ind\/liukuovet\/\",\"name\":\"Liukuovikaapistot - 3D-suunnitteluohjelmisto liukuovikaappien valmistajille\",\"isPartOf\":{\"@id\":\"https:\/\/vertex.fi\/ind\/#website\"},\"datePublished\":\"2020-11-23T12:02:18+00:00\",\"dateModified\":\"2024-01-23T11:37:58+00:00\",\"description\":\"Vertex InD - kotimainen 3D-suunnitteluohjelmisto liukuovikaapistojen valmistajille. T\u00e4yt\u00e4 asiakkaasi toiveet suunnittelemalla yksil\u00f6llinen liukuvikaappi juuri h\u00e4nelle. Asiakkaasi n\u00e4kee tarjouslomakkeelta kaapin havainnekuvan ja piirustuksen sek\u00e4 hinnan, jonka ohjelma laskee tekemiesi valintojen perusteella.\",\"breadcrumb\":{\"@id\":\"https:\/\/vertex.fi\/ind\/liukuovet\/#breadcrumb\"},\"inLanguage\":\"en-US\",\"potentialAction\":[{\"@type\":\"ReadAction\",\"target\":[\"https:\/\/vertex.fi\/ind\/liukuovet\/\"]}]},{\"@type\":\"BreadcrumbList\",\"@id\":\"https:\/\/vertex.fi\/ind\/liukuovet\/#breadcrumb\",\"itemListElement\":[{\"@type\":\"ListItem\",\"position\":1,\"name\":\"Home\",\"item\":\"https:\/\/vertex.fi\/ind\/\"},{\"@type\":\"ListItem\",\"position\":2,\"name\":\"Liukuovikaapistot\"}]}]}<\/script>\n<!-- \/ Yoast SEO plugin. -->","yoast_head_json":{"title":"Liukuovikaapistot - 3D-suunnitteluohjelmisto liukuovikaappien valmistajille","description":"Vertex InD - kotimainen 3D-suunnitteluohjelmisto liukuovikaapistojen valmistajille. T\u00e4yt\u00e4 asiakkaasi toiveet suunnittelemalla yksil\u00f6llinen liukuvikaappi juuri h\u00e4nelle. Asiakkaasi n\u00e4kee tarjouslomakkeelta kaapin havainnekuvan ja piirustuksen sek\u00e4 hinnan, jonka ohjelma laskee tekemiesi valintojen perusteella.","robots":{"index":"index","follow":"follow","max-snippet":"max-snippet:-1","max-image-preview":"max-image-preview:large","max-video-preview":"max-video-preview:-1"},"canonical":"https:\/\/vertex.fi\/ind\/liukuovet\/","og_locale":"en_US","og_type":"article","og_title":"Liukuovikaapistot - 3D-suunnitteluohjelmisto liukuovikaappien valmistajille","og_description":"Vertex InD - kotimainen 3D-suunnitteluohjelmisto liukuovikaapistojen valmistajille. T\u00e4yt\u00e4 asiakkaasi toiveet suunnittelemalla yksil\u00f6llinen liukuvikaappi juuri h\u00e4nelle. Asiakkaasi n\u00e4kee tarjouslomakkeelta kaapin havainnekuvan ja piirustuksen sek\u00e4 hinnan, jonka ohjelma laskee tekemiesi valintojen perusteella.","og_url":"https:\/\/vertex.fi\/ind\/liukuovet\/","og_site_name":"Vertex InD","article_modified_time":"2024-01-23T11:37:58+00:00","twitter_card":"summary_large_image","twitter_misc":{"Est. reading time":"6 minutes"},"schema":{"@context":"https:\/\/schema.org","@graph":[{"@type":"WebSite","@id":"https:\/\/vertex.fi\/ind\/#website","url":"https:\/\/vertex.fi\/ind\/","name":"Vertex InD","description":"Just another Vertex FI Sites site","potentialAction":[{"@type":"SearchAction","target":{"@type":"EntryPoint","urlTemplate":"https:\/\/vertex.fi\/ind\/?s={search_term_string}"},"query-input":"required name=search_term_string"}],"inLanguage":"en-US"},{"@type":"WebPage","@id":"https:\/\/vertex.fi\/ind\/liukuovet\/#webpage","url":"https:\/\/vertex.fi\/ind\/liukuovet\/","name":"Liukuovikaapistot - 3D-suunnitteluohjelmisto liukuovikaappien valmistajille","isPartOf":{"@id":"https:\/\/vertex.fi\/ind\/#website"},"datePublished":"2020-11-23T12:02:18+00:00","dateModified":"2024-01-23T11:37:58+00:00","description":"Vertex InD - kotimainen 3D-suunnitteluohjelmisto liukuovikaapistojen valmistajille. T\u00e4yt\u00e4 asiakkaasi toiveet suunnittelemalla yksil\u00f6llinen liukuvikaappi juuri h\u00e4nelle. Asiakkaasi n\u00e4kee tarjouslomakkeelta kaapin havainnekuvan ja piirustuksen sek\u00e4 hinnan, jonka ohjelma laskee tekemiesi valintojen perusteella.","breadcrumb":{"@id":"https:\/\/vertex.fi\/ind\/liukuovet\/#breadcrumb"},"inLanguage":"en-US","potentialAction":[{"@type":"ReadAction","target":["https:\/\/vertex.fi\/ind\/liukuovet\/"]}]},{"@type":"BreadcrumbList","@id":"https:\/\/vertex.fi\/ind\/liukuovet\/#breadcrumb","itemListElement":[{"@type":"ListItem","position":1,"name":"Home","item":"https:\/\/vertex.fi\/ind\/"},{"@type":"ListItem","position":2,"name":"Liukuovikaapistot"}]}]}},"_links":{"self":[{"href":"https:\/\/vertex.fi\/ind\/wp-json\/wp\/v2\/pages\/7820"}],"collection":[{"href":"https:\/\/vertex.fi\/ind\/wp-json\/wp\/v2\/pages"}],"about":[{"href":"https:\/\/vertex.fi\/ind\/wp-json\/wp\/v2\/types\/page"}],"author":[{"embeddable":true,"href":"https:\/\/vertex.fi\/ind\/wp-json\/wp\/v2\/users\/3"}],"replies":[{"embeddable":true,"href":"https:\/\/vertex.fi\/ind\/wp-json\/wp\/v2\/comments?post=7820"}],"version-history":[{"count":26,"href":"https:\/\/vertex.fi\/ind\/wp-json\/wp\/v2\/pages\/7820\/revisions"}],"predecessor-version":[{"id":11388,"href":"https:\/\/vertex.fi\/ind\/wp-json\/wp\/v2\/pages\/7820\/revisions\/11388"}],"wp:attachment":[{"href":"https:\/\/vertex.fi\/ind\/wp-json\/wp\/v2\/media?parent=7820"}],"curies":[{"name":"wp","href":"https:\/\/api.w.org\/{rel}","templated":true}]}}