{"id":8169,"date":"2020-12-15T06:22:55","date_gmt":"2020-12-15T06:22:55","guid":{"rendered":"https:\/\/vertex.fi\/ind\/?page_id=8169"},"modified":"2023-01-18T06:46:14","modified_gmt":"2023-01-18T06:46:14","slug":"yhteystiedot","status":"publish","type":"page","link":"https:\/\/vertex.fi\/ind\/yhteystiedot\/","title":{"rendered":"Ota yhteytt\u00e4"},"content":{"rendered":"<p>[et_pb_section fb_built=&#8221;1&#8243; admin_label=&#8221;Hero&#8221; _builder_version=&#8221;4.16&#8243; use_background_color_gradient=&#8221;on&#8221; background_color_gradient_type=&#8221;circular&#8221; background_color_gradient_direction_radial=&#8221;top left&#8221; background_color_gradient_stops=&#8221;rgba(40,40,40,0.77) 0%|rgba(40,40,40,0.81) 100%&#8221; background_color_gradient_overlays_image=&#8221;on&#8221; background_color_gradient_start=&#8221;rgba(40,40,40,0.77)&#8221; background_color_gradient_end=&#8221;rgba(40,40,40,0.81)&#8221; background_image=&#8221;https:\/\/vertex.fi\/ind\/wp-content\/uploads\/sites\/6\/2020\/12\/iStock-637945400._ejpg-2.jpg&#8221; background_blend=&#8221;lighten&#8221; custom_margin=&#8221;||||false|false&#8221; custom_margin_tablet=&#8221;&#8221; custom_margin_phone=&#8221;0px||&#8221; custom_margin_last_edited=&#8221;on|phone&#8221; custom_padding=&#8221;13vw||8vw||false|false&#8221; global_colors_info=&#8221;{}&#8221;][et_pb_row _builder_version=&#8221;4.16&#8243; background_color=&#8221;rgba(0,0,0,0.4)&#8221; vertical_offset=&#8221;-60px&#8221; custom_margin=&#8221;0px||0px||false|false&#8221; custom_padding=&#8221;16px|24px|16px|24px|false|false&#8221; global_colors_info=&#8221;{}&#8221;][et_pb_column type=&#8221;4_4&#8243; _builder_version=&#8221;4.16&#8243; custom_padding=&#8221;|||&#8221; global_colors_info=&#8221;{}&#8221; custom_padding__hover=&#8221;|||&#8221;][et_pb_text _builder_version=&#8221;4.16&#8243; text_font=&#8221;||||||||&#8221; header_font=&#8221;Rubik|700|||||||&#8221; header_font_size=&#8221;50px&#8221; header_line_height=&#8221;1.1em&#8221; background_layout=&#8221;dark&#8221; max_width=&#8221;900px&#8221; custom_margin=&#8221;||0px|&#8221; custom_padding=&#8221;10px||6px|16px|false|false&#8221; text_font_size_tablet=&#8221;14px&#8221; text_font_size_last_edited=&#8221;off|desktop&#8221; header_font_size_tablet=&#8221;44px&#8221; header_font_size_phone=&#8221;33px&#8221; header_font_size_last_edited=&#8221;on|desktop&#8221; border_color_all=&#8221;#EE1D25&#8243; border_width_left=&#8221;10px&#8221; global_colors_info=&#8221;{}&#8221;]<\/p>\n<h1><span style=\"color: #ffffff\">Ota yhteytt\u00e4!<br \/> <\/span><\/h1>\n<p>[\/et_pb_text][et_pb_text _builder_version=&#8221;4.16&#8243; text_font=&#8221;||||||||&#8221; text_font_size=&#8221;16px&#8221; text_line_height=&#8221;1.6em&#8221; header_font=&#8221;||||||||&#8221; background_layout=&#8221;dark&#8221; max_width=&#8221;800px&#8221; custom_margin=&#8221;15px|||28px|false|false&#8221; custom_padding=&#8221;1px||1px||true|&#8221; text_font_size_tablet=&#8221;16px&#8221; text_font_size_phone=&#8221;14px&#8221; text_font_size_last_edited=&#8221;on|desktop&#8221; global_colors_info=&#8221;{}&#8221;]<\/p>\n<h2 class=\"et_pb_module_header et-fb-editable-element et-fb-editable-element__editing\" data-shortcode-id=\"0.0-1605787173876\" data-quickaccess-id=\"title\">Mietit\u00e4\u00e4n yhdess\u00e4, miten<br \/> Vertex-ohjelmistot soveltuisivat yrityksellesi.<span style=\"color: #ffffff\"><\/span><\/h2>\n<p>&nbsp;<\/p>\n<p>[\/et_pb_text][et_pb_button button_text=&#8221;Ota yhteytt\u00e4&#8221; _builder_version=&#8221;4.17.1&#8243; _module_preset=&#8221;default&#8221; button_url=&#8221;https:\/\/vertex.fi\/yritys\/#otayhteytta&#8221; custom_button=&#8221;on&#8221; button_text_color=&#8221;#FFFFFF&#8221; button_bg_color=&#8221;#0C71C3&#8243; button_bg_enable_color=&#8221;on&#8221; button_border_width=&#8221;0px&#8221; button_border_radius=&#8221;0px&#8221; hover_enabled=&#8221;0&#8243; sticky_enabled=&#8221;0&#8243;][\/et_pb_button][\/et_pb_column][\/et_pb_row][\/et_pb_section]<\/p>\n","protected":false},"excerpt":{"rendered":"<p>Ota yhteytt\u00e4! Mietit\u00e4\u00e4n yhdess\u00e4, miten Vertex-ohjelmistot soveltuisivat yrityksellesi. &nbsp;<\/p>\n","protected":false},"author":3,"featured_media":0,"parent":0,"menu_order":0,"comment_status":"closed","ping_status":"closed","template":"","meta":{"_et_pb_use_builder":"on","_et_pb_old_content":"","_et_gb_content_width":"","sfsi_plus_gutenberg_text_before_share":"","sfsi_plus_gutenberg_show_text_before_share":"","sfsi_plus_gutenberg_icon_type":"","sfsi_plus_gutenberg_icon_alignemt":"","sfsi_plus_gutenburg_max_per_row":""},"yoast_head":"<!-- This site is optimized with the Yoast SEO plugin v18.6 - https:\/\/yoast.com\/wordpress\/plugins\/seo\/ -->\n<title>Ota yhteytt\u00e4 - Vertex InD<\/title>\n<meta name=\"robots\" content=\"index, follow, max-snippet:-1, max-image-preview:large, max-video-preview:-1\" \/>\n<link rel=\"canonical\" href=\"https:\/\/vertex.fi\/ind\/yhteystiedot\/\" \/>\n<meta property=\"og:locale\" content=\"en_US\" \/>\n<meta property=\"og:type\" content=\"article\" \/>\n<meta property=\"og:title\" content=\"Ota yhteytt\u00e4 - Vertex InD\" \/>\n<meta property=\"og:description\" content=\"Ota yhteytt\u00e4! Mietit\u00e4\u00e4n yhdess\u00e4, miten Vertex-ohjelmistot soveltuisivat yrityksellesi. &nbsp;\" \/>\n<meta property=\"og:url\" content=\"https:\/\/vertex.fi\/ind\/yhteystiedot\/\" \/>\n<meta property=\"og:site_name\" content=\"Vertex InD\" \/>\n<meta property=\"article:modified_time\" content=\"2023-01-18T06:46:14+00:00\" \/>\n<meta name=\"twitter:card\" content=\"summary_large_image\" \/>\n<meta name=\"twitter:label1\" content=\"Est. reading time\" \/>\n\t<meta name=\"twitter:data1\" content=\"2 minutes\" \/>\n<script type=\"application\/ld+json\" class=\"yoast-schema-graph\">{\"@context\":\"https:\/\/schema.org\",\"@graph\":[{\"@type\":\"WebSite\",\"@id\":\"https:\/\/vertex.fi\/ind\/#website\",\"url\":\"https:\/\/vertex.fi\/ind\/\",\"name\":\"Vertex InD\",\"description\":\"Just another Vertex FI Sites site\",\"potentialAction\":[{\"@type\":\"SearchAction\",\"target\":{\"@type\":\"EntryPoint\",\"urlTemplate\":\"https:\/\/vertex.fi\/ind\/?s={search_term_string}\"},\"query-input\":\"required name=search_term_string\"}],\"inLanguage\":\"en-US\"},{\"@type\":\"WebPage\",\"@id\":\"https:\/\/vertex.fi\/ind\/yhteystiedot\/#webpage\",\"url\":\"https:\/\/vertex.fi\/ind\/yhteystiedot\/\",\"name\":\"Ota yhteytt\u00e4 - Vertex InD\",\"isPartOf\":{\"@id\":\"https:\/\/vertex.fi\/ind\/#website\"},\"datePublished\":\"2020-12-15T06:22:55+00:00\",\"dateModified\":\"2023-01-18T06:46:14+00:00\",\"breadcrumb\":{\"@id\":\"https:\/\/vertex.fi\/ind\/yhteystiedot\/#breadcrumb\"},\"inLanguage\":\"en-US\",\"potentialAction\":[{\"@type\":\"ReadAction\",\"target\":[\"https:\/\/vertex.fi\/ind\/yhteystiedot\/\"]}]},{\"@type\":\"BreadcrumbList\",\"@id\":\"https:\/\/vertex.fi\/ind\/yhteystiedot\/#breadcrumb\",\"itemListElement\":[{\"@type\":\"ListItem\",\"position\":1,\"name\":\"Home\",\"item\":\"https:\/\/vertex.fi\/ind\/\"},{\"@type\":\"ListItem\",\"position\":2,\"name\":\"Ota yhteytt\u00e4\"}]}]}<\/script>\n<!-- \/ Yoast SEO plugin. -->","yoast_head_json":{"title":"Ota yhteytt\u00e4 - Vertex InD","robots":{"index":"index","follow":"follow","max-snippet":"max-snippet:-1","max-image-preview":"max-image-preview:large","max-video-preview":"max-video-preview:-1"},"canonical":"https:\/\/vertex.fi\/ind\/yhteystiedot\/","og_locale":"en_US","og_type":"article","og_title":"Ota yhteytt\u00e4 - Vertex InD","og_description":"Ota yhteytt\u00e4! Mietit\u00e4\u00e4n yhdess\u00e4, miten Vertex-ohjelmistot soveltuisivat yrityksellesi. &nbsp;","og_url":"https:\/\/vertex.fi\/ind\/yhteystiedot\/","og_site_name":"Vertex InD","article_modified_time":"2023-01-18T06:46:14+00:00","twitter_card":"summary_large_image","twitter_misc":{"Est. reading time":"2 minutes"},"schema":{"@context":"https:\/\/schema.org","@graph":[{"@type":"WebSite","@id":"https:\/\/vertex.fi\/ind\/#website","url":"https:\/\/vertex.fi\/ind\/","name":"Vertex InD","description":"Just another Vertex FI Sites site","potentialAction":[{"@type":"SearchAction","target":{"@type":"EntryPoint","urlTemplate":"https:\/\/vertex.fi\/ind\/?s={search_term_string}"},"query-input":"required name=search_term_string"}],"inLanguage":"en-US"},{"@type":"WebPage","@id":"https:\/\/vertex.fi\/ind\/yhteystiedot\/#webpage","url":"https:\/\/vertex.fi\/ind\/yhteystiedot\/","name":"Ota yhteytt\u00e4 - Vertex InD","isPartOf":{"@id":"https:\/\/vertex.fi\/ind\/#website"},"datePublished":"2020-12-15T06:22:55+00:00","dateModified":"2023-01-18T06:46:14+00:00","breadcrumb":{"@id":"https:\/\/vertex.fi\/ind\/yhteystiedot\/#breadcrumb"},"inLanguage":"en-US","potentialAction":[{"@type":"ReadAction","target":["https:\/\/vertex.fi\/ind\/yhteystiedot\/"]}]},{"@type":"BreadcrumbList","@id":"https:\/\/vertex.fi\/ind\/yhteystiedot\/#breadcrumb","itemListElement":[{"@type":"ListItem","position":1,"name":"Home","item":"https:\/\/vertex.fi\/ind\/"},{"@type":"ListItem","position":2,"name":"Ota yhteytt\u00e4"}]}]}},"_links":{"self":[{"href":"https:\/\/vertex.fi\/ind\/wp-json\/wp\/v2\/pages\/8169"}],"collection":[{"href":"https:\/\/vertex.fi\/ind\/wp-json\/wp\/v2\/pages"}],"about":[{"href":"https:\/\/vertex.fi\/ind\/wp-json\/wp\/v2\/types\/page"}],"author":[{"embeddable":true,"href":"https:\/\/vertex.fi\/ind\/wp-json\/wp\/v2\/users\/3"}],"replies":[{"embeddable":true,"href":"https:\/\/vertex.fi\/ind\/wp-json\/wp\/v2\/comments?post=8169"}],"version-history":[{"count":41,"href":"https:\/\/vertex.fi\/ind\/wp-json\/wp\/v2\/pages\/8169\/revisions"}],"predecessor-version":[{"id":10322,"href":"https:\/\/vertex.fi\/ind\/wp-json\/wp\/v2\/pages\/8169\/revisions\/10322"}],"wp:attachment":[{"href":"https:\/\/vertex.fi\/ind\/wp-json\/wp\/v2\/media?parent=8169"}],"curies":[{"name":"wp","href":"https:\/\/api.w.org\/{rel}","templated":true}]}}