{"id":8561,"date":"2021-01-05T10:22:08","date_gmt":"2021-01-05T10:22:08","guid":{"rendered":"https:\/\/vertex.fi\/ind\/?page_id=8561"},"modified":"2024-01-18T13:26:16","modified_gmt":"2024-01-18T13:26:16","slug":"vertex-showroom","status":"publish","type":"page","link":"https:\/\/vertex.fi\/ind\/vertex-showroom\/","title":{"rendered":"Vertex Showroom &#8211; Jaa 3D-mallit verkossa"},"content":{"rendered":"<p>[et_pb_section fb_built=&#8221;1&#8243; admin_label=&#8221;Hero&#8221; _builder_version=&#8221;4.16&#8243; use_background_color_gradient=&#8221;on&#8221; background_color_gradient_type=&#8221;circular&#8221; background_color_gradient_direction_radial=&#8221;top left&#8221; background_color_gradient_stops=&#8221;rgba(40,40,40,0.77) 0%|rgba(40,40,40,0.81) 100%&#8221; background_color_gradient_overlays_image=&#8221;on&#8221; background_color_gradient_start=&#8221;rgba(40,40,40,0.77)&#8221; background_color_gradient_end=&#8221;rgba(40,40,40,0.81)&#8221; background_image=&#8221;https:\/\/vertex.fi\/ind\/wp-content\/uploads\/sites\/6\/2020\/12\/Showroom_title_25601.png&#8221; background_blend=&#8221;lighten&#8221; custom_margin=&#8221;0px||||false&#8221; custom_margin_tablet=&#8221;&#8221; custom_margin_phone=&#8221;0px||&#8221; custom_margin_last_edited=&#8221;on|desktop&#8221; custom_padding=&#8221;11vw|0px|11vw||true|false&#8221; global_colors_info=&#8221;{}&#8221;][et_pb_row _builder_version=&#8221;4.16&#8243; background_color=&#8221;rgba(0,0,0,0.4)&#8221; width=&#8221;76%&#8221; max_width=&#8221;900px&#8221; custom_padding=&#8221;16px|24px|16px|24px|false|false&#8221; global_colors_info=&#8221;{}&#8221;][et_pb_column type=&#8221;4_4&#8243; _builder_version=&#8221;4.16&#8243; custom_padding=&#8221;|||&#8221; global_colors_info=&#8221;{}&#8221; custom_padding__hover=&#8221;|||&#8221;][et_pb_text _builder_version=&#8221;4.16&#8243; text_font=&#8221;||||||||&#8221; header_font=&#8221;Rubik|700|||||||&#8221; header_font_size=&#8221;50px&#8221; header_line_height=&#8221;1.1em&#8221; background_layout=&#8221;dark&#8221; max_width=&#8221;960px&#8221; custom_margin=&#8221;||||false|false&#8221; custom_padding=&#8221;10px||6px|16px|false|false&#8221; text_font_size_tablet=&#8221;14px&#8221; text_font_size_last_edited=&#8221;off|desktop&#8221; header_font_size_tablet=&#8221;44px&#8221; header_font_size_phone=&#8221;33px&#8221; header_font_size_last_edited=&#8221;on|desktop&#8221; border_color_all=&#8221;#EE1D25&#8243; border_width_left=&#8221;10px&#8221; global_colors_info=&#8221;{}&#8221;]<\/p>\n<h1><span style=\"color: #ffffff\">WAU-fiilist\u00e4 hakemassa?<br \/> <\/span><\/h1>\n<p>[\/et_pb_text][et_pb_text _builder_version=&#8221;4.16&#8243; text_font=&#8221;||||||||&#8221; text_font_size=&#8221;16px&#8221; text_line_height=&#8221;1.6em&#8221; header_font=&#8221;||||||||&#8221; background_layout=&#8221;dark&#8221; max_width=&#8221;800px&#8221; custom_margin=&#8221;15px|||28px|false|false&#8221; custom_padding=&#8221;0px||0px||true|&#8221; text_font_size_tablet=&#8221;16px&#8221; text_font_size_phone=&#8221;14px&#8221; text_font_size_last_edited=&#8221;on|desktop&#8221; global_colors_info=&#8221;{}&#8221;]<\/p>\n<h2 class=\"et_pb_module_header et-fb-editable-element et-fb-editable-element__editing\" data-shortcode-id=\"0.0-1605787173876\" data-quickaccess-id=\"title\">Vertex Showroom &#8211; ajasta ja paikasta riippumaton tapa tutustua keitti\u00f6suunnitelmaan<\/h2>\n<p>&nbsp;<\/p>\n<p>[\/et_pb_text][et_pb_button button_url=&#8221;https:\/\/showroom.vertex.fi\/model-viewer.html?model=bc37dba8-e585-433d-91a1-57d2eb125c74&#038;link=4d48399b-59f3-43e3-b71d-8d18bb47e542&#8243; url_new_window=&#8221;on&#8221; button_text=&#8221;Ihastu t\u00e4st\u00e4&#8221; button_alignment=&#8221;right&#8221; _builder_version=&#8221;4.16.1&#8243; custom_button=&#8221;on&#8221; button_text_color=&#8221;#ffffff&#8221; button_bg_color=&#8221;#0c71c3&#8243; button_border_width=&#8221;0px&#8221; button_border_radius=&#8221;0px&#8221; global_colors_info=&#8221;{}&#8221;][\/et_pb_button][\/et_pb_column][\/et_pb_row][\/et_pb_section][et_pb_section fb_built=&#8221;1&#8243; _builder_version=&#8221;4.16&#8243; custom_margin=&#8221;0px||||false|false&#8221; global_colors_info=&#8221;{}&#8221;][et_pb_row column_structure=&#8221;1_2,1_2&#8243; make_equal=&#8221;on&#8221; module_class=&#8221; et_pb_row_fullwidth&#8221; _builder_version=&#8221;4.16&#8243; width=&#8221;89%&#8221; width_tablet=&#8221;80%&#8221; width_phone=&#8221;&#8221; width_last_edited=&#8221;on|desktop&#8221; max_width=&#8221;900px&#8221; max_width_tablet=&#8221;80%&#8221; max_width_phone=&#8221;&#8221; max_width_last_edited=&#8221;on|desktop&#8221; custom_margin=&#8221;|||&#8221; custom_css_main_element=&#8221;display: -webkit-box;||display: -moz-box;||display: -ms-flexbox;||display: -webkit-flex;||display: flex;||-webkit-flex-wrap: wrap; \/* Safari 6.1+ *\/||flex-wrap: wrap;&#8221; make_fullwidth=&#8221;on&#8221; global_colors_info=&#8221;{}&#8221;][et_pb_column type=&#8221;1_2&#8243; _builder_version=&#8221;4.16&#8243; custom_padding=&#8221;|||&#8221; custom_css_main_element=&#8221;||margin: auto;||-webkit-order: 2;||order: 2;&#8221; global_colors_info=&#8221;{}&#8221; custom_padding__hover=&#8221;|||&#8221;][et_pb_text _builder_version=&#8221;4.16&#8243; global_colors_info=&#8221;{}&#8221;]<\/p>\n<p style=\"text-align: center\"><em>&#8220;S\u00e4\u00e4st\u00e4mme paperia ja aikaa, koska <\/em><em>Showroom-linkin teko<br \/> on nopeampaa kuin hyvien kuvien.&#8221;<\/em><\/p>\n<p>[\/et_pb_text][\/et_pb_column][et_pb_column type=&#8221;1_2&#8243; _builder_version=&#8221;4.16&#8243; custom_padding=&#8221;|||&#8221; custom_css_main_element=&#8221;||margin: auto;||-webkit-order: 2;||order: 2;&#8221; global_colors_info=&#8221;{}&#8221; custom_padding__hover=&#8221;|||&#8221;][et_pb_image src=&#8221;https:\/\/vertex.fi\/ind\/wp-content\/uploads\/sites\/6\/2020\/12\/Puustelli_logo_fin_web.jpg&#8221; align=&#8221;center&#8221; _builder_version=&#8221;4.16&#8243; width=&#8221;100%&#8221; max_width=&#8221;172px&#8221; module_alignment=&#8221;center&#8221; custom_margin=&#8221;30px||||false|false&#8221; global_colors_info=&#8221;{}&#8221;][\/et_pb_image][\/et_pb_column][\/et_pb_row][\/et_pb_section][et_pb_section fb_built=&#8221;1&#8243; _builder_version=&#8221;4.16&#8243; background_color=&#8221;#f7f7f7&#8243; custom_margin=&#8221;0px||||false|false&#8221; global_colors_info=&#8221;{}&#8221;][et_pb_row _builder_version=&#8221;4.16&#8243; global_colors_info=&#8221;{}&#8221;][et_pb_column type=&#8221;4_4&#8243; _builder_version=&#8221;4.16&#8243; global_colors_info=&#8221;{}&#8221;][et_pb_code _builder_version=&#8221;4.16.1&#8243; _module_preset=&#8221;default&#8221; text_orientation=&#8221;center&#8221; global_colors_info=&#8221;{}&#8221;]<iframe style=\"max-width: 768px; height: 432px; width: 100%; border: none\" allow=\"fullscreen\" src=\"https:\/\/showroom.vertex.fi\/model-viewer-frame.html?model=bc37dba8-e585-433d-91a1-57d2eb125c74&#038;link=4d48399b-59f3-43e3-b71d-8d18bb47e542\" allowfullscreen><\/iframe>[\/et_pb_code][\/et_pb_column][\/et_pb_row][\/et_pb_section][et_pb_section fb_built=&#8221;1&#8243; _builder_version=&#8221;4.16&#8243; background_color=&#8221;#f7f7f7&#8243; custom_margin=&#8221;0px||||false|false&#8221; locked=&#8221;off&#8221; global_colors_info=&#8221;{}&#8221;][et_pb_row _builder_version=&#8221;4.16&#8243; global_colors_info=&#8221;{}&#8221;][et_pb_column type=&#8221;4_4&#8243; _builder_version=&#8221;4.16&#8243; global_colors_info=&#8221;{}&#8221;][et_pb_button button_url=&#8221;https:\/\/kbfi.vertex.fi\/ind\/6-wau-efekti-keittio-virtuaalitodellisuudessa&#8221; button_text=&#8221;Lue lis\u00e4\u00e4 Vertex Showroomista&#8221; button_alignment=&#8221;center&#8221; _builder_version=&#8221;4.23.1&#8243; custom_button=&#8221;on&#8221; button_text_size=&#8221;20px&#8221; button_text_color=&#8221;#ffffff&#8221; button_bg_color=&#8221;#0c71c3&#8243; button_border_width=&#8221;0px&#8221; button_border_radius=&#8221;0px&#8221; hover_enabled=&#8221;0&#8243; global_colors_info=&#8221;{}&#8221; sticky_enabled=&#8221;0&#8243;][\/et_pb_button][\/et_pb_column][\/et_pb_row][\/et_pb_section][et_pb_section fb_built=&#8221;1&#8243; _builder_version=&#8221;4.16&#8243; background_color=&#8221;#ffffff&#8221; global_colors_info=&#8221;{}&#8221;][et_pb_row _builder_version=&#8221;4.16&#8243; global_colors_info=&#8221;{}&#8221;][et_pb_column type=&#8221;4_4&#8243; _builder_version=&#8221;4.16&#8243; custom_padding=&#8221;|||&#8221; global_colors_info=&#8221;{}&#8221; custom_padding__hover=&#8221;|||&#8221;][et_pb_text _builder_version=&#8221;4.16&#8243; global_colors_info=&#8221;{}&#8221;]<\/p>\n<h2 style=\"text-align: center\">Kiinnostuitko?<\/h2>\n<p>[\/et_pb_text][et_pb_button button_url=&#8221;https:\/\/showroom.vertex.fi\/pricing.html&#8221; button_text=&#8221;Kokeile ja osta&#8221; button_alignment=&#8221;center&#8221; _builder_version=&#8221;4.16&#8243; custom_button=&#8221;on&#8221; button_text_size=&#8221;20px&#8221; button_text_color=&#8221;#ffffff&#8221; button_bg_color=&#8221;#0c71c3&#8243; button_border_width=&#8221;0px&#8221; button_border_radius=&#8221;0px&#8221; global_colors_info=&#8221;{}&#8221;][\/et_pb_button][\/et_pb_column][\/et_pb_row][\/et_pb_section]<\/p>\n","protected":false},"excerpt":{"rendered":"<p>WAU-fiilist\u00e4 hakemassa? Vertex Showroom &#8211; ajasta ja paikasta riippumaton tapa tutustua keitti\u00f6suunnitelmaan &nbsp;&#8220;S\u00e4\u00e4st\u00e4mme paperia ja aikaa, koska Showroom-linkin teko on nopeampaa kuin hyvien kuvien.&#8221;Kiinnostuitko?<\/p>\n","protected":false},"author":3,"featured_media":0,"parent":0,"menu_order":0,"comment_status":"closed","ping_status":"closed","template":"","meta":{"_et_pb_use_builder":"on","_et_pb_old_content":"","_et_gb_content_width":"","sfsi_plus_gutenberg_text_before_share":"","sfsi_plus_gutenberg_show_text_before_share":"","sfsi_plus_gutenberg_icon_type":"","sfsi_plus_gutenberg_icon_alignemt":"","sfsi_plus_gutenburg_max_per_row":""},"yoast_head":"<!-- This site is optimized with the Yoast SEO plugin v18.6 - https:\/\/yoast.com\/wordpress\/plugins\/seo\/ -->\n<title>Vertex Showroom - Jaa 3D-mallit verkossa<\/title>\n<meta name=\"description\" content=\"Vertex Showroom - ajasta ja paikasta riippumaton tapa tutustua keitti\u00f6- tai kalustesuunnitelmaan. Kokeile nyt Showroom -palvelua ilmaiseksi.\" \/>\n<meta name=\"robots\" content=\"index, follow, max-snippet:-1, max-image-preview:large, max-video-preview:-1\" \/>\n<link rel=\"canonical\" href=\"https:\/\/vertex.fi\/ind\/vertex-showroom\/\" \/>\n<meta property=\"og:locale\" content=\"en_US\" \/>\n<meta property=\"og:type\" content=\"article\" \/>\n<meta property=\"og:title\" content=\"Vertex Showroom - Jaa 3D-mallit verkossa\" \/>\n<meta property=\"og:description\" content=\"Vertex Showroom - ajasta ja paikasta riippumaton tapa tutustua keitti\u00f6- tai kalustesuunnitelmaan. Kokeile nyt Showroom -palvelua ilmaiseksi.\" \/>\n<meta property=\"og:url\" content=\"https:\/\/vertex.fi\/ind\/vertex-showroom\/\" \/>\n<meta property=\"og:site_name\" content=\"Vertex InD\" \/>\n<meta property=\"article:modified_time\" content=\"2024-01-18T13:26:16+00:00\" \/>\n<meta name=\"twitter:card\" content=\"summary_large_image\" \/>\n<meta name=\"twitter:label1\" content=\"Est. reading time\" \/>\n\t<meta name=\"twitter:data1\" content=\"4 minutes\" \/>\n<script type=\"application\/ld+json\" class=\"yoast-schema-graph\">{\"@context\":\"https:\/\/schema.org\",\"@graph\":[{\"@type\":\"WebSite\",\"@id\":\"https:\/\/vertex.fi\/ind\/#website\",\"url\":\"https:\/\/vertex.fi\/ind\/\",\"name\":\"Vertex InD\",\"description\":\"Just another Vertex FI Sites site\",\"potentialAction\":[{\"@type\":\"SearchAction\",\"target\":{\"@type\":\"EntryPoint\",\"urlTemplate\":\"https:\/\/vertex.fi\/ind\/?s={search_term_string}\"},\"query-input\":\"required name=search_term_string\"}],\"inLanguage\":\"en-US\"},{\"@type\":\"WebPage\",\"@id\":\"https:\/\/vertex.fi\/ind\/vertex-showroom\/#webpage\",\"url\":\"https:\/\/vertex.fi\/ind\/vertex-showroom\/\",\"name\":\"Vertex Showroom - Jaa 3D-mallit verkossa\",\"isPartOf\":{\"@id\":\"https:\/\/vertex.fi\/ind\/#website\"},\"datePublished\":\"2021-01-05T10:22:08+00:00\",\"dateModified\":\"2024-01-18T13:26:16+00:00\",\"description\":\"Vertex Showroom - ajasta ja paikasta riippumaton tapa tutustua keitti\u00f6- tai kalustesuunnitelmaan. Kokeile nyt Showroom -palvelua ilmaiseksi.\",\"breadcrumb\":{\"@id\":\"https:\/\/vertex.fi\/ind\/vertex-showroom\/#breadcrumb\"},\"inLanguage\":\"en-US\",\"potentialAction\":[{\"@type\":\"ReadAction\",\"target\":[\"https:\/\/vertex.fi\/ind\/vertex-showroom\/\"]}]},{\"@type\":\"BreadcrumbList\",\"@id\":\"https:\/\/vertex.fi\/ind\/vertex-showroom\/#breadcrumb\",\"itemListElement\":[{\"@type\":\"ListItem\",\"position\":1,\"name\":\"Home\",\"item\":\"https:\/\/vertex.fi\/ind\/\"},{\"@type\":\"ListItem\",\"position\":2,\"name\":\"Vertex Showroom &#8211; Jaa 3D-mallit verkossa\"}]}]}<\/script>\n<!-- \/ Yoast SEO plugin. -->","yoast_head_json":{"title":"Vertex Showroom - Jaa 3D-mallit verkossa","description":"Vertex Showroom - ajasta ja paikasta riippumaton tapa tutustua keitti\u00f6- tai kalustesuunnitelmaan. Kokeile nyt Showroom -palvelua ilmaiseksi.","robots":{"index":"index","follow":"follow","max-snippet":"max-snippet:-1","max-image-preview":"max-image-preview:large","max-video-preview":"max-video-preview:-1"},"canonical":"https:\/\/vertex.fi\/ind\/vertex-showroom\/","og_locale":"en_US","og_type":"article","og_title":"Vertex Showroom - Jaa 3D-mallit verkossa","og_description":"Vertex Showroom - ajasta ja paikasta riippumaton tapa tutustua keitti\u00f6- tai kalustesuunnitelmaan. Kokeile nyt Showroom -palvelua ilmaiseksi.","og_url":"https:\/\/vertex.fi\/ind\/vertex-showroom\/","og_site_name":"Vertex InD","article_modified_time":"2024-01-18T13:26:16+00:00","twitter_card":"summary_large_image","twitter_misc":{"Est. reading time":"4 minutes"},"schema":{"@context":"https:\/\/schema.org","@graph":[{"@type":"WebSite","@id":"https:\/\/vertex.fi\/ind\/#website","url":"https:\/\/vertex.fi\/ind\/","name":"Vertex InD","description":"Just another Vertex FI Sites site","potentialAction":[{"@type":"SearchAction","target":{"@type":"EntryPoint","urlTemplate":"https:\/\/vertex.fi\/ind\/?s={search_term_string}"},"query-input":"required name=search_term_string"}],"inLanguage":"en-US"},{"@type":"WebPage","@id":"https:\/\/vertex.fi\/ind\/vertex-showroom\/#webpage","url":"https:\/\/vertex.fi\/ind\/vertex-showroom\/","name":"Vertex Showroom - Jaa 3D-mallit verkossa","isPartOf":{"@id":"https:\/\/vertex.fi\/ind\/#website"},"datePublished":"2021-01-05T10:22:08+00:00","dateModified":"2024-01-18T13:26:16+00:00","description":"Vertex Showroom - ajasta ja paikasta riippumaton tapa tutustua keitti\u00f6- tai kalustesuunnitelmaan. Kokeile nyt Showroom -palvelua ilmaiseksi.","breadcrumb":{"@id":"https:\/\/vertex.fi\/ind\/vertex-showroom\/#breadcrumb"},"inLanguage":"en-US","potentialAction":[{"@type":"ReadAction","target":["https:\/\/vertex.fi\/ind\/vertex-showroom\/"]}]},{"@type":"BreadcrumbList","@id":"https:\/\/vertex.fi\/ind\/vertex-showroom\/#breadcrumb","itemListElement":[{"@type":"ListItem","position":1,"name":"Home","item":"https:\/\/vertex.fi\/ind\/"},{"@type":"ListItem","position":2,"name":"Vertex Showroom &#8211; Jaa 3D-mallit verkossa"}]}]}},"_links":{"self":[{"href":"https:\/\/vertex.fi\/ind\/wp-json\/wp\/v2\/pages\/8561"}],"collection":[{"href":"https:\/\/vertex.fi\/ind\/wp-json\/wp\/v2\/pages"}],"about":[{"href":"https:\/\/vertex.fi\/ind\/wp-json\/wp\/v2\/types\/page"}],"author":[{"embeddable":true,"href":"https:\/\/vertex.fi\/ind\/wp-json\/wp\/v2\/users\/3"}],"replies":[{"embeddable":true,"href":"https:\/\/vertex.fi\/ind\/wp-json\/wp\/v2\/comments?post=8561"}],"version-history":[{"count":8,"href":"https:\/\/vertex.fi\/ind\/wp-json\/wp\/v2\/pages\/8561\/revisions"}],"predecessor-version":[{"id":10384,"href":"https:\/\/vertex.fi\/ind\/wp-json\/wp\/v2\/pages\/8561\/revisions\/10384"}],"wp:attachment":[{"href":"https:\/\/vertex.fi\/ind\/wp-json\/wp\/v2\/media?parent=8561"}],"curies":[{"name":"wp","href":"https:\/\/api.w.org\/{rel}","templated":true}]}}